{"id":56,"date":"2019-08-06T19:23:06","date_gmt":"2019-08-06T22:23:06","guid":{"rendered":"http:\/\/www.nucleoestudo.ufla.br\/redep\/?page_id=56"},"modified":"2022-05-18T14:11:54","modified_gmt":"2022-05-18T17:11:54","slug":"integrantes","status":"publish","type":"page","link":"http:\/\/www.nucleoestudo.ufla.br\/redep\/index.php\/integrantes\/","title":{"rendered":"Integrantes"},"content":{"rendered":"\n<div class=\"wp-block-image\"><figure class=\"aligncenter is-resized\"><img loading=\"lazy\" decoding=\"async\" src=\"http:\/\/www.nucleoestudo.ufla.br\/redep\/wp-content\/uploads\/2019\/08\/ne-266-nova-escola-fala-mestre-marli-andre-professor-iniciante-1.jpg\" alt=\"\" class=\"wp-image-212\" width=\"139\" height=\"144\"\/><\/figure><\/div>\n\n\n\n<div class=\"wp-block-button aligncenter\"><a class=\"wp-block-button__link has-luminous-vivid-orange-background-color has-background\" href=\"http:\/\/lattes.cnpq.br\/3046653923068225\" target=\"_blank\" rel=\"noreferrer noopener\"> Marli Eliza Dalmazo Afonso de Andr\u00e9 &#8211; PUC SP &#8211; Coordena\u00e7\u00e3o &#8211;<em> In Memoriam<\/em><\/a><\/div>\n\n\n\n<div class=\"wp-block-image\"><figure class=\"aligncenter is-resized\"><img loading=\"lazy\" decoding=\"async\" src=\"http:\/\/www.nucleoestudo.ufla.br\/redep\/wp-content\/uploads\/2019\/08\/laurezetti.jpeg\" alt=\"\" class=\"wp-image-205\" width=\"137\" height=\"164\" srcset=\"http:\/\/www.nucleoestudo.ufla.br\/redep\/wp-content\/uploads\/2019\/08\/laurezetti.jpeg 439w, http:\/\/www.nucleoestudo.ufla.br\/redep\/wp-content\/uploads\/2019\/08\/laurezetti-251x300.jpeg 251w\" sizes=\"auto, (max-width: 137px) 100vw, 137px\" \/><\/figure><\/div>\n\n\n\n<div class=\"wp-block-button aligncenter\"><a class=\"wp-block-button__link has-luminous-vivid-orange-background-color has-background\" href=\"http:\/\/lattes.cnpq.br\/1852839499967790\" target=\"_blank\" rel=\"noreferrer noopener\"> Laurizete Ferragut Passos &#8211; PUC SP &#8211;  Coordena\u00e7\u00e3o<\/a><\/div>\n\n\n\n<div class=\"wp-block-image\"><figure class=\"aligncenter size-full is-resized\"><img loading=\"lazy\" decoding=\"async\" src=\"http:\/\/www.nucleoestudo.ufla.br\/redep\/wp-content\/uploads\/2022\/05\/Adriana.jpeg\" alt=\"\" class=\"wp-image-364\" width=\"146\" height=\"146\" srcset=\"http:\/\/www.nucleoestudo.ufla.br\/redep\/wp-content\/uploads\/2022\/05\/Adriana.jpeg 640w, http:\/\/www.nucleoestudo.ufla.br\/redep\/wp-content\/uploads\/2022\/05\/Adriana-300x300.jpeg 300w, http:\/\/www.nucleoestudo.ufla.br\/redep\/wp-content\/uploads\/2022\/05\/Adriana-150x150.jpeg 150w\" sizes=\"auto, (max-width: 146px) 100vw, 146px\" \/><\/figure><\/div>\n\n\n\n<div class=\"wp-block-buttons is-content-justification-center is-layout-flex wp-container-core-buttons-is-layout-16018d1d wp-block-buttons-is-layout-flex\">\n<div class=\"wp-block-button is-style-fill\"><a class=\"wp-block-button__link has-luminous-vivid-orange-background-color has-background\" href=\"http:\/\/lattes.cnpq.br\/7421972041729128\">Adriana Teixeira Reis &#8211; PUC\/SP<\/a><\/div>\n<\/div>\n\n\n\n<div class=\"wp-block-image\"><figure class=\"aligncenter size-large is-resized\"><img loading=\"lazy\" decoding=\"async\" src=\"http:\/\/servicosweb.cnpq.br\/wspessoa\/servletrecuperafoto?tipo=1&amp;id=K4713054D8\" alt=\"\" width=\"139\" height=\"189\"\/><\/figure><\/div>\n\n\n\n<div class=\"wp-block-button aligncenter\"><a class=\"wp-block-button__link has-luminous-vivid-orange-background-color has-background\" href=\"http:\/\/lattes.cnpq.br\/4815046589018403\" target=\"_blank\" rel=\"noreferrer noopener\">Ana  Maria Gimenes Corr\u00eaa Calil   &#8211; UNITAU<\/a><\/div>\n\n\n\n<div class=\"wp-block-image\"><figure class=\"aligncenter size-large is-resized\"><img loading=\"lazy\" decoding=\"async\" src=\"http:\/\/servicosweb.cnpq.br\/wspessoa\/servletrecuperafoto?tipo=1&amp;id=K4768071J4\" alt=\"\" width=\"139\" height=\"189\"\/><\/figure><\/div>\n\n\n\n<div class=\"wp-block-button aligncenter\"><a class=\"wp-block-button__link has-luminous-vivid-orange-background-color has-background\" href=\"http:\/\/lattes.cnpq.br\/8495340055635407\" target=\"_blank\" rel=\"noreferrer noopener\">Ana S\u00edlvia Mo\u00e7o Apar\u00edcio &#8211;  USCS &#8211; SP <\/a><\/div>\n\n\n\n<div class=\"wp-block-image\"><figure class=\"aligncenter size-large is-resized\"><img loading=\"lazy\" decoding=\"async\" src=\"http:\/\/servicosweb.cnpq.br\/wspessoa\/servletrecuperafoto?tipo=1&amp;id=K4769060Y6\" alt=\"\" width=\"139\" height=\"189\"\/><\/figure><\/div>\n\n\n\n<div class=\"wp-block-button aligncenter\"><a class=\"wp-block-button__link has-luminous-vivid-orange-background-color has-background\" href=\"http:\/\/lattes.cnpq.br\/9746628149674449\" target=\"_blank\" rel=\"noreferrer noopener\">B\u00e1rbara Cristina Moreira Sicardi Nakayama &#8211; UFSCar &#8211; Sorocaba<\/a><\/div>\n\n\n\n<div class=\"wp-block-image\"><figure class=\"aligncenter size-large is-resized\"><img loading=\"lazy\" decoding=\"async\" src=\"http:\/\/servicosweb.cnpq.br\/wspessoa\/servletrecuperafoto?tipo=1&amp;id=K4263560J6\" alt=\"\" width=\"139\" height=\"189\"\/><\/figure><\/div>\n\n\n\n<div class=\"wp-block-button aligncenter\"><a class=\"wp-block-button__link has-luminous-vivid-orange-background-color has-background\" href=\"http:\/\/lattes.cnpq.br\/9156025676562066\" target=\"_blank\" rel=\"noreferrer noopener\">Douglas da Silva Tinti &#8211; UFOP<\/a><\/div>\n\n\n\n<div class=\"wp-block-image\"><figure class=\"aligncenter size-large is-resized\"><img loading=\"lazy\" decoding=\"async\" src=\"http:\/\/servicosweb.cnpq.br\/wspessoa\/servletrecuperafoto?tipo=1&amp;id=K4236736A7\" alt=\"\" width=\"139\" height=\"189\"\/><\/figure><\/div>\n\n\n\n<div class=\"wp-block-button aligncenter\"><a class=\"wp-block-button__link has-luminous-vivid-orange-background-color has-background\" href=\"http:\/\/lattes.cnpq.br\/0227193374028987\" target=\"_blank\" rel=\"noreferrer noopener\">Elize Keller Franco &#8211;  UNASP &#8211; SP<\/a><\/div>\n\n\n\n<div class=\"wp-block-image\"><figure class=\"aligncenter is-resized\"><img loading=\"lazy\" decoding=\"async\" src=\"http:\/\/www.nucleoestudo.ufla.br\/redep\/wp-content\/uploads\/2019\/08\/fran.jpeg\" alt=\"\" class=\"wp-image-204\" width=\"139\" height=\"189\"\/><\/figure><\/div>\n\n\n\n<div class=\"wp-block-button aligncenter is-style-default\"><a class=\"wp-block-button__link has-luminous-vivid-orange-background-color has-background\" href=\"http:\/\/lattes.cnpq.br\/4747830234482028\" target=\"_blank\" rel=\"noreferrer noopener\">Francine de Paulo Martins Lima &#8211; UFLA<\/a><\/div>\n\n\n\n<div class=\"wp-block-image\"><figure class=\"aligncenter size-large is-resized\"><img loading=\"lazy\" decoding=\"async\" src=\"http:\/\/servicosweb.cnpq.br\/wspessoa\/servletrecuperafoto?tipo=1&amp;id=K4707949U7\" alt=\"\" width=\"139\" height=\"189\"\/><\/figure><\/div>\n\n\n\n<div class=\"wp-block-button aligncenter\"><a class=\"wp-block-button__link has-luminous-vivid-orange-background-color has-background\" href=\"http:\/\/lattes.cnpq.br\/5755499489661099\" target=\"_blank\" rel=\"noreferrer noopener\">Giseli Barreto da Cruz &#8211; UFRJ<\/a><\/div>\n\n\n\n<div class=\"wp-block-image\"><figure class=\"aligncenter size-large is-resized\"><img loading=\"lazy\" decoding=\"async\" src=\"http:\/\/servicosweb.cnpq.br\/wspessoa\/servletrecuperafoto?tipo=1&amp;id=K4778832T1\" alt=\"\" width=\"139\" height=\"189\"\/><\/figure><\/div>\n\n\n\n<div class=\"wp-block-button aligncenter\"><a class=\"wp-block-button__link has-luminous-vivid-orange-background-color has-background\" href=\"http:\/\/lattes.cnpq.br\/9108607797425296\" target=\"_blank\" rel=\"noreferrer noopener\">Glaucia Signorelli de Queiroz Gon\u00e7alves &#8211; UFU<\/a><\/div>\n\n\n\n<div class=\"wp-block-image\"><figure class=\"aligncenter size-large is-resized\"><img loading=\"lazy\" decoding=\"async\" src=\"http:\/\/servicosweb.cnpq.br\/wspessoa\/servletrecuperafoto?tipo=1&amp;id=K4707347P7\" alt=\"\" width=\"139\" height=\"189\"\/><\/figure><\/div>\n\n\n\n<div class=\"wp-block-button aligncenter\"><a class=\"wp-block-button__link has-luminous-vivid-orange-background-color has-background\" href=\"http:\/\/lattes.cnpq.br\/4537311001790225\" target=\"_blank\" rel=\"noreferrer noopener\">Isabel Maria Sabino de Farias &#8211; EUCE<\/a><\/div>\n\n\n\n<div class=\"wp-block-image\"><figure class=\"aligncenter size-large is-resized\"><img loading=\"lazy\" decoding=\"async\" src=\"http:\/\/servicosweb.cnpq.br\/wspessoa\/servletrecuperafoto?tipo=1&amp;id=K4277734Y6\" alt=\"\" width=\"139\" height=\"189\"\/><\/figure><\/div>\n\n\n\n<div class=\"wp-block-button aligncenter\"><a class=\"wp-block-button__link has-luminous-vivid-orange-background-color has-background\" href=\"http:\/\/lattes.cnpq.br\/9203879172169826\" target=\"_blank\" rel=\"noreferrer noopener\">Lisandra Marisa Pr\u00edncepe &#8211; PUC &#8211; SP<\/a><\/div>\n\n\n\n<div class=\"wp-block-image\"><figure class=\"aligncenter size-large is-resized\"><img loading=\"lazy\" decoding=\"async\" src=\"http:\/\/servicosweb.cnpq.br\/wspessoa\/servletrecuperafoto?tipo=1&amp;id=K4771331Z4\" alt=\"\" width=\"139\" height=\"189\"\/><\/figure><\/div>\n\n\n\n<div class=\"wp-block-button aligncenter\"><a class=\"wp-block-button__link has-luminous-vivid-orange-background-color has-background\" href=\"http:\/\/lattes.cnpq.br\/4242212112799297\" target=\"_blank\" rel=\"noreferrer noopener\">M\u00e1rcia de Souza Hobold &#8211; UFSC<\/a><\/div>\n\n\n\n<div class=\"wp-block-image\"><figure class=\"aligncenter size-large is-resized\"><img loading=\"lazy\" decoding=\"async\" src=\"https:\/\/www.mackenzie.br\/fileadmin\/_processed_\/9\/3\/csm_Profa._Dra._Maria_de_F%C3%A1tima_Ramos_de_Andrade_-_foto_de_manoel_nascimento_003NOVA_32b2f1a4ca.jpg\" alt=\"\" width=\"139\" height=\"189\"\/><\/figure><\/div>\n\n\n\n<div class=\"wp-block-button aligncenter\"><a class=\"wp-block-button__link has-luminous-vivid-orange-background-color has-background\" href=\"http:\/\/lattes.cnpq.br\/2272192785424412\" target=\"_blank\" rel=\"noreferrer noopener\">Maria de F\u00e1tima Ramos de Andrade &#8211; USCS  e <br>MACKENZIE<\/a><\/div>\n\n\n\n<div class=\"wp-block-image\"><figure class=\"aligncenter size-large is-resized\"><img loading=\"lazy\" decoding=\"async\" src=\"http:\/\/servicosweb.cnpq.br\/wspessoa\/servletrecuperafoto?tipo=1&amp;id=K4731073H4\" alt=\"\" width=\"139\" height=\"189\"\/><\/figure><\/div>\n\n\n\n<div class=\"wp-block-button aligncenter\"><a class=\"wp-block-button__link has-luminous-vivid-orange-background-color has-background\" href=\"http:\/\/lattes.cnpq.br\/7354094251699882\" target=\"_blank\" rel=\"noreferrer noopener\">Maria Joselma do Nascimento Franco &#8211; UFPE<\/a><\/div>\n\n\n\n<div class=\"wp-block-image\"><figure class=\"aligncenter size-large is-resized\"><img loading=\"lazy\" decoding=\"async\" src=\"http:\/\/servicosweb.cnpq.br\/wspessoa\/servletrecuperafoto?tipo=1&amp;id=K4707318D5\" alt=\"\" width=\"139\" height=\"189\"\/><\/figure><\/div>\n\n\n\n<div class=\"wp-block-button aligncenter\"><a class=\"wp-block-button__link has-luminous-vivid-orange-background-color has-background\" href=\"http:\/\/lattes.cnpq.br\/6264825747534209\" target=\"_blank\" rel=\"noreferrer noopener\">Marli Am\u00e9lia Lucas de Oliveira &#8211;  IFSUDESTEMG Barbacena<\/a><\/div>\n\n\n\n<div class=\"wp-block-image\"><figure class=\"aligncenter size-large is-resized\"><img loading=\"lazy\" decoding=\"async\" src=\"http:\/\/servicosweb.cnpq.br\/wspessoa\/servletrecuperafoto?tipo=1&amp;id=K4791548D1\" alt=\"\" width=\"139\" height=\"189\"\/><\/figure><\/div>\n\n\n\n<div class=\"wp-block-button aligncenter\"><a class=\"wp-block-button__link has-luminous-vivid-orange-background-color has-background\" href=\"http:\/\/lattes.cnpq.br\/0894653899921409\" target=\"_blank\" rel=\"noreferrer noopener\">Neusa Banhara Ambrosetti &#8211; UNITAU<\/a><\/div>\n\n\n\n<div class=\"wp-block-image\"><figure class=\"aligncenter size-large is-resized\"><img loading=\"lazy\" decoding=\"async\" src=\"http:\/\/servicosweb.cnpq.br\/wspessoa\/servletrecuperafoto?tipo=1&amp;id=K4278180Y8\" alt=\"\" width=\"139\" height=\"189\"\/><\/figure><\/div>\n\n\n\n<div class=\"wp-block-button aligncenter\"><a class=\"wp-block-button__link has-luminous-vivid-orange-background-color has-background\" href=\"http:\/\/lattes.cnpq.br\/9032036886876479\" target=\"_blank\" rel=\"noreferrer noopener\">Nilson de Souza Cardoso &#8211; UECE<\/a><\/div>\n\n\n\n<div class=\"wp-block-image\"><figure class=\"aligncenter size-large is-resized\"><img loading=\"lazy\" decoding=\"async\" src=\"http:\/\/servicosweb.cnpq.br\/wspessoa\/servletrecuperafoto?tipo=1&amp;id=K4707076Y6\" alt=\"\" width=\"139\" height=\"189\"\/><\/figure><\/div>\n\n\n\n<div class=\"wp-block-button aligncenter\"><a class=\"wp-block-button__link has-luminous-vivid-orange-background-color has-background\" href=\"http:\/\/lattes.cnpq.br\/6308092123758952\" target=\"_blank\" rel=\"noreferrer noopener\">Patr\u00edcia Cristina Albieri de Almeida &#8211; UNASP e UNITAU<\/a><\/div>\n\n\n\n<div class=\"wp-block-image\"><figure class=\"aligncenter size-large is-resized\"><img loading=\"lazy\" decoding=\"async\" src=\"http:\/\/servicosweb.cnpq.br\/wspessoa\/servletrecuperafoto?tipo=1&amp;id=K4717585Y3\" alt=\"\" width=\"139\" height=\"189\"\/><\/figure><\/div>\n\n\n\n<div class=\"wp-block-button aligncenter\"><a class=\"wp-block-button__link has-luminous-vivid-orange-background-color has-background\" href=\"http:\/\/lattes.cnpq.br\/4153572041829838\" target=\"_blank\" rel=\"noreferrer noopener\">Renata Prenstteter Gama &#8211;  UFSCar <\/a><\/div>\n\n\n\n<div class=\"wp-block-image\"><figure class=\"aligncenter size-large is-resized\"><img loading=\"lazy\" decoding=\"async\" src=\"http:\/\/servicosweb.cnpq.br\/wspessoa\/servletrecuperafoto?tipo=1&amp;id=K4130032Y5\" alt=\"\" width=\"139\" height=\"189\"\/><\/figure><\/div>\n\n\n\n<div class=\"wp-block-button aligncenter\"><a class=\"wp-block-button__link has-luminous-vivid-orange-background-color has-background\" href=\"http:\/\/lattes.cnpq.br\/9686240723754379\" target=\"_blank\" rel=\"noreferrer noopener\">Rodnei Pereira &#8211; PUC SP<\/a><\/div>\n\n\n\n<div class=\"wp-block-image\"><figure class=\"aligncenter size-large is-resized\"><img loading=\"lazy\" decoding=\"async\" src=\"http:\/\/www.nucleoestudo.ufla.br\/redep\/wp-content\/uploads\/2022\/05\/WhatsApp-Image-2022-05-18-at-13.55.28-1024x768.jpeg\" alt=\"\" class=\"wp-image-375\" width=\"153\" height=\"115\" srcset=\"http:\/\/www.nucleoestudo.ufla.br\/redep\/wp-content\/uploads\/2022\/05\/WhatsApp-Image-2022-05-18-at-13.55.28-1024x768.jpeg 1024w, http:\/\/www.nucleoestudo.ufla.br\/redep\/wp-content\/uploads\/2022\/05\/WhatsApp-Image-2022-05-18-at-13.55.28-300x225.jpeg 300w, http:\/\/www.nucleoestudo.ufla.br\/redep\/wp-content\/uploads\/2022\/05\/WhatsApp-Image-2022-05-18-at-13.55.28-768x576.jpeg 768w, http:\/\/www.nucleoestudo.ufla.br\/redep\/wp-content\/uploads\/2022\/05\/WhatsApp-Image-2022-05-18-at-13.55.28.jpeg 1280w\" sizes=\"auto, (max-width: 153px) 100vw, 153px\" \/><\/figure><\/div>\n\n\n\n<div class=\"wp-block-buttons is-content-justification-center is-layout-flex wp-container-core-buttons-is-layout-16018d1d wp-block-buttons-is-layout-flex\">\n<div class=\"wp-block-button\"><a class=\"wp-block-button__link has-luminous-vivid-orange-background-color has-background\" href=\"http:\/\/lattes.cnpq.br\/0099631864718875\">Rosana Maria Martins &#8211; UFMT<\/a><\/div>\n<\/div>\n\n\n\n<div class=\"wp-block-image\"><figure class=\"aligncenter size-full is-resized\"><img loading=\"lazy\" decoding=\"async\" src=\"http:\/\/www.nucleoestudo.ufla.br\/redep\/wp-content\/uploads\/2022\/05\/Sandra.jpeg\" alt=\"\" class=\"wp-image-334\" width=\"152\" height=\"152\" srcset=\"http:\/\/www.nucleoestudo.ufla.br\/redep\/wp-content\/uploads\/2022\/05\/Sandra.jpeg 640w, http:\/\/www.nucleoestudo.ufla.br\/redep\/wp-content\/uploads\/2022\/05\/Sandra-300x300.jpeg 300w, http:\/\/www.nucleoestudo.ufla.br\/redep\/wp-content\/uploads\/2022\/05\/Sandra-150x150.jpeg 150w\" sizes=\"auto, (max-width: 152px) 100vw, 152px\" \/><\/figure><\/div>\n\n\n\n<div class=\"wp-block-buttons is-content-justification-center is-layout-flex wp-container-core-buttons-is-layout-16018d1d wp-block-buttons-is-layout-flex\">\n<div class=\"wp-block-button\"><a class=\"wp-block-button__link has-luminous-vivid-orange-background-color has-background\" href=\"http:\/\/lattes.cnpq.br\/2223071682147508\">Sandra Novais Sousa &#8211; UFMS<\/a><\/div>\n<\/div>\n\n\n\n<div class=\"wp-block-image\"><figure class=\"aligncenter size-large is-resized\"><img loading=\"lazy\" decoding=\"async\" src=\"http:\/\/servicosweb.cnpq.br\/wspessoa\/servletrecuperafoto?tipo=1&amp;id=K4776487T3\" alt=\"\" width=\"139\" height=\"189\"\/><\/figure><\/div>\n\n\n\n<div class=\"wp-block-button aligncenter is-style-fill\"><a class=\"wp-block-button__link has-luminous-vivid-orange-background-color has-background\" href=\"http:\/\/lattes.cnpq.br\/6364731326374137\" target=\"_blank\" rel=\"noreferrer noopener\">Simone Albuquerque da Rocha &#8211;  UFMT <\/a><\/div>\n","protected":false},"excerpt":{"rendered":"","protected":false},"author":3,"featured_media":0,"parent":0,"menu_order":0,"comment_status":"closed","ping_status":"closed","template":"","meta":{"_exactmetrics_skip_tracking":false,"_exactmetrics_sitenote_active":false,"_exactmetrics_sitenote_note":"","_exactmetrics_sitenote_category":0,"footnotes":""},"class_list":["post-56","page","type-page","status-publish","hentry"],"_links":{"self":[{"href":"http:\/\/www.nucleoestudo.ufla.br\/redep\/index.php\/wp-json\/wp\/v2\/pages\/56","targetHints":{"allow":["GET"]}}],"collection":[{"href":"http:\/\/www.nucleoestudo.ufla.br\/redep\/index.php\/wp-json\/wp\/v2\/pages"}],"about":[{"href":"http:\/\/www.nucleoestudo.ufla.br\/redep\/index.php\/wp-json\/wp\/v2\/types\/page"}],"author":[{"embeddable":true,"href":"http:\/\/www.nucleoestudo.ufla.br\/redep\/index.php\/wp-json\/wp\/v2\/users\/3"}],"replies":[{"embeddable":true,"href":"http:\/\/www.nucleoestudo.ufla.br\/redep\/index.php\/wp-json\/wp\/v2\/comments?post=56"}],"version-history":[{"count":59,"href":"http:\/\/www.nucleoestudo.ufla.br\/redep\/index.php\/wp-json\/wp\/v2\/pages\/56\/revisions"}],"predecessor-version":[{"id":377,"href":"http:\/\/www.nucleoestudo.ufla.br\/redep\/index.php\/wp-json\/wp\/v2\/pages\/56\/revisions\/377"}],"wp:attachment":[{"href":"http:\/\/www.nucleoestudo.ufla.br\/redep\/index.php\/wp-json\/wp\/v2\/media?parent=56"}],"curies":[{"name":"wp","href":"https:\/\/api.w.org\/{rel}","templated":true}]}}