{"id":343,"date":"2022-05-17T23:26:33","date_gmt":"2022-05-18T02:26:33","guid":{"rendered":"http:\/\/www.nucleoestudo.ufla.br\/redep\/?page_id=343"},"modified":"2022-05-18T16:19:24","modified_gmt":"2022-05-18T19:19:24","slug":"grupos-de-pesquisas-vinculados","status":"publish","type":"page","link":"http:\/\/www.nucleoestudo.ufla.br\/redep\/index.php\/grupos-de-pesquisas-vinculados\/","title":{"rendered":"Grupos de pesquisas vinculados"},"content":{"rendered":"\n<p>EDUCAS &#8211; Grupo de Pesquisa Educa\u00e7\u00e3o, Cultura Escolar e Sociedade (UECE)<br>FOPPE &#8211; Grupo de estudos e Pesquisas Forma\u00e7\u00e3o de professores e pr\u00e1ticas de ensino (UFSC)<br>FORPEDI &#8211; Grupo de Pesquisa sobre Forma\u00e7\u00e3o docente e Pr\u00e1ticas pedag\u00f3gicas (UFLA)<br>GEPROF &#8211; Grupo de Estudos e Pesquisas sobre profiss\u00e3o e forma\u00e7\u00e3o docente (UNASP)<br>GEPENAF &#8211; Grupo de Estudos e Pesquisas em Narrativas Formativas (UFMS)<br>GEPED &#8211; Grupo de estudos e Pesquisas em Did\u00e1tica e Forma\u00e7\u00e3o de Professores (UFRJ)<br>GEPRAEM &#8211; Grupo de Estudos e Pesquisas sobre Pr\u00e1ticas Formativas e Educativas em Matem\u00e1tica (UFSCar)<br>GEDProf. Grupo Educa\u00e7\u00e3o: Desenvolvimento profissional, diversidade e metodologias (UNITAU)<br>InvestigA\u00e7\u00e3o Estudos, Pesquisa e Forma\u00e7\u00e3o de Profissionais da Educa\u00e7\u00e3o P\u00fablica (UFMT)<br>NEPEFEM &#8211; N\u00facleo de estudos, pesquisas e pr\u00e1ticas de forma\u00e7\u00e3o de professores que ensinam Matem\u00e1tica (UFOP)<br>N\u00facleo de Estudos e Pesquisas sobre Desenvolvimento Profissional Docente (PUC-SP)<br>NEPEN &#8211; N\u00facleo de Estudos e Pesquisas sobre Narrativas Educativas, Forma\u00e7\u00e3o e Trabalho docente (UFSCar)<br>NIPPEEPP &#8211; N\u00facleo Interdisciplinar de Pesquisa em Educa\u00e7\u00e3o e Epistemologia da Pr\u00e1tica Profissional (UFPI)<br>UPM &#8211; Grupo de Estudos e Pesquisas em Forma\u00e7\u00e3o de profissionais da educa\u00e7\u00e3o e pr\u00e1ticas educativas (USCS)<\/p>\n\n\n\n<p><\/p>\n\n\n\n<p><\/p>\n\n\n\n<div class=\"wp-block-columns alignwide is-layout-flex wp-container-core-columns-is-layout-9d6595d7 wp-block-columns-is-layout-flex\">\n<div class=\"wp-block-column is-layout-flow wp-block-column-is-layout-flow\" style=\"flex-basis:18.18%\">\n<figure class=\"wp-block-gallery has-nested-images columns-1 is-cropped wp-block-gallery-1 is-layout-flex wp-block-gallery-is-layout-flex\">\n<figure class=\"wp-block-image size-large\"><img loading=\"lazy\" decoding=\"async\" width=\"739\" height=\"415\" data-id=\"387\" src=\"http:\/\/www.nucleoestudo.ufla.br\/redep\/wp-content\/uploads\/2022\/05\/WhatsApp-Image-2022-05-18-at-10.43.55-2.jpeg\" alt=\"\" class=\"wp-image-387\" srcset=\"http:\/\/www.nucleoestudo.ufla.br\/redep\/wp-content\/uploads\/2022\/05\/WhatsApp-Image-2022-05-18-at-10.43.55-2.jpeg 739w, http:\/\/www.nucleoestudo.ufla.br\/redep\/wp-content\/uploads\/2022\/05\/WhatsApp-Image-2022-05-18-at-10.43.55-2-300x168.jpeg 300w\" sizes=\"auto, (max-width: 739px) 100vw, 739px\" \/><\/figure>\n\n\n\n<figure class=\"wp-block-image size-large\"><img loading=\"lazy\" decoding=\"async\" width=\"550\" height=\"208\" data-id=\"389\" src=\"http:\/\/www.nucleoestudo.ufla.br\/redep\/wp-content\/uploads\/2022\/05\/WhatsApp-Image-2022-05-18-at-10.43.55.jpeg\" alt=\"\" class=\"wp-image-389\" srcset=\"http:\/\/www.nucleoestudo.ufla.br\/redep\/wp-content\/uploads\/2022\/05\/WhatsApp-Image-2022-05-18-at-10.43.55.jpeg 550w, http:\/\/www.nucleoestudo.ufla.br\/redep\/wp-content\/uploads\/2022\/05\/WhatsApp-Image-2022-05-18-at-10.43.55-300x113.jpeg 300w\" sizes=\"auto, (max-width: 550px) 100vw, 550px\" \/><\/figure>\n\n\n\n<figure class=\"wp-block-image size-large\"><img loading=\"lazy\" decoding=\"async\" width=\"600\" height=\"350\" data-id=\"388\" src=\"http:\/\/www.nucleoestudo.ufla.br\/redep\/wp-content\/uploads\/2022\/05\/WhatsApp-Image-2022-05-18-at-10.43.55-1.jpeg\" alt=\"\" class=\"wp-image-388\" srcset=\"http:\/\/www.nucleoestudo.ufla.br\/redep\/wp-content\/uploads\/2022\/05\/WhatsApp-Image-2022-05-18-at-10.43.55-1.jpeg 600w, http:\/\/www.nucleoestudo.ufla.br\/redep\/wp-content\/uploads\/2022\/05\/WhatsApp-Image-2022-05-18-at-10.43.55-1-300x175.jpeg 300w\" sizes=\"auto, (max-width: 600px) 100vw, 600px\" \/><\/figure>\n<\/figure>\n<\/div>\n\n\n\n<div class=\"wp-block-column is-layout-flow wp-block-column-is-layout-flow\" style=\"flex-basis:18.18%\">\n<figure class=\"wp-block-gallery has-nested-images columns-1 is-cropped wp-block-gallery-2 is-layout-flex wp-block-gallery-is-layout-flex\">\n<figure class=\"wp-block-image size-large\"><img loading=\"lazy\" decoding=\"async\" width=\"779\" height=\"393\" data-id=\"393\" src=\"http:\/\/www.nucleoestudo.ufla.br\/redep\/wp-content\/uploads\/2022\/05\/WhatsApp-Image-2022-05-18-at-10.43.54.jpeg\" alt=\"\" class=\"wp-image-393\" srcset=\"http:\/\/www.nucleoestudo.ufla.br\/redep\/wp-content\/uploads\/2022\/05\/WhatsApp-Image-2022-05-18-at-10.43.54.jpeg 779w, http:\/\/www.nucleoestudo.ufla.br\/redep\/wp-content\/uploads\/2022\/05\/WhatsApp-Image-2022-05-18-at-10.43.54-300x151.jpeg 300w, http:\/\/www.nucleoestudo.ufla.br\/redep\/wp-content\/uploads\/2022\/05\/WhatsApp-Image-2022-05-18-at-10.43.54-768x387.jpeg 768w\" sizes=\"auto, (max-width: 779px) 100vw, 779px\" \/><\/figure>\n\n\n\n<figure class=\"wp-block-image size-large\"><img loading=\"lazy\" decoding=\"async\" width=\"630\" height=\"350\" data-id=\"391\" src=\"http:\/\/www.nucleoestudo.ufla.br\/redep\/wp-content\/uploads\/2022\/05\/WhatsApp-Image-2022-05-18-at-10.43.54-2.jpeg\" alt=\"\" class=\"wp-image-391\" srcset=\"http:\/\/www.nucleoestudo.ufla.br\/redep\/wp-content\/uploads\/2022\/05\/WhatsApp-Image-2022-05-18-at-10.43.54-2.jpeg 630w, http:\/\/www.nucleoestudo.ufla.br\/redep\/wp-content\/uploads\/2022\/05\/WhatsApp-Image-2022-05-18-at-10.43.54-2-300x167.jpeg 300w\" sizes=\"auto, (max-width: 630px) 100vw, 630px\" \/><\/figure>\n\n\n\n<figure class=\"wp-block-image size-large\"><img loading=\"lazy\" decoding=\"async\" width=\"869\" height=\"353\" data-id=\"392\" src=\"http:\/\/www.nucleoestudo.ufla.br\/redep\/wp-content\/uploads\/2022\/05\/WhatsApp-Image-2022-05-18-at-10.43.54-1.jpeg\" alt=\"\" class=\"wp-image-392\" srcset=\"http:\/\/www.nucleoestudo.ufla.br\/redep\/wp-content\/uploads\/2022\/05\/WhatsApp-Image-2022-05-18-at-10.43.54-1.jpeg 869w, http:\/\/www.nucleoestudo.ufla.br\/redep\/wp-content\/uploads\/2022\/05\/WhatsApp-Image-2022-05-18-at-10.43.54-1-300x122.jpeg 300w, http:\/\/www.nucleoestudo.ufla.br\/redep\/wp-content\/uploads\/2022\/05\/WhatsApp-Image-2022-05-18-at-10.43.54-1-768x312.jpeg 768w\" sizes=\"auto, (max-width: 869px) 100vw, 869px\" \/><\/figure>\n<\/figure>\n<\/div>\n\n\n\n<div class=\"wp-block-column is-layout-flow wp-block-column-is-layout-flow\" style=\"flex-basis:15.15%\">\n<figure class=\"wp-block-gallery has-nested-images columns-1 is-cropped wp-block-gallery-3 is-layout-flex wp-block-gallery-is-layout-flex\">\n<figure class=\"wp-block-image size-large\"><img loading=\"lazy\" decoding=\"async\" width=\"1600\" height=\"1167\" data-id=\"386\" src=\"http:\/\/www.nucleoestudo.ufla.br\/redep\/wp-content\/uploads\/2022\/05\/WhatsApp-Image-2022-05-18-at-10.43.55-3.jpeg\" alt=\"\" class=\"wp-image-386\" srcset=\"http:\/\/www.nucleoestudo.ufla.br\/redep\/wp-content\/uploads\/2022\/05\/WhatsApp-Image-2022-05-18-at-10.43.55-3.jpeg 1600w, http:\/\/www.nucleoestudo.ufla.br\/redep\/wp-content\/uploads\/2022\/05\/WhatsApp-Image-2022-05-18-at-10.43.55-3-300x219.jpeg 300w, http:\/\/www.nucleoestudo.ufla.br\/redep\/wp-content\/uploads\/2022\/05\/WhatsApp-Image-2022-05-18-at-10.43.55-3-1024x747.jpeg 1024w, http:\/\/www.nucleoestudo.ufla.br\/redep\/wp-content\/uploads\/2022\/05\/WhatsApp-Image-2022-05-18-at-10.43.55-3-768x560.jpeg 768w, http:\/\/www.nucleoestudo.ufla.br\/redep\/wp-content\/uploads\/2022\/05\/WhatsApp-Image-2022-05-18-at-10.43.55-3-1536x1120.jpeg 1536w\" sizes=\"auto, (max-width: 1600px) 100vw, 1600px\" \/><\/figure>\n\n\n\n<figure class=\"wp-block-image size-large\"><img loading=\"lazy\" decoding=\"async\" width=\"668\" height=\"459\" data-id=\"385\" src=\"http:\/\/www.nucleoestudo.ufla.br\/redep\/wp-content\/uploads\/2022\/05\/WhatsApp-Image-2022-05-18-at-10.43.56.jpeg\" alt=\"\" class=\"wp-image-385\" srcset=\"http:\/\/www.nucleoestudo.ufla.br\/redep\/wp-content\/uploads\/2022\/05\/WhatsApp-Image-2022-05-18-at-10.43.56.jpeg 668w, http:\/\/www.nucleoestudo.ufla.br\/redep\/wp-content\/uploads\/2022\/05\/WhatsApp-Image-2022-05-18-at-10.43.56-300x206.jpeg 300w\" sizes=\"auto, (max-width: 668px) 100vw, 668px\" \/><\/figure>\n\n\n\n<figure class=\"wp-block-image size-large\"><img loading=\"lazy\" decoding=\"async\" width=\"737\" height=\"416\" data-id=\"383\" src=\"http:\/\/www.nucleoestudo.ufla.br\/redep\/wp-content\/uploads\/2022\/05\/WhatsApp-Image-2022-05-18-at-10.43.56-2.jpeg\" alt=\"\" class=\"wp-image-383\" srcset=\"http:\/\/www.nucleoestudo.ufla.br\/redep\/wp-content\/uploads\/2022\/05\/WhatsApp-Image-2022-05-18-at-10.43.56-2.jpeg 737w, http:\/\/www.nucleoestudo.ufla.br\/redep\/wp-content\/uploads\/2022\/05\/WhatsApp-Image-2022-05-18-at-10.43.56-2-300x169.jpeg 300w\" sizes=\"auto, (max-width: 737px) 100vw, 737px\" \/><\/figure>\n<\/figure>\n<\/div>\n\n\n\n<div class=\"wp-block-column is-layout-flow wp-block-column-is-layout-flow\" style=\"flex-basis:15.15%\">\n<figure class=\"wp-block-gallery has-nested-images columns-1 is-cropped wp-block-gallery-4 is-layout-flex wp-block-gallery-is-layout-flex\">\n<figure class=\"wp-block-image size-large\"><img loading=\"lazy\" decoding=\"async\" width=\"588\" height=\"521\" data-id=\"384\" src=\"http:\/\/www.nucleoestudo.ufla.br\/redep\/wp-content\/uploads\/2022\/05\/WhatsApp-Image-2022-05-18-at-10.43.56-1.jpeg\" alt=\"\" class=\"wp-image-384\" srcset=\"http:\/\/www.nucleoestudo.ufla.br\/redep\/wp-content\/uploads\/2022\/05\/WhatsApp-Image-2022-05-18-at-10.43.56-1.jpeg 588w, http:\/\/www.nucleoestudo.ufla.br\/redep\/wp-content\/uploads\/2022\/05\/WhatsApp-Image-2022-05-18-at-10.43.56-1-300x266.jpeg 300w\" sizes=\"auto, (max-width: 588px) 100vw, 588px\" \/><\/figure>\n\n\n\n<figure class=\"wp-block-image size-large\"><img loading=\"lazy\" decoding=\"async\" width=\"772\" height=\"397\" data-id=\"382\" src=\"http:\/\/www.nucleoestudo.ufla.br\/redep\/wp-content\/uploads\/2022\/05\/WhatsApp-Image-2022-05-18-at-10.43.57.jpeg\" alt=\"\" class=\"wp-image-382\" srcset=\"http:\/\/www.nucleoestudo.ufla.br\/redep\/wp-content\/uploads\/2022\/05\/WhatsApp-Image-2022-05-18-at-10.43.57.jpeg 772w, http:\/\/www.nucleoestudo.ufla.br\/redep\/wp-content\/uploads\/2022\/05\/WhatsApp-Image-2022-05-18-at-10.43.57-300x154.jpeg 300w, http:\/\/www.nucleoestudo.ufla.br\/redep\/wp-content\/uploads\/2022\/05\/WhatsApp-Image-2022-05-18-at-10.43.57-768x395.jpeg 768w\" sizes=\"auto, (max-width: 772px) 100vw, 772px\" \/><\/figure>\n\n\n\n<figure class=\"wp-block-image size-large\"><img loading=\"lazy\" decoding=\"async\" width=\"600\" height=\"350\" data-id=\"381\" src=\"http:\/\/www.nucleoestudo.ufla.br\/redep\/wp-content\/uploads\/2022\/05\/WhatsApp-Image-2022-05-18-at-10.43.57-1.jpeg\" alt=\"\" class=\"wp-image-381\" srcset=\"http:\/\/www.nucleoestudo.ufla.br\/redep\/wp-content\/uploads\/2022\/05\/WhatsApp-Image-2022-05-18-at-10.43.57-1.jpeg 600w, http:\/\/www.nucleoestudo.ufla.br\/redep\/wp-content\/uploads\/2022\/05\/WhatsApp-Image-2022-05-18-at-10.43.57-1-300x175.jpeg 300w\" sizes=\"auto, (max-width: 600px) 100vw, 600px\" \/><\/figure>\n<\/figure>\n<\/div>\n\n\n\n<div class=\"wp-block-column is-layout-flow wp-block-column-is-layout-flow\" style=\"flex-basis:16.67%\">\n<figure class=\"wp-block-gallery has-nested-images columns-1 is-cropped wp-block-gallery-5 is-layout-flex wp-block-gallery-is-layout-flex\">\n<figure class=\"wp-block-image size-large\"><img loading=\"lazy\" decoding=\"async\" width=\"300\" height=\"200\" data-id=\"380\" src=\"http:\/\/www.nucleoestudo.ufla.br\/redep\/wp-content\/uploads\/2022\/05\/WhatsApp-Image-2022-05-18-at-10.43.57-2.jpeg\" alt=\"\" class=\"wp-image-380\"\/><\/figure>\n\n\n\n<figure class=\"wp-block-image size-large\"><img loading=\"lazy\" decoding=\"async\" width=\"400\" height=\"212\" data-id=\"378\" src=\"http:\/\/www.nucleoestudo.ufla.br\/redep\/wp-content\/uploads\/2022\/05\/WhatsApp-Image-2022-05-18-at-10.43.58.jpeg\" alt=\"\" class=\"wp-image-378\" srcset=\"http:\/\/www.nucleoestudo.ufla.br\/redep\/wp-content\/uploads\/2022\/05\/WhatsApp-Image-2022-05-18-at-10.43.58.jpeg 400w, http:\/\/www.nucleoestudo.ufla.br\/redep\/wp-content\/uploads\/2022\/05\/WhatsApp-Image-2022-05-18-at-10.43.58-300x159.jpeg 300w\" sizes=\"auto, (max-width: 400px) 100vw, 400px\" \/><\/figure>\n\n\n\n<figure class=\"wp-block-image size-large\"><img loading=\"lazy\" decoding=\"async\" width=\"285\" height=\"177\" data-id=\"395\" src=\"http:\/\/www.nucleoestudo.ufla.br\/redep\/wp-content\/uploads\/2022\/05\/makenzie.png\" alt=\"\" class=\"wp-image-395\"\/><\/figure>\n<\/figure>\n<\/div>\n\n\n\n<div class=\"wp-block-column is-layout-flow wp-block-column-is-layout-flow\" style=\"flex-basis:16.67%\">\n<figure class=\"wp-block-gallery has-nested-images columns-default is-cropped wp-block-gallery-6 is-layout-flex wp-block-gallery-is-layout-flex\">\n<figure class=\"wp-block-image size-large\"><img loading=\"lazy\" decoding=\"async\" width=\"512\" height=\"512\" data-id=\"390\" src=\"http:\/\/www.nucleoestudo.ufla.br\/redep\/wp-content\/uploads\/2022\/05\/WhatsApp-Image-2022-05-18-at-10.43.54-3.jpeg\" alt=\"\" class=\"wp-image-390\" srcset=\"http:\/\/www.nucleoestudo.ufla.br\/redep\/wp-content\/uploads\/2022\/05\/WhatsApp-Image-2022-05-18-at-10.43.54-3.jpeg 512w, http:\/\/www.nucleoestudo.ufla.br\/redep\/wp-content\/uploads\/2022\/05\/WhatsApp-Image-2022-05-18-at-10.43.54-3-300x300.jpeg 300w, http:\/\/www.nucleoestudo.ufla.br\/redep\/wp-content\/uploads\/2022\/05\/WhatsApp-Image-2022-05-18-at-10.43.54-3-150x150.jpeg 150w\" sizes=\"auto, (max-width: 512px) 100vw, 512px\" \/><\/figure>\n<\/figure>\n<\/div>\n<\/div>\n\n\n\n<p><\/p>\n","protected":false},"excerpt":{"rendered":"<p>EDUCAS &#8211; Grupo de Pesquisa Educa\u00e7\u00e3o, Cultura Escolar e Sociedade (UECE)FOPPE &#8211; Grupo de estudos e Pesquisas Forma\u00e7\u00e3o de professores e pr\u00e1ticas de ensino (UFSC)FORPEDI &#8211; Grupo de Pesquisa sobre<\/p>\n","protected":false},"author":3,"featured_media":0,"parent":0,"menu_order":0,"comment_status":"closed","ping_status":"closed","template":"","meta":{"_exactmetrics_skip_tracking":false,"_exactmetrics_sitenote_active":false,"_exactmetrics_sitenote_note":"","_exactmetrics_sitenote_category":0,"footnotes":""},"class_list":["post-343","page","type-page","status-publish","hentry"],"_links":{"self":[{"href":"http:\/\/www.nucleoestudo.ufla.br\/redep\/index.php\/wp-json\/wp\/v2\/pages\/343","targetHints":{"allow":["GET"]}}],"collection":[{"href":"http:\/\/www.nucleoestudo.ufla.br\/redep\/index.php\/wp-json\/wp\/v2\/pages"}],"about":[{"href":"http:\/\/www.nucleoestudo.ufla.br\/redep\/index.php\/wp-json\/wp\/v2\/types\/page"}],"author":[{"embeddable":true,"href":"http:\/\/www.nucleoestudo.ufla.br\/redep\/index.php\/wp-json\/wp\/v2\/users\/3"}],"replies":[{"embeddable":true,"href":"http:\/\/www.nucleoestudo.ufla.br\/redep\/index.php\/wp-json\/wp\/v2\/comments?post=343"}],"version-history":[{"count":6,"href":"http:\/\/www.nucleoestudo.ufla.br\/redep\/index.php\/wp-json\/wp\/v2\/pages\/343\/revisions"}],"predecessor-version":[{"id":399,"href":"http:\/\/www.nucleoestudo.ufla.br\/redep\/index.php\/wp-json\/wp\/v2\/pages\/343\/revisions\/399"}],"wp:attachment":[{"href":"http:\/\/www.nucleoestudo.ufla.br\/redep\/index.php\/wp-json\/wp\/v2\/media?parent=343"}],"curies":[{"name":"wp","href":"https:\/\/api.w.org\/{rel}","templated":true}]}}