{"id":150,"date":"2019-08-30T22:59:10","date_gmt":"2019-08-31T01:59:10","guid":{"rendered":"http:\/\/www.nucleoestudo.ufla.br\/redep\/?page_id=150"},"modified":"2019-08-31T00:07:19","modified_gmt":"2019-08-31T03:07:19","slug":"galeria","status":"publish","type":"page","link":"http:\/\/www.nucleoestudo.ufla.br\/redep\/index.php\/galeria\/","title":{"rendered":"Galeria"},"content":{"rendered":"<h3 style=\"text-align: justify;\">II Semin\u00e1rio de Pesquisa sobre Processos de indu\u00e7\u00e3o de professores nas escolas p\u00fablicas de Educa\u00e7\u00e3o B\u00e1sica. Participa\u00e7\u00e3o e consultoria da Professora Dra. Menga Ludke &#8211; PUC-RJ. \u00a0Encontro realizado em 30 e 31 de agosto de 2019, na PUC &#8211; SP.<\/h3>\n\n\n<ul class=\"wp-block-gallery columns-2 is-cropped wp-block-gallery-1 is-layout-flex wp-block-gallery-is-layout-flex\"><li class=\"blocks-gallery-item\"><figure><img loading=\"lazy\" decoding=\"async\" width=\"1024\" height=\"498\" src=\"http:\/\/www.nucleoestudo.ufla.br\/redep\/wp-content\/uploads\/2019\/08\/1-1024x498.jpeg\" alt=\"\" data-id=\"166\" data-link=\"http:\/\/www.nucleoestudo.ufla.br\/redep\/index.php\/galeria\/attachment\/1\/\" class=\"wp-image-166\" srcset=\"http:\/\/www.nucleoestudo.ufla.br\/redep\/wp-content\/uploads\/2019\/08\/1-1024x498.jpeg 1024w, http:\/\/www.nucleoestudo.ufla.br\/redep\/wp-content\/uploads\/2019\/08\/1-300x146.jpeg 300w, http:\/\/www.nucleoestudo.ufla.br\/redep\/wp-content\/uploads\/2019\/08\/1-768x373.jpeg 768w, http:\/\/www.nucleoestudo.ufla.br\/redep\/wp-content\/uploads\/2019\/08\/1.jpeg 1152w\" sizes=\"auto, (max-width: 1024px) 100vw, 1024px\" \/><\/figure><\/li><li class=\"blocks-gallery-item\"><figure><img loading=\"lazy\" decoding=\"async\" width=\"1024\" height=\"498\" src=\"http:\/\/www.nucleoestudo.ufla.br\/redep\/wp-content\/uploads\/2019\/08\/2-1024x498.jpeg\" alt=\"\" data-id=\"167\" data-link=\"http:\/\/www.nucleoestudo.ufla.br\/redep\/index.php\/galeria\/attachment\/2\/\" class=\"wp-image-167\" srcset=\"http:\/\/www.nucleoestudo.ufla.br\/redep\/wp-content\/uploads\/2019\/08\/2-1024x498.jpeg 1024w, http:\/\/www.nucleoestudo.ufla.br\/redep\/wp-content\/uploads\/2019\/08\/2-300x146.jpeg 300w, http:\/\/www.nucleoestudo.ufla.br\/redep\/wp-content\/uploads\/2019\/08\/2-768x373.jpeg 768w, http:\/\/www.nucleoestudo.ufla.br\/redep\/wp-content\/uploads\/2019\/08\/2.jpeg 1152w\" sizes=\"auto, (max-width: 1024px) 100vw, 1024px\" \/><\/figure><\/li><li class=\"blocks-gallery-item\"><figure><img loading=\"lazy\" decoding=\"async\" width=\"1024\" height=\"498\" src=\"http:\/\/www.nucleoestudo.ufla.br\/redep\/wp-content\/uploads\/2019\/08\/3-1024x498.jpeg\" alt=\"\" data-id=\"168\" data-link=\"http:\/\/www.nucleoestudo.ufla.br\/redep\/index.php\/galeria\/attachment\/3\/\" class=\"wp-image-168\" srcset=\"http:\/\/www.nucleoestudo.ufla.br\/redep\/wp-content\/uploads\/2019\/08\/3-1024x498.jpeg 1024w, http:\/\/www.nucleoestudo.ufla.br\/redep\/wp-content\/uploads\/2019\/08\/3-300x146.jpeg 300w, http:\/\/www.nucleoestudo.ufla.br\/redep\/wp-content\/uploads\/2019\/08\/3-768x373.jpeg 768w, http:\/\/www.nucleoestudo.ufla.br\/redep\/wp-content\/uploads\/2019\/08\/3.jpeg 1152w\" sizes=\"auto, (max-width: 1024px) 100vw, 1024px\" \/><\/figure><\/li><li class=\"blocks-gallery-item\"><figure><img loading=\"lazy\" decoding=\"async\" width=\"1024\" height=\"498\" src=\"http:\/\/www.nucleoestudo.ufla.br\/redep\/wp-content\/uploads\/2019\/08\/4-1024x498.jpeg\" alt=\"\" data-id=\"169\" data-link=\"http:\/\/www.nucleoestudo.ufla.br\/redep\/index.php\/galeria\/attachment\/4\/\" class=\"wp-image-169\" srcset=\"http:\/\/www.nucleoestudo.ufla.br\/redep\/wp-content\/uploads\/2019\/08\/4-1024x498.jpeg 1024w, http:\/\/www.nucleoestudo.ufla.br\/redep\/wp-content\/uploads\/2019\/08\/4-300x146.jpeg 300w, http:\/\/www.nucleoestudo.ufla.br\/redep\/wp-content\/uploads\/2019\/08\/4-768x373.jpeg 768w, http:\/\/www.nucleoestudo.ufla.br\/redep\/wp-content\/uploads\/2019\/08\/4.jpeg 1152w\" sizes=\"auto, (max-width: 1024px) 100vw, 1024px\" \/><\/figure><\/li><li class=\"blocks-gallery-item\"><figure><img loading=\"lazy\" decoding=\"async\" width=\"1024\" height=\"498\" src=\"http:\/\/www.nucleoestudo.ufla.br\/redep\/wp-content\/uploads\/2019\/08\/5-1024x498.jpeg\" alt=\"\" data-id=\"170\" data-link=\"http:\/\/www.nucleoestudo.ufla.br\/redep\/index.php\/galeria\/attachment\/5\/\" class=\"wp-image-170\" srcset=\"http:\/\/www.nucleoestudo.ufla.br\/redep\/wp-content\/uploads\/2019\/08\/5-1024x498.jpeg 1024w, http:\/\/www.nucleoestudo.ufla.br\/redep\/wp-content\/uploads\/2019\/08\/5-300x146.jpeg 300w, http:\/\/www.nucleoestudo.ufla.br\/redep\/wp-content\/uploads\/2019\/08\/5-768x373.jpeg 768w, http:\/\/www.nucleoestudo.ufla.br\/redep\/wp-content\/uploads\/2019\/08\/5.jpeg 1152w\" sizes=\"auto, (max-width: 1024px) 100vw, 1024px\" \/><\/figure><\/li><li class=\"blocks-gallery-item\"><figure><img loading=\"lazy\" decoding=\"async\" width=\"1024\" height=\"768\" src=\"http:\/\/www.nucleoestudo.ufla.br\/redep\/wp-content\/uploads\/2019\/08\/6-1024x768.jpeg\" alt=\"\" data-id=\"171\" data-link=\"http:\/\/www.nucleoestudo.ufla.br\/redep\/index.php\/galeria\/attachment\/6\/\" class=\"wp-image-171\" srcset=\"http:\/\/www.nucleoestudo.ufla.br\/redep\/wp-content\/uploads\/2019\/08\/6.jpeg 1024w, http:\/\/www.nucleoestudo.ufla.br\/redep\/wp-content\/uploads\/2019\/08\/6-300x225.jpeg 300w, http:\/\/www.nucleoestudo.ufla.br\/redep\/wp-content\/uploads\/2019\/08\/6-768x576.jpeg 768w\" sizes=\"auto, (max-width: 1024px) 100vw, 1024px\" \/><\/figure><\/li><li class=\"blocks-gallery-item\"><figure><img loading=\"lazy\" decoding=\"async\" width=\"1024\" height=\"768\" src=\"http:\/\/www.nucleoestudo.ufla.br\/redep\/wp-content\/uploads\/2019\/08\/7-1024x768.jpeg\" alt=\"\" data-id=\"172\" data-link=\"http:\/\/www.nucleoestudo.ufla.br\/redep\/index.php\/galeria\/attachment\/7\/\" class=\"wp-image-172\" srcset=\"http:\/\/www.nucleoestudo.ufla.br\/redep\/wp-content\/uploads\/2019\/08\/7-1024x768.jpeg 1024w, http:\/\/www.nucleoestudo.ufla.br\/redep\/wp-content\/uploads\/2019\/08\/7-300x225.jpeg 300w, http:\/\/www.nucleoestudo.ufla.br\/redep\/wp-content\/uploads\/2019\/08\/7-768x576.jpeg 768w, http:\/\/www.nucleoestudo.ufla.br\/redep\/wp-content\/uploads\/2019\/08\/7.jpeg 1280w\" sizes=\"auto, (max-width: 1024px) 100vw, 1024px\" \/><\/figure><\/li><\/ul>\n\n\n<h3 style=\"text-align: justify;\">I Semin\u00e1rio de Pesquisa sobre Processos de indu\u00e7\u00e3o de professores nas escolas p\u00fablicas de Educa\u00e7\u00e3o B\u00e1sica realizado em 22 e 23 de mar\u00e7o de 2019, na PUC-SP.<\/h3>\n\n\n<ul class=\"wp-block-gallery columns-1 is-cropped wp-block-gallery-2 is-layout-flex wp-block-gallery-is-layout-flex\"><li class=\"blocks-gallery-item\"><figure><img loading=\"lazy\" decoding=\"async\" width=\"1024\" height=\"768\" src=\"http:\/\/www.nucleoestudo.ufla.br\/redep\/wp-content\/uploads\/2019\/08\/i-seminario-1-1024x768.jpeg\" alt=\"\" data-id=\"182\" data-link=\"http:\/\/www.nucleoestudo.ufla.br\/redep\/index.php\/galeria\/i-seminario-1\/\" class=\"wp-image-182\" srcset=\"http:\/\/www.nucleoestudo.ufla.br\/redep\/wp-content\/uploads\/2019\/08\/i-seminario-1-1024x768.jpeg 1024w, http:\/\/www.nucleoestudo.ufla.br\/redep\/wp-content\/uploads\/2019\/08\/i-seminario-1-300x225.jpeg 300w, http:\/\/www.nucleoestudo.ufla.br\/redep\/wp-content\/uploads\/2019\/08\/i-seminario-1-768x576.jpeg 768w, http:\/\/www.nucleoestudo.ufla.br\/redep\/wp-content\/uploads\/2019\/08\/i-seminario-1.jpeg 1280w\" sizes=\"auto, (max-width: 1024px) 100vw, 1024px\" \/><\/figure><\/li><li class=\"blocks-gallery-item\"><figure><img loading=\"lazy\" decoding=\"async\" width=\"1024\" height=\"498\" src=\"http:\/\/www.nucleoestudo.ufla.br\/redep\/wp-content\/uploads\/2019\/08\/i-seminario-1024x498.jpeg\" alt=\"\" data-id=\"183\" data-link=\"http:\/\/www.nucleoestudo.ufla.br\/redep\/index.php\/galeria\/i-seminario\/\" class=\"wp-image-183\" srcset=\"http:\/\/www.nucleoestudo.ufla.br\/redep\/wp-content\/uploads\/2019\/08\/i-seminario-1024x498.jpeg 1024w, http:\/\/www.nucleoestudo.ufla.br\/redep\/wp-content\/uploads\/2019\/08\/i-seminario-300x146.jpeg 300w, http:\/\/www.nucleoestudo.ufla.br\/redep\/wp-content\/uploads\/2019\/08\/i-seminario-768x373.jpeg 768w, http:\/\/www.nucleoestudo.ufla.br\/redep\/wp-content\/uploads\/2019\/08\/i-seminario.jpeg 1152w\" sizes=\"auto, (max-width: 1024px) 100vw, 1024px\" \/><\/figure><\/li><\/ul>\n\n\n<h3 style=\"text-align: justify;\">Lan\u00e7amento do Livro &#8220;Pr\u00e1ticas Inovadoras na Forma\u00e7\u00e3o de Professores&#8221;,orrganizado pela Prof\u00aa Marli Andr\u00e9 em abril de 2016, no III Congresso Nacional de Forma\u00e7\u00e3o de Professores e XII Congresso Estadual Paulista sobre Forma\u00e7\u00e3o de Professores, \u00c1guas de Lind\u00f3ia &#8211; SP.<\/h3>\n\n\n<ul class=\"wp-block-gallery columns-3 is-cropped wp-block-gallery-3 is-layout-flex wp-block-gallery-is-layout-flex\"><li class=\"blocks-gallery-item\"><figure><img loading=\"lazy\" decoding=\"async\" width=\"960\" height=\"637\" src=\"http:\/\/www.nucleoestudo.ufla.br\/redep\/wp-content\/uploads\/2019\/08\/WhatsApp-Image-2019-08-30-at-22.53.40-1.jpeg\" alt=\"\" data-id=\"142\" data-link=\"http:\/\/www.nucleoestudo.ufla.br\/redep\/whatsapp-image-2019-08-30-at-22-53-40-1\/\" class=\"wp-image-142\" srcset=\"http:\/\/www.nucleoestudo.ufla.br\/redep\/wp-content\/uploads\/2019\/08\/WhatsApp-Image-2019-08-30-at-22.53.40-1.jpeg 960w, http:\/\/www.nucleoestudo.ufla.br\/redep\/wp-content\/uploads\/2019\/08\/WhatsApp-Image-2019-08-30-at-22.53.40-1-300x199.jpeg 300w, http:\/\/www.nucleoestudo.ufla.br\/redep\/wp-content\/uploads\/2019\/08\/WhatsApp-Image-2019-08-30-at-22.53.40-1-768x510.jpeg 768w\" sizes=\"auto, (max-width: 960px) 100vw, 960px\" \/><\/figure><\/li><li class=\"blocks-gallery-item\"><figure><img loading=\"lazy\" decoding=\"async\" width=\"960\" height=\"540\" src=\"http:\/\/www.nucleoestudo.ufla.br\/redep\/wp-content\/uploads\/2019\/08\/WhatsApp-Image-2019-08-30-at-22.53.40.jpeg\" alt=\"\" data-id=\"143\" data-link=\"http:\/\/www.nucleoestudo.ufla.br\/redep\/whatsapp-image-2019-08-30-at-22-53-40\/\" class=\"wp-image-143\" srcset=\"http:\/\/www.nucleoestudo.ufla.br\/redep\/wp-content\/uploads\/2019\/08\/WhatsApp-Image-2019-08-30-at-22.53.40.jpeg 960w, http:\/\/www.nucleoestudo.ufla.br\/redep\/wp-content\/uploads\/2019\/08\/WhatsApp-Image-2019-08-30-at-22.53.40-300x169.jpeg 300w, http:\/\/www.nucleoestudo.ufla.br\/redep\/wp-content\/uploads\/2019\/08\/WhatsApp-Image-2019-08-30-at-22.53.40-768x432.jpeg 768w\" sizes=\"auto, (max-width: 960px) 100vw, 960px\" \/><\/figure><\/li><li class=\"blocks-gallery-item\"><figure><img loading=\"lazy\" decoding=\"async\" width=\"960\" height=\"540\" src=\"http:\/\/www.nucleoestudo.ufla.br\/redep\/wp-content\/uploads\/2019\/08\/WhatsApp-Image-2019-08-30-at-23.03.01.jpeg\" alt=\"\" data-id=\"160\" data-link=\"http:\/\/www.nucleoestudo.ufla.br\/redep\/index.php\/galeria\/whatsapp-image-2019-08-30-at-23-03-01\/\" class=\"wp-image-160\" srcset=\"http:\/\/www.nucleoestudo.ufla.br\/redep\/wp-content\/uploads\/2019\/08\/WhatsApp-Image-2019-08-30-at-23.03.01.jpeg 960w, http:\/\/www.nucleoestudo.ufla.br\/redep\/wp-content\/uploads\/2019\/08\/WhatsApp-Image-2019-08-30-at-23.03.01-300x169.jpeg 300w, http:\/\/www.nucleoestudo.ufla.br\/redep\/wp-content\/uploads\/2019\/08\/WhatsApp-Image-2019-08-30-at-23.03.01-768x432.jpeg 768w\" sizes=\"auto, (max-width: 960px) 100vw, 960px\" \/><\/figure><\/li><\/ul>\n","protected":false},"excerpt":{"rendered":"<p>II Semin\u00e1rio de Pesquisa sobre Processos de indu\u00e7\u00e3o de professores nas escolas p\u00fablicas de Educa\u00e7\u00e3o B\u00e1sica. Participa\u00e7\u00e3o e consultoria da Professora Dra. Menga Ludke &#8211; PUC-RJ. \u00a0Encontro realizado em 30<\/p>\n","protected":false},"author":3,"featured_media":0,"parent":0,"menu_order":0,"comment_status":"closed","ping_status":"closed","template":"","meta":{"_exactmetrics_skip_tracking":false,"_exactmetrics_sitenote_active":false,"_exactmetrics_sitenote_note":"","_exactmetrics_sitenote_category":0,"footnotes":""},"class_list":["post-150","page","type-page","status-publish","hentry"],"_links":{"self":[{"href":"http:\/\/www.nucleoestudo.ufla.br\/redep\/index.php\/wp-json\/wp\/v2\/pages\/150","targetHints":{"allow":["GET"]}}],"collection":[{"href":"http:\/\/www.nucleoestudo.ufla.br\/redep\/index.php\/wp-json\/wp\/v2\/pages"}],"about":[{"href":"http:\/\/www.nucleoestudo.ufla.br\/redep\/index.php\/wp-json\/wp\/v2\/types\/page"}],"author":[{"embeddable":true,"href":"http:\/\/www.nucleoestudo.ufla.br\/redep\/index.php\/wp-json\/wp\/v2\/users\/3"}],"replies":[{"embeddable":true,"href":"http:\/\/www.nucleoestudo.ufla.br\/redep\/index.php\/wp-json\/wp\/v2\/comments?post=150"}],"version-history":[{"count":20,"href":"http:\/\/www.nucleoestudo.ufla.br\/redep\/index.php\/wp-json\/wp\/v2\/pages\/150\/revisions"}],"predecessor-version":[{"id":200,"href":"http:\/\/www.nucleoestudo.ufla.br\/redep\/index.php\/wp-json\/wp\/v2\/pages\/150\/revisions\/200"}],"wp:attachment":[{"href":"http:\/\/www.nucleoestudo.ufla.br\/redep\/index.php\/wp-json\/wp\/v2\/media?parent=150"}],"curies":[{"name":"wp","href":"https:\/\/api.w.org\/{rel}","templated":true}]}}