{"id":842,"date":"2014-03-28T15:31:32","date_gmt":"2014-03-28T15:31:32","guid":{"rendered":"http:\/\/www.dca.ufla.br\/petalimentos\/?page_id=842"},"modified":"2022-07-25T13:02:24","modified_gmt":"2022-07-25T16:02:24","slug":"financas-e-infraestrutura","status":"publish","type":"page","link":"http:\/\/www.nucleoestudo.ufla.br\/petalimentos\/financas-e-infraestrutura\/","title":{"rendered":"Infraestrutura"},"content":{"rendered":"\n<figure class=\"wp-block-gallery columns-1 is-cropped wp-block-gallery-1 is-layout-flex wp-block-gallery-is-layout-flex\"><ul class=\"blocks-gallery-grid\"><li class=\"blocks-gallery-item\"><figure><img decoding=\"async\" loading=\"lazy\" width=\"1080\" height=\"675\" src=\"http:\/\/www.nucleoestudo.ufla.br\/petalimentos\/wp-content\/uploads\/2022\/07\/Design-sem-nome-4-1080x675.png\" alt=\"\" data-id=\"2366\" data-full-url=\"http:\/\/www.nucleoestudo.ufla.br\/petalimentos\/wp-content\/uploads\/2022\/07\/Design-sem-nome-4.png\" data-link=\"http:\/\/www.nucleoestudo.ufla.br\/petalimentos\/financas-e-infraestrutura\/design-sem-nome-7\/\" class=\"wp-image-2366\"\/><\/figure><\/li><\/ul><\/figure>\n\n\n<p style=\"text-align: justify;\"><span style=\"color: #000000;\">A gest\u00e3o de Infraestrutura \u00e9 respons\u00e1vel pela manuten\u00e7\u00e3o dos computadores, impressoras e equipamentos, cadastramento de eventos e emiss\u00e3o de certificados, &nbsp;visitas t\u00e9cnicas internas, requerimentos e formul\u00e1rios para or\u00e7amentos em geral. Assim como pelo planejamento de todos os projetos a serem executados, planejamento anual, relat\u00f3rio anual, normas gerais, pontos de pautas e presid\u00eancia das reuni\u00f5es, reserva de<em id=\"__mceDel\">&nbsp;<\/em>salas para as reuni\u00f5es, anfiteatro para eventos, atas corrigidas, empr\u00e9stimos de equipamentos para reuni\u00e3o geral<\/span><\/p>\n<p><span style=\"color: #000000;\">&nbsp;<strong>E-mail da gest\u00e3o:<\/strong> infraestruturapetalimentos@gmail.com<\/span><\/p>\n<p><\/p>\n<p><span style=\"color: #000000;\"><strong>Membros:<\/strong><\/span><\/p>\n<ul>\n<li class=\"oIy2qc\" data-message-text=\"Luciana de Biasi Guimar\u00e3es Serapi\u00e3o\">Luciana de Biasi Guimar\u00e3es Serapi\u00e3o<\/li>\n<li class=\"oIy2qc\" data-message-text=\"Luiza Maria Viana Silva \">Luiza Maria Viana Silva<\/li>\n<li class=\"oIy2qc\" data-message-text=\"Mariana Ros\u00e1lie Vidal Cond\u00e9\">Mariana Ros\u00e1lie Vidal Cond\u00e9<\/li>\n<\/ul>\n\n\n<p><\/p>\n<div id=\"wp_fb_like_button\" style=\"margin:5px 0;float:none;height:100px;\"><script src=\"http:\/\/connect.facebook.net\/en_US\/all.js#xfbml=1\"><\/script><fb:like href=\"http:\/\/www.nucleoestudo.ufla.br\/petalimentos\/financas-e-infraestrutura\/\" send=\"false\" layout=\"like\" width=\"450\" show_faces=\"true\" font=\"arial\" action=\"\" colorscheme=\"light\"><\/fb:like><\/div>","protected":false},"excerpt":{"rendered":"<p>A gest\u00e3o de Infraestrutura \u00e9 respons\u00e1vel pela manuten\u00e7\u00e3o dos computadores, impressoras e equipamentos, cadastramento de eventos e emiss\u00e3o de certificados, &nbsp;visitas t\u00e9cnicas internas, requerimentos e formul\u00e1rios para or\u00e7amentos em geral. Assim como pelo planejamento de todos os projetos a serem executados, planejamento anual, relat\u00f3rio anual, normas gerais, pontos de pautas e presid\u00eancia das reuni\u00f5es, reserva &hellip; <\/p>\n<p class=\"link-more\"><a href=\"http:\/\/www.nucleoestudo.ufla.br\/petalimentos\/financas-e-infraestrutura\/\" class=\"more-link\">Continue lendo<span class=\"screen-reader-text\"> &#8220;Infraestrutura&#8221;<\/span><\/a><\/p>\n","protected":false},"author":1,"featured_media":0,"parent":0,"menu_order":0,"comment_status":"open","ping_status":"open","template":"","meta":{"footnotes":""},"_links":{"self":[{"href":"http:\/\/www.nucleoestudo.ufla.br\/petalimentos\/wp-json\/wp\/v2\/pages\/842"}],"collection":[{"href":"http:\/\/www.nucleoestudo.ufla.br\/petalimentos\/wp-json\/wp\/v2\/pages"}],"about":[{"href":"http:\/\/www.nucleoestudo.ufla.br\/petalimentos\/wp-json\/wp\/v2\/types\/page"}],"author":[{"embeddable":true,"href":"http:\/\/www.nucleoestudo.ufla.br\/petalimentos\/wp-json\/wp\/v2\/users\/1"}],"replies":[{"embeddable":true,"href":"http:\/\/www.nucleoestudo.ufla.br\/petalimentos\/wp-json\/wp\/v2\/comments?post=842"}],"version-history":[{"count":45,"href":"http:\/\/www.nucleoestudo.ufla.br\/petalimentos\/wp-json\/wp\/v2\/pages\/842\/revisions"}],"predecessor-version":[{"id":2367,"href":"http:\/\/www.nucleoestudo.ufla.br\/petalimentos\/wp-json\/wp\/v2\/pages\/842\/revisions\/2367"}],"wp:attachment":[{"href":"http:\/\/www.nucleoestudo.ufla.br\/petalimentos\/wp-json\/wp\/v2\/media?parent=842"}],"curies":[{"name":"wp","href":"https:\/\/api.w.org\/{rel}","templated":true}]}}