{"id":839,"date":"2014-03-28T15:30:57","date_gmt":"2014-03-28T15:30:57","guid":{"rendered":"http:\/\/www.dca.ufla.br\/petalimentos\/?page_id=839"},"modified":"2022-07-25T13:15:59","modified_gmt":"2022-07-25T16:15:59","slug":"pessoas","status":"publish","type":"page","link":"http:\/\/www.nucleoestudo.ufla.br\/petalimentos\/pessoas\/","title":{"rendered":"Pessoas"},"content":{"rendered":"\n<figure class=\"wp-block-gallery columns-1 is-cropped wp-block-gallery-1 is-layout-flex wp-block-gallery-is-layout-flex\"><ul class=\"blocks-gallery-grid\"><li class=\"blocks-gallery-item\"><figure><img decoding=\"async\" loading=\"lazy\" width=\"1080\" height=\"675\" src=\"http:\/\/www.nucleoestudo.ufla.br\/petalimentos\/wp-content\/uploads\/2022\/07\/gp-e1658765750559-1080x675.png\" alt=\"\" data-id=\"2370\" data-full-url=\"http:\/\/www.nucleoestudo.ufla.br\/petalimentos\/wp-content\/uploads\/2022\/07\/gp-e1658765750559.png\" data-link=\"http:\/\/www.nucleoestudo.ufla.br\/petalimentos\/pessoas\/gp\/\" class=\"wp-image-2370\"\/><\/figure><\/li><\/ul><\/figure>\n\n\n<p style=\"text-align: center;\">\n<\/p><p style=\"text-align: justify;\"><span style=\"color: #000000;\">A gest\u00e3o de Pessoas \u00e9 respons\u00e1vel pela intera\u00e7\u00e3o entre os membros e capacita\u00e7\u00e3o dos mesmos atrav\u00e9s de din\u00e2micas, cursos de capacita\u00e7\u00e3o, semin\u00e1rios internos, avalia\u00e7\u00e3o e motiva\u00e7\u00e3o dos integrantes, registro e arquivo de advert\u00eancias e processo seletivo.<em id=\"__mceDel\"><br>\n<\/em><\/span><\/p>\n<p style=\"text-align: justify;\"><span style=\"color: #000000;\"><strong>E-mail da gest\u00e3o:<\/strong> pessoaspetalimentos@gmail.com<\/span><\/p>\n<p style=\"text-align: justify;\"><span style=\"color: #000000;\"><strong>Membros:<\/strong><\/span><\/p>\n<ul>\n<li>Giovanna Evaristo de Moraes<\/li>\n<li>Giulia Komatsu Silva<\/li>\n<\/ul>\n<p style=\"text-align: justify;\"><span style=\"color: #000000;\"><strong>Projeto Respons\u00e1vel:<\/strong><\/span><\/p>\n<ul>\n<li><span style=\"color: #000000;\">Metodologia de Recrutamento<\/span><\/li>\n<li><span style=\"color: #000000;\">Responsabilidade PETiana<\/span><\/li>\n<\/ul><div id=\"wp_fb_like_button\" style=\"margin:5px 0;float:none;height:100px;\"><script src=\"http:\/\/connect.facebook.net\/en_US\/all.js#xfbml=1\"><\/script><fb:like href=\"http:\/\/www.nucleoestudo.ufla.br\/petalimentos\/pessoas\/\" send=\"false\" layout=\"like\" width=\"450\" show_faces=\"true\" font=\"arial\" action=\"\" colorscheme=\"light\"><\/fb:like><\/div>","protected":false},"excerpt":{"rendered":"<p>A gest\u00e3o de Pessoas \u00e9 respons\u00e1vel pela intera\u00e7\u00e3o entre os membros e capacita\u00e7\u00e3o dos mesmos atrav\u00e9s de din\u00e2micas, cursos de capacita\u00e7\u00e3o, semin\u00e1rios internos, avalia\u00e7\u00e3o e motiva\u00e7\u00e3o dos integrantes, registro e arquivo de advert\u00eancias e processo seletivo. E-mail da gest\u00e3o: pessoaspetalimentos@gmail.com Membros: Giovanna Evaristo de Moraes Giulia Komatsu Silva Projeto Respons\u00e1vel: Metodologia de Recrutamento Responsabilidade PETiana<\/p>\n","protected":false},"author":1,"featured_media":0,"parent":0,"menu_order":0,"comment_status":"open","ping_status":"open","template":"","meta":{"footnotes":""},"_links":{"self":[{"href":"http:\/\/www.nucleoestudo.ufla.br\/petalimentos\/wp-json\/wp\/v2\/pages\/839"}],"collection":[{"href":"http:\/\/www.nucleoestudo.ufla.br\/petalimentos\/wp-json\/wp\/v2\/pages"}],"about":[{"href":"http:\/\/www.nucleoestudo.ufla.br\/petalimentos\/wp-json\/wp\/v2\/types\/page"}],"author":[{"embeddable":true,"href":"http:\/\/www.nucleoestudo.ufla.br\/petalimentos\/wp-json\/wp\/v2\/users\/1"}],"replies":[{"embeddable":true,"href":"http:\/\/www.nucleoestudo.ufla.br\/petalimentos\/wp-json\/wp\/v2\/comments?post=839"}],"version-history":[{"count":21,"href":"http:\/\/www.nucleoestudo.ufla.br\/petalimentos\/wp-json\/wp\/v2\/pages\/839\/revisions"}],"predecessor-version":[{"id":2371,"href":"http:\/\/www.nucleoestudo.ufla.br\/petalimentos\/wp-json\/wp\/v2\/pages\/839\/revisions\/2371"}],"wp:attachment":[{"href":"http:\/\/www.nucleoestudo.ufla.br\/petalimentos\/wp-json\/wp\/v2\/media?parent=839"}],"curies":[{"name":"wp","href":"https:\/\/api.w.org\/{rel}","templated":true}]}}