{"id":838,"date":"2014-03-28T15:30:50","date_gmt":"2014-03-28T15:30:50","guid":{"rendered":"http:\/\/www.dca.ufla.br\/petalimentos\/?page_id=838"},"modified":"2022-07-25T13:12:34","modified_gmt":"2022-07-25T16:12:34","slug":"marketing","status":"publish","type":"page","link":"http:\/\/www.nucleoestudo.ufla.br\/petalimentos\/marketing\/","title":{"rendered":"Marketing"},"content":{"rendered":"\n<figure class=\"wp-block-gallery columns-1 is-cropped wp-block-gallery-1 is-layout-flex wp-block-gallery-is-layout-flex\"><ul class=\"blocks-gallery-grid\"><li class=\"blocks-gallery-item\"><figure><img decoding=\"async\" loading=\"lazy\" width=\"1080\" height=\"675\" src=\"http:\/\/www.nucleoestudo.ufla.br\/petalimentos\/wp-content\/uploads\/2022\/07\/mkt-site-e1658765543452-1080x675.png\" alt=\"\" data-id=\"2368\" data-full-url=\"http:\/\/www.nucleoestudo.ufla.br\/petalimentos\/wp-content\/uploads\/2022\/07\/mkt-site-e1658765543452.png\" data-link=\"http:\/\/www.nucleoestudo.ufla.br\/petalimentos\/marketing\/mkt-site\/\" class=\"wp-image-2368\"\/><\/figure><\/li><\/ul><\/figure>\n\n\n<p style=\"text-align: justify;\"><span style=\"color: #000000;\">A gest\u00e3o de Marketing tem como fun\u00e7\u00e3o a divulga\u00e7\u00e3o do PET, bem como de suas atividades e eventos, comunica\u00e7\u00e3o interna e externa, cria\u00e7\u00e3o de artes e manuten\u00e7\u00e3o\/atualiza\u00e7\u00e3o do site, e-mail, fan pages e murais.<\/span><\/p>\n<p><span style=\"color: #000000;\"><strong>E-mail da gest\u00e3o:<\/strong> marketingpetalimentos@gmail.com<\/span><\/p>\n<p><span style=\"color: #000000;\"><strong>Membros:<\/strong><\/span><\/p>\n<ul>\n<li>J\u00e9ssica Silva Mendes<\/li>\n<li>Maria Paula de Jesus Souza<\/li>\n<li>Maria Paula Ferreira dos Santos<\/li>\n<\/ul>\n<p><strong style=\"color: #000000; font-size: revert;\">Projeto Respons\u00e1vel:<\/strong><\/p>\n<ul>\n<li><span style=\"color: #000000;\">Divulga PET<\/span><\/li>\n<\/ul><div id=\"wp_fb_like_button\" style=\"margin:5px 0;float:none;height:100px;\"><script src=\"http:\/\/connect.facebook.net\/en_US\/all.js#xfbml=1\"><\/script><fb:like href=\"http:\/\/www.nucleoestudo.ufla.br\/petalimentos\/marketing\/\" send=\"false\" layout=\"like\" width=\"450\" show_faces=\"true\" font=\"arial\" action=\"\" colorscheme=\"light\"><\/fb:like><\/div>","protected":false},"excerpt":{"rendered":"<p>A gest\u00e3o de Marketing tem como fun\u00e7\u00e3o a divulga\u00e7\u00e3o do PET, bem como de suas atividades e eventos, comunica\u00e7\u00e3o interna e externa, cria\u00e7\u00e3o de artes e manuten\u00e7\u00e3o\/atualiza\u00e7\u00e3o do site, e-mail, fan pages e murais. E-mail da gest\u00e3o: marketingpetalimentos@gmail.com Membros: J\u00e9ssica Silva Mendes Maria Paula de Jesus Souza Maria Paula Ferreira dos Santos Projeto Respons\u00e1vel: Divulga &hellip; <\/p>\n<p class=\"link-more\"><a href=\"http:\/\/www.nucleoestudo.ufla.br\/petalimentos\/marketing\/\" class=\"more-link\">Continue lendo<span class=\"screen-reader-text\"> &#8220;Marketing&#8221;<\/span><\/a><\/p>\n","protected":false},"author":1,"featured_media":0,"parent":0,"menu_order":0,"comment_status":"open","ping_status":"open","template":"","meta":{"footnotes":""},"_links":{"self":[{"href":"http:\/\/www.nucleoestudo.ufla.br\/petalimentos\/wp-json\/wp\/v2\/pages\/838"}],"collection":[{"href":"http:\/\/www.nucleoestudo.ufla.br\/petalimentos\/wp-json\/wp\/v2\/pages"}],"about":[{"href":"http:\/\/www.nucleoestudo.ufla.br\/petalimentos\/wp-json\/wp\/v2\/types\/page"}],"author":[{"embeddable":true,"href":"http:\/\/www.nucleoestudo.ufla.br\/petalimentos\/wp-json\/wp\/v2\/users\/1"}],"replies":[{"embeddable":true,"href":"http:\/\/www.nucleoestudo.ufla.br\/petalimentos\/wp-json\/wp\/v2\/comments?post=838"}],"version-history":[{"count":30,"href":"http:\/\/www.nucleoestudo.ufla.br\/petalimentos\/wp-json\/wp\/v2\/pages\/838\/revisions"}],"predecessor-version":[{"id":2369,"href":"http:\/\/www.nucleoestudo.ufla.br\/petalimentos\/wp-json\/wp\/v2\/pages\/838\/revisions\/2369"}],"wp:attachment":[{"href":"http:\/\/www.nucleoestudo.ufla.br\/petalimentos\/wp-json\/wp\/v2\/media?parent=838"}],"curies":[{"name":"wp","href":"https:\/\/api.w.org\/{rel}","templated":true}]}}