{"id":837,"date":"2014-03-28T15:30:36","date_gmt":"2014-03-28T15:30:36","guid":{"rendered":"http:\/\/www.dca.ufla.br\/petalimentos\/?page_id=837"},"modified":"2017-07-21T13:47:07","modified_gmt":"2017-07-21T16:47:07","slug":"gestoes","status":"publish","type":"page","link":"http:\/\/www.nucleoestudo.ufla.br\/petalimentos\/gestoes\/","title":{"rendered":"Gest\u00f5es"},"content":{"rendered":"<p>O PET Engenharia de Alimentos \u00e9 subdividido atualmente em 5 gest\u00f5es:<\/p>\n<ul>\n<li><a href=\"http:\/\/www.dca.ufla.br\/petalimentos\/?page_id=842\">Gest\u00e3o de Finan\u00e7as<\/a><\/li>\n<li><a href=\"http:\/\/www.dca.ufla.br\/petalimentos\/?page_id=838\">Gest\u00e3o de Marketing<\/a><\/li>\n<li><a href=\"http:\/\/www.dca.ufla.br\/petalimentos\/?page_id=839\">Gest\u00e3o de Pessoas<\/a><\/li>\n<li><a href=\"http:\/\/www.dca.ufla.br\/petalimentos\/?page_id=841\">Gest\u00e3o de Projetos<\/a><\/li>\n<li><a href=\"http:\/\/www.dca.ufla.br\/petalimentos\/?page_id=840\">Gest\u00e3o de Qualidade<\/a><\/li>\n<\/ul>\n<div id=\"wp_fb_like_button\" style=\"margin:5px 0;float:none;height:100px;\"><script src=\"http:\/\/connect.facebook.net\/en_US\/all.js#xfbml=1\"><\/script><fb:like href=\"http:\/\/www.nucleoestudo.ufla.br\/petalimentos\/gestoes\/\" send=\"false\" layout=\"like\" width=\"450\" show_faces=\"true\" font=\"arial\" action=\"\" colorscheme=\"light\"><\/fb:like><\/div>","protected":false},"excerpt":{"rendered":"<p>O PET Engenharia de Alimentos \u00e9 subdividido atualmente em 5 gest\u00f5es: Gest\u00e3o de Finan\u00e7as Gest\u00e3o de Marketing Gest\u00e3o de Pessoas Gest\u00e3o de Projetos Gest\u00e3o de Qualidade<\/p>\n","protected":false},"author":1,"featured_media":0,"parent":0,"menu_order":0,"comment_status":"open","ping_status":"open","template":"","meta":{"footnotes":""},"_links":{"self":[{"href":"http:\/\/www.nucleoestudo.ufla.br\/petalimentos\/wp-json\/wp\/v2\/pages\/837"}],"collection":[{"href":"http:\/\/www.nucleoestudo.ufla.br\/petalimentos\/wp-json\/wp\/v2\/pages"}],"about":[{"href":"http:\/\/www.nucleoestudo.ufla.br\/petalimentos\/wp-json\/wp\/v2\/types\/page"}],"author":[{"embeddable":true,"href":"http:\/\/www.nucleoestudo.ufla.br\/petalimentos\/wp-json\/wp\/v2\/users\/1"}],"replies":[{"embeddable":true,"href":"http:\/\/www.nucleoestudo.ufla.br\/petalimentos\/wp-json\/wp\/v2\/comments?post=837"}],"version-history":[{"count":3,"href":"http:\/\/www.nucleoestudo.ufla.br\/petalimentos\/wp-json\/wp\/v2\/pages\/837\/revisions"}],"predecessor-version":[{"id":2387,"href":"http:\/\/www.nucleoestudo.ufla.br\/petalimentos\/wp-json\/wp\/v2\/pages\/837\/revisions\/2387"}],"wp:attachment":[{"href":"http:\/\/www.nucleoestudo.ufla.br\/petalimentos\/wp-json\/wp\/v2\/media?parent=837"}],"curies":[{"name":"wp","href":"https:\/\/api.w.org\/{rel}","templated":true}]}}