{"id":61,"date":"2013-04-19T13:29:22","date_gmt":"2013-04-19T13:29:22","guid":{"rendered":"http:\/\/www.dca.ufla.br\/petalimentos\/?page_id=61"},"modified":"2022-06-12T15:13:02","modified_gmt":"2022-06-12T18:13:02","slug":"pet-engenharia-de-alimentos-2","status":"publish","type":"page","link":"http:\/\/www.nucleoestudo.ufla.br\/petalimentos\/","title":{"rendered":""},"content":{"rendered":"<h4 style=\"text-align: left;\"><span style=\"color: #000000;\"><strong>QUEM SOMOS?<\/strong><\/span><\/h4>\n<p><span style=\"font-weight: 400; color: #000000;\">O Programa de Educa\u00e7\u00e3o Tutorial (PET) \u00e9 uma entidade em excel\u00eancia criada com a principal finalidade de melhorar os cursos de gradua\u00e7\u00e3o em Universidades de todo o pa\u00eds. Atuando em tr\u00eas diferentes \u00e1reas \u2013 estudo, pesquisa e extens\u00e3o, o programa proporciona uma forma\u00e7\u00e3o diferenciada, tanto aos petianos quanto aos demais graduandos.<\/span><\/p>\n<p><span style=\"color: #000000;\"><span style=\"font-weight: 400;\">O PET Engenharia de Alimentos da UFLA iniciou suas atividades em mar\u00e7o de 2013. <\/span><span style=\"font-weight: 400;\">Os discentes que t\u00eam a oportunidade de participar do grupo n\u00e3o s\u00f3 s\u00e3o privilegiados com o conhecimento, mas tamb\u00e9m com o aprendizado da realiza\u00e7\u00e3o de trabalhos em grupo, aprendendo a lidar com uma s\u00e9rie de situa\u00e7\u00f5es no \u00e2mbito social.<\/span><\/span><\/p>\n<p><span style=\"font-weight: 400; color: #000000;\">A proposta do PET Engenharia de Alimentos, a fim de evitar a evas\u00e3o estudantil, \u00e9 se preocupar acima de tudo com o bem estar de cada graduando.<\/span><\/p>\n<h4 style=\"text-align: left;\"><span style=\"color: #000000;\"><strong><br \/>\nNOSSA MISS\u00c3O<\/strong><\/span><\/h4>\n<p style=\"text-align: justify;\"><span style=\"color: #000000;\">Construir e aperfei\u00e7oar o conhecimento dos membros, com o intuito de formar profissionais de excel\u00eancia e cidad\u00e3os socialmente respons\u00e1veis, a fim de dissemin\u00e1-lo no meio acad\u00eamico e na comunidade em que est\u00e3o inseridos.<\/span><\/p>\n<h4 style=\"text-align: left;\"><span style=\"color: #000000;\"><strong><br \/>\nNOSSA VIS\u00c3O<\/strong><\/span><\/h4>\n<p style=\"text-align: justify;\"><span style=\"color: #000000;\">Tornar o curso de Engenharia de Alimentos &#8211; UFLA uma refer\u00eancia nacional, atrav\u00e9s de trabalhos sociais e atividades acad\u00eamicas, visando uma forma\u00e7\u00e3o profissional diferenciada, aos membros do PET e aos discentes do curso.<\/span><\/p>\n<div id=\"wp_fb_like_button\" style=\"margin:5px 0;float:none;height:100px;\"><script src=\"http:\/\/connect.facebook.net\/en_US\/all.js#xfbml=1\"><\/script><fb:like href=\"http:\/\/www.nucleoestudo.ufla.br\/petalimentos\/\" send=\"false\" layout=\"like\" width=\"450\" show_faces=\"true\" font=\"arial\" action=\"\" colorscheme=\"light\"><\/fb:like><\/div>","protected":false},"excerpt":{"rendered":"<p>QUEM SOMOS? O Programa de Educa\u00e7\u00e3o Tutorial (PET) \u00e9 uma entidade em excel\u00eancia criada com a principal finalidade de melhorar os cursos de gradua\u00e7\u00e3o em Universidades de todo o pa\u00eds. Atuando em tr\u00eas diferentes \u00e1reas \u2013 estudo, pesquisa e extens\u00e3o, o programa proporciona uma forma\u00e7\u00e3o diferenciada, tanto aos petianos quanto aos demais graduandos. O PET &hellip; <\/p>\n<p class=\"link-more\"><a href=\"http:\/\/www.nucleoestudo.ufla.br\/petalimentos\/\" class=\"more-link\">Continue lendo<span class=\"screen-reader-text\"> &#8220;&#8221;<\/span><\/a><\/p>\n","protected":false},"author":1,"featured_media":0,"parent":0,"menu_order":0,"comment_status":"open","ping_status":"open","template":"","meta":{"footnotes":""},"_links":{"self":[{"href":"http:\/\/www.nucleoestudo.ufla.br\/petalimentos\/wp-json\/wp\/v2\/pages\/61"}],"collection":[{"href":"http:\/\/www.nucleoestudo.ufla.br\/petalimentos\/wp-json\/wp\/v2\/pages"}],"about":[{"href":"http:\/\/www.nucleoestudo.ufla.br\/petalimentos\/wp-json\/wp\/v2\/types\/page"}],"author":[{"embeddable":true,"href":"http:\/\/www.nucleoestudo.ufla.br\/petalimentos\/wp-json\/wp\/v2\/users\/1"}],"replies":[{"embeddable":true,"href":"http:\/\/www.nucleoestudo.ufla.br\/petalimentos\/wp-json\/wp\/v2\/comments?post=61"}],"version-history":[{"count":25,"href":"http:\/\/www.nucleoestudo.ufla.br\/petalimentos\/wp-json\/wp\/v2\/pages\/61\/revisions"}],"predecessor-version":[{"id":2348,"href":"http:\/\/www.nucleoestudo.ufla.br\/petalimentos\/wp-json\/wp\/v2\/pages\/61\/revisions\/2348"}],"wp:attachment":[{"href":"http:\/\/www.nucleoestudo.ufla.br\/petalimentos\/wp-json\/wp\/v2\/media?parent=61"}],"curies":[{"name":"wp","href":"https:\/\/api.w.org\/{rel}","templated":true}]}}