{"id":2333,"date":"2022-05-25T12:39:53","date_gmt":"2022-05-25T15:39:53","guid":{"rendered":"http:\/\/www.nucleoestudo.ufla.br\/petalimentos\/?page_id=2333"},"modified":"2022-05-25T12:39:53","modified_gmt":"2022-05-25T15:39:53","slug":"vii-maratona-da-engenharia-de-alimentos","status":"publish","type":"page","link":"http:\/\/www.nucleoestudo.ufla.br\/petalimentos\/vii-maratona-da-engenharia-de-alimentos\/","title":{"rendered":"VII Maratona da Engenharia de Alimentos"},"content":{"rendered":"\n<p>O Programa de Educa\u00e7\u00e3o Tutorial e o Centro Acad\u00eamico do Curso de Engenharia de Alimentos da Universidade Federal de Lavras fazem saber os crit\u00e9rios\u00a0para inscri\u00e7\u00e3o e participa\u00e7\u00e3o na VII Maratona da Engenharia de Alimentos.<\/p>\n\n\n\n<figure class=\"wp-block-table\"><table><tbody><tr><td class=\"has-text-align-center\" data-align=\"center\"><strong>ATIVIDADE<\/strong><\/td><td class=\"has-text-align-center\" data-align=\"center\"><strong>DATA<\/strong><\/td><\/tr><tr><td class=\"has-text-align-center\" data-align=\"center\">Publica\u00e7\u00e3o do edital.<\/td><td class=\"has-text-align-center\" data-align=\"center\">08\/10\/2021<\/td><\/tr><tr><td class=\"has-text-align-center\" data-align=\"center\">Per\u00edodo de inscri\u00e7\u00f5es.<\/td><td class=\"has-text-align-center\" data-align=\"center\">De\u00a0 08\/10\/2021 \u00e0s 12h00min at\u00e9 20\/10\/2021 \u00e0s 12h00min, na plataforma digital Google Forms, link disponibilizado.<\/td><\/tr><tr><td class=\"has-text-align-center\" data-align=\"center\">A\u00e7\u00e3o social.<\/td><td class=\"has-text-align-center\" data-align=\"center\">De 21\/10\/2021 at\u00e9 04\/11\/2021 \u00e0s 18h00min.<\/td><\/tr><tr><td class=\"has-text-align-center\" data-align=\"center\">VII Maratona.<\/td><td class=\"has-text-align-center\" data-align=\"center\">De 01\/11\/2021 at\u00e9 05\/11\/2021.<\/td><\/tr><tr><td class=\"has-text-align-center\" data-align=\"center\">Enviar o link do Pitch e a postagem (b\u00f4nus)<br>\u00a0<strong>(Apresenta\u00e7\u00e3o de um trabalho)<\/strong>.<\/td><td class=\"has-text-align-center\" data-align=\"center\">At\u00e9 01\/11\/2021 \u00e0s 18h00min<\/td><\/tr><tr><td class=\"has-text-align-center\" data-align=\"center\">Postagem do v\u00eddeo no Youtube pela comiss\u00e3o organizadora<\/td><td class=\"has-text-align-center\" data-align=\"center\">A<a href=\"https:\/\/www.youtube.com\/channel\/UCuu9Es-KnMEpy8Oq_LaA-cg\">t\u00e9 03\/11\/2021 \u00e0s 12h00min<\/a><\/td><\/tr><tr><td class=\"has-text-align-center\" data-align=\"center\">Postagem da arte no Instagram da Maratona pela comiss\u00e3o organizadora<\/td><td class=\"has-text-align-center\" data-align=\"center\"><a href=\"https:\/\/www.youtube.com\/channel\/UCuu9Es-KnMEpy8Oq_LaA-cg\">03\/11\/2021 de 12h00min<\/a> at\u00e9 <a href=\"https:\/\/www.youtube.com\/channel\/UCuu9Es-KnMEpy8Oq_LaA-cg\">12h30min<\/a><\/td><\/tr><tr><td class=\"has-text-align-center\" data-align=\"center\">Palestra.<\/td><td class=\"has-text-align-center\" data-align=\"center\">03\/11\/2021 \u00e0s 18h00min<\/td><\/tr><tr><td class=\"has-text-align-center\" data-align=\"center\">Quiz.<\/td><td class=\"has-text-align-center\" data-align=\"center\">04\/11\/2021 \u00e0s 18h00min<\/td><\/tr><tr><td class=\"has-text-align-center\" data-align=\"center\">Divulga\u00e7\u00e3o do resultado final e divulga\u00e7\u00e3o da premia\u00e7\u00e3o por meio de uma videoconfer\u00eancia pelo Google Meet.<\/td><td class=\"has-text-align-center\" data-align=\"center\">10\/11\/2021 \u00e0s 18h00min<\/td><\/tr><\/tbody><\/table><\/figure>\n<div id=\"wp_fb_like_button\" style=\"margin:5px 0;float:none;height:100px;\"><script src=\"http:\/\/connect.facebook.net\/en_US\/all.js#xfbml=1\"><\/script><fb:like href=\"http:\/\/www.nucleoestudo.ufla.br\/petalimentos\/vii-maratona-da-engenharia-de-alimentos\/\" send=\"false\" layout=\"like\" width=\"450\" show_faces=\"true\" font=\"arial\" action=\"\" colorscheme=\"light\"><\/fb:like><\/div>","protected":false},"excerpt":{"rendered":"<p>O Programa de Educa\u00e7\u00e3o Tutorial e o Centro Acad\u00eamico do Curso de Engenharia de Alimentos da Universidade Federal de Lavras fazem saber os crit\u00e9rios\u00a0para inscri\u00e7\u00e3o e participa\u00e7\u00e3o na VII Maratona da Engenharia de Alimentos. ATIVIDADE DATA Publica\u00e7\u00e3o do edital. 08\/10\/2021 Per\u00edodo de inscri\u00e7\u00f5es. De\u00a0 08\/10\/2021 \u00e0s 12h00min at\u00e9 20\/10\/2021 \u00e0s 12h00min, na plataforma digital Google &hellip; <\/p>\n<p class=\"link-more\"><a href=\"http:\/\/www.nucleoestudo.ufla.br\/petalimentos\/vii-maratona-da-engenharia-de-alimentos\/\" class=\"more-link\">Continue lendo<span class=\"screen-reader-text\"> &#8220;VII Maratona da Engenharia de Alimentos&#8221;<\/span><\/a><\/p>\n","protected":false},"author":1,"featured_media":0,"parent":0,"menu_order":0,"comment_status":"closed","ping_status":"closed","template":"","meta":{"footnotes":""},"_links":{"self":[{"href":"http:\/\/www.nucleoestudo.ufla.br\/petalimentos\/wp-json\/wp\/v2\/pages\/2333"}],"collection":[{"href":"http:\/\/www.nucleoestudo.ufla.br\/petalimentos\/wp-json\/wp\/v2\/pages"}],"about":[{"href":"http:\/\/www.nucleoestudo.ufla.br\/petalimentos\/wp-json\/wp\/v2\/types\/page"}],"author":[{"embeddable":true,"href":"http:\/\/www.nucleoestudo.ufla.br\/petalimentos\/wp-json\/wp\/v2\/users\/1"}],"replies":[{"embeddable":true,"href":"http:\/\/www.nucleoestudo.ufla.br\/petalimentos\/wp-json\/wp\/v2\/comments?post=2333"}],"version-history":[{"count":2,"href":"http:\/\/www.nucleoestudo.ufla.br\/petalimentos\/wp-json\/wp\/v2\/pages\/2333\/revisions"}],"predecessor-version":[{"id":2338,"href":"http:\/\/www.nucleoestudo.ufla.br\/petalimentos\/wp-json\/wp\/v2\/pages\/2333\/revisions\/2338"}],"wp:attachment":[{"href":"http:\/\/www.nucleoestudo.ufla.br\/petalimentos\/wp-json\/wp\/v2\/media?parent=2333"}],"curies":[{"name":"wp","href":"https:\/\/api.w.org\/{rel}","templated":true}]}}