{"id":2194,"date":"2021-02-28T22:29:56","date_gmt":"2021-03-01T01:29:56","guid":{"rendered":"http:\/\/www.dca.ufla.br\/petalimentos\/?page_id=2194"},"modified":"2021-02-28T22:54:57","modified_gmt":"2021-03-01T01:54:57","slug":"processo-seletivo-2020-2","status":"publish","type":"page","link":"http:\/\/www.nucleoestudo.ufla.br\/petalimentos\/processo-seletivo-2020-2\/","title":{"rendered":"Processo Seletivo 2020\/2"},"content":{"rendered":"\n<p>O Programa de Educa\u00e7\u00e3o Tutorial do Curso de Engenharia de Alimentos da Universidade Federal de Lavras (PET Engenharia de Alimentos) faz saber que se encontram abertas as inscri\u00e7\u00f5es para sele\u00e7\u00e3o de novos membros, sendo 5 (cinco) vagas n\u00e3o remuneradas.<\/p>\n\n\n\n<figure class=\"wp-block-table\"><table><tbody><tr><td class=\"has-text-align-center\" data-align=\"center\"><strong>DATA<\/strong><\/td><td class=\"has-text-align-center\" data-align=\"center\"><strong>ATIVIDADE<\/strong><\/td><\/tr><tr><td class=\"has-text-align-center\" data-align=\"center\">12\/02\/2021<\/td><td class=\"has-text-align-center\" data-align=\"center\">Publica\u00e7\u00e3o do Edital.<\/td><\/tr><tr><td class=\"has-text-align-center\" data-align=\"center\">22\/02\/2021 \u00e0s 10h00min at\u00e9 26\/02\/2021 \u00e0s 12h00min, na plataforma digital Google Forms, link disponibilizado.<\/td><td class=\"has-text-align-center\" data-align=\"center\">Per\u00edodo de Inscri\u00e7\u00f5es.<\/td><\/tr><tr><td class=\"has-text-align-center\" data-align=\"center\">26\/02\/2021<\/td><td class=\"has-text-align-center\" data-align=\"center\">Envio de e-mail de confirma\u00e7\u00e3o de inscri\u00e7\u00e3o e informa\u00e7\u00f5es aos candidatos.<\/td><\/tr><tr><td class=\"has-text-align-center\" data-align=\"center\">at\u00e9 01\/03\/2021 \u00e0s 17h00min<\/td><td class=\"has-text-align-center\" data-align=\"center\">Prazo para entrega da Apresenta\u00e7\u00e3o Pessoal.<\/td><\/tr><tr><td class=\"has-text-align-center\" data-align=\"center\">02\/03\/2021 \u00e0s 18h00min<\/td><td class=\"has-text-align-center\" data-align=\"center\">Din\u00e2mica em Grupo.<\/td><\/tr><tr><td class=\"has-text-align-center\" data-align=\"center\">03\/03\/2021 at\u00e9 05\/03\/2021<\/td><td class=\"has-text-align-center\" data-align=\"center\">Entrevistas.<\/td><\/tr><tr><td class=\"has-text-align-center\" data-align=\"center\">08\/03\/2021<\/td><td class=\"has-text-align-center\" data-align=\"center\">Divulga\u00e7\u00e3o do Resultado Preliminar.<\/td><\/tr><tr><td class=\"has-text-align-center\" data-align=\"center\">09\/03\/2021 at\u00e9 10\/03\/2021 \u00e0s 18h00min, no e-mail da Gest\u00e3o de Pessoas PET Engenharia de alimentos (pessoaspetalimentos@gmail.com).<\/td><td class=\"has-text-align-center\" data-align=\"center\">Interposi\u00e7\u00e3o de Recursos.<\/td><\/tr><tr><td class=\"has-text-align-center\" data-align=\"center\">11\/03\/2021<\/td><td class=\"has-text-align-center\" data-align=\"center\">Resultado dos Recursos.<\/td><\/tr><tr><td class=\"has-text-align-center\" data-align=\"center\">12\/03\/2021<\/td><td class=\"has-text-align-center\" data-align=\"center\">Resultado Final e da Primeira Chamada.<\/td><\/tr><tr><td class=\"has-text-align-center\" data-align=\"center\">12\/03\/2021 at\u00e9 15\/03\/2021 \u00e0s 18h00min, no e-mail da Gest\u00e3o de&nbsp; Pessoas PET Engenharia de alimentos (pessoaspetalimentos@gmail.com).<\/td><td class=\"has-text-align-center\" data-align=\"center\">Manifesta\u00e7\u00e3o de interesse da primeira chamada.<\/td><\/tr><tr><td class=\"has-text-align-center\" data-align=\"center\">16\/03\/2021<\/td><td class=\"has-text-align-center\" data-align=\"center\">Resultado da segunda chamada, se houver.<\/td><\/tr><tr><td class=\"has-text-align-center\" data-align=\"center\">16\/03\/2021 at\u00e9 18\/03\/2021 \u00e0s 18h00min, no e-mail da Gest\u00e3o de&nbsp; Pessoas PET Engenharia de alimentos (pessoaspetalimentos@gmail.com).<\/td><td class=\"has-text-align-center\" data-align=\"center\">Manifesta\u00e7\u00e3o de interesse pela vaga da segunda chamada, se houver.<\/td><\/tr><tr><td class=\"has-text-align-center\" data-align=\"center\">Convoca\u00e7\u00e3o enviada para o e-mail institucional do candidato.<\/td><td class=\"has-text-align-center\" data-align=\"center\">Demais chamadas, se houver<\/td><\/tr><\/tbody><\/table><\/figure>\n\n\n\n<ul><li><a href=\"https:\/\/drive.google.com\/file\/d\/1xdYoa_Rjc4AmNDQ1ZaIW0vzFnJFmLLBR\/view?usp=sharing\" target=\"_blank\" rel=\"noreferrer noopener\">Edital N\u00b0 01-PET EAL\/PRG\/UFLA;<\/a><\/li><li><a href=\"https:\/\/forms.gle\/VrmfUXZJbF5vvRGp8\" target=\"_blank\" rel=\"noreferrer noopener\">Formul\u00e1rio de Inscri\u00e7\u00e3o<\/a>;<\/li><li><a href=\"https:\/\/drive.google.com\/file\/d\/1s7WBgXYSf6FxJ5jemc9R-1HLbQ-yjVko\/view?usp=sharing\" target=\"_blank\" rel=\"noreferrer noopener\">Ficha de recurso;<\/a><\/li><li>Resultado Preliminar<\/li><li>Resultado Final<\/li><\/ul>\n<div id=\"wp_fb_like_button\" style=\"margin:5px 0;float:none;height:100px;\"><script src=\"http:\/\/connect.facebook.net\/en_US\/all.js#xfbml=1\"><\/script><fb:like href=\"http:\/\/www.nucleoestudo.ufla.br\/petalimentos\/processo-seletivo-2020-2\/\" send=\"false\" layout=\"like\" width=\"450\" show_faces=\"true\" font=\"arial\" action=\"\" colorscheme=\"light\"><\/fb:like><\/div>","protected":false},"excerpt":{"rendered":"<p>O Programa de Educa\u00e7\u00e3o Tutorial do Curso de Engenharia de Alimentos da Universidade Federal de Lavras (PET Engenharia de Alimentos) faz saber que se encontram abertas as inscri\u00e7\u00f5es para sele\u00e7\u00e3o de novos membros, sendo 5 (cinco) vagas n\u00e3o remuneradas. DATA ATIVIDADE 12\/02\/2021 Publica\u00e7\u00e3o do Edital. 22\/02\/2021 \u00e0s 10h00min at\u00e9 26\/02\/2021 \u00e0s 12h00min, na plataforma digital &hellip; <\/p>\n<p class=\"link-more\"><a href=\"http:\/\/www.nucleoestudo.ufla.br\/petalimentos\/processo-seletivo-2020-2\/\" class=\"more-link\">Continue lendo<span class=\"screen-reader-text\"> &#8220;Processo Seletivo 2020\/2&#8221;<\/span><\/a><\/p>\n","protected":false},"author":1,"featured_media":0,"parent":0,"menu_order":0,"comment_status":"closed","ping_status":"closed","template":"","meta":{"footnotes":""},"_links":{"self":[{"href":"http:\/\/www.nucleoestudo.ufla.br\/petalimentos\/wp-json\/wp\/v2\/pages\/2194"}],"collection":[{"href":"http:\/\/www.nucleoestudo.ufla.br\/petalimentos\/wp-json\/wp\/v2\/pages"}],"about":[{"href":"http:\/\/www.nucleoestudo.ufla.br\/petalimentos\/wp-json\/wp\/v2\/types\/page"}],"author":[{"embeddable":true,"href":"http:\/\/www.nucleoestudo.ufla.br\/petalimentos\/wp-json\/wp\/v2\/users\/1"}],"replies":[{"embeddable":true,"href":"http:\/\/www.nucleoestudo.ufla.br\/petalimentos\/wp-json\/wp\/v2\/comments?post=2194"}],"version-history":[{"count":6,"href":"http:\/\/www.nucleoestudo.ufla.br\/petalimentos\/wp-json\/wp\/v2\/pages\/2194\/revisions"}],"predecessor-version":[{"id":2320,"href":"http:\/\/www.nucleoestudo.ufla.br\/petalimentos\/wp-json\/wp\/v2\/pages\/2194\/revisions\/2320"}],"wp:attachment":[{"href":"http:\/\/www.nucleoestudo.ufla.br\/petalimentos\/wp-json\/wp\/v2\/media?parent=2194"}],"curies":[{"name":"wp","href":"https:\/\/api.w.org\/{rel}","templated":true}]}}