{"id":1932,"date":"2020-05-08T16:46:13","date_gmt":"2020-05-08T19:46:13","guid":{"rendered":"http:\/\/www.dca.ufla.br\/petalimentos\/?page_id=1932"},"modified":"2020-06-29T19:04:50","modified_gmt":"2020-06-29T22:04:50","slug":"processo-seletivo-2020-1","status":"publish","type":"page","link":"http:\/\/www.nucleoestudo.ufla.br\/petalimentos\/processo-seletivo-2020-1\/","title":{"rendered":"Processo Seletivo 2020\/1"},"content":{"rendered":"\n<p>O Programa de Educa\u00e7\u00e3o Tutorial do Curso de Engenharia de Alimentos da Universidade Federal de Lavras (PET Engenharia de Alimentos) faz saber que se encontram abertas as inscri\u00e7\u00f5es para sele\u00e7\u00e3o de novos membros, sendo 3 (tr\u00eas) vagas remuneradas e 5 (cinco) vagas n\u00e3o remuneradas.<\/p>\n\n\n\n<figure class=\"wp-block-table\"><table><tbody><tr><td class=\"has-text-align-center\" data-align=\"center\"><strong>DATA<\/strong><\/td><td><strong>ATIVIDADE<\/strong><\/td><\/tr><tr><td class=\"has-text-align-center\" data-align=\"center\">14\/05\/2020<\/td><td>Publica\u00e7\u00e3o do Edital.<\/td><\/tr><tr><td class=\"has-text-align-center\" data-align=\"center\">25\/05\/2020 \u00e0s 10h00min at\u00e9 12\/06\/2020 \u00e0s 18h00min, na plataforma digital Google Forms, link disponibilizado.<\/td><td><br>Per\u00edodo de Inscri\u00e7\u00f5es.<\/td><\/tr><tr><td class=\"has-text-align-center\" data-align=\"center\"><br>12\/06\/2020<\/td><td>Envio de e-mail do dia e hor\u00e1rio para a Apresenta\u00e7\u00e3o Pessoal.<\/td><\/tr><tr><td class=\"has-text-align-center\" data-align=\"center\">15\/06\/2020<\/td><td>Apresenta\u00e7\u00e3o Pessoal.<\/td><\/tr><tr><td class=\"has-text-align-center\" data-align=\"center\">16\/06\/2020<\/td><td>Envio de e-mail do dia e hor\u00e1rio para Din\u00e2mica em Grupo.<\/td><\/tr><tr><td class=\"has-text-align-center\" data-align=\"center\">16\/06\/2020 at\u00e9 17\/06\/2020<\/td><td>Din\u00e2mica em Grupo.<\/td><\/tr><tr><td class=\"has-text-align-center\" data-align=\"center\">18\/06\/2020<\/td><td>Envio de e-mail do dia e hor\u00e1rio para a Entrevista.<\/td><\/tr><tr><td class=\"has-text-align-center\" data-align=\"center\">18\/06\/2020 at\u00e9 19\/06\/2020<\/td><td>Entrevistas<\/td><\/tr><tr><td class=\"has-text-align-center\" data-align=\"center\">24\/06\/2020<\/td><td>Divulga\u00e7\u00e3o do Resultado Preliminar.<\/td><\/tr><tr><td class=\"has-text-align-center\" data-align=\"center\">25\/06\/2020 at\u00e9 26\/06\/2020 \u00e0s 18h00min, no e-mail da Gest\u00e3o de Pessoas PET Engenharia de alimentos (pessoaspetalimentos@gmail.com).<\/td><td><br>Interposi\u00e7\u00e3o de Recursos.<\/td><\/tr><tr><td class=\"has-text-align-center\" data-align=\"center\">29\/06\/2020<\/td><td>Resultado dos Recursos.<\/td><\/tr><tr><td class=\"has-text-align-center\" data-align=\"center\">29\/06\/2020<\/td><td>Resultado Final e da Primeira Chamada.<\/td><\/tr><tr><td class=\"has-text-align-center\" data-align=\"center\">29\/06\/2020 at\u00e9 01\/07\/2020 \u00e0s 18h00min, no e-mail da Gest\u00e3o de Pessoas PET Engenharia de alimentos (pessoaspetalimentos@gmail.com).<\/td><td><br>Manifesta\u00e7\u00e3o de interesse da primeira chamada.<\/td><\/tr><tr><td class=\"has-text-align-center\" data-align=\"center\">02\/07\/2020<\/td><td>Resultado da segunda chamada, se houver.<\/td><\/tr><tr><td class=\"has-text-align-center\" data-align=\"center\">02\/07\/2020 at\u00e9 03\/07\/20 \u00e0s 23h59min, no e-mail da Gest\u00e3o de Pessoas PET Engenharia de alimentos (pessoaspetalimentos@gmail.com).<\/td><td>Manifesta\u00e7\u00e3o de interesse pela vaga da segunda chamada, se houver.<\/td><\/tr><tr><td class=\"has-text-align-center\" data-align=\"center\">Convoca\u00e7\u00e3o enviada para o e-mail institucional do candidato.<\/td><td>Demais chamadas, se houver<\/td><\/tr><\/tbody><\/table><\/figure>\n\n\n\n<ul><li><a rel=\"noreferrer noopener\" href=\"https:\/\/drive.google.com\/file\/d\/1cgsk2pUkGxijD3iZswKCdhctjLbqGoI1\/view?usp=sharing\" target=\"_blank\">Edital N\u00b0 01-PET EAL\/PRG\/UFLA;<\/a><\/li><li><a rel=\"noreferrer noopener\" href=\"https:\/\/forms.gle\/BbHhy9ShXwJnxc3Q7\" target=\"_blank\">Formul\u00e1rio de Inscri\u00e7\u00e3o <\/a><\/li><li><a rel=\"noreferrer noopener\" href=\"https:\/\/drive.google.com\/file\/d\/1M3NrjlM1ntyuiP4ZTR37UqtDduVpR4HI\/view?usp=sharing\" target=\"_blank\">Ficha de inscri\u00e7\u00e3o;<\/a><\/li><li><a rel=\"noreferrer noopener\" href=\"https:\/\/drive.google.com\/file\/d\/1AQvm7edqQXCP0suZYekxkfOOpb0iFxua\/view?usp=sharing\" target=\"_blank\">Ficha de recurso;<\/a><\/li><li><a href=\"https:\/\/drive.google.com\/file\/d\/1adyNZlsDc_dyQt3Sq1Bd5W-xN7C0p2oi\/view?usp=sharing\">Resultado Preliminar<\/a><\/li><li><a href=\"https:\/\/drive.google.com\/file\/d\/1hPzZ6hmW145qLIrxPCJl9qLMHGt_lZlz\/view?usp=sharing\">Resultado Final<\/a><\/li><\/ul>\n\n\n\n<p><\/p>\n<div id=\"wp_fb_like_button\" style=\"margin:5px 0;float:none;height:100px;\"><script src=\"http:\/\/connect.facebook.net\/en_US\/all.js#xfbml=1\"><\/script><fb:like href=\"http:\/\/www.nucleoestudo.ufla.br\/petalimentos\/processo-seletivo-2020-1\/\" send=\"false\" layout=\"like\" width=\"450\" show_faces=\"true\" font=\"arial\" action=\"\" colorscheme=\"light\"><\/fb:like><\/div>","protected":false},"excerpt":{"rendered":"<p>O Programa de Educa\u00e7\u00e3o Tutorial do Curso de Engenharia de Alimentos da Universidade Federal de Lavras (PET Engenharia de Alimentos) faz saber que se encontram abertas as inscri\u00e7\u00f5es para sele\u00e7\u00e3o de novos membros, sendo 3 (tr\u00eas) vagas remuneradas e 5 (cinco) vagas n\u00e3o remuneradas. DATA ATIVIDADE 14\/05\/2020 Publica\u00e7\u00e3o do Edital. 25\/05\/2020 \u00e0s 10h00min at\u00e9 12\/06\/2020 &hellip; <\/p>\n<p class=\"link-more\"><a href=\"http:\/\/www.nucleoestudo.ufla.br\/petalimentos\/processo-seletivo-2020-1\/\" class=\"more-link\">Continue lendo<span class=\"screen-reader-text\"> &#8220;Processo Seletivo 2020\/1&#8221;<\/span><\/a><\/p>\n","protected":false},"author":1,"featured_media":0,"parent":0,"menu_order":0,"comment_status":"closed","ping_status":"closed","template":"","meta":{"footnotes":""},"_links":{"self":[{"href":"http:\/\/www.nucleoestudo.ufla.br\/petalimentos\/wp-json\/wp\/v2\/pages\/1932"}],"collection":[{"href":"http:\/\/www.nucleoestudo.ufla.br\/petalimentos\/wp-json\/wp\/v2\/pages"}],"about":[{"href":"http:\/\/www.nucleoestudo.ufla.br\/petalimentos\/wp-json\/wp\/v2\/types\/page"}],"author":[{"embeddable":true,"href":"http:\/\/www.nucleoestudo.ufla.br\/petalimentos\/wp-json\/wp\/v2\/users\/1"}],"replies":[{"embeddable":true,"href":"http:\/\/www.nucleoestudo.ufla.br\/petalimentos\/wp-json\/wp\/v2\/comments?post=1932"}],"version-history":[{"count":10,"href":"http:\/\/www.nucleoestudo.ufla.br\/petalimentos\/wp-json\/wp\/v2\/pages\/1932\/revisions"}],"predecessor-version":[{"id":2183,"href":"http:\/\/www.nucleoestudo.ufla.br\/petalimentos\/wp-json\/wp\/v2\/pages\/1932\/revisions\/2183"}],"wp:attachment":[{"href":"http:\/\/www.nucleoestudo.ufla.br\/petalimentos\/wp-json\/wp\/v2\/media?parent=1932"}],"curies":[{"name":"wp","href":"https:\/\/api.w.org\/{rel}","templated":true}]}}