{"id":1853,"date":"2019-08-28T14:40:06","date_gmt":"2019-08-28T17:40:06","guid":{"rendered":"http:\/\/www.dca.ufla.br\/petalimentos\/?page_id=1853"},"modified":"2019-09-25T15:19:02","modified_gmt":"2019-09-25T18:19:02","slug":"ps20192","status":"publish","type":"page","link":"http:\/\/www.nucleoestudo.ufla.br\/petalimentos\/ps20192\/","title":{"rendered":"Processo Seletivo 2019\/2"},"content":{"rendered":"<p>O Programa de Educa\u00e7\u00e3o Tutorial do Curso de Engenharia de Alimentos da Universidade Federal de Lavras (PET Engenharia de Alimentos) faz saber que se encontram abertas as inscri\u00e7\u00f5es para sele\u00e7\u00e3o de novos membros, sendo cinco vagas n\u00e3o remuneradas (volunt\u00e1rias) e duas vagas remuneradas.<\/p>\n<table>\n<tbody>\n<tr>\n<td width=\"335\">\n<p style=\"text-align: center;\"><strong>DATA<\/strong><\/p>\n<\/td>\n<td width=\"335\">\n<p style=\"text-align: center;\"><strong>ATIVIDADE<\/strong><\/p>\n<\/td>\n<\/tr>\n<tr>\n<td width=\"335\">\n<p style=\"text-align: center;\">23\/08\/2019<\/p>\n<\/td>\n<td width=\"335\">Publica\u00e7\u00e3o do Edital.<\/td>\n<\/tr>\n<tr>\n<td width=\"335\">\n<p style=\"text-align: center;\">02\/09\/2019 at\u00e9 09\/09\/2019, no hor\u00e1rio de 8h00min \u00e0s 18h00min, na sala do Grupo PET \u2013 Engenharia de Alimentos, no DCA.<\/p>\n<\/td>\n<td width=\"335\">Per\u00edodo de Inscri\u00e7\u00f5es.<\/td>\n<\/tr>\n<tr>\n<td width=\"335\">\n<p style=\"text-align: center;\">09\/09\/2019<\/p>\n<\/td>\n<td width=\"335\">Divulga\u00e7\u00e3o\/envio de e-mail do dia, hor\u00e1rio e local para a Apresenta\u00e7\u00e3o Pessoal e Din\u00e2mica em Grupo.<\/td>\n<\/tr>\n<tr>\n<td width=\"335\">\n<p style=\"text-align: center;\">Entre 11\/09\/2019 a 12\/09\/2014<\/p>\n<\/td>\n<td width=\"335\">Apresenta\u00e7\u00e3o Pessoal e Din\u00e2mica em Grupo.<\/td>\n<\/tr>\n<tr>\n<td width=\"335\">\n<p style=\"text-align: center;\">16\/09\/2019<\/p>\n<\/td>\n<td width=\"335\">Divulga\u00e7\u00e3o do Resultado Preliminar.<\/td>\n<\/tr>\n<tr>\n<td width=\"335\">\n<p style=\"text-align: center;\">17\/09\/2019 at\u00e9 19\/09\/2019, no hor\u00e1rio de 8h00min \u00e0s 18h00min, na sala do Grupo PET \u2013 Engenharia de Alimentos, no DCA.<\/p>\n<\/td>\n<td width=\"335\">Interposi\u00e7\u00e3o de Recursos.<\/td>\n<\/tr>\n<tr>\n<td width=\"335\">\n<p style=\"text-align: center;\">23\/09\/2019<\/p>\n<\/td>\n<td width=\"335\">Resultado dos Recursos.<\/td>\n<\/tr>\n<tr>\n<td width=\"335\">\n<p style=\"text-align: center;\">23\/09\/2019<\/p>\n<\/td>\n<td width=\"335\">Resultado Final e da Primeira Chamada.<\/td>\n<\/tr>\n<tr>\n<td width=\"335\">\n<p style=\"text-align: center;\">23\/09\/2019 at\u00e9 25\/09\/2019, no hor\u00e1rio de 08h00min \u00e0s 18h00min, na sala do Grupo PET \u2013 Engenharia de Alimentos, no DCA.<\/p>\n<\/td>\n<td width=\"335\">Manifesta\u00e7\u00e3o de interesse da primeira chamada.<\/td>\n<\/tr>\n<tr>\n<td width=\"335\">\n<p style=\"text-align: center;\">27\/09\/2019<\/p>\n<\/td>\n<td width=\"335\">Resultado da segunda chamada, se houver.<\/td>\n<\/tr>\n<tr>\n<td width=\"335\">\n<p style=\"text-align: center;\">30\/09\/2019 at\u00e9 02\/10\/2019<\/p>\n<\/td>\n<td width=\"335\">Manifesta\u00e7\u00e3o de interesse pela vaga da segunda chamada, se houver.<\/td>\n<\/tr>\n<tr>\n<td width=\"335\">\n<p style=\"text-align: center;\">03\/10\/2019<\/p>\n<\/td>\n<td width=\"335\">Convoca\u00e7\u00e3o enviada para o e-mail institucional do candidato.<\/td>\n<\/tr>\n<\/tbody>\n<\/table>\n<p>&nbsp;<\/p>\n<ul>\n<li><a href=\"https:\/\/drive.google.com\/open?id=1MuzOnkMVkFwztDJTYp1J7G56z-VPkuKG\" target=\"_blank\" rel=\"noopener\">Edital N\u00b0 01-PET EAL\/PRG\/UFLA;<\/a><\/li>\n<li><a href=\"https:\/\/drive.google.com\/open?id=1KHWVAjfY0Oxb5IVkLg8jybw9VQuKuXhq\" target=\"_blank\" rel=\"noopener\">Ficha de inscri\u00e7\u00e3o;<\/a><\/li>\n<li><a href=\"https:\/\/drive.google.com\/open?id=1TSIyWiaLp796rfCPeF9dxRVTshovV6Wq\" target=\"_blank\" rel=\"noopener\">Ficha de recurso;<\/a><\/li>\n<li><a href=\"https:\/\/drive.google.com\/open?id=1_lJdm2nnukPS2TfJmNUmwQKDkcjny16E\">Resultado preliminar;<\/a><\/li>\n<li><a href=\"https:\/\/drive.google.com\/open?id=10_X75dYG-uKWDpeti8Di4duBV9o-rZIs\">Resultado final.<\/a><\/li>\n<\/ul>\n<div id=\"wp_fb_like_button\" style=\"margin:5px 0;float:none;height:100px;\"><script src=\"http:\/\/connect.facebook.net\/en_US\/all.js#xfbml=1\"><\/script><fb:like href=\"http:\/\/www.nucleoestudo.ufla.br\/petalimentos\/ps20192\/\" send=\"false\" layout=\"like\" width=\"450\" show_faces=\"true\" font=\"arial\" action=\"\" colorscheme=\"light\"><\/fb:like><\/div>","protected":false},"excerpt":{"rendered":"<p>O Programa de Educa\u00e7\u00e3o Tutorial do Curso de Engenharia de Alimentos da Universidade Federal de Lavras (PET Engenharia de Alimentos) faz saber que se encontram abertas as inscri\u00e7\u00f5es para sele\u00e7\u00e3o de novos membros, sendo cinco vagas n\u00e3o remuneradas (volunt\u00e1rias) e duas vagas remuneradas. DATA ATIVIDADE 23\/08\/2019 Publica\u00e7\u00e3o do Edital. 02\/09\/2019 at\u00e9 09\/09\/2019, no hor\u00e1rio de &hellip; <\/p>\n<p class=\"link-more\"><a href=\"http:\/\/www.nucleoestudo.ufla.br\/petalimentos\/ps20192\/\" class=\"more-link\">Continue lendo<span class=\"screen-reader-text\"> &#8220;Processo Seletivo 2019\/2&#8221;<\/span><\/a><\/p>\n","protected":false},"author":1,"featured_media":0,"parent":0,"menu_order":0,"comment_status":"closed","ping_status":"closed","template":"","meta":{"footnotes":""},"_links":{"self":[{"href":"http:\/\/www.nucleoestudo.ufla.br\/petalimentos\/wp-json\/wp\/v2\/pages\/1853"}],"collection":[{"href":"http:\/\/www.nucleoestudo.ufla.br\/petalimentos\/wp-json\/wp\/v2\/pages"}],"about":[{"href":"http:\/\/www.nucleoestudo.ufla.br\/petalimentos\/wp-json\/wp\/v2\/types\/page"}],"author":[{"embeddable":true,"href":"http:\/\/www.nucleoestudo.ufla.br\/petalimentos\/wp-json\/wp\/v2\/users\/1"}],"replies":[{"embeddable":true,"href":"http:\/\/www.nucleoestudo.ufla.br\/petalimentos\/wp-json\/wp\/v2\/comments?post=1853"}],"version-history":[{"count":5,"href":"http:\/\/www.nucleoestudo.ufla.br\/petalimentos\/wp-json\/wp\/v2\/pages\/1853\/revisions"}],"predecessor-version":[{"id":1867,"href":"http:\/\/www.nucleoestudo.ufla.br\/petalimentos\/wp-json\/wp\/v2\/pages\/1853\/revisions\/1867"}],"wp:attachment":[{"href":"http:\/\/www.nucleoestudo.ufla.br\/petalimentos\/wp-json\/wp\/v2\/media?parent=1853"}],"curies":[{"name":"wp","href":"https:\/\/api.w.org\/{rel}","templated":true}]}}