{"id":1791,"date":"2019-03-25T10:04:39","date_gmt":"2019-03-25T13:04:39","guid":{"rendered":"http:\/\/www.dca.ufla.br\/petalimentos\/?page_id=1791"},"modified":"2019-04-23T15:01:43","modified_gmt":"2019-04-23T18:01:43","slug":"ps20191","status":"publish","type":"page","link":"http:\/\/www.nucleoestudo.ufla.br\/petalimentos\/ps20191\/","title":{"rendered":"Processo Seletivo 2019\/1"},"content":{"rendered":"<p>O Programa de Educa\u00e7\u00e3o Tutorial do Curso de Engenharia de Alimentos da Universidade Federal de Lavras (PET Engenharia de Alimentos) faz saber que se encontram abertas as inscri\u00e7\u00f5es para sele\u00e7\u00e3o de novos membros, sendo seis vagas n\u00e3o remuneradas (volunt\u00e1rias).<\/p>\n<p>&nbsp;<\/p>\n<p style=\"text-align: center;\"><strong>AGENDA<\/strong><\/p>\n<table width=\"576\">\n<tbody>\n<tr>\n<td style=\"text-align: center;\" width=\"243\"><strong>ATIVIDADE<\/strong><\/td>\n<td width=\"333\">\n<p style=\"text-align: center;\"><strong>DATA<\/strong><\/p>\n<\/td>\n<\/tr>\n<tr>\n<td width=\"243\">Inscri\u00e7\u00e3o<\/td>\n<td width=\"333\">De 01\/04\/2019 at\u00e9 12\/04\/2019 das 8h \u00e0s 18h na sala do Grupo PET \u2013 Engenharia de Alimentos, no DCA<\/td>\n<\/tr>\n<tr>\n<td width=\"243\">Apresenta\u00e7\u00e3o<\/td>\n<td width=\"333\">15\/04\/2019* na Sala De Reuni\u00f5es do DCA<\/td>\n<\/tr>\n<tr>\n<td width=\"243\">Din\u00e2mica de Grupo<\/td>\n<td width=\"333\">16\/04\/2019* na Sala De Reuni\u00f5es do DCA<\/td>\n<\/tr>\n<tr>\n<td width=\"243\">Carta de Inten\u00e7\u00e3o<\/td>\n<td width=\"333\">Entrega dia 16\/04\/2019* at\u00e9 \u00e0s 18h na Sala do Grupo PET \u2013 Engenharia de Alimentos, no DCA<\/td>\n<\/tr>\n<tr>\n<td width=\"243\">Entrevista<\/td>\n<td width=\"333\">17\/04\/2019* na Sala de Reuni\u00f5es do DCA<\/td>\n<\/tr>\n<tr>\n<td width=\"243\">Resultado Preliminar<\/td>\n<td width=\"333\">23\/04\/2019 atrav\u00e9s do site da PRG (www.prg.ufla.br) e no mural do PET-Engenharia de Alimentos (Ala 1 &#8211; DCA).<\/td>\n<\/tr>\n<tr>\n<td width=\"243\">Recurso<\/td>\n<td width=\"333\">De 25\/04\/2019 a 10\/04\/2019 das 8h \u00e0s 18h na sala do Grupo PET \u2013 Engenharia de Alimentos, no DCA<\/td>\n<\/tr>\n<tr>\n<td width=\"243\">Resultado Final e Primeira Chamada<\/td>\n<td width=\"333\">17\/05\/2019 atrav\u00e9s do site da PRG (www.prg.ufla.br) e no Facebook do PET-Engenharia de Alimentos (Ala 1 &#8211; DCA).<\/td>\n<\/tr>\n<tr>\n<td width=\"243\">Manifesta\u00e7\u00e3o de Interesse da Primeira Chamada<\/td>\n<td width=\"333\">De 20\/05\/2019 das 8h \u00e0s 12h e das 14h \u00e0s 18h na sala do Grupo PET \u2013 Engenharia de Alimentos, no DCA<\/td>\n<\/tr>\n<tr>\n<td width=\"243\">Segunda Chamada<\/td>\n<td width=\"333\">23\/05\/2019 no site da PRG (www.prg.ufla.br).<\/td>\n<\/tr>\n<tr>\n<td width=\"243\">Manifesta\u00e7\u00e3o de Interesse da Segunda Chamada<\/td>\n<td width=\"333\">27\/05\/2019 das 8h \u00e0s 12h e das 14h \u00e0s 18h na sala do Grupo PET \u2013 Engenharia de Alimentos.<\/td>\n<\/tr>\n<\/tbody>\n<\/table>\n<p>&nbsp;<\/p>\n<p>*Todos os locais e datas est\u00e3o sujeitos \u00e0 altera\u00e7\u00e3o. Em todas as etapas os candidatos receber\u00e3o um e-mail (endere\u00e7o de e-mail institucional) confirmando a data, local e informando o hor\u00e1rio.<\/p>\n<p>&nbsp;<\/p>\n<ul>\n<li><a href=\"https:\/\/drive.google.com\/file\/d\/1MKoinhiFgx49hsb3N15cAYkIqVQ3nclZ\/view?usp=sharing\" target=\"_blank\" rel=\"noopener\">Edital N\u00b0 04-PET\/PRG\/UFLA<\/a><\/li>\n<li><a href=\"https:\/\/drive.google.com\/file\/d\/1A-hJP-H4SCMsNhhtvJNerXZL8-KF4TbE\/view?usp=sharing\" target=\"_blank\" rel=\"noopener\">Ficha de inscri\u00e7\u00e3o<\/a><\/li>\n<li><a href=\"https:\/\/drive.google.com\/open?id=1CeYBpF3QP63JAvr7fM83f_DKGCRcIHo9\" target=\"_blank\" rel=\"noopener\">Ficha de recurso<\/a><\/li>\n<li><a href=\"https:\/\/drive.google.com\/file\/d\/1rKKwEp6KBf5QexplPyX_FmiDXJEfuq0c\/view?usp=sharing\" target=\"_blank\" rel=\"noopener\">Retifica\u00e7\u00e3o do edital<\/a><\/li>\n<li><a href=\"https:\/\/drive.google.com\/file\/d\/1d3qOaYkF3kGTBGMrh2a5_0ald8fcLQCx\/view?usp=sharing\">Resultado preliminar<\/a><\/li>\n<\/ul>\n<div id=\"wp_fb_like_button\" style=\"margin:5px 0;float:none;height:100px;\"><script src=\"http:\/\/connect.facebook.net\/en_US\/all.js#xfbml=1\"><\/script><fb:like href=\"http:\/\/www.nucleoestudo.ufla.br\/petalimentos\/ps20191\/\" send=\"false\" layout=\"like\" width=\"450\" show_faces=\"true\" font=\"arial\" action=\"\" colorscheme=\"light\"><\/fb:like><\/div>","protected":false},"excerpt":{"rendered":"<p>O Programa de Educa\u00e7\u00e3o Tutorial do Curso de Engenharia de Alimentos da Universidade Federal de Lavras (PET Engenharia de Alimentos) faz saber que se encontram abertas as inscri\u00e7\u00f5es para sele\u00e7\u00e3o de novos membros, sendo seis vagas n\u00e3o remuneradas (volunt\u00e1rias). &nbsp; AGENDA ATIVIDADE DATA Inscri\u00e7\u00e3o De 01\/04\/2019 at\u00e9 12\/04\/2019 das 8h \u00e0s 18h na sala do &hellip; <\/p>\n<p class=\"link-more\"><a href=\"http:\/\/www.nucleoestudo.ufla.br\/petalimentos\/ps20191\/\" class=\"more-link\">Continue lendo<span class=\"screen-reader-text\"> &#8220;Processo Seletivo 2019\/1&#8221;<\/span><\/a><\/p>\n","protected":false},"author":1,"featured_media":0,"parent":0,"menu_order":0,"comment_status":"closed","ping_status":"closed","template":"","meta":{"footnotes":""},"_links":{"self":[{"href":"http:\/\/www.nucleoestudo.ufla.br\/petalimentos\/wp-json\/wp\/v2\/pages\/1791"}],"collection":[{"href":"http:\/\/www.nucleoestudo.ufla.br\/petalimentos\/wp-json\/wp\/v2\/pages"}],"about":[{"href":"http:\/\/www.nucleoestudo.ufla.br\/petalimentos\/wp-json\/wp\/v2\/types\/page"}],"author":[{"embeddable":true,"href":"http:\/\/www.nucleoestudo.ufla.br\/petalimentos\/wp-json\/wp\/v2\/users\/1"}],"replies":[{"embeddable":true,"href":"http:\/\/www.nucleoestudo.ufla.br\/petalimentos\/wp-json\/wp\/v2\/comments?post=1791"}],"version-history":[{"count":8,"href":"http:\/\/www.nucleoestudo.ufla.br\/petalimentos\/wp-json\/wp\/v2\/pages\/1791\/revisions"}],"predecessor-version":[{"id":1798,"href":"http:\/\/www.nucleoestudo.ufla.br\/petalimentos\/wp-json\/wp\/v2\/pages\/1791\/revisions\/1798"}],"wp:attachment":[{"href":"http:\/\/www.nucleoestudo.ufla.br\/petalimentos\/wp-json\/wp\/v2\/media?parent=1791"}],"curies":[{"name":"wp","href":"https:\/\/api.w.org\/{rel}","templated":true}]}}