{"id":1753,"date":"2018-09-27T13:19:38","date_gmt":"2018-09-27T16:19:38","guid":{"rendered":"http:\/\/www.dca.ufla.br\/petalimentos\/?page_id=1753"},"modified":"2022-05-17T18:02:04","modified_gmt":"2022-05-17T21:02:04","slug":"extensao-2018","status":"publish","type":"page","link":"http:\/\/www.nucleoestudo.ufla.br\/petalimentos\/extensao-2018\/","title":{"rendered":"2022"},"content":{"rendered":"\n<p class=\"has-text-align-center\"><strong><span style=\"color:#800000\" class=\"has-inline-color\">PET LANGUAGES<\/span><\/strong><\/p>\n\n\n\n<p class=\"has-text-align-center\"><strong><span class=\"has-inline-color has-black-color\">Pesquisa e Ensino<\/span><\/strong><\/p>\n\n\n\n<p><span class=\"has-inline-color has-black-color\">Projeto que consiste no compartilhamento, entre os petianos, de experi\u00eancias, conhecimentos, tem\u00e1ticas, dicas e curiosidades sobre outras l\u00ednguas, al\u00e9m da nativa, a fim de sanar dificuldades e estimular o aperfei\u00e7oamento no estudo de um novo idioma, j\u00e1 que \u00e9 cada vez mais requerido no \u00e2mbito profissional. O projeto tem como objetivo fazer com que os petianos se preparem melhor para o mercado de trabalho, aprendendo e melhorando o conhecimento de outro idioma.<\/span><\/p>\n\n\n\n<p><\/p>\n\n\n\n<p class=\"has-text-align-center\"> <strong><span style=\"color:#800000\" class=\"has-inline-color\">PETcast<\/span><\/strong><\/p>\n\n\n\n<p class=\"has-text-align-center\"><strong><span class=\"has-inline-color has-black-color\">Pesquisa, Ensino e Extens\u00e3o <\/span><\/strong><\/p>\n\n\n\n<p><span class=\"has-inline-color has-black-color\">O projeto consiste na elabora\u00e7\u00e3o de podcasts que abordam assuntos atuais voltados \u00e0 ci\u00eancia, tecnologia e engenharia de alimentos, compartilhando o conhecimento e atualizando os graduandos do curso de maneira simples e acess\u00edvel.\u00a0<\/span><\/p>\n\n\n\n<p><\/p>\n\n\n\n<p class=\"has-text-align-center\"><span style=\"color:#800000\" class=\"has-inline-color\"> <strong> CAPACITANDO PET<\/strong><\/span><\/p>\n\n\n\n<p class=\"has-text-align-center\"><strong><span class=\"has-inline-color has-black-color\">Pesquisa, Ensino e Extens\u00e3o<\/span><\/strong><\/p>\n\n\n\n<p><span class=\"has-inline-color has-black-color\">O projeto tem como objetivo capacitar graduandos e a comunidade externa em diversas tem\u00e1ticas que o auxiliem no desenvolvimento das atividades acad\u00eamicas e profissionais e com isso diminuir o \u00edndice de reprova\u00e7\u00e3o e defasagem dos cursos de gradua\u00e7\u00e3o.\u00a0<\/span><\/p>\n\n\n\n<p><\/p>\n\n\n\n<p class=\"has-text-align-center\"> <span style=\"color:#800000\" class=\"has-inline-color\"><strong>DIVULGA PET<\/strong><\/span> <\/p>\n\n\n\n<p class=\"has-text-align-center\"><strong><span class=\"has-inline-color has-black-color\">Pesquisa, Ensino e Extens\u00e3o<\/span><\/strong><\/p>\n\n\n\n<p><span class=\"has-inline-color has-black-color\">O objetivo do projeto \u00e9 tra\u00e7ar estrat\u00e9gias e atuar para que se aumente a visibilidade do Programa e dos projetos dentro e fora da comunidade acad\u00eamica, contribuindo para a melhoria cont\u00ednua do curso e efetividade do PET junto \u00e0 Universidade atrav\u00e9s de conte\u00fados visuais postados em nossas redes sociais, levando conhecimento para a comunidade interna e externa de modo din\u00e2mico e interativo.<\/span><\/p>\n\n\n\n<p><\/p>\n\n\n\n<p class=\"has-text-align-center\"> <span style=\"color:#800000\" class=\"has-inline-color\"><strong>INFORMA PET<\/strong><\/span> <\/p>\n\n\n\n<p class=\"has-text-align-center\"><strong><span class=\"has-inline-color has-black-color\">Ensino, Pesquisa e Extens\u00e3o<\/span><\/strong><\/p>\n\n\n\n<p><span class=\"has-inline-color has-black-color\">O projeto objetiva compartilhar conhecimento e informa\u00e7\u00f5es para que a comunidade interna e externa \u00e0 UFLA, de uma maneira simples e din\u00e2mica, possa melhorar seu rendimento, planejamento, aprendizagem na \u00e1rea acad\u00eamica e se informar quanto aos programas e atividades oferecidos pela universidade.<\/span><\/p>\n\n\n\n<p><\/p>\n\n\n\n<p class=\"has-text-align-center\"><strong><span style=\"color:#800000\" class=\"has-inline-color\">VIII <\/span><\/strong><span style=\"color:#800000\" class=\"has-inline-color\"><strong>MARATONA<\/strong><\/span> <strong><span style=\"color:#800000\" class=\"has-inline-color\">ACAD\u00caMICA DA ENGENHARIA DE ALIMENTOS<\/span><\/strong><\/p>\n\n\n\n<p class=\"has-text-align-center\"><strong><span class=\"has-inline-color has-black-color\">Ensino, Pesquisa e Extens\u00e3o<\/span><\/strong><\/p>\n\n\n\n<p><span class=\"has-inline-color has-black-color\">Visando atingir um dos objetivos do PET Engenharia de Alimentos que \u00e9 a integra\u00e7\u00e3o do grupo com as entidades, como Empresa J\u00fanior, Centro Acad\u00eamico, N\u00facleos de Estudo e demais discentes ligados ao Departamento de Ci\u00eancias dos Alimentos, ser\u00e1 realizada a VIII Maratona Acad\u00eamica da Engenharia de Alimentos. Este projeto buscar\u00e1 aprimorar a capacidade dos discentes no desenvolvimento (elabora\u00e7\u00e3o e escrita) de projetos, assim como estimular a criatividade, integra\u00e7\u00e3o, desenvolvimento e exposi\u00e7\u00e3o de projetos para comunidade acad\u00eamica realizados pelas entidades e discentes do curso.\u00a0<\/span><\/p>\n\n\n\n<p><\/p>\n\n\n\n<p class=\"has-text-align-center\"><strong><span style=\"color:#800000\" class=\"has-inline-color\">MELHORIA CONT\u00cdNUA<\/span><\/strong><\/p>\n\n\n\n<p class=\"has-text-align-center\"> <strong><span class=\"has-inline-color has-black-color\">Ensino e Pesquisa <\/span><\/strong><\/p>\n\n\n\n<p class=\"has-text-align-left\"><span class=\"has-inline-color has-black-color\">Atrav\u00e9s de aplica\u00e7\u00f5es de ferramentas organizacionais, busca-se, com este projeto, reduzir a carga hor\u00e1ria utilizada para atividades administrativas e reduzir a burocracia interna das atividades desenvolvidas pelo grupo. Dessa forma, \u00e9 necess\u00e1ria a busca por metodologias ou ferramentas que otimizem o tempo dos PETianos para que a maior parte da carga hor\u00e1ria de trabalho seja reservada para o desenvolvimento dos projetos e uma menor carga para tarefas administrativas. <\/span><\/p>\n\n\n\n<p><\/p>\n\n\n\n<p class=\"has-text-align-center\"> <strong><span style=\"color:#800000\" class=\"has-inline-color\">PET GLOBAL<\/span><\/strong><\/p>\n\n\n\n<p class=\"has-text-align-center\"><strong><span class=\"has-inline-color has-black-color\">Ensino e Extens\u00e3o<\/span><\/strong><\/p>\n\n\n\n<p><span class=\"has-inline-color has-black-color\">Este projeto consiste na organiza\u00e7\u00e3o de palestras e\/ou debates sobre temas gerais para todos os tipos p\u00fablicos. Al\u00e9m do mais, o PET Global tamb\u00e9m visa capacitar os membros do grupo PET internamente.<\/span><\/p>\n\n\n\n<p><\/p>\n\n\n\n<p class=\"has-text-align-center\">  <strong><span style=\"color:#800000\" class=\"has-inline-color\">PET NA COMUNIDADE<\/span><\/strong><\/p>\n\n\n\n<p class=\"has-text-align-center\"><strong><span class=\"has-inline-color has-black-color\">Extens\u00e3o e Pesquisa<\/span><\/strong><\/p>\n\n\n\n<p><span class=\"has-inline-color has-black-color\">O projeto visa auxiliar a comunidade nos mais diversos \u00e2mbitos que envolvem os conhecimentos do curso de Engenharia de Alimentos, de modo que os PETianos levar\u00e3o conhecimento acad\u00eamico para al\u00e9m da universidade.<\/span><\/p>\n\n\n\n<p><\/p>\n\n\n\n<p class=\"has-text-align-center\"> <strong><span style=\"color:#800000\" class=\"has-inline-color\">PET PESQUISA<\/span><\/strong><\/p>\n\n\n\n<p class=\"has-text-align-center\"><strong><span class=\"has-inline-color has-black-color\">Pesquisa e Ensino <\/span><\/strong><\/p>\n\n\n\n<p><span class=\"has-inline-color has-black-color\">Buscando manter os estudantes atualizados sobre assuntos pertinentes, e atingir objetivos do Programa de Educa\u00e7\u00e3o Tutorial (PET), tais como melhorar o curso, auxiliar os alunos da gradua\u00e7\u00e3o, e inserir os alunos em atividades t\u00edpicas da p\u00f3s-gradua\u00e7\u00e3o, este projeto consiste na realiza\u00e7\u00e3o de uma pesquisa de cunho acad\u00eamico sobre temas que vemos ao longo da gradua\u00e7\u00e3o, semelhante ao que \u00e9 realizado em inicia\u00e7\u00f5es cient\u00edficas, pelos PETianos, a fim de aprimorar seus conhecimentos cient\u00edficos na \u00e1rea da Engenharia de Alimentos, orat\u00f3ria, habilidades de trabalho em grupo.<\/span><\/p>\n\n\n\n<p><\/p>\n\n\n\n<p class=\"has-text-align-center\"><strong><span style=\"color:#800000\" class=\"has-inline-color\">Jornada de Engenharia e Tecnologia de Alimentos (JETA)<\/span><\/strong><\/p>\n\n\n\n<p class=\"has-text-align-center\"><strong><span class=\"has-inline-color has-black-color\">Ensino, Pesquisa e Extens\u00e3o<\/span><\/strong><\/p>\n\n\n\n<p><span class=\"has-inline-color has-black-color\">A ideia do projeto \u00e9 promover, por meio de palestras, mesas redondas, estudos de caso, uma intera\u00e7\u00e3o entre os estudantes, professores e profissionais ligados \u00e0 \u00e1rea de produ\u00e7\u00e3o de alimentos, a fim de possibilitar a troca de experi\u00eancias e conhecimentos entre os participantes. Al\u00e9m disso, este projeto visa aumentar a oportunidade de viv\u00eancia dos alunos com o mercado de trabalho e com as ind\u00fastrias de alimentos durante o per\u00edodo de gradua\u00e7\u00e3o.<\/span><\/p>\n\n\n\n<p><\/p>\n\n\n\n<p class=\"has-text-align-center\"><strong><span style=\"color:#800000\" class=\"has-inline-color\">RESPONSABILIDADE PETIANA<\/span><\/strong><\/p>\n\n\n\n<p class=\"has-text-align-center\"><strong><span class=\"has-inline-color has-black-color\">Ensino, Pesquisa e Extens\u00e3o<\/span><\/strong><\/p>\n\n\n\n<p>O projeto tem como objetivo promover o conhecimento aprofundado sobre o Programa de Educa\u00e7\u00e3o Tutorial pelos PETianos e avaliar o n\u00edvel de comprometimento dos membros com a filosofia e responsabilidades propostas pelo programa. Ademais, pretende-se melhorar a forma de recrutar novos membros, tra\u00e7ar estrat\u00e9gias para\u00a0 avali\u00e1-los dentro do processo seletivo do grupo, buscando perfis coerentes com a forma de trabalho e objetivos do grupo, tornando sua recep\u00e7\u00e3o e adapta\u00e7\u00e3o a rotina do grupo mais f\u00e1cil.<\/p>\n\n\n\n<p><\/p>\n\n\n\n<p><\/p>\n\n\n\n<p><\/p>\n\n\n\n<p><\/p>\n\n\n\n<p><\/p>\n\n\n\n<p><\/p>\n\n\n\n<p class=\"has-text-align-center\"> <\/p>\n\n\n\n<p><\/p>\n\n\n\n<p><\/p>\n\n\n\n<p><\/p>\n\n\n\n<p><\/p>\n\n\n\n<p><\/p>\n\n\n\n<p><\/p>\n\n\n\n<p><\/p>\n<div id=\"wp_fb_like_button\" style=\"margin:5px 0;float:none;height:100px;\"><script src=\"http:\/\/connect.facebook.net\/en_US\/all.js#xfbml=1\"><\/script><fb:like href=\"http:\/\/www.nucleoestudo.ufla.br\/petalimentos\/extensao-2018\/\" send=\"false\" layout=\"like\" width=\"450\" show_faces=\"true\" font=\"arial\" action=\"\" colorscheme=\"light\"><\/fb:like><\/div>","protected":false},"excerpt":{"rendered":"<p>PET LANGUAGES Pesquisa e Ensino Projeto que consiste no compartilhamento, entre os petianos, de experi\u00eancias, conhecimentos, tem\u00e1ticas, dicas e curiosidades sobre outras l\u00ednguas, al\u00e9m da nativa, a fim de sanar dificuldades e estimular o aperfei\u00e7oamento no estudo de um novo idioma, j\u00e1 que \u00e9 cada vez mais requerido no \u00e2mbito profissional. O projeto tem como &hellip; <\/p>\n<p class=\"link-more\"><a href=\"http:\/\/www.nucleoestudo.ufla.br\/petalimentos\/extensao-2018\/\" class=\"more-link\">Continue lendo<span class=\"screen-reader-text\"> &#8220;2022&#8221;<\/span><\/a><\/p>\n","protected":false},"author":1,"featured_media":0,"parent":0,"menu_order":0,"comment_status":"closed","ping_status":"closed","template":"","meta":{"footnotes":""},"_links":{"self":[{"href":"http:\/\/www.nucleoestudo.ufla.br\/petalimentos\/wp-json\/wp\/v2\/pages\/1753"}],"collection":[{"href":"http:\/\/www.nucleoestudo.ufla.br\/petalimentos\/wp-json\/wp\/v2\/pages"}],"about":[{"href":"http:\/\/www.nucleoestudo.ufla.br\/petalimentos\/wp-json\/wp\/v2\/types\/page"}],"author":[{"embeddable":true,"href":"http:\/\/www.nucleoestudo.ufla.br\/petalimentos\/wp-json\/wp\/v2\/users\/1"}],"replies":[{"embeddable":true,"href":"http:\/\/www.nucleoestudo.ufla.br\/petalimentos\/wp-json\/wp\/v2\/comments?post=1753"}],"version-history":[{"count":7,"href":"http:\/\/www.nucleoestudo.ufla.br\/petalimentos\/wp-json\/wp\/v2\/pages\/1753\/revisions"}],"predecessor-version":[{"id":2314,"href":"http:\/\/www.nucleoestudo.ufla.br\/petalimentos\/wp-json\/wp\/v2\/pages\/1753\/revisions\/2314"}],"wp:attachment":[{"href":"http:\/\/www.nucleoestudo.ufla.br\/petalimentos\/wp-json\/wp\/v2\/media?parent=1753"}],"curies":[{"name":"wp","href":"https:\/\/api.w.org\/{rel}","templated":true}]}}