{"id":1648,"date":"2018-02-08T21:26:56","date_gmt":"2018-02-09T00:26:56","guid":{"rendered":"http:\/\/www.dca.ufla.br\/petalimentos\/?page_id=1648"},"modified":"2018-05-22T19:03:48","modified_gmt":"2018-05-22T22:03:48","slug":"ps20181","status":"publish","type":"page","link":"http:\/\/www.nucleoestudo.ufla.br\/petalimentos\/ps20181\/","title":{"rendered":"Processo Seletivo 2018\/1"},"content":{"rendered":"<p>O Programa de Educa\u00e7\u00e3o Tutorial do Curso de Engenharia de Alimentos da Universidade Federal de Lavras (PET Engenharia de Alimentos) faz saber que se encontram abertas as inscri\u00e7\u00f5es para sele\u00e7\u00e3o de novos petianos, sendo cinco vagas n\u00e3o remuneradas (volunt\u00e1rias).<\/p>\n<ul>\n<li><a href=\"http:\/\/www.prg.ufla.br\/site\/wp-content\/uploads\/2018\/02\/EDITAL-N%C2%BA-01_2018_PET_PRG_UFLA.pdf\">Edital n\u00ba 01\/2018\/PET\/PRG\/UFLA<\/a><\/li>\n<li><a href=\"http:\/\/www.prg.ufla.br\/site\/wp-content\/uploads\/2018\/02\/Ficha-de-Inscri%C3%A7%C3%A3o.doc\">Ficha de inscri\u00e7\u00e3o<\/a><\/li>\n<li><a href=\"http:\/\/www.prg.ufla.br\/site\/wp-content\/uploads\/2018\/02\/Ficha-de-recurso.docx\">Ficha de recurso<\/a><\/li>\n<li><a href=\"http:\/\/www.prg.ufla.br\/site\/wp-content\/uploads\/2018\/02\/EDITAL-N%C2%BA-09_2018_PET_PRG_UFLA.pdf\">Retifica\u00e7\u00e3o do edital<\/a><\/li>\n<li><a href=\"http:\/\/www.prg.ufla.br\/site\/wp-content\/uploads\/2018\/04\/Resultado-preliminar-do-Processo-Seletivo-PET-Engenharia-de-Alimentos.pdf\">Resultado preliminar<\/a><\/li>\n<li><a href=\"https:\/\/drive.google.com\/open?id=1VnSqHTP5VesAZBykYQNLWLDV__Lw2G_m\">Resultado Final e Primeira Chamada<\/a><\/li>\n<\/ul>\n<p>&nbsp;<\/p>\n<ul>\n<li><strong>AGENDA<\/strong><\/li>\n<\/ul>\n<table width=\"0\">\n<tbody>\n<tr>\n<td width=\"243\"><strong>ATIVIDADE<\/strong><\/td>\n<td width=\"333\"><strong>DATA<\/strong><\/td>\n<\/tr>\n<tr>\n<td width=\"243\">Inscri\u00e7\u00e3o<\/td>\n<td width=\"333\">De 19\/03\/2018 at\u00e9 20\/04\/2018 das 8h \u00e0s 18h na sala do Grupo PET \u2013 Engenharia de Alimentos, no DCA<\/td>\n<\/tr>\n<tr>\n<td width=\"243\">Apresenta\u00e7\u00e3o<\/td>\n<td width=\"333\">23\/04\/2018* na Sala De Reuni\u00f5es do DCA<\/td>\n<\/tr>\n<tr>\n<td width=\"243\">Din\u00e2mica de Grupo<\/td>\n<td width=\"333\">24\/04\/2018* na Sala De Reuni\u00f5es do DCA<\/td>\n<\/tr>\n<tr>\n<td width=\"243\">Carta de Inten\u00e7\u00e3o<\/td>\n<td width=\"333\">Entrega dia 24\/04\/2018* at\u00e9 \u00e0s 18h na Sala do Grupo PET \u2013 Engenharia de Alimentos, no DCA<\/td>\n<\/tr>\n<tr>\n<td width=\"243\">Entrevista<\/td>\n<td width=\"333\">De 25\/04\/2018 a 26\/04\/2018* na Sala de Reuni\u00f5es do DCA<\/td>\n<\/tr>\n<tr>\n<td width=\"243\">Resultado Preliminar<\/td>\n<td width=\"333\">27\/04\/2018 atrav\u00e9s do site da PRG (www.prg.ufla.br) e no mural do PET-Engenharia de Alimentos (Ala 1 &#8211; DCA).<\/td>\n<\/tr>\n<tr>\n<td width=\"243\">Recurso<\/td>\n<td width=\"333\">De 02\/05\/2018 a 18\/05\/2018 das 8h \u00e0s 18h na sala do Grupo PET \u2013 Engenharia de Alimentos, no DCA<\/td>\n<\/tr>\n<tr>\n<td width=\"243\">Resultado Final e Primeira Chamada<\/td>\n<td width=\"333\">22\/05\/2018 atrav\u00e9s do site da PRG (www.prg.ufla.br) e no Facebook do PET-Engenharia de Alimentos (Ala 1 &#8211; DCA).<\/td>\n<\/tr>\n<tr>\n<td width=\"243\">Manifesta\u00e7\u00e3o de Interesse da Primeira Chamada<\/td>\n<td width=\"333\">De 23\/05\/2018 das 8h \u00e0s 12h e das 14h \u00e0s 17h na sala do Grupo PET \u2013 Engenharia de Alimentos, no DCA<\/td>\n<\/tr>\n<tr>\n<td width=\"243\">Segunda Chamada<\/td>\n<td width=\"333\">25\/05\/2018 no site da PRG (www.prg.ufla.br).<\/td>\n<\/tr>\n<tr>\n<td width=\"243\">Manifesta\u00e7\u00e3o de Interesse da Segunda Chamada<\/td>\n<td width=\"333\">28\/05\/2018 das 8h \u00e0s 12h e das 14h \u00e0s 17h na sala do Grupo PET \u2013 Engenharia de Alimentos.<\/td>\n<\/tr>\n<\/tbody>\n<\/table>\n<p>&nbsp;<\/p>\n<p>*Todos os locais e datas est\u00e3o sujeitos \u00e0 altera\u00e7\u00e3o. Em todas as etapas os candidatos receber\u00e3o um e-mail (endere\u00e7o de e-mail institucional) confirmando a data, local e informando o hor\u00e1rio. Essas informa\u00e7\u00f5es tamb\u00e9m estar\u00e3o dispon\u00edveis no site do PET e no mural do PET com, no m\u00ednimo, 24 horas de anteced\u00eancia.<\/p>\n<div id=\"wp_fb_like_button\" style=\"margin:5px 0;float:none;height:100px;\"><script src=\"http:\/\/connect.facebook.net\/en_US\/all.js#xfbml=1\"><\/script><fb:like href=\"http:\/\/www.nucleoestudo.ufla.br\/petalimentos\/ps20181\/\" send=\"false\" layout=\"like\" width=\"450\" show_faces=\"true\" font=\"arial\" action=\"\" colorscheme=\"light\"><\/fb:like><\/div>","protected":false},"excerpt":{"rendered":"<p>O Programa de Educa\u00e7\u00e3o Tutorial do Curso de Engenharia de Alimentos da Universidade Federal de Lavras (PET Engenharia de Alimentos) faz saber que se encontram abertas as inscri\u00e7\u00f5es para sele\u00e7\u00e3o de novos petianos, sendo cinco vagas n\u00e3o remuneradas (volunt\u00e1rias). Edital n\u00ba 01\/2018\/PET\/PRG\/UFLA Ficha de inscri\u00e7\u00e3o Ficha de recurso Retifica\u00e7\u00e3o do edital Resultado preliminar Resultado Final &hellip; <\/p>\n<p class=\"link-more\"><a href=\"http:\/\/www.nucleoestudo.ufla.br\/petalimentos\/ps20181\/\" class=\"more-link\">Continue lendo<span class=\"screen-reader-text\"> &#8220;Processo Seletivo 2018\/1&#8221;<\/span><\/a><\/p>\n","protected":false},"author":1,"featured_media":0,"parent":0,"menu_order":0,"comment_status":"closed","ping_status":"closed","template":"","meta":{"footnotes":""},"_links":{"self":[{"href":"http:\/\/www.nucleoestudo.ufla.br\/petalimentos\/wp-json\/wp\/v2\/pages\/1648"}],"collection":[{"href":"http:\/\/www.nucleoestudo.ufla.br\/petalimentos\/wp-json\/wp\/v2\/pages"}],"about":[{"href":"http:\/\/www.nucleoestudo.ufla.br\/petalimentos\/wp-json\/wp\/v2\/types\/page"}],"author":[{"embeddable":true,"href":"http:\/\/www.nucleoestudo.ufla.br\/petalimentos\/wp-json\/wp\/v2\/users\/1"}],"replies":[{"embeddable":true,"href":"http:\/\/www.nucleoestudo.ufla.br\/petalimentos\/wp-json\/wp\/v2\/comments?post=1648"}],"version-history":[{"count":7,"href":"http:\/\/www.nucleoestudo.ufla.br\/petalimentos\/wp-json\/wp\/v2\/pages\/1648\/revisions"}],"predecessor-version":[{"id":1695,"href":"http:\/\/www.nucleoestudo.ufla.br\/petalimentos\/wp-json\/wp\/v2\/pages\/1648\/revisions\/1695"}],"wp:attachment":[{"href":"http:\/\/www.nucleoestudo.ufla.br\/petalimentos\/wp-json\/wp\/v2\/media?parent=1648"}],"curies":[{"name":"wp","href":"https:\/\/api.w.org\/{rel}","templated":true}]}}