{"id":1595,"date":"2017-09-11T23:31:29","date_gmt":"2017-09-12T02:31:29","guid":{"rendered":"http:\/\/www.dca.ufla.br\/petalimentos\/?page_id=1595"},"modified":"2017-10-24T18:55:22","modified_gmt":"2017-10-24T21:55:22","slug":"ps20172","status":"publish","type":"page","link":"http:\/\/www.nucleoestudo.ufla.br\/petalimentos\/ps20172\/","title":{"rendered":"Processo Seletivo 2017\/2"},"content":{"rendered":"<p>O Programa de Educa\u00e7\u00e3o Tutorial do Curso de Engenharia de Alimentos da Universidade Federal de Lavras (PET Engenharia de Alimentos) faz saber que se encontram abertas as inscri\u00e7\u00f5es para sele\u00e7\u00e3o de novos petianos, sendo quatro vagas n\u00e3o remuneradas (volunt\u00e1rias).<\/p>\n<ul>\n<li><a href=\"http:\/\/www.prg.ufla.br\/site\/wp-content\/uploads\/2017\/09\/Edital-PS-2017-2.pdf\">Edital n\u00ba 12\/2017\/PET\/PRG\/UFLA<\/a><\/li>\n<li><a href=\"http:\/\/www.prg.ufla.br\/site\/wp-content\/uploads\/2017\/09\/Ficha-de-Inscri%C3%A7%C3%A3o-2017-2.doc\">Ficha de Inscri\u00e7\u00e3o<\/a><\/li>\n<li><a href=\"http:\/\/www.prg.ufla.br\/site\/wp-content\/uploads\/2017\/09\/Ficha-de-recurso-2017-2.docx\">Ficha de recurso<\/a><\/li>\n<li><a href=\"http:\/\/www.prg.ufla.br\/site\/wp-content\/uploads\/2017\/09\/RESULTADO-preliminar.pdf\">Resultado preliminar<\/a><\/li>\n<\/ul>\n<p>&nbsp;<\/p>\n<p>AGENDA:<\/p>\n<p>&nbsp;<\/p>\n<table width=\"576\">\n<tbody>\n<tr>\n<td width=\"243\"><strong>ATIVIDADE<\/strong><\/td>\n<td width=\"333\"><strong>DATA<\/strong><\/td>\n<\/tr>\n<tr>\n<td width=\"243\">Inscri\u00e7\u00e3o<\/td>\n<td width=\"333\">De 18\/09\/2017 at\u00e9 06\/10\/2017 das 8h \u00e0s 18h na sala do Grupo PET \u2013 Engenharia de Alimentos, no DCA<\/td>\n<\/tr>\n<tr>\n<td width=\"243\">Apresenta\u00e7\u00e3o<\/td>\n<td width=\"333\">16\/10\/2017* na Sala De Reuni\u00f5es do DCA<\/td>\n<\/tr>\n<tr>\n<td width=\"243\">Din\u00e2mica de Grupo<\/td>\n<td width=\"333\">17\/10\/2017* na Sala De Reuni\u00f5es do DCA<\/td>\n<\/tr>\n<tr>\n<td width=\"243\">Carta de Inten\u00e7\u00e3o<\/td>\n<td width=\"333\">Entrega dia 17\/10\/2017* na Sala De Reuni\u00f5es do DCA<\/td>\n<\/tr>\n<tr>\n<td width=\"243\">Entrevista<\/td>\n<td width=\"333\">De 18\/10\/2017 at\u00e9 20\/10\/2017* na Sala de Reuni\u00f5es do DCA<\/td>\n<\/tr>\n<tr>\n<td width=\"243\">Resultado Preliminar<\/td>\n<td width=\"333\">24\/10\/2017 atrav\u00e9s do site da PRG (www.prg.ufla.br) e no mural do PET-Engenharia de Alimentos (Ala 1 \u2013 DCA).<\/td>\n<\/tr>\n<tr>\n<td width=\"243\">Recurso<\/td>\n<td width=\"333\">De 24\/10\/2017 a 10\/11\/2017 das 8h \u00e0s 18h na sala do Grupo PET \u2013 Engenharia de Alimentos, no DCA<\/td>\n<\/tr>\n<tr>\n<td width=\"243\">Resultado Final e Primeira Chamada<\/td>\n<td width=\"333\">14\/11\/2017 atrav\u00e9s do site da PRG (www.prg.ufla.br) e no mural do PET-Engenharia de Alimentos (Ala 1 \u2013 DCA).<\/td>\n<\/tr>\n<tr>\n<td width=\"243\">Manifesta\u00e7\u00e3o de Interesse da Primeira Chamada<\/td>\n<td width=\"333\">De 15\/11\/2017 das 8h \u00e0s 12h e das 14h \u00e0s 17h na sala do Grupo PET \u2013 Engenharia de Alimentos, no DCA<\/td>\n<\/tr>\n<tr>\n<td width=\"243\">Segunda Chamada<\/td>\n<td width=\"333\">21\/11\/2017 no site da PRG (www.prg.ufla.br).<\/td>\n<\/tr>\n<tr>\n<td width=\"243\">Manifesta\u00e7\u00e3o de Interesse da Segunda Chamada<\/td>\n<td width=\"333\">De 24\/11\/2017 a 25\/11\/2017 das 8h \u00e0s 12h e das 14h \u00e0s 17h na sala do Grupo PET \u2013 Engenharia de Alimentos.<\/td>\n<\/tr>\n<\/tbody>\n<\/table>\n<p>&nbsp;<\/p>\n<p>*Todos os locais e datas est\u00e3o sujeitos \u00e0 altera\u00e7\u00e3o. Em todas as etapas os candidatos receber\u00e3o um e-mail (endere\u00e7o de e-mail institucional) confirmando a data, local e informando o hor\u00e1rio. Essas informa\u00e7\u00f5es tamb\u00e9m estar\u00e3o dispon\u00edveis no site do PET e no mural do PET com, no m\u00ednimo, 24 horas de anteced\u00eancia.<\/p>\n<div id=\"wp_fb_like_button\" style=\"margin:5px 0;float:none;height:100px;\"><script src=\"http:\/\/connect.facebook.net\/en_US\/all.js#xfbml=1\"><\/script><fb:like href=\"http:\/\/www.nucleoestudo.ufla.br\/petalimentos\/ps20172\/\" send=\"false\" layout=\"like\" width=\"450\" show_faces=\"true\" font=\"arial\" action=\"\" colorscheme=\"light\"><\/fb:like><\/div>","protected":false},"excerpt":{"rendered":"<p>O Programa de Educa\u00e7\u00e3o Tutorial do Curso de Engenharia de Alimentos da Universidade Federal de Lavras (PET Engenharia de Alimentos) faz saber que se encontram abertas as inscri\u00e7\u00f5es para sele\u00e7\u00e3o de novos petianos, sendo quatro vagas n\u00e3o remuneradas (volunt\u00e1rias). Edital n\u00ba 12\/2017\/PET\/PRG\/UFLA Ficha de Inscri\u00e7\u00e3o Ficha de recurso Resultado preliminar &nbsp; AGENDA: &nbsp; ATIVIDADE DATA &hellip; <\/p>\n<p class=\"link-more\"><a href=\"http:\/\/www.nucleoestudo.ufla.br\/petalimentos\/ps20172\/\" class=\"more-link\">Continue lendo<span class=\"screen-reader-text\"> &#8220;Processo Seletivo 2017\/2&#8221;<\/span><\/a><\/p>\n","protected":false},"author":1,"featured_media":0,"parent":0,"menu_order":0,"comment_status":"closed","ping_status":"closed","template":"","meta":{"footnotes":""},"_links":{"self":[{"href":"http:\/\/www.nucleoestudo.ufla.br\/petalimentos\/wp-json\/wp\/v2\/pages\/1595"}],"collection":[{"href":"http:\/\/www.nucleoestudo.ufla.br\/petalimentos\/wp-json\/wp\/v2\/pages"}],"about":[{"href":"http:\/\/www.nucleoestudo.ufla.br\/petalimentos\/wp-json\/wp\/v2\/types\/page"}],"author":[{"embeddable":true,"href":"http:\/\/www.nucleoestudo.ufla.br\/petalimentos\/wp-json\/wp\/v2\/users\/1"}],"replies":[{"embeddable":true,"href":"http:\/\/www.nucleoestudo.ufla.br\/petalimentos\/wp-json\/wp\/v2\/comments?post=1595"}],"version-history":[{"count":3,"href":"http:\/\/www.nucleoestudo.ufla.br\/petalimentos\/wp-json\/wp\/v2\/pages\/1595\/revisions"}],"predecessor-version":[{"id":1666,"href":"http:\/\/www.nucleoestudo.ufla.br\/petalimentos\/wp-json\/wp\/v2\/pages\/1595\/revisions\/1666"}],"wp:attachment":[{"href":"http:\/\/www.nucleoestudo.ufla.br\/petalimentos\/wp-json\/wp\/v2\/media?parent=1595"}],"curies":[{"name":"wp","href":"https:\/\/api.w.org\/{rel}","templated":true}]}}