{"id":1489,"date":"2017-04-18T15:12:45","date_gmt":"2017-04-18T18:12:45","guid":{"rendered":"http:\/\/www.dca.ufla.br\/petalimentos\/?page_id=1489"},"modified":"2019-03-21T15:46:40","modified_gmt":"2019-03-21T18:46:40","slug":"maratona","status":"publish","type":"page","link":"http:\/\/www.nucleoestudo.ufla.br\/petalimentos\/maratona\/","title":{"rendered":"Maratonas da Engenharia de Alimentos"},"content":{"rendered":"<p>Nesta se\u00e7\u00e3o, voc\u00ea encontra editais e outras informa\u00e7\u00f5es relacionadas \u00e0s Maratonas da Engenharia de Alimentos, evento anual realizado em parceria ao Centro Acad\u00eamico da Engenharia de alimentos, UFLA! Use as abas no menu ou os links abaixo para acessar a\u00a0edi\u00e7\u00e3o de interesse:<\/p>\n<ul>\n<li><a href=\"http:\/\/www.dca.ufla.br\/petalimentos\/maratona2019\/\" rel=\"noopener\">V Maratona Engenharia de Alimentos<\/a><\/li>\n<li><a href=\"http:\/\/www.dca.ufla.br\/petalimentos\/maratona2018\/\">IV Maratona da Engenharia de Alimentos;<\/a><\/li>\n<li><a href=\"http:\/\/www.dca.ufla.br\/petalimentos\/maratona2017\">III Maratona da Engenharia de Alimentos<\/a>;<\/li>\n<li><a href=\"http:\/\/www.dca.ufla.br\/petalimentos\/maratona2016\">II Maratona da Engenharia de Alimentos<\/a>;<\/li>\n<li><a href=\"http:\/\/www.dca.ufla.br\/petalimentos\/maratona2015\">I Maratona da Engenharia de Alimentos.<\/a><\/li>\n<\/ul>\n<p>&nbsp;<\/p>\n<p><strong>Saiba mais:<\/strong> <a href=\"http:\/\/www.dca.ufla.br\/petalimentos\/saiba-mais-maratona\">O que \u00e9 a Maratona da Engenharia de Alimentos<\/a>?<\/p>\n<div id=\"wp_fb_like_button\" style=\"margin:5px 0;float:none;height:100px;\"><script src=\"http:\/\/connect.facebook.net\/en_US\/all.js#xfbml=1\"><\/script><fb:like href=\"http:\/\/www.nucleoestudo.ufla.br\/petalimentos\/maratona\/\" send=\"false\" layout=\"like\" width=\"450\" show_faces=\"true\" font=\"arial\" action=\"\" colorscheme=\"light\"><\/fb:like><\/div>","protected":false},"excerpt":{"rendered":"<p>Nesta se\u00e7\u00e3o, voc\u00ea encontra editais e outras informa\u00e7\u00f5es relacionadas \u00e0s Maratonas da Engenharia de Alimentos, evento anual realizado em parceria ao Centro Acad\u00eamico da Engenharia de alimentos, UFLA! Use as abas no menu ou os links abaixo para acessar a\u00a0edi\u00e7\u00e3o de interesse: V Maratona Engenharia de Alimentos IV Maratona da Engenharia de Alimentos; III Maratona &hellip; <\/p>\n<p class=\"link-more\"><a href=\"http:\/\/www.nucleoestudo.ufla.br\/petalimentos\/maratona\/\" class=\"more-link\">Continue lendo<span class=\"screen-reader-text\"> &#8220;Maratonas da Engenharia de Alimentos&#8221;<\/span><\/a><\/p>\n","protected":false},"author":1,"featured_media":0,"parent":0,"menu_order":0,"comment_status":"closed","ping_status":"closed","template":"","meta":{"footnotes":""},"_links":{"self":[{"href":"http:\/\/www.nucleoestudo.ufla.br\/petalimentos\/wp-json\/wp\/v2\/pages\/1489"}],"collection":[{"href":"http:\/\/www.nucleoestudo.ufla.br\/petalimentos\/wp-json\/wp\/v2\/pages"}],"about":[{"href":"http:\/\/www.nucleoestudo.ufla.br\/petalimentos\/wp-json\/wp\/v2\/types\/page"}],"author":[{"embeddable":true,"href":"http:\/\/www.nucleoestudo.ufla.br\/petalimentos\/wp-json\/wp\/v2\/users\/1"}],"replies":[{"embeddable":true,"href":"http:\/\/www.nucleoestudo.ufla.br\/petalimentos\/wp-json\/wp\/v2\/comments?post=1489"}],"version-history":[{"count":9,"href":"http:\/\/www.nucleoestudo.ufla.br\/petalimentos\/wp-json\/wp\/v2\/pages\/1489\/revisions"}],"predecessor-version":[{"id":2282,"href":"http:\/\/www.nucleoestudo.ufla.br\/petalimentos\/wp-json\/wp\/v2\/pages\/1489\/revisions\/2282"}],"wp:attachment":[{"href":"http:\/\/www.nucleoestudo.ufla.br\/petalimentos\/wp-json\/wp\/v2\/media?parent=1489"}],"curies":[{"name":"wp","href":"https:\/\/api.w.org\/{rel}","templated":true}]}}