{"id":1453,"date":"2017-04-10T21:12:32","date_gmt":"2017-04-11T00:12:32","guid":{"rendered":"http:\/\/www.dca.ufla.br\/petalimentos\/?page_id=1453"},"modified":"2017-04-10T21:25:03","modified_gmt":"2017-04-11T00:25:03","slug":"ps2016","status":"publish","type":"page","link":"http:\/\/www.nucleoestudo.ufla.br\/petalimentos\/ps2016\/","title":{"rendered":"Processo Seletivo 2016\/2"},"content":{"rendered":"<p>Processo Seletivo Finalizado.<\/p>\n<p>Confira os detalhes do Processo Seletivo 2016\/2 nos links abaixo:<\/p>\n<ul>\n<li><a href=\"http:\/\/www.prg.ufla.br\/site\/wp-content\/uploads\/2016\/08\/EDITAL_N_11_2016_PET_PRG_UFLA.pdf\">Edital<\/a>;<\/li>\n<li><a href=\"http:\/\/www.prg.ufla.br\/site\/wp-content\/uploads\/2016\/08\/Formulario_Inscricao_EDITAL_N_11_PET_PRG_UFLA.docx\">Formul\u00e1rio de Inscri\u00e7\u00e3o<\/a>;<\/li>\n<li><a href=\"http:\/\/www.prg.ufla.br\/site\/wp-content\/uploads\/2016\/08\/Formulario_Recurso_EDITAL_N_11_PET_PRG_UFLA.docx\">Formul\u00e1rio de Recurso<\/a>;<\/li>\n<li><a href=\"http:\/\/www.prg.ufla.br\/site\/wp-content\/uploads\/2016\/08\/RESULTADO-PS-PET-ALIMENTOS-2016.pdf\">Resultado Final<\/a>;<\/li>\n<\/ul>\n<p>&nbsp;<\/p>\n<div id=\"wp_fb_like_button\" style=\"margin:5px 0;float:none;height:100px;\"><script src=\"http:\/\/connect.facebook.net\/en_US\/all.js#xfbml=1\"><\/script><fb:like href=\"http:\/\/www.nucleoestudo.ufla.br\/petalimentos\/ps2016\/\" send=\"false\" layout=\"like\" width=\"450\" show_faces=\"true\" font=\"arial\" action=\"\" colorscheme=\"light\"><\/fb:like><\/div>","protected":false},"excerpt":{"rendered":"<p>Processo Seletivo Finalizado. Confira os detalhes do Processo Seletivo 2016\/2 nos links abaixo: Edital; Formul\u00e1rio de Inscri\u00e7\u00e3o; Formul\u00e1rio de Recurso; Resultado Final; &nbsp;<\/p>\n","protected":false},"author":1,"featured_media":0,"parent":0,"menu_order":0,"comment_status":"closed","ping_status":"closed","template":"","meta":{"footnotes":""},"_links":{"self":[{"href":"http:\/\/www.nucleoestudo.ufla.br\/petalimentos\/wp-json\/wp\/v2\/pages\/1453"}],"collection":[{"href":"http:\/\/www.nucleoestudo.ufla.br\/petalimentos\/wp-json\/wp\/v2\/pages"}],"about":[{"href":"http:\/\/www.nucleoestudo.ufla.br\/petalimentos\/wp-json\/wp\/v2\/types\/page"}],"author":[{"embeddable":true,"href":"http:\/\/www.nucleoestudo.ufla.br\/petalimentos\/wp-json\/wp\/v2\/users\/1"}],"replies":[{"embeddable":true,"href":"http:\/\/www.nucleoestudo.ufla.br\/petalimentos\/wp-json\/wp\/v2\/comments?post=1453"}],"version-history":[{"count":2,"href":"http:\/\/www.nucleoestudo.ufla.br\/petalimentos\/wp-json\/wp\/v2\/pages\/1453\/revisions"}],"predecessor-version":[{"id":1461,"href":"http:\/\/www.nucleoestudo.ufla.br\/petalimentos\/wp-json\/wp\/v2\/pages\/1453\/revisions\/1461"}],"wp:attachment":[{"href":"http:\/\/www.nucleoestudo.ufla.br\/petalimentos\/wp-json\/wp\/v2\/media?parent=1453"}],"curies":[{"name":"wp","href":"https:\/\/api.w.org\/{rel}","templated":true}]}}