{"id":1421,"date":"2017-04-06T20:11:01","date_gmt":"2017-04-06T23:11:01","guid":{"rendered":"http:\/\/www.dca.ufla.br\/petalimentos\/?page_id=1421"},"modified":"2022-03-22T12:31:43","modified_gmt":"2022-03-22T15:31:43","slug":"jornal-pet","status":"publish","type":"page","link":"http:\/\/www.nucleoestudo.ufla.br\/petalimentos\/jornal-pet\/","title":{"rendered":"Jornal PET"},"content":{"rendered":"<p>Fique por dentro das not\u00edcias do PET, N\u00facleos de estudos e do Departamento de Ci\u00eancia dos Alimentos (DCA) da UFLA, atrav\u00e9s das edi\u00e7\u00f5es do Jornal PET.<\/p>\n<p><a href=\"http:\/\/online.fliphtml5.com\/ndar\/hxhs\/\">7\u00aa Edi\u00e7\u00e3o<\/a><\/p>\n<p><iframe loading=\"lazy\" title=\"VI Edi\u00e7\u00e3o Online\" src=\"http:\/\/online.fliphtml5.com\/ndar\/hxhs\/\" width=\"240\" height=\"210\" frameborder=\"0\" marginwidth=\"0\" marginheight=\"0\" scrolling=\"no\" allowfullscreen=\"allowfullscreen\"><\/iframe><\/p>\n<p><a href=\"http:\/\/online.fliphtml5.com\/ndar\/iicl\/\">6\u00aa Edi\u00e7\u00e3o<\/a><\/p>\n<p><iframe style=\"width: 700px; height: 400px;\" src=\"http:\/\/online.fliphtml5.com\/ndar\/iicl\/\" frameborder=\"0\" scrolling=\"no\" seamless=\"seamless\" allowfullscreen=\"allowfullscreen\"><\/iframe><\/p>\n<p>\u00a0<\/p>\n<p><a href=\"http:\/\/online.fliphtml5.com\/ndar\/lpdk\/\">5\u00aa Edi\u00e7\u00e3o<\/a><\/p>\n<p><iframe loading=\"lazy\" title=\"V Edi\u00e7\u00e3o Jornal PET\" src=\"http:\/\/online.fliphtml5.com\/ndar\/vqex\/\" width=\"240\" height=\"210\" frameborder=\"0\" marginwidth=\"0\" marginheight=\"0\" scrolling=\"no\" allowfullscreen=\"allowfullscreen\"><\/iframe><\/p>\n<p>\u00a0<\/p>\n<p>\u00a0<\/p>\n<p><a href=\"http:\/\/online.fliphtml5.com\/ndar\/kwui\/\">4\u00aa Edi\u00e7\u00e3o<\/a><\/p>\n<p><iframe loading=\"lazy\" title=\"JORNAL PET QUARTA EDI\u00c7\u00c3O\" src=\"http:\/\/online.fliphtml5.com\/ndar\/kwui\/\" width=\"240\" height=\"210\" frameborder=\"0\" marginwidth=\"0\" marginheight=\"0\" scrolling=\"no\" allowfullscreen=\"allowfullscreen\"><\/iframe><\/p>\n<p>\u00a0<\/p>\n<p>\u00a0<\/p>\n<p><a href=\"https:\/\/issuu.com\/petalimentosufla\/docs\/3___edi____o_jornalpet_-_engenharia\">3\u00aa Edi\u00e7\u00e3o<\/a><\/p>\n<p><div data-url=\"https:\/\/issuu.com\/petalimentosufla\/docs\/3___edi____o_jornalpet_-_engenharia\" style=\"width: 525px; height: 371px;\" class=\"issuuembed\"><\/div><script type=\"text\/javascript\" src=\"\/\/e.issuu.com\/embed.js\" async=\"true\"><\/script><\/p>\n<p>2\u00aa Edi\u00e7\u00e3o<\/p>\n<p><div data-url=\"https:\/\/issuu.com\/petalimentosufla\/docs\/2___edi____o_jornalpet-_engenharia_\" style=\"width: 525px; height: 371px;\" class=\"issuuembed\"><\/div><script type=\"text\/javascript\" src=\"\/\/e.issuu.com\/embed.js\" async=\"true\"><\/script><\/p>\n<p>1\u00aa Edi\u00e7\u00e3o<\/p>\n<p><div data-url=\"https:\/\/issuu.com\/petalimentosufla\/docs\/1___edi____o_jornal_pet_engenharia_\" style=\"width: 525px; height: 371px;\" class=\"issuuembed\"><\/div><script type=\"text\/javascript\" src=\"\/\/e.issuu.com\/embed.js\" async=\"true\"><\/script><\/p>\n\n\n<p><\/p>\n<div id=\"wp_fb_like_button\" style=\"margin:5px 0;float:none;height:100px;\"><script src=\"http:\/\/connect.facebook.net\/en_US\/all.js#xfbml=1\"><\/script><fb:like href=\"http:\/\/www.nucleoestudo.ufla.br\/petalimentos\/jornal-pet\/\" send=\"false\" layout=\"like\" width=\"450\" show_faces=\"true\" font=\"arial\" action=\"\" colorscheme=\"light\"><\/fb:like><\/div>","protected":false},"excerpt":{"rendered":"<p>Fique por dentro das not\u00edcias do PET, N\u00facleos de estudos e do Departamento de Ci\u00eancia dos Alimentos (DCA) da UFLA, atrav\u00e9s das edi\u00e7\u00f5es do Jornal PET. 7\u00aa Edi\u00e7\u00e3o 6\u00aa Edi\u00e7\u00e3o \u00a0 5\u00aa Edi\u00e7\u00e3o \u00a0 \u00a0 4\u00aa Edi\u00e7\u00e3o \u00a0 \u00a0 3\u00aa Edi\u00e7\u00e3o 2\u00aa Edi\u00e7\u00e3o 1\u00aa Edi\u00e7\u00e3o<\/p>\n","protected":false},"author":1,"featured_media":0,"parent":0,"menu_order":0,"comment_status":"closed","ping_status":"closed","template":"","meta":{"footnotes":""},"_links":{"self":[{"href":"http:\/\/www.nucleoestudo.ufla.br\/petalimentos\/wp-json\/wp\/v2\/pages\/1421"}],"collection":[{"href":"http:\/\/www.nucleoestudo.ufla.br\/petalimentos\/wp-json\/wp\/v2\/pages"}],"about":[{"href":"http:\/\/www.nucleoestudo.ufla.br\/petalimentos\/wp-json\/wp\/v2\/types\/page"}],"author":[{"embeddable":true,"href":"http:\/\/www.nucleoestudo.ufla.br\/petalimentos\/wp-json\/wp\/v2\/users\/1"}],"replies":[{"embeddable":true,"href":"http:\/\/www.nucleoestudo.ufla.br\/petalimentos\/wp-json\/wp\/v2\/comments?post=1421"}],"version-history":[{"count":25,"href":"http:\/\/www.nucleoestudo.ufla.br\/petalimentos\/wp-json\/wp\/v2\/pages\/1421\/revisions"}],"predecessor-version":[{"id":2220,"href":"http:\/\/www.nucleoestudo.ufla.br\/petalimentos\/wp-json\/wp\/v2\/pages\/1421\/revisions\/2220"}],"wp:attachment":[{"href":"http:\/\/www.nucleoestudo.ufla.br\/petalimentos\/wp-json\/wp\/v2\/media?parent=1421"}],"curies":[{"name":"wp","href":"https:\/\/api.w.org\/{rel}","templated":true}]}}