{"id":1390,"date":"2017-04-05T10:32:58","date_gmt":"2017-04-05T13:32:58","guid":{"rendered":"http:\/\/www.dca.ufla.br\/petalimentos\/?page_id=1390"},"modified":"2022-07-25T13:25:07","modified_gmt":"2022-07-25T16:25:07","slug":"ps","status":"publish","type":"page","link":"http:\/\/www.nucleoestudo.ufla.br\/petalimentos\/ps\/","title":{"rendered":"Processos Seletivos"},"content":{"rendered":"<p>Nesta se\u00e7\u00e3o, voc\u00ea encontra editais e outras informa\u00e7\u00f5es relacionadas aos processos seletivos realizados pelo PET Engenharia de alimentos &#8211; UFLA! Use as abas no menu ou os links abaixo para acessar o PS de interesse:<\/p>\n<ul>\n<li><a href=\"https:\/\/forms.gle\/4KfZGVs7bTQEdH5S8\">Processo Seletivo 2022\/1;<\/a><\/li>\n<li><a href=\"http:\/\/www.dca.ufla.br\/petalimentos\/processo-seletivo-2020-2\/\">Processo Seletivo 2020\/2;<\/a><\/li>\n<li><a href=\"http:\/\/www.dca.ufla.br\/petalimentos\/processo-seletivo-2020-1\/\">Processo Seletivo 2020\/1;<\/a><\/li>\n<li><a href=\"http:\/\/www.dca.ufla.br\/petalimentos\/ps20192\/\">Processo Seletivo 2019\/2;<\/a><\/li>\n<li><a href=\"http:\/\/www.dca.ufla.br\/petalimentos\/ps20191\/\">Processo Seletivo 2019\/1<\/a>;<\/li>\n<li><a href=\"http:\/\/www.dca.ufla.br\/petalimentos\/ps20182\/\">Processo Seletivo 2018\/2;<\/a><\/li>\n<li><a href=\"http:\/\/www.dca.ufla.br\/petalimentos\/ps20181\/\">Processo Seletivo 2018\/1;<\/a><\/li>\n<li><a href=\"http:\/\/www.dca.ufla.br\/petalimentos\/PS20172\">Processo Seletivo 2017\/2<\/a>;<\/li>\n<li><a href=\"http:\/\/www.dca.ufla.br\/petalimentos\/PS2017\/\">Processo Seletivo 2017\/1<\/a>;<\/li>\n<li><a href=\"http:\/\/www.dca.ufla.br\/petalimentos\/PS2015\">Processo Seletivo 2015\/2<\/a>;<\/li>\n<li><a href=\"http:\/\/www.dca.ufla.br\/petalimentos\/PS2016\/\">Processo Seletivo 2016\/2<\/a>;<\/li>\n<li><a href=\"http:\/\/www.dca.ufla.br\/petalimentos\/PS2014\/\">Processo Seletivo 2014\/2<\/a>;<\/li>\n<li><a href=\"http:\/\/www.dca.ufla.br\/petalimentos\/PS20132\/\">Processo Seletivo 2013\/2;<\/a><\/li>\n<li><a href=\"http:\/\/www.dca.ufla.br\/petalimentos\/PS2013\">Processo Seletivo 2013\/1<\/a>.<\/li>\n<\/ul>\n<div id=\"wp_fb_like_button\" style=\"margin:5px 0;float:none;height:100px;\"><script src=\"http:\/\/connect.facebook.net\/en_US\/all.js#xfbml=1\"><\/script><fb:like href=\"http:\/\/www.nucleoestudo.ufla.br\/petalimentos\/ps\/\" send=\"false\" layout=\"like\" width=\"450\" show_faces=\"true\" font=\"arial\" action=\"\" colorscheme=\"light\"><\/fb:like><\/div>","protected":false},"excerpt":{"rendered":"<p>Nesta se\u00e7\u00e3o, voc\u00ea encontra editais e outras informa\u00e7\u00f5es relacionadas aos processos seletivos realizados pelo PET Engenharia de alimentos &#8211; UFLA! Use as abas no menu ou os links abaixo para acessar o PS de interesse: Processo Seletivo 2022\/1; Processo Seletivo 2020\/2; Processo Seletivo 2020\/1; Processo Seletivo 2019\/2; Processo Seletivo 2019\/1; Processo Seletivo 2018\/2; Processo Seletivo &hellip; <\/p>\n<p class=\"link-more\"><a href=\"http:\/\/www.nucleoestudo.ufla.br\/petalimentos\/ps\/\" class=\"more-link\">Continue lendo<span class=\"screen-reader-text\"> &#8220;Processos Seletivos&#8221;<\/span><\/a><\/p>\n","protected":false},"author":1,"featured_media":0,"parent":0,"menu_order":0,"comment_status":"closed","ping_status":"closed","template":"","meta":{"footnotes":""},"_links":{"self":[{"href":"http:\/\/www.nucleoestudo.ufla.br\/petalimentos\/wp-json\/wp\/v2\/pages\/1390"}],"collection":[{"href":"http:\/\/www.nucleoestudo.ufla.br\/petalimentos\/wp-json\/wp\/v2\/pages"}],"about":[{"href":"http:\/\/www.nucleoestudo.ufla.br\/petalimentos\/wp-json\/wp\/v2\/types\/page"}],"author":[{"embeddable":true,"href":"http:\/\/www.nucleoestudo.ufla.br\/petalimentos\/wp-json\/wp\/v2\/users\/1"}],"replies":[{"embeddable":true,"href":"http:\/\/www.nucleoestudo.ufla.br\/petalimentos\/wp-json\/wp\/v2\/comments?post=1390"}],"version-history":[{"count":28,"href":"http:\/\/www.nucleoestudo.ufla.br\/petalimentos\/wp-json\/wp\/v2\/pages\/1390\/revisions"}],"predecessor-version":[{"id":2374,"href":"http:\/\/www.nucleoestudo.ufla.br\/petalimentos\/wp-json\/wp\/v2\/pages\/1390\/revisions\/2374"}],"wp:attachment":[{"href":"http:\/\/www.nucleoestudo.ufla.br\/petalimentos\/wp-json\/wp\/v2\/media?parent=1390"}],"curies":[{"name":"wp","href":"https:\/\/api.w.org\/{rel}","templated":true}]}}