{"id":1389,"date":"2017-04-05T10:32:58","date_gmt":"2017-04-05T13:32:58","guid":{"rendered":"http:\/\/www.dca.ufla.br\/petalimentos\/?page_id=1389"},"modified":"2022-05-25T12:45:26","modified_gmt":"2022-05-25T15:45:26","slug":"maratona2017","status":"publish","type":"page","link":"http:\/\/www.nucleoestudo.ufla.br\/petalimentos\/maratona2017\/","title":{"rendered":"III Maratona da Engenharia de Alimentos"},"content":{"rendered":"\n<p>O Programa de Educa\u00e7\u00e3o Tutorial e o Centro Acad\u00eamico do Curso de Engenharia de Alimentos da Universidade Federal de Lavras fazem saber os crit\u00e9rios&nbsp;para inscri\u00e7\u00e3o e participa\u00e7\u00e3o na III Maratona da Engenharia de Alimentos.<\/p>\n\n\n\n<p class=\"has-text-align-center\"><b>CRONOGRAMA<\/b><\/p>\n\n\n\n<figure class=\"wp-block-table\"><table><tbody><tr><td><b>ATIVIDADE<\/b><\/td><td>\n<p style=\"text-align: center;\"><b>DATA<\/b><\/p>\n<\/td><\/tr><tr><td><span style=\"font-weight: 400;\">Per\u00edodo de inscri\u00e7\u00f5es para a Competi\u00e7\u00e3o Esportiva<\/span><\/td><td><span style=\"font-weight: 400;\">De 05\/05\/2017 at\u00e9 19\/05\/2017, na sala do Centro Acad\u00eamico de Engenharia de Alimentos<\/span><\/td><\/tr><tr><td><span style=\"font-weight: 400;\">Per\u00edodo de inscri\u00e7\u00f5es para a Competi\u00e7\u00e3o Acad\u00eamica e submiss\u00e3o dos projetos<\/span><\/td><td><span style=\"font-weight: 400;\">De 05\/05\/2017 at\u00e9 19\/05\/2017, na Sala do PET Engenharia de Alimentos<\/span><\/td><\/tr><tr><td><span style=\"font-weight: 400;\">Per\u00edodo de Avalia\u00e7\u00e3o dos Projetos<\/span><\/td><td><span style=\"font-weight: 400;\">19\/05\/2017at\u00e9 03\/06\/2017<\/span><\/td><\/tr><tr><td><span style=\"font-weight: 400;\">Competi\u00e7\u00e3o Esportiva<\/span><\/td><td><span style=\"font-weight: 400;\">04\/06\/2017<\/span><\/td><\/tr><tr><td><span style=\"font-weight: 400;\">Competi\u00e7\u00e3o Acad\u00eamica<\/span><\/td><td><span style=\"font-weight: 400;\">08\/06\/2017<\/span><\/td><\/tr><tr><td><span style=\"font-weight: 400;\">Divulga\u00e7\u00e3o do Resultado Final<\/span><\/td><td><span style=\"font-weight: 400;\">08\/06\/2017, \u00e0s14:30hrs.<\/span><\/td><\/tr><\/tbody><\/table><\/figure>\n\n\n\n<ul><li><span style=\"font-weight: 400;\"><a href=\"https:\/\/drive.google.com\/open?id=0B_eKPzQLUY4RUkdPbHJDZU9VY2tQbGlIMUgwend3aHUtRk5B\">Edital<\/a>;<\/span><\/li><li><span style=\"font-weight: 400;\"><a href=\"https:\/\/drive.google.com\/file\/d\/0B_eKPzQLUY4RLXZtMTFEdjZOblBUQTFpc2I1TUdyNi13N1Nn\/view?usp=sharing\">Modelo Projeto Escrito<\/a>;<\/span><\/li><li><span style=\"font-weight: 400;\"><a href=\"https:\/\/drive.google.com\/open?id=0B_eKPzQLUY4RX0ZncnJ0bFM2UTFnNWhaZzlxeHhYYml6LXNB\">Modelo Banner<\/a>;<\/span><\/li><li><span style=\"font-weight: 400;\"><a href=\"https:\/\/drive.google.com\/open?id=0B_eKPzQLUY4RMlM4ZnpzdHoxNmcxREVCdVpvODEtWmlWQy1F\">Ficha de Inscri\u00e7\u00e3o \u2013 Competi\u00e7\u00e3o Acad\u00eamica<\/a>;<\/span><\/li><li><span style=\"font-weight: 400;\"><a href=\"https:\/\/drive.google.com\/open?id=0B_eKPzQLUY4RMVBLZi04ZlpBZi1yQlc1R2tYVVFINHlNR0xV\">Ficha de Inscri\u00e7\u00e3o \u2013 Competi\u00e7\u00e3o Esportiva<\/a>;<\/span><\/li><\/ul>\n<div id=\"wp_fb_like_button\" style=\"margin:5px 0;float:none;height:100px;\"><script src=\"http:\/\/connect.facebook.net\/en_US\/all.js#xfbml=1\"><\/script><fb:like href=\"http:\/\/www.nucleoestudo.ufla.br\/petalimentos\/maratona2017\/\" send=\"false\" layout=\"like\" width=\"450\" show_faces=\"true\" font=\"arial\" action=\"\" colorscheme=\"light\"><\/fb:like><\/div>","protected":false},"excerpt":{"rendered":"<p>O Programa de Educa\u00e7\u00e3o Tutorial e o Centro Acad\u00eamico do Curso de Engenharia de Alimentos da Universidade Federal de Lavras fazem saber os crit\u00e9rios&nbsp;para inscri\u00e7\u00e3o e participa\u00e7\u00e3o na III Maratona da Engenharia de Alimentos. CRONOGRAMA ATIVIDADE DATA Per\u00edodo de inscri\u00e7\u00f5es para a Competi\u00e7\u00e3o Esportiva De 05\/05\/2017 at\u00e9 19\/05\/2017, na sala do Centro Acad\u00eamico de Engenharia &hellip; <\/p>\n<p class=\"link-more\"><a href=\"http:\/\/www.nucleoestudo.ufla.br\/petalimentos\/maratona2017\/\" class=\"more-link\">Continue lendo<span class=\"screen-reader-text\"> &#8220;III Maratona da Engenharia de Alimentos&#8221;<\/span><\/a><\/p>\n","protected":false},"author":1,"featured_media":0,"parent":0,"menu_order":0,"comment_status":"closed","ping_status":"closed","template":"","meta":{"footnotes":""},"_links":{"self":[{"href":"http:\/\/www.nucleoestudo.ufla.br\/petalimentos\/wp-json\/wp\/v2\/pages\/1389"}],"collection":[{"href":"http:\/\/www.nucleoestudo.ufla.br\/petalimentos\/wp-json\/wp\/v2\/pages"}],"about":[{"href":"http:\/\/www.nucleoestudo.ufla.br\/petalimentos\/wp-json\/wp\/v2\/types\/page"}],"author":[{"embeddable":true,"href":"http:\/\/www.nucleoestudo.ufla.br\/petalimentos\/wp-json\/wp\/v2\/users\/1"}],"replies":[{"embeddable":true,"href":"http:\/\/www.nucleoestudo.ufla.br\/petalimentos\/wp-json\/wp\/v2\/comments?post=1389"}],"version-history":[{"count":6,"href":"http:\/\/www.nucleoestudo.ufla.br\/petalimentos\/wp-json\/wp\/v2\/pages\/1389\/revisions"}],"predecessor-version":[{"id":2340,"href":"http:\/\/www.nucleoestudo.ufla.br\/petalimentos\/wp-json\/wp\/v2\/pages\/1389\/revisions\/2340"}],"wp:attachment":[{"href":"http:\/\/www.nucleoestudo.ufla.br\/petalimentos\/wp-json\/wp\/v2\/media?parent=1389"}],"curies":[{"name":"wp","href":"https:\/\/api.w.org\/{rel}","templated":true}]}}