{"id":1160,"date":"2015-04-16T16:48:27","date_gmt":"2015-04-16T16:48:27","guid":{"rendered":"http:\/\/www.dca.ufla.br\/petalimentos\/?page_id=1160"},"modified":"2020-05-14T16:09:14","modified_gmt":"2020-05-14T19:09:14","slug":"maratona2015","status":"publish","type":"page","link":"http:\/\/www.nucleoestudo.ufla.br\/petalimentos\/maratona2015\/","title":{"rendered":"I Maratona da Engenharia de Alimentos"},"content":{"rendered":"<p>Confira os detalhes da I Maratona da Engenharia de Alimentos nos links abaixo:<\/p>\n<ul>\n<li style=\"text-align: left;\"><a href=\"http:\/\/www.dca.ufla.br\/petalimentos\/wp-content\/uploads\/2014\/10\/EDITAL-MARATONA-PET-Engenharia-de-Alimentos1.pdf\">Edital<\/a>;<\/li>\n<li style=\"text-align: left;\"><a href=\"http:\/\/www.dca.ufla.br\/petalimentos\/wp-content\/uploads\/2014\/10\/Retifica%C3%A7%C3%A3o.pdf\">Retifica\u00e7\u00e3o do Edital<\/a>;<\/li>\n<li style=\"text-align: left;\"><a href=\"http:\/\/www.dca.ufla.br\/petalimentos\/wp-content\/uploads\/2014\/10\/REIFICA%C3%87%C3%83O-EDITAL-MARATONA-2.pdf\">Segunda Retifica\u00e7\u00e3o do Edital<\/a>;<\/li>\n<li style=\"text-align: left;\">Modelo de Poster;<\/li>\n<li style=\"text-align: left;\">Trabalhos Submetidos;<\/li>\n<li style=\"text-align: left;\"><a href=\"http:\/\/www.dca.ufla.br\/petalimentos\/wp-content\/uploads\/2014\/11\/10407633_318360771683740_1966478901171081257_n.png\">Finalistas<\/a>;<\/li>\n<\/ul>\n<p style=\"text-align: left;\">\n<div id=\"wp_fb_like_button\" style=\"margin:5px 0;float:none;height:100px;\"><script src=\"http:\/\/connect.facebook.net\/en_US\/all.js#xfbml=1\"><\/script><fb:like href=\"http:\/\/www.nucleoestudo.ufla.br\/petalimentos\/maratona2015\/\" send=\"false\" layout=\"like\" width=\"450\" show_faces=\"true\" font=\"arial\" action=\"\" colorscheme=\"light\"><\/fb:like><\/div>","protected":false},"excerpt":{"rendered":"<p>Confira os detalhes da I Maratona da Engenharia de Alimentos nos links abaixo: Edital; Retifica\u00e7\u00e3o do Edital; Segunda Retifica\u00e7\u00e3o do Edital; Modelo de Poster; Trabalhos Submetidos; Finalistas;<\/p>\n","protected":false},"author":1,"featured_media":0,"parent":0,"menu_order":0,"comment_status":"open","ping_status":"open","template":"","meta":{"footnotes":""},"_links":{"self":[{"href":"http:\/\/www.nucleoestudo.ufla.br\/petalimentos\/wp-json\/wp\/v2\/pages\/1160"}],"collection":[{"href":"http:\/\/www.nucleoestudo.ufla.br\/petalimentos\/wp-json\/wp\/v2\/pages"}],"about":[{"href":"http:\/\/www.nucleoestudo.ufla.br\/petalimentos\/wp-json\/wp\/v2\/types\/page"}],"author":[{"embeddable":true,"href":"http:\/\/www.nucleoestudo.ufla.br\/petalimentos\/wp-json\/wp\/v2\/users\/1"}],"replies":[{"embeddable":true,"href":"http:\/\/www.nucleoestudo.ufla.br\/petalimentos\/wp-json\/wp\/v2\/comments?post=1160"}],"version-history":[{"count":6,"href":"http:\/\/www.nucleoestudo.ufla.br\/petalimentos\/wp-json\/wp\/v2\/pages\/1160\/revisions"}],"predecessor-version":[{"id":2083,"href":"http:\/\/www.nucleoestudo.ufla.br\/petalimentos\/wp-json\/wp\/v2\/pages\/1160\/revisions\/2083"}],"wp:attachment":[{"href":"http:\/\/www.nucleoestudo.ufla.br\/petalimentos\/wp-json\/wp\/v2\/media?parent=1160"}],"curies":[{"name":"wp","href":"https:\/\/api.w.org\/{rel}","templated":true}]}}