{"id":103,"date":"2013-04-19T14:29:31","date_gmt":"2013-04-19T14:29:31","guid":{"rendered":"http:\/\/www.dca.ufla.br\/petalimentos\/?page_id=103"},"modified":"2023-09-12T15:53:24","modified_gmt":"2023-09-12T18:53:24","slug":"tutor","status":"publish","type":"page","link":"http:\/\/www.nucleoestudo.ufla.br\/petalimentos\/tutor\/","title":{"rendered":"Tutor"},"content":{"rendered":"\n<figure class=\"wp-block-image size-full is-resized\"><img decoding=\"async\" loading=\"lazy\" src=\"http:\/\/www.nucleoestudo.ufla.br\/petalimentos\/wp-content\/uploads\/2020\/05\/Design-sem-nome-1-1.jpg\" alt=\"\" class=\"wp-image-2052\" width=\"675\" height=\"675\"\/><\/figure>\n\n\n<p><span style=\"color: #000000;\"><strong>TUTORA: <\/strong>LUISA PEREIRA FIGUEIREDO\u00a0<\/span><\/p>\n<p><span style=\"color: #000000;\"><strong>Titu<\/strong><\/span><span style=\"color: #000000;\"><strong>la\u00e7\u00e3o:<\/strong><\/span><\/p>\n<ul>\n<li>\u00a0<\/li>\n<\/ul>\n<p><span style=\"color: #000000;\"><strong>\u00c1reas de atua\u00e7\u00e3o: <\/strong><\/span><\/p>\n<ul>\n<li>Legisla\u00e7\u00e3o<\/li>\n<\/ul>\n<p><span style=\"color: #000000;\"><strong>Curr\u00edculo Lattes:<\/strong> <a href=\"http:\/\/lattes.cnpq.br\/9649152041838039\">http:\/\/lattes.cnpq.br\/9649152041838039<\/a><\/span><\/p>\n<p><span style=\"color: #000000;\"><strong>e-mail:<\/strong>\u00a0<a href=\"luisa.figueiredo@ufla.br\">luisa.figueiredo@ufla.br<\/a><\/span><\/p>\n\n\n<p><\/p>\n<div id=\"wp_fb_like_button\" style=\"margin:5px 0;float:none;height:100px;\"><script src=\"http:\/\/connect.facebook.net\/en_US\/all.js#xfbml=1\"><\/script><fb:like href=\"http:\/\/www.nucleoestudo.ufla.br\/petalimentos\/tutor\/\" send=\"false\" layout=\"like\" width=\"450\" show_faces=\"true\" font=\"arial\" action=\"\" colorscheme=\"light\"><\/fb:like><\/div>","protected":false},"excerpt":{"rendered":"<p>TUTORA: LUISA PEREIRA FIGUEIREDO\u00a0 Titula\u00e7\u00e3o: \u00a0 \u00c1reas de atua\u00e7\u00e3o: Legisla\u00e7\u00e3o Curr\u00edculo Lattes: http:\/\/lattes.cnpq.br\/9649152041838039 e-mail:\u00a0luisa.figueiredo@ufla.br<\/p>\n","protected":false},"author":1,"featured_media":0,"parent":0,"menu_order":0,"comment_status":"open","ping_status":"open","template":"","meta":{"footnotes":""},"_links":{"self":[{"href":"http:\/\/www.nucleoestudo.ufla.br\/petalimentos\/wp-json\/wp\/v2\/pages\/103"}],"collection":[{"href":"http:\/\/www.nucleoestudo.ufla.br\/petalimentos\/wp-json\/wp\/v2\/pages"}],"about":[{"href":"http:\/\/www.nucleoestudo.ufla.br\/petalimentos\/wp-json\/wp\/v2\/types\/page"}],"author":[{"embeddable":true,"href":"http:\/\/www.nucleoestudo.ufla.br\/petalimentos\/wp-json\/wp\/v2\/users\/1"}],"replies":[{"embeddable":true,"href":"http:\/\/www.nucleoestudo.ufla.br\/petalimentos\/wp-json\/wp\/v2\/comments?post=103"}],"version-history":[{"count":21,"href":"http:\/\/www.nucleoestudo.ufla.br\/petalimentos\/wp-json\/wp\/v2\/pages\/103\/revisions"}],"predecessor-version":[{"id":2397,"href":"http:\/\/www.nucleoestudo.ufla.br\/petalimentos\/wp-json\/wp\/v2\/pages\/103\/revisions\/2397"}],"wp:attachment":[{"href":"http:\/\/www.nucleoestudo.ufla.br\/petalimentos\/wp-json\/wp\/v2\/media?parent=103"}],"curies":[{"name":"wp","href":"https:\/\/api.w.org\/{rel}","templated":true}]}}