{"id":4,"date":"2017-12-04T14:47:04","date_gmt":"2017-12-04T16:47:04","guid":{"rendered":"http:\/\/www.nucleoestudo.ufla.br\/niesp\/?page_id=4"},"modified":"2025-05-16T16:53:11","modified_gmt":"2025-05-16T19:53:11","slug":"pagina-inicial","status":"publish","type":"page","link":"http:\/\/www.nucleoestudo.ufla.br\/niesp\/","title":{"rendered":"NIESP | N\u00facleo de Inova\u00e7\u00e3o Empreendedorismo e Setor P\u00fablico"},"content":{"rendered":"\n<h3 class=\"wp-block-heading\"><strong><em>Pesquisa, forma\u00e7\u00e3o e inova\u00e7\u00e3o para a transforma\u00e7\u00e3o do setor p\u00fablico<\/em><\/strong><\/h3>\n\n\n\n<p>Iniciativa do Departamento de Administra\u00e7\u00e3o e Economia da UFLA, o NIESP promove ensino, pesquisa e extens\u00e3o voltados \u00e0 inova\u00e7\u00e3o p\u00fablica, ao empreendedorismo social e \u00e0 qualifica\u00e7\u00e3o da gest\u00e3o p\u00fablica brasileira.<\/p>\n\n\n\n<figure class=\"wp-block-image size-large\"><img loading=\"lazy\" decoding=\"async\" width=\"1024\" height=\"410\" src=\"http:\/\/www.nucleoestudo.ufla.br\/niesp\/wp-content\/uploads\/2025\/05\/imagem-1024x410.jpeg\" alt=\"\" class=\"wp-image-1579\" srcset=\"http:\/\/www.nucleoestudo.ufla.br\/niesp\/wp-content\/uploads\/2025\/05\/imagem-1024x410.jpeg 1024w, http:\/\/www.nucleoestudo.ufla.br\/niesp\/wp-content\/uploads\/2025\/05\/imagem-300x120.jpeg 300w, http:\/\/www.nucleoestudo.ufla.br\/niesp\/wp-content\/uploads\/2025\/05\/imagem-768x307.jpeg 768w, http:\/\/www.nucleoestudo.ufla.br\/niesp\/wp-content\/uploads\/2025\/05\/imagem.jpeg 1100w\" sizes=\"auto, (max-width: 709px) 85vw, (max-width: 909px) 67vw, (max-width: 1362px) 62vw, 840px\" \/><\/figure>\n\n\n\n<p><br>Em 2025, o N\u00facleo de Inova\u00e7\u00e3o, Empreendedorismo e Setor P\u00fablico (NIESP), em parceria com diversas institui\u00e7\u00f5es acad\u00eamicas e organiza\u00e7\u00f5es p\u00fablicas e privadas, promover\u00e1 o VI Simp\u00f3sio de Inova\u00e7\u00e3o, Empreendedorismo e Gest\u00e3o P\u00fablica (SIEGEP) e o VIII Semin\u00e1rio de Inova\u00e7\u00e3o, Empreendedorismo e Gest\u00e3o de Pequenas Empresas (SInEGEPE). O evento ocorrer\u00e1 nos dias 25 e 26 de agosto, em formato h\u00edbrido, com atividades presenciais na Universidade Federal de Lavras (UFLA) e transmiss\u00f5es ao vivo, reunindo especialistas, pesquisadores, estudantes e gestores p\u00fablicos para debater temas emergentes como sustentabilidade, intelig\u00eancia artificial, empreendedorismo e inova\u00e7\u00e3o na gest\u00e3o p\u00fablica.<\/p>\n\n\n<p>Saiba mais sobre o NIESP:<\/p>\n<div style=\"width: 640px;\" class=\"wp-video\"><!--[if lt IE 9]><script>document.createElement('video');<\/script><![endif]-->\n<video class=\"wp-video-shortcode\" id=\"video-4-1\" width=\"640\" height=\"360\" autoplay=\"1\" preload=\"auto\" controls=\"controls\"><source type=\"video\/mp4\" src=\"http:\/\/www.nucleoestudo.ufla.br\/niesp\/wp-content\/uploads\/2017\/12\/Video_apresenta\u00e7\u00e3o_NIESP.mp4?_=1\" \/><a href=\"http:\/\/www.nucleoestudo.ufla.br\/niesp\/wp-content\/uploads\/2017\/12\/Video_apresenta\u00e7\u00e3o_NIESP.mp4\">http:\/\/www.nucleoestudo.ufla.br\/niesp\/wp-content\/uploads\/2017\/12\/Video_apresenta\u00e7\u00e3o_NIESP.mp4<\/a><\/video><\/div>\n<p>&nbsp;<\/p>","protected":false},"excerpt":{"rendered":"<p>Pesquisa, forma\u00e7\u00e3o e inova\u00e7\u00e3o para a transforma\u00e7\u00e3o do setor p\u00fablico Iniciativa do Departamento de Administra\u00e7\u00e3o e Economia da UFLA, o NIESP promove ensino, pesquisa e extens\u00e3o voltados \u00e0 inova\u00e7\u00e3o p\u00fablica, ao empreendedorismo social e \u00e0 qualifica\u00e7\u00e3o da gest\u00e3o p\u00fablica brasileira. Em 2025, o N\u00facleo de Inova\u00e7\u00e3o, Empreendedorismo e Setor P\u00fablico (NIESP), em parceria com diversas &hellip; <a href=\"http:\/\/www.nucleoestudo.ufla.br\/niesp\/\" class=\"more-link\">Continue lendo<span class=\"screen-reader-text\"> &#8220;NIESP | N\u00facleo de Inova\u00e7\u00e3o Empreendedorismo e Setor P\u00fablico&#8221;<\/span><\/a><\/p>\n","protected":false},"author":1,"featured_media":0,"parent":0,"menu_order":0,"comment_status":"closed","ping_status":"closed","template":"","meta":{"footnotes":""},"class_list":["post-4","page","type-page","status-publish","hentry"],"_links":{"self":[{"href":"http:\/\/www.nucleoestudo.ufla.br\/niesp\/index.php\/wp-json\/wp\/v2\/pages\/4","targetHints":{"allow":["GET"]}}],"collection":[{"href":"http:\/\/www.nucleoestudo.ufla.br\/niesp\/index.php\/wp-json\/wp\/v2\/pages"}],"about":[{"href":"http:\/\/www.nucleoestudo.ufla.br\/niesp\/index.php\/wp-json\/wp\/v2\/types\/page"}],"author":[{"embeddable":true,"href":"http:\/\/www.nucleoestudo.ufla.br\/niesp\/index.php\/wp-json\/wp\/v2\/users\/1"}],"replies":[{"embeddable":true,"href":"http:\/\/www.nucleoestudo.ufla.br\/niesp\/index.php\/wp-json\/wp\/v2\/comments?post=4"}],"version-history":[{"count":32,"href":"http:\/\/www.nucleoestudo.ufla.br\/niesp\/index.php\/wp-json\/wp\/v2\/pages\/4\/revisions"}],"predecessor-version":[{"id":1581,"href":"http:\/\/www.nucleoestudo.ufla.br\/niesp\/index.php\/wp-json\/wp\/v2\/pages\/4\/revisions\/1581"}],"wp:attachment":[{"href":"http:\/\/www.nucleoestudo.ufla.br\/niesp\/index.php\/wp-json\/wp\/v2\/media?parent=4"}],"curies":[{"name":"wp","href":"https:\/\/api.w.org\/{rel}","templated":true}]}}