{"id":365,"date":"2018-06-18T15:15:53","date_gmt":"2018-06-18T18:15:53","guid":{"rendered":"http:\/\/www.nucleoestudo.ufla.br\/niesp\/?page_id=365"},"modified":"2019-08-06T13:46:57","modified_gmt":"2019-08-06T16:46:57","slug":"anais-2","status":"publish","type":"page","link":"http:\/\/www.nucleoestudo.ufla.br\/niesp\/index.php\/anais-2\/","title":{"rendered":"Anais do II SIEGEP &#8211; 2018"},"content":{"rendered":"<p style=\"text-align: right;\">ISSN 2595-0444<\/p>\n<p><a href=\"http:\/\/www.nucleoestudo.ufla.br\/niesp\/wp-content\/uploads\/2018\/06\/Anais-do-II-Simp\u00f3sio-de-Inova\u00e7\u00e3o-Empreendedorismo-e-Gest\u00e3o-P\u00fablica.pdf\"><strong>Edi\u00e7\u00e3o Completa do SIEGEP-2018<\/strong><\/a><\/p>\n<h3><strong>Sum\u00e1rio<\/strong><\/h3>\n<p><strong>RESUMOS:<\/strong><\/p>\n<p><a href=\"http:\/\/www.nucleoestudo.ufla.br\/niesp\/wp-content\/uploads\/2018\/06\/1.pdf\"><strong>A INSER\u00c7\u00c3O DE TECNOLOGIA DIGITAIS NA GEST\u00c3O P\u00daBLICA EDUCACIONAL E SEU PAPEL NA MOTIVA\u00c7\u00c3O DOS SERVIDORES<\/strong><\/a><br \/>\n<em>Autores: <\/em>Ana Luisa Fonseca Val\u00e9rio; B\u00e1rbara Leite de Gouv\u00eaa<\/p>\n<p><a href=\"http:\/\/www.nucleoestudo.ufla.br\/niesp\/wp-content\/uploads\/2019\/08\/Anais-do-II-Simp\u00f3sio-de-Inova\u00e7\u00e3o-Empreendedorismo-e-Gest\u00e3o-P\u00fablica-12.pdf\"><strong>A\u00c7\u00c3O EMPREENDEDORA <\/strong><strong>NA SECRETARIA DE EDUCA\u00c7\u00c3O DE UM MUNIC\u00cdPIO LOCALIZADO NO SUL DE MINAS GERAIS<\/strong><\/a><br \/>\n<em>Autores: <\/em>Milena Carvalho Ferreira; Daniela Meirelles Andrade; Andressa Aparecida Santana Furtini<\/p>\n<p><a href=\"http:\/\/www.nucleoestudo.ufla.br\/niesp\/wp-content\/uploads\/2018\/06\/3.pdf\"><strong>BREVE HIST\u00d3RICO DA GEST\u00c3O P\u00daBLICA, PARTICIPA\u00c7\u00c3O POPULAR E A CAPACITA\u00c7\u00c3O DE ATORES PARA O USO DAS NOVAS FERRAMENTAS DE CONTROLE<\/strong><\/a><br \/>\n<em>Autor: <\/em>Janael da Silva Alves<\/p>\n<p><a href=\"http:\/\/www.nucleoestudo.ufla.br\/niesp\/wp-content\/uploads\/2019\/08\/Anais-do-II-Simp\u00f3sio-de-Inova\u00e7\u00e3o-Empreendedorismo-e-Gest\u00e3o-P\u00fablica-15.pdf\"><strong>EMPREENDEDORISMO P\u00daBLICO: UM ESTUDO DE CASO NA SECRETARIA DE MEIO AMBIENTE DE UM MUNIC\u00cdPIO DO SUL DE MINAS GERAIS<\/strong><\/a><br \/>\n<em>Autores: <\/em>Layla Isadora Nonato Mourad; Larissa Garcia Gomes; Daniela Meirelles Andrade<\/p>\n<p><a href=\"http:\/\/www.nucleoestudo.ufla.br\/niesp\/wp-content\/uploads\/2018\/06\/5.pdf\"><strong>INOVA\u00c7\u00c3O NO SETOR P\u00daBLICO: UM ESTUDO DAS DIFICULDADES E POTENCIAS EXISTENTES NA CONSTRU\u00c7\u00c3O DA CAPACIDADE DE INOVA\u00c7\u00c3O<\/strong><\/a><br \/>\n<em>Autores: <\/em>Mariana Rodrigues Avelar; Dany Fl\u00e1vio Tonelli; Suelen Aparecida de Souza<\/p>\n<p><a href=\"http:\/\/www.nucleoestudo.ufla.br\/niesp\/wp-content\/uploads\/2018\/06\/6.pdf\"><strong>MAPEAMENTO CULTURAL: VALORIZA\u00c7\u00c3O DOS BENS E SERVI\u00c7OS CULTURAIS COMO REFERENCIA PARA A CONSTRU\u00c7\u00c3O DE POL\u00cdTICAS P\u00daBLICAS<\/strong><\/a><br \/>\n<em>Autores: <\/em>Izadora Ribeiro e Garcia de Oliveira; Elo\u00edsa Helena de Souza Cabral<\/p>\n<p><strong><a href=\"http:\/\/www.nucleoestudo.ufla.br\/niesp\/wp-content\/uploads\/2018\/06\/7.pdf\">OTIMIZA\u00c7\u00c3O DO PROCESSO LOG\u00cdSTICO EM UMA EMPRESA DE PESQUISA AGROPECU\u00c1RIA<\/a> <\/strong><br \/>\n<em>Autores: <\/em>Kreicy Mara Teixeira; Geovanna Chagas Moura; Malena da Silva Saragon; Nat\u00e1lia de Souza Lanfredi<\/p>\n<p><a href=\"http:\/\/www.nucleoestudo.ufla.br\/niesp\/wp-content\/uploads\/2018\/06\/8.pdf\"><strong>REFORMULA\u00c7\u00c3O DO NIT E FORMA\u00c7\u00c3O DO NETEC-UFSJ FRENTE AO\u00a0MARCO LEGAL DA CI\u00caNCIA, TECNOLOGIA E INOVA\u00c7\u00c3O<\/strong><\/a><br \/>\n<em>Autores: <\/em>Gisele Amanda de Oliveira Santos; Soraia Aparecida Alves; Michelly Morato Damasceno Gon\u00e7alves; Elaine Marques de Menezes Ribeiro; Jacqueline Almeida Silva; Gabriel de Menezes Yazbeck<\/p>\n<p><a href=\"http:\/\/www.nucleoestudo.ufla.br\/niesp\/wp-content\/uploads\/2018\/06\/9.pdf\"><strong>V\u00cdDEOS DE DIVULGA\u00c7\u00c3O CIENT\u00cdFICA VEICULADOS NO FACEBOOK: O CASO DO PROJETO DE EXTENS\u00c3O \u201cUFU CI\u00caNCIA\u201d<\/strong><\/a><br \/>\n<em>Autores: <\/em>Geovane Souza Melo J\u00fanior; Ana Beatriz Tuma; Kleber Del Claro; Fabiano de Moura Goulart<\/p>\n<p>&nbsp;<\/p>\n<p><strong>ARTIGOS:<\/strong><\/p>\n<p><a href=\"http:\/\/www.nucleoestudo.ufla.br\/niesp\/wp-content\/uploads\/2018\/06\/10.pdf\"><strong>A IMPORT\u00c2NCIA DA UTILIZA\u00c7\u00c3O DE INDICADORES NA GEST\u00c3O P\u00daBLICA: BREVE AN\u00c1LISE SOBRE O CASO DA UNIVERSIDADE FEDERAL DE LAVRAS<\/strong><\/a><br \/>\n<em>Autores: <\/em>Bruno C\u00e9sar de Oliveira, Vin\u00edcius Batista Gon\u00e7alves<\/p>\n<p><a href=\"http:\/\/www.nucleoestudo.ufla.br\/niesp\/wp-content\/uploads\/2018\/06\/11.pdf\"><strong>AN\u00c1LISE DE CASOS: CRIT\u00c9RIOS DE JULGAMENTO EM LICITA\u00c7\u00d5ES DO TIPO T\u00c9CNICA E PRE\u00c7O<\/strong><\/a><br \/>\n<em>Autores: <\/em>Arthur Emilly Dias Gomes, Daniela Meirelles Andrade, Vin\u00edcius Batista Gon\u00e7alves, Andressa Aparecida Santana Furtini<\/p>\n<p><a href=\"http:\/\/www.nucleoestudo.ufla.br\/niesp\/wp-content\/uploads\/2018\/06\/12.pdf\"><strong>COMPORTAMENTO DA PRODUTIVIDADE DOS PEQUENOS HOSPITAIS NA REDE DE ATEN\u00c7\u00c3O \u00c0 SA\u00daDE DO SUS: UM ESTUDO REGIONAL<\/strong><\/a><br \/>\n<em>Autores: <\/em>Carla Sandra Aguiar Siqueira dos Santos, Daniela Meirelles Andrade<\/p>\n<p><a href=\"http:\/\/www.nucleoestudo.ufla.br\/niesp\/wp-content\/uploads\/2018\/06\/13.pdf\"><strong>COMPRAS P\u00daBLICAS SUSTENT\u00c1VEIS: UM ESTUDO SOBRE AS BOAS PR\u00c1TICAS NO ESTADO DE MINAS GERAIS<\/strong><\/a><br \/>\n<em>Autores: <\/em>Luciana dos Santos Vieira, Daniela Meirelles Andrade, Vin\u00edcius Batista Gon\u00e7alves, Andressa\u00a0Aparecida Santana\u00a0Furtini<\/p>\n<p><a href=\"http:\/\/www.nucleoestudo.ufla.br\/niesp\/wp-content\/uploads\/2018\/06\/14.pdf\"><strong>COMPRAS P\u00daBLICAS: UMA AN\u00c1LISE DOS PROCEDIMENTOS LICITAT\u00d3RIOS DE UM MUNICIPIO LOCALIZADO NO SUL DE MINAS GERAIS<\/strong><\/a><br \/>\n<em>Autores: <\/em>J\u00e9ssica Cristine de Souza, Daniela Meirelles Andrade, Andressa Aparecida Santana Furtini, Vin\u00edcius Batista Gon\u00e7alves<\/p>\n<p><a href=\"http:\/\/www.nucleoestudo.ufla.br\/niesp\/wp-content\/uploads\/2018\/06\/15.pdf\"><strong>CORRUP\u00c7\u00c3O E OS PROCESSOS HIST\u00d3RICOS DE RUPTURA DE PODER NO BRASIL<\/strong><\/a><br \/>\n<em>Autores: <\/em>Vin\u00edcius Batista Gon\u00e7alves, Daniela Meirelles Andrade, Iago Batista Gon\u00e7alves, N\u00e9lida Reis Caseca Machado, Ana Fl\u00e1via Santos Lopes, Paula Ferreira de Alvarenga<\/p>\n<p><a href=\"http:\/\/www.nucleoestudo.ufla.br\/niesp\/wp-content\/uploads\/2018\/06\/16.pdf\"><strong>DIRETRIZES DE UMA PROPOSTA INTERVENTIVA DE GOVERNAN\u00c7A COLABORATIVA<\/strong><\/a><br \/>\n<em>Autores: <\/em>Lindsay Teixeira Sant\u2019ana, Dany Fl\u00e1vio Tonelli, \u00c9rica A. C. Sales Lopes<\/p>\n<p><a href=\"http:\/\/www.nucleoestudo.ufla.br\/niesp\/wp-content\/uploads\/2018\/06\/17.pdf\"><strong>EMPREENDEDORISMO E GEST\u00c3O FEMININA: UM ESTUDO COM EMPREENDEDORAS DA CIDADE DE ARCOS-MG<\/strong><\/a><br \/>\n<em>Autores: <\/em>Lauriene Teixeira Santos, Ruth Oliveira Silva, Patr\u00edcia Carvalho Campos<\/p>\n<p><a href=\"http:\/\/www.nucleoestudo.ufla.br\/niesp\/wp-content\/uploads\/2018\/06\/18.pdf\"><strong>FISCALIZA\u00c7\u00c3O E POL\u00cdTICAS P\u00daBLICAS DE ACESSIBILIDADE WEB DE SERVI\u00c7OS P\u00daBLICOS: UMA REVIS\u00c3O DE ESCOPO DA LITERATURA<\/strong><\/a><br \/>\n<em>Autores: <\/em>Monique Scalco Soares Siqueira<\/p>\n<p><a href=\"http:\/\/www.nucleoestudo.ufla.br\/niesp\/wp-content\/uploads\/2018\/06\/19.pdf\"><strong>GOVERNAN\u00c7A COLABORATIVA EM CONS\u00d3RCIOS INTERMUNICIPAIS DE RES\u00cdDUOS S\u00d3LIDOS EM MG NA PERCEP\u00c7\u00c3O DEAGENTES P\u00daBLICOS<\/strong><\/a><br \/>\n<em>Autores: <\/em>Gabriela Vicentini da Rocha, Dany Fl\u00e1vio Tonelli<\/p>\n<p><a href=\"http:\/\/www.nucleoestudo.ufla.br\/niesp\/wp-content\/uploads\/2018\/06\/20.pdf\"><strong>GOVERNO ELETR\u00d4NICO BRASILEIRO: AN\u00c1LISE DAS <\/strong><strong>PR\u00c1TICAS DE DEN\u00daNCIAS E FISCALIZA\u00c7\u00c3O PELA POPULA\u00c7\u00c3O COM DEFICI\u00caNCIA DE BARREIRAS DE ACESSIBILIDADE <\/strong><\/a><br \/>\n<em>Autores: <\/em>Monique Scalco Soares Siqueira, Andr\u00e9 Pimenta Freire<\/p>\n<p><a href=\"http:\/\/www.nucleoestudo.ufla.br\/niesp\/wp-content\/uploads\/2018\/06\/21.pdf\"><strong>INOVA\u00c7\u00c3O E CO-CRIA\u00c7\u00c3O: REVIS\u00c3O DA LITERATURA E PROPOSTA DE AGENDA DE PESQUISA APLICADA \u00c0 ADMINISTRA\u00c7\u00c3O P\u00daBLICA<\/strong><\/a><br \/>\n<em>Autores: <\/em>Suelen Aparecida de Souza, Dany Fl\u00e1vio Tonelli<\/p>\n<p><a href=\"http:\/\/www.nucleoestudo.ufla.br\/niesp\/wp-content\/uploads\/2018\/06\/22.pdf\"><strong>INOVA\u00c7\u00c3O NO SETOR P\u00daBLICO: ESTUDO DAS 10 OBRAS MAIS CITADAS NA LITERATURA<\/strong><\/a><br \/>\n<em>Autores: <\/em>Raphaella Reis Pereira, Dany Fl\u00e1vio Tonelli<\/p>\n<p><a href=\"http:\/\/www.nucleoestudo.ufla.br\/niesp\/wp-content\/uploads\/2018\/06\/Anais-do-II-Simposio-de-Inovacao-Empreendedorismo-e-Gestao-Publica-168-177.pdf\"><strong>O SISTEMA DE REGISTRO DE PRE\u00c7OS: UMA MAIOR EFETIVIDADE AO PRINC\u00cdPIO CONSTITUCIONAL DA EFICI\u00caNCIA<\/strong><\/a><br \/>\n<em>Autores: <\/em>Vin\u00edcius Batista Gon\u00e7alves, Iago Batista Gon\u00e7alves, Ana Fl\u00e1via Santos Lopes, N\u00e9lida Reis Caseca Machado, Bruno C\u00e9sar de Oliveira,\u00a0Andr\u00e9 Oliveira Almeida<\/p>\n<p><a href=\"http:\/\/www.nucleoestudo.ufla.br\/niesp\/wp-content\/uploads\/2018\/06\/Anais-do-II-Simposio-de-Inovacao-Empreendedorismo-e-Gestao-Publica-178-188.pdf\"><strong>PRONATEC COMO POL\u00cdTICA P\u00daBLICA: UMA AVALIA\u00c7\u00c3O ACERCA DA EFETIVIDADE E DOS RESULTADOS DO PONTO DE VISTA DO EGRESSO<\/strong><\/a><br \/>\n<em>Autores: <\/em>Ana Fl\u00e1via Santos Lopes, Iago Batista Gon\u00e7alves, Vin\u00edcius Batista Gon\u00e7alves, Andr\u00e9 Oliveira Almeida,\u00a0Geovane Souza Melo J\u00fanior<\/p>\n<p><a href=\"http:\/\/www.nucleoestudo.ufla.br\/niesp\/wp-content\/uploads\/2018\/06\/25.pdf\"><strong>UMA RELEITURA DO PRINC\u00cdPIO DA SUPREMACIA DO INTERESSE P\u00daBLICO SOB A \u00d3PTICA CONSTITUCIONAL<\/strong><\/a><br \/>\n<em>Autores: <\/em>Iago Batista Gon\u00e7alves, Ana Fl\u00e1via Santos Lopes, Vin\u00edcius Batista Gon\u00e7alves, N\u00e9lida Reis Caseca Machado<\/p>\n","protected":false},"excerpt":{"rendered":"<p>ISSN 2595-0444 Edi\u00e7\u00e3o Completa do SIEGEP-2018 Sum\u00e1rio RESUMOS: A INSER\u00c7\u00c3O DE TECNOLOGIA DIGITAIS NA GEST\u00c3O P\u00daBLICA EDUCACIONAL E SEU PAPEL NA MOTIVA\u00c7\u00c3O DOS SERVIDORES Autores: Ana Luisa Fonseca Val\u00e9rio; B\u00e1rbara Leite de Gouv\u00eaa A\u00c7\u00c3O EMPREENDEDORA NA SECRETARIA DE EDUCA\u00c7\u00c3O DE UM MUNIC\u00cdPIO LOCALIZADO NO SUL DE MINAS GERAIS Autores: Milena Carvalho Ferreira; Daniela Meirelles Andrade; &hellip; <a href=\"http:\/\/www.nucleoestudo.ufla.br\/niesp\/index.php\/anais-2\/\" class=\"more-link\">Continue lendo<span class=\"screen-reader-text\"> &#8220;Anais do II SIEGEP &#8211; 2018&#8221;<\/span><\/a><\/p>\n","protected":false},"author":2,"featured_media":0,"parent":0,"menu_order":0,"comment_status":"closed","ping_status":"closed","template":"","meta":{"footnotes":""},"class_list":["post-365","page","type-page","status-publish","hentry"],"_links":{"self":[{"href":"http:\/\/www.nucleoestudo.ufla.br\/niesp\/index.php\/wp-json\/wp\/v2\/pages\/365","targetHints":{"allow":["GET"]}}],"collection":[{"href":"http:\/\/www.nucleoestudo.ufla.br\/niesp\/index.php\/wp-json\/wp\/v2\/pages"}],"about":[{"href":"http:\/\/www.nucleoestudo.ufla.br\/niesp\/index.php\/wp-json\/wp\/v2\/types\/page"}],"author":[{"embeddable":true,"href":"http:\/\/www.nucleoestudo.ufla.br\/niesp\/index.php\/wp-json\/wp\/v2\/users\/2"}],"replies":[{"embeddable":true,"href":"http:\/\/www.nucleoestudo.ufla.br\/niesp\/index.php\/wp-json\/wp\/v2\/comments?post=365"}],"version-history":[{"count":14,"href":"http:\/\/www.nucleoestudo.ufla.br\/niesp\/index.php\/wp-json\/wp\/v2\/pages\/365\/revisions"}],"predecessor-version":[{"id":1201,"href":"http:\/\/www.nucleoestudo.ufla.br\/niesp\/index.php\/wp-json\/wp\/v2\/pages\/365\/revisions\/1201"}],"wp:attachment":[{"href":"http:\/\/www.nucleoestudo.ufla.br\/niesp\/index.php\/wp-json\/wp\/v2\/media?parent=365"}],"curies":[{"name":"wp","href":"https:\/\/api.w.org\/{rel}","templated":true}]}}