{"id":301,"date":"2018-03-16T15:55:49","date_gmt":"2018-03-16T18:55:49","guid":{"rendered":"http:\/\/www.nucleoestudo.ufla.br\/niesp\/?page_id=301"},"modified":"2021-06-08T19:33:41","modified_gmt":"2021-06-08T22:33:41","slug":"edicoes-anteriores","status":"publish","type":"page","link":"http:\/\/www.nucleoestudo.ufla.br\/niesp\/index.php\/edicoes-anteriores\/","title":{"rendered":"Edi\u00e7\u00f5es Anteriores"},"content":{"rendered":"<p><strong>Simp\u00f3sio de Inova\u00e7\u00e3o, Empreendedorismo e Gest\u00e3o P\u00fablica &#8211; SIEGEP<\/strong><\/p>\n<p style=\"text-align: right;\"><strong>ISSN 2595-0444<\/strong><\/p>\n<p><a href=\"http:\/\/www.nucleoestudo.ufla.br\/niesp\/index.php\/anais-do-siegep\/\">Anais do SIEGEP I (2017)<\/a><\/p>\n<p><a href=\"http:\/\/www.nucleoestudo.ufla.br\/niesp\/index.php\/anais-2\/\">Anais do SIEGEP II (2018)<\/a><\/p>\n<p><a href=\"http:\/\/www.nucleoestudo.ufla.br\/niesp\/index.php\/anais-do-iii-siegep-2019\/\">Anais do SIEGEP III (2019)<\/a><\/p>\n","protected":false},"excerpt":{"rendered":"<p>Simp\u00f3sio de Inova\u00e7\u00e3o, Empreendedorismo e Gest\u00e3o P\u00fablica &#8211; SIEGEP ISSN 2595-0444 Anais do SIEGEP I (2017) Anais do SIEGEP II (2018) Anais do SIEGEP III (2019)<\/p>\n","protected":false},"author":2,"featured_media":0,"parent":0,"menu_order":0,"comment_status":"closed","ping_status":"closed","template":"","meta":{"footnotes":""},"class_list":["post-301","page","type-page","status-publish","hentry"],"_links":{"self":[{"href":"http:\/\/www.nucleoestudo.ufla.br\/niesp\/index.php\/wp-json\/wp\/v2\/pages\/301","targetHints":{"allow":["GET"]}}],"collection":[{"href":"http:\/\/www.nucleoestudo.ufla.br\/niesp\/index.php\/wp-json\/wp\/v2\/pages"}],"about":[{"href":"http:\/\/www.nucleoestudo.ufla.br\/niesp\/index.php\/wp-json\/wp\/v2\/types\/page"}],"author":[{"embeddable":true,"href":"http:\/\/www.nucleoestudo.ufla.br\/niesp\/index.php\/wp-json\/wp\/v2\/users\/2"}],"replies":[{"embeddable":true,"href":"http:\/\/www.nucleoestudo.ufla.br\/niesp\/index.php\/wp-json\/wp\/v2\/comments?post=301"}],"version-history":[{"count":7,"href":"http:\/\/www.nucleoestudo.ufla.br\/niesp\/index.php\/wp-json\/wp\/v2\/pages\/301\/revisions"}],"predecessor-version":[{"id":1350,"href":"http:\/\/www.nucleoestudo.ufla.br\/niesp\/index.php\/wp-json\/wp\/v2\/pages\/301\/revisions\/1350"}],"wp:attachment":[{"href":"http:\/\/www.nucleoestudo.ufla.br\/niesp\/index.php\/wp-json\/wp\/v2\/media?parent=301"}],"curies":[{"name":"wp","href":"https:\/\/api.w.org\/{rel}","templated":true}]}}