{"id":29,"date":"2017-12-04T16:47:37","date_gmt":"2017-12-04T18:47:37","guid":{"rendered":"http:\/\/www.nucleoestudo.ufla.br\/niesp\/?page_id=29"},"modified":"2017-12-11T16:56:49","modified_gmt":"2017-12-11T18:56:49","slug":"sobre-o-niesp","status":"publish","type":"page","link":"http:\/\/www.nucleoestudo.ufla.br\/niesp\/index.php\/sobre-o-niesp\/","title":{"rendered":"Sobre o NIESP"},"content":{"rendered":"<p>O N\u00facleo de Inova\u00e7\u00e3o, Empreendedorismo e Setor P\u00fablico (NIESP), fundado em 11 de maio de 2016, tem como objetivo geral colaborar positivamente, trabalhando com ensino, pesquisa e extens\u00e3o, al\u00e9m de adquirir e disseminar novos conhecimentos, na \u00e1rea de inova\u00e7\u00e3o, empreendedorismo e setor p\u00fablico, afim de permitir um interc\u00e2mbio entre a Universidade e a sociedade.<\/p>\n","protected":false},"excerpt":{"rendered":"<p>O N\u00facleo de Inova\u00e7\u00e3o, Empreendedorismo e Setor P\u00fablico (NIESP), fundado em 11 de maio de 2016, tem como objetivo geral colaborar positivamente, trabalhando com ensino, pesquisa e extens\u00e3o, al\u00e9m de adquirir e disseminar novos conhecimentos, na \u00e1rea de inova\u00e7\u00e3o, empreendedorismo e setor p\u00fablico, afim de permitir um interc\u00e2mbio entre a Universidade e a sociedade.<\/p>\n","protected":false},"author":2,"featured_media":0,"parent":0,"menu_order":0,"comment_status":"closed","ping_status":"closed","template":"","meta":{"footnotes":""},"class_list":["post-29","page","type-page","status-publish","hentry"],"_links":{"self":[{"href":"http:\/\/www.nucleoestudo.ufla.br\/niesp\/index.php\/wp-json\/wp\/v2\/pages\/29","targetHints":{"allow":["GET"]}}],"collection":[{"href":"http:\/\/www.nucleoestudo.ufla.br\/niesp\/index.php\/wp-json\/wp\/v2\/pages"}],"about":[{"href":"http:\/\/www.nucleoestudo.ufla.br\/niesp\/index.php\/wp-json\/wp\/v2\/types\/page"}],"author":[{"embeddable":true,"href":"http:\/\/www.nucleoestudo.ufla.br\/niesp\/index.php\/wp-json\/wp\/v2\/users\/2"}],"replies":[{"embeddable":true,"href":"http:\/\/www.nucleoestudo.ufla.br\/niesp\/index.php\/wp-json\/wp\/v2\/comments?post=29"}],"version-history":[{"count":5,"href":"http:\/\/www.nucleoestudo.ufla.br\/niesp\/index.php\/wp-json\/wp\/v2\/pages\/29\/revisions"}],"predecessor-version":[{"id":163,"href":"http:\/\/www.nucleoestudo.ufla.br\/niesp\/index.php\/wp-json\/wp\/v2\/pages\/29\/revisions\/163"}],"wp:attachment":[{"href":"http:\/\/www.nucleoestudo.ufla.br\/niesp\/index.php\/wp-json\/wp\/v2\/media?parent=29"}],"curies":[{"name":"wp","href":"https:\/\/api.w.org\/{rel}","templated":true}]}}