{"id":274,"date":"2018-03-06T11:57:16","date_gmt":"2018-03-06T14:57:16","guid":{"rendered":"http:\/\/www.nucleoestudo.ufla.br\/niesp\/?page_id=274"},"modified":"2018-10-16T17:31:53","modified_gmt":"2018-10-16T20:31:53","slug":"expediente","status":"publish","type":"page","link":"http:\/\/www.nucleoestudo.ufla.br\/niesp\/index.php\/expediente\/","title":{"rendered":"Expediente"},"content":{"rendered":"<h3><strong>Corpo Editorial<\/strong><\/h3>\n<p><strong>Coordenadores:<\/strong><\/p>\n<p>Prof\u00aa Dr\u00aa. Daniela Meirelles Andrade<br \/>\nProf. Dr. Dany Flavio Tonelli<\/p>\n<p><strong>Normaliza\u00e7\u00e3o:<\/strong><\/p>\n<p>Me. Vin\u00edcius Batista Gon\u00e7alves<\/p>\n<p><strong>Autor Corporativo:<\/strong><\/p>\n<p>N\u00facleo de Inova\u00e7\u00e3o, Empreendedorismo e Setor P\u00fablico (NIESP)<br \/>\nBloco II do\u00a0Departamento de Administra\u00e7\u00e3o e Economia (DAE)<br \/>\nUniversidade Federal de Lavras (UFLA)<br \/>\nCaixa Postal 3037 \u2022 CEP 37200-000 \u2022 Lavras MG<br \/>\nTelefone: (35) 3829-<wbr \/>1754<br \/>\nE-mail: niespufla@gmail.com<\/p>\n<p>Periodicidade anual.<\/p>\n","protected":false},"excerpt":{"rendered":"<p>Corpo Editorial Coordenadores: Prof\u00aa Dr\u00aa. Daniela Meirelles Andrade Prof. Dr. Dany Flavio Tonelli Normaliza\u00e7\u00e3o: Me. Vin\u00edcius Batista Gon\u00e7alves Autor Corporativo: N\u00facleo de Inova\u00e7\u00e3o, Empreendedorismo e Setor P\u00fablico (NIESP) Bloco II do\u00a0Departamento de Administra\u00e7\u00e3o e Economia (DAE) Universidade Federal de Lavras (UFLA) Caixa Postal 3037 \u2022 CEP 37200-000 \u2022 Lavras MG Telefone: (35) 3829-1754 E-mail: niespufla@gmail.com &hellip; <a href=\"http:\/\/www.nucleoestudo.ufla.br\/niesp\/index.php\/expediente\/\" class=\"more-link\">Continue lendo<span class=\"screen-reader-text\"> &#8220;Expediente&#8221;<\/span><\/a><\/p>\n","protected":false},"author":2,"featured_media":0,"parent":0,"menu_order":0,"comment_status":"closed","ping_status":"closed","template":"","meta":{"footnotes":""},"class_list":["post-274","page","type-page","status-publish","hentry"],"_links":{"self":[{"href":"http:\/\/www.nucleoestudo.ufla.br\/niesp\/index.php\/wp-json\/wp\/v2\/pages\/274","targetHints":{"allow":["GET"]}}],"collection":[{"href":"http:\/\/www.nucleoestudo.ufla.br\/niesp\/index.php\/wp-json\/wp\/v2\/pages"}],"about":[{"href":"http:\/\/www.nucleoestudo.ufla.br\/niesp\/index.php\/wp-json\/wp\/v2\/types\/page"}],"author":[{"embeddable":true,"href":"http:\/\/www.nucleoestudo.ufla.br\/niesp\/index.php\/wp-json\/wp\/v2\/users\/2"}],"replies":[{"embeddable":true,"href":"http:\/\/www.nucleoestudo.ufla.br\/niesp\/index.php\/wp-json\/wp\/v2\/comments?post=274"}],"version-history":[{"count":13,"href":"http:\/\/www.nucleoestudo.ufla.br\/niesp\/index.php\/wp-json\/wp\/v2\/pages\/274\/revisions"}],"predecessor-version":[{"id":692,"href":"http:\/\/www.nucleoestudo.ufla.br\/niesp\/index.php\/wp-json\/wp\/v2\/pages\/274\/revisions\/692"}],"wp:attachment":[{"href":"http:\/\/www.nucleoestudo.ufla.br\/niesp\/index.php\/wp-json\/wp\/v2\/media?parent=274"}],"curies":[{"name":"wp","href":"https:\/\/api.w.org\/{rel}","templated":true}]}}