{"id":257,"date":"2018-03-06T11:00:40","date_gmt":"2018-03-06T14:00:40","guid":{"rendered":"http:\/\/www.nucleoestudo.ufla.br\/niesp\/?page_id=257"},"modified":"2018-10-27T17:44:12","modified_gmt":"2018-10-27T19:44:12","slug":"anais-do-siegep","status":"publish","type":"page","link":"http:\/\/www.nucleoestudo.ufla.br\/niesp\/index.php\/anais-do-siegep\/","title":{"rendered":"Anais do I SIEGEP &#8211; 2017"},"content":{"rendered":"<p style=\"text-align: right;\">ISSN 2595-0444<\/p>\n<p><a href=\"http:\/\/www.nucleoestudo.ufla.br\/niesp\/wp-content\/uploads\/2018\/03\/Anais-do-SIEGEP.pdf\"><strong>Edi\u00e7\u00e3o Completa do I SIEGEP-2017<\/strong><\/a><\/p>\n<h3><strong>Sum\u00e1rio<\/strong><\/h3>\n<p><a href=\"http:\/\/www.nucleoestudo.ufla.br\/niesp\/wp-content\/uploads\/2018\/03\/Anais-do-Simposio-de-Inovacao-Empreendedorismo-e-Gestao-Publica-9-9.pdf\"><strong><em>A\u00e7\u00e3o Empreendedora: Uma Estrat\u00e9gia Para O Planejamento P\u00fablico Brasileiro<\/em><\/strong><\/a><br \/>\n<em><strong>Autores<\/strong><\/em>: Denise Aparecida Hip\u00f3lito Borges; M\u00f4nica Carvalho Alves Cappelle<\/p>\n<p><em><a href=\"http:\/\/www.nucleoestudo.ufla.br\/niesp\/wp-content\/uploads\/2018\/03\/Anais-do-Simposio-de-Inovacao-Empreendedorismo-e-Gestao-Publica-10-11.pdf\"><strong>Atua\u00e7\u00e3o da gest\u00e3o de pessoas quanto aos docentes da Rede p\u00fablica de ensino: uma proposta<\/strong><\/a><\/em><br \/>\n<em><strong>Autores<\/strong><\/em>: Cristiane Lasmar; J\u00e9ssica de Martins Sampaio<\/p>\n<p><a href=\"http:\/\/www.nucleoestudo.ufla.br\/niesp\/wp-content\/uploads\/2018\/03\/Anais-do-Simposio-de-Inovacao-Empreendedorismo-e-Gestao-Publica-12-12.pdf\"><em><strong>Autoavalia\u00e7\u00e3o de uma universidade localizada no Sul de minas gerais: a percep\u00e7\u00e3o dos alunos de Gradua\u00e7\u00e3o<\/strong><\/em><\/a><br \/>\n<em><strong>Autores<\/strong><\/em>: Milena Carvalho Ferreira; Daniela Meirelles Andrade; Andressa Aparecida Santana Furtini; Miriane Stefany da Silva; Let\u00edcia Cristina Barbosa<\/p>\n<p><a href=\"http:\/\/www.nucleoestudo.ufla.br\/niesp\/wp-content\/uploads\/2018\/03\/Anais-do-Simposio-de-Inovacao-Empreendedorismo-e-Gestao-Publica-13-13.pdf\"><em><strong>Avalia\u00e7\u00e3o institucional na perspectiva dos t\u00e9cnicos administrativos de uma institui\u00e7\u00e3o de ensino localizada no sul de Minas Gerais<\/strong><\/em><\/a><br \/>\n<strong><em>Autores<\/em><\/strong>: Miriane Stefany da Silva; Daniela Meirelles Andrade; Andressa Aparecida Santana Furtin; Milena Carvalho Ferreira<\/p>\n<p><a href=\"http:\/\/www.nucleoestudo.ufla.br\/niesp\/wp-content\/uploads\/2018\/03\/Anais-do-Simposio-de-Inovacao-Empreendedorismo-e-Gestao-Publica-14-15.pdf\"><em><strong>Comunica\u00e7\u00e3o p\u00fablica em munic\u00edpios do sul de Minas Gerais: um estudo de caso<\/strong><\/em><\/a><br \/>\n<em><strong>Autores<\/strong><\/em>: Priscila de Castro Silva; Ernani de Souza Guimar\u00e3es J\u00fanior; Sheldon William Silva; Pedro dos Santos Portugal J\u00fanior; Wariston Fernando Pereira, Fabr\u00edcio Pelloso Piurcosky<\/p>\n<p><a href=\"http:\/\/www.nucleoestudo.ufla.br\/niesp\/wp-content\/uploads\/2018\/03\/Anais-do-Simposio-de-Inovacao-Empreendedorismo-e-Gestao-Publica-16-17.pdf\"><em><strong>Cons\u00f3rcios P\u00fablicos Na Gest\u00e3o De Res\u00edduos S\u00f3lidos Urbanos: Um Olhar Pela Governan\u00e7a Colaborativa<\/strong><\/em><\/a><br \/>\n<em><strong>Autores<\/strong><\/em>: Gabriela Vicentini da Rocha; Dany Fl\u00e1vio Tonelli; Andr\u00e9 Geraldo Corn\u00e9lio Ribeiro<\/p>\n<p><a href=\"http:\/\/www.nucleoestudo.ufla.br\/niesp\/wp-content\/uploads\/2018\/03\/Anais-do-Simposio-de-Inovacao-Empreendedorismo-e-Gestao-Publica-18-19.pdf\"><strong><em>Corrup\u00e7\u00e3o e empreendedorismo: uma compara\u00e7\u00e3o Entre o \u00edndice de percep\u00e7\u00e3o da corrup\u00e7\u00e3o e no \u00edndice Global de empreendedorismo<\/em><\/strong><\/a><br \/>\n<em><strong>Autor<\/strong><\/em>: Vin\u00edcius Batista Gon\u00e7alves<\/p>\n<p><a href=\"http:\/\/www.nucleoestudo.ufla.br\/niesp\/wp-content\/uploads\/2018\/03\/Anais-do-Simposio-de-Inovacao-Empreendedorismo-e-Gestao-Publica-20-20.pdf\"><strong><em>Estudo comparativo em organiza\u00e7\u00f5es p\u00fablicas a partir da perspectiva do ciclo de a\u00e7\u00e3o empreendedora<\/em> <\/strong><\/a><br \/>\n<strong><em>Autores<\/em><\/strong>: Luanda Gomide Florentino; Lara da Silva Alvarenga; Daniela Meirelles Andrade; Let\u00edcia Cristina Barbosa; Andressa Aparecida Santana Furtini<\/p>\n<p><a href=\"http:\/\/www.nucleoestudo.ufla.br\/niesp\/wp-content\/uploads\/2018\/03\/Anais-do-Simposio-de-Inovacao-Empreendedorismo-e-Gestao-Publica-21-21.pdf\"><em><strong>O Perfil do empreendedor social em uma organiza\u00e7\u00e3o n\u00e3o governamental: um estudo de caso na comunidade eterna miseric\u00f3rdia<\/strong><\/em><\/a><br \/>\n<em><strong>Autores<\/strong><\/em>: Vanessa Aparecida Pereira Cintra; Daniela Meirelles Andrade; Camila de Assis Silva<\/p>\n<p><em><a href=\"http:\/\/www.nucleoestudo.ufla.br\/niesp\/wp-content\/uploads\/2018\/03\/Anais-do-Simposio-de-Inovacao-Empreendedorismo-e-Gestao-Publica-22-22.pdf\"><strong>Reflex\u00f5es Te\u00f3ricas Sobre Pol\u00edticas P\u00fablicas De Agricultura Familiar e Empreendedorismo Rural<\/strong><\/a><\/em><br \/>\n<em><strong>Autores<\/strong><\/em>: Camila de Assis Silva; Marisa dos Santos Andrade; Daniela Meirelles Andrade<\/p>\n","protected":false},"excerpt":{"rendered":"<p>ISSN 2595-0444 Edi\u00e7\u00e3o Completa do I SIEGEP-2017 Sum\u00e1rio A\u00e7\u00e3o Empreendedora: Uma Estrat\u00e9gia Para O Planejamento P\u00fablico Brasileiro Autores: Denise Aparecida Hip\u00f3lito Borges; M\u00f4nica Carvalho Alves Cappelle Atua\u00e7\u00e3o da gest\u00e3o de pessoas quanto aos docentes da Rede p\u00fablica de ensino: uma proposta Autores: Cristiane Lasmar; J\u00e9ssica de Martins Sampaio Autoavalia\u00e7\u00e3o de uma universidade localizada no Sul &hellip; <a href=\"http:\/\/www.nucleoestudo.ufla.br\/niesp\/index.php\/anais-do-siegep\/\" class=\"more-link\">Continue lendo<span class=\"screen-reader-text\"> &#8220;Anais do I SIEGEP &#8211; 2017&#8221;<\/span><\/a><\/p>\n","protected":false},"author":2,"featured_media":0,"parent":0,"menu_order":0,"comment_status":"closed","ping_status":"closed","template":"","meta":{"footnotes":""},"class_list":["post-257","page","type-page","status-publish","hentry"],"_links":{"self":[{"href":"http:\/\/www.nucleoestudo.ufla.br\/niesp\/index.php\/wp-json\/wp\/v2\/pages\/257","targetHints":{"allow":["GET"]}}],"collection":[{"href":"http:\/\/www.nucleoestudo.ufla.br\/niesp\/index.php\/wp-json\/wp\/v2\/pages"}],"about":[{"href":"http:\/\/www.nucleoestudo.ufla.br\/niesp\/index.php\/wp-json\/wp\/v2\/types\/page"}],"author":[{"embeddable":true,"href":"http:\/\/www.nucleoestudo.ufla.br\/niesp\/index.php\/wp-json\/wp\/v2\/users\/2"}],"replies":[{"embeddable":true,"href":"http:\/\/www.nucleoestudo.ufla.br\/niesp\/index.php\/wp-json\/wp\/v2\/comments?post=257"}],"version-history":[{"count":19,"href":"http:\/\/www.nucleoestudo.ufla.br\/niesp\/index.php\/wp-json\/wp\/v2\/pages\/257\/revisions"}],"predecessor-version":[{"id":792,"href":"http:\/\/www.nucleoestudo.ufla.br\/niesp\/index.php\/wp-json\/wp\/v2\/pages\/257\/revisions\/792"}],"wp:attachment":[{"href":"http:\/\/www.nucleoestudo.ufla.br\/niesp\/index.php\/wp-json\/wp\/v2\/media?parent=257"}],"curies":[{"name":"wp","href":"https:\/\/api.w.org\/{rel}","templated":true}]}}