{"id":241,"date":"2017-12-14T10:52:34","date_gmt":"2017-12-14T12:52:34","guid":{"rendered":"http:\/\/www.nucleoestudo.ufla.br\/niesp\/?page_id=241"},"modified":"2018-10-16T17:46:34","modified_gmt":"2018-10-16T20:46:34","slug":"endereco-de-contato","status":"publish","type":"page","link":"http:\/\/www.nucleoestudo.ufla.br\/niesp\/index.php\/endereco-de-contato\/","title":{"rendered":"Contato"},"content":{"rendered":"<p>Coordenadora Prof\u00aa. D\u00aa. Daniela Meirelles Andrade<\/p>\n<p>N\u00facleo de Inova\u00e7\u00e3o, Empreendedorismo e Setor P\u00fablico (NIESP)<\/p>\n<p>Bloco II do\u00a0Departamento de Administra\u00e7\u00e3o e Economia (DAE)<\/p>\n<p>Universidade Federal de Lavras (UFLA)<\/p>\n<p>Caixa Postal 3037 \u2022 CEP 37200-000 \u2022 Lavras\/MG<\/p>\n<p>Telefone: (35) 3829-<wbr \/>1754<\/p>\n<p>E-mail: niespufla@gmail.com<\/p>\n","protected":false},"excerpt":{"rendered":"<p>Coordenadora Prof\u00aa. D\u00aa. Daniela Meirelles Andrade N\u00facleo de Inova\u00e7\u00e3o, Empreendedorismo e Setor P\u00fablico (NIESP) Bloco II do\u00a0Departamento de Administra\u00e7\u00e3o e Economia (DAE) Universidade Federal de Lavras (UFLA) Caixa Postal 3037 \u2022 CEP 37200-000 \u2022 Lavras\/MG Telefone: (35) 3829-1754 E-mail: niespufla@gmail.com<\/p>\n","protected":false},"author":2,"featured_media":0,"parent":0,"menu_order":0,"comment_status":"closed","ping_status":"closed","template":"","meta":{"footnotes":""},"class_list":["post-241","page","type-page","status-publish","hentry"],"_links":{"self":[{"href":"http:\/\/www.nucleoestudo.ufla.br\/niesp\/index.php\/wp-json\/wp\/v2\/pages\/241","targetHints":{"allow":["GET"]}}],"collection":[{"href":"http:\/\/www.nucleoestudo.ufla.br\/niesp\/index.php\/wp-json\/wp\/v2\/pages"}],"about":[{"href":"http:\/\/www.nucleoestudo.ufla.br\/niesp\/index.php\/wp-json\/wp\/v2\/types\/page"}],"author":[{"embeddable":true,"href":"http:\/\/www.nucleoestudo.ufla.br\/niesp\/index.php\/wp-json\/wp\/v2\/users\/2"}],"replies":[{"embeddable":true,"href":"http:\/\/www.nucleoestudo.ufla.br\/niesp\/index.php\/wp-json\/wp\/v2\/comments?post=241"}],"version-history":[{"count":5,"href":"http:\/\/www.nucleoestudo.ufla.br\/niesp\/index.php\/wp-json\/wp\/v2\/pages\/241\/revisions"}],"predecessor-version":[{"id":721,"href":"http:\/\/www.nucleoestudo.ufla.br\/niesp\/index.php\/wp-json\/wp\/v2\/pages\/241\/revisions\/721"}],"wp:attachment":[{"href":"http:\/\/www.nucleoestudo.ufla.br\/niesp\/index.php\/wp-json\/wp\/v2\/media?parent=241"}],"curies":[{"name":"wp","href":"https:\/\/api.w.org\/{rel}","templated":true}]}}