{"id":230,"date":"2017-12-14T10:31:43","date_gmt":"2017-12-14T12:31:43","guid":{"rendered":"http:\/\/www.nucleoestudo.ufla.br\/niesp\/?page_id=230"},"modified":"2019-04-10T17:04:30","modified_gmt":"2019-04-10T20:04:30","slug":"apresentacao","status":"publish","type":"page","link":"http:\/\/www.nucleoestudo.ufla.br\/niesp\/index.php\/apresentacao\/","title":{"rendered":"Apresenta\u00e7\u00e3o"},"content":{"rendered":"<p>Apresentamos os Anais das edi\u00e7\u00f5es anuais do Simp\u00f3sio de Inova\u00e7\u00e3o, Empreendedorismo e Gest\u00e3o P\u00fablica, contendo os resumos apresentados por pesquisadores no evento realizado pelo N\u00facleo de Inova\u00e7\u00e3o, Empreendedorismo e Setor P\u00fablico (NIESP).<\/p>\n<p>A realiza\u00e7\u00e3o do Simp\u00f3sio, bem como a publica\u00e7\u00e3o dos anais do evento, ratifica o compromisso do NIESP em colaborar positivamente, trabalhando com ensino, pesquisa e extens\u00e3o, al\u00e9m de adquirir e disseminar novos conhecimentos, na \u00e1rea de inova\u00e7\u00e3o, empreendedorismo e setor p\u00fablico, a fim de permitir um interc\u00e2mbio entre a Universidade e a sociedade.<\/p>\n<p>Os resumos que comp\u00f5em esses Anais s\u00e3o produ\u00e7\u00f5es cient\u00edficas que passaram pelo crivo da Comiss\u00e3o Cient\u00edfica do Simp\u00f3sio, composta por avaliadores mestres e doutores. As \u00e1reas de conhecimento contempladas pelos trabalhos s\u00e3o: Empreendedorismo no setor p\u00fablico; Inova\u00e7\u00e3o no setor p\u00fablico; e Gest\u00e3o P\u00fablica.<\/p>\n<p>Esses Anais s\u00e3o de indubit\u00e1vel relev\u00e2ncia para o rol de publica\u00e7\u00f5es que possuem o escopo de disseminar e coletivizar discuss\u00f5es sobre tem\u00e1ticas atuais, inerentes aos embates e conflitos sociais e pol\u00edticos que interpelam as administra\u00e7\u00f5es p\u00fablicas, buscando nortear o desenvolvimento de futuros trabalhos.<\/p>\n<p>\u00c9 com este prop\u00f3sito que nos orgulhamos desta publica\u00e7\u00e3o cient\u00edfica que irrefutavelmente proporcionar\u00e1 uma contribui\u00e7\u00e3o \u00edmpar para pesquisadores do Campo de P\u00fablicas e \u00e1reas afins, ainda mais diante do intrincado momento pelo qual perpassa a administra\u00e7\u00e3o p\u00fablica, necessitando, mais do que nunca, da expertise dos pesquisadores da \u00e1rea.<\/p>\n<p>Equipe NIESP<\/p>\n","protected":false},"excerpt":{"rendered":"<p>Apresentamos os Anais das edi\u00e7\u00f5es anuais do Simp\u00f3sio de Inova\u00e7\u00e3o, Empreendedorismo e Gest\u00e3o P\u00fablica, contendo os resumos apresentados por pesquisadores no evento realizado pelo N\u00facleo de Inova\u00e7\u00e3o, Empreendedorismo e Setor P\u00fablico (NIESP). A realiza\u00e7\u00e3o do Simp\u00f3sio, bem como a publica\u00e7\u00e3o dos anais do evento, ratifica o compromisso do NIESP em colaborar positivamente, trabalhando com ensino, &hellip; <a href=\"http:\/\/www.nucleoestudo.ufla.br\/niesp\/index.php\/apresentacao\/\" class=\"more-link\">Continue lendo<span class=\"screen-reader-text\"> &#8220;Apresenta\u00e7\u00e3o&#8221;<\/span><\/a><\/p>\n","protected":false},"author":2,"featured_media":0,"parent":0,"menu_order":0,"comment_status":"closed","ping_status":"closed","template":"","meta":{"footnotes":""},"class_list":["post-230","page","type-page","status-publish","hentry"],"_links":{"self":[{"href":"http:\/\/www.nucleoestudo.ufla.br\/niesp\/index.php\/wp-json\/wp\/v2\/pages\/230","targetHints":{"allow":["GET"]}}],"collection":[{"href":"http:\/\/www.nucleoestudo.ufla.br\/niesp\/index.php\/wp-json\/wp\/v2\/pages"}],"about":[{"href":"http:\/\/www.nucleoestudo.ufla.br\/niesp\/index.php\/wp-json\/wp\/v2\/types\/page"}],"author":[{"embeddable":true,"href":"http:\/\/www.nucleoestudo.ufla.br\/niesp\/index.php\/wp-json\/wp\/v2\/users\/2"}],"replies":[{"embeddable":true,"href":"http:\/\/www.nucleoestudo.ufla.br\/niesp\/index.php\/wp-json\/wp\/v2\/comments?post=230"}],"version-history":[{"count":9,"href":"http:\/\/www.nucleoestudo.ufla.br\/niesp\/index.php\/wp-json\/wp\/v2\/pages\/230\/revisions"}],"predecessor-version":[{"id":1061,"href":"http:\/\/www.nucleoestudo.ufla.br\/niesp\/index.php\/wp-json\/wp\/v2\/pages\/230\/revisions\/1061"}],"wp:attachment":[{"href":"http:\/\/www.nucleoestudo.ufla.br\/niesp\/index.php\/wp-json\/wp\/v2\/media?parent=230"}],"curies":[{"name":"wp","href":"https:\/\/api.w.org\/{rel}","templated":true}]}}