{"id":209,"date":"2017-12-12T16:50:49","date_gmt":"2017-12-12T18:50:49","guid":{"rendered":"http:\/\/www.nucleoestudo.ufla.br\/niesp\/?page_id=209"},"modified":"2021-06-11T00:46:12","modified_gmt":"2021-06-11T03:46:12","slug":"siegep","status":"publish","type":"page","link":"http:\/\/www.nucleoestudo.ufla.br\/niesp\/index.php\/siegep\/","title":{"rendered":"SIEGEP"},"content":{"rendered":"<p>Simp\u00f3sio de Inova\u00e7\u00e3o, Empreendedorismo e Setor P\u00fablico &#8211; SIEGEP<\/p>\n<p>&nbsp;<\/p>\n<p><a href=\"https:\/\/www.even3.com.br\/ivsiegep\/\">ACESSE O SITE DO IV SIEGEP (2021)<\/a><\/p>\n<p>&nbsp;<\/p>\n<p style=\"text-align: right;\">ISSN 2595-0444<\/p>\n<ol>\n<li><a href=\"http:\/\/www.nucleoestudo.ufla.br\/niesp\/index.php\/apresentacao\/\">\u00a0Apresenta\u00e7\u00e3o<\/a><\/li>\n<li><strong>\u00a0<\/strong><a href=\"http:\/\/www.nucleoestudo.ufla.br\/niesp\/index.php\/expediente\/\">Expediente<\/a><\/li>\n<li><a href=\"http:\/\/www.nucleoestudo.ufla.br\/niesp\/index.php\/comissao-organizadora\/\">\u00a0Organiza\u00e7\u00e3o<\/a><\/li>\n<li><a href=\"http:\/\/www.nucleoestudo.ufla.br\/niesp\/wp-content\/uploads\/2021\/06\/Regras-para-envio-dos-resumos-2021.pdf\">\u00a0Edital para Submiss\u00e3o de Resumos<\/a><\/li>\n<li>\u00a0<a href=\"http:\/\/www.nucleoestudo.ufla.br\/niesp\/wp-content\/uploads\/2021\/06\/Regras-para-envio-dos-artigos-2021.pdf\">Edital para Submiss\u00e3o de Artigos<\/a><\/li>\n<li>\u00a0<a href=\"http:\/\/www.nucleoestudo.ufla.br\/niesp\/index.php\/anais-do-iv-siegep-2021\/\">Edi\u00e7\u00e3o Atual<\/a><\/li>\n<li>\u00a0<a href=\"http:\/\/www.nucleoestudo.ufla.br\/niesp\/index.php\/edicoes-anteriores\/\">Edi\u00e7\u00f5es Anteriores<\/a><\/li>\n<li>\u00a0<a href=\"http:\/\/www.nucleoestudo.ufla.br\/niesp\/index.php\/endereco-de-contato\/\">Contato<\/a><\/li>\n<\/ol>\n","protected":false},"excerpt":{"rendered":"<p>Simp\u00f3sio de Inova\u00e7\u00e3o, Empreendedorismo e Setor P\u00fablico &#8211; SIEGEP &nbsp; ACESSE O SITE DO IV SIEGEP (2021) &nbsp; ISSN 2595-0444 \u00a0Apresenta\u00e7\u00e3o \u00a0Expediente \u00a0Organiza\u00e7\u00e3o \u00a0Edital para Submiss\u00e3o de Resumos \u00a0Edital para Submiss\u00e3o de Artigos \u00a0Edi\u00e7\u00e3o Atual \u00a0Edi\u00e7\u00f5es Anteriores \u00a0Contato<\/p>\n","protected":false},"author":2,"featured_media":0,"parent":0,"menu_order":0,"comment_status":"closed","ping_status":"closed","template":"","meta":{"footnotes":""},"class_list":["post-209","page","type-page","status-publish","hentry"],"_links":{"self":[{"href":"http:\/\/www.nucleoestudo.ufla.br\/niesp\/index.php\/wp-json\/wp\/v2\/pages\/209","targetHints":{"allow":["GET"]}}],"collection":[{"href":"http:\/\/www.nucleoestudo.ufla.br\/niesp\/index.php\/wp-json\/wp\/v2\/pages"}],"about":[{"href":"http:\/\/www.nucleoestudo.ufla.br\/niesp\/index.php\/wp-json\/wp\/v2\/types\/page"}],"author":[{"embeddable":true,"href":"http:\/\/www.nucleoestudo.ufla.br\/niesp\/index.php\/wp-json\/wp\/v2\/users\/2"}],"replies":[{"embeddable":true,"href":"http:\/\/www.nucleoestudo.ufla.br\/niesp\/index.php\/wp-json\/wp\/v2\/comments?post=209"}],"version-history":[{"count":60,"href":"http:\/\/www.nucleoestudo.ufla.br\/niesp\/index.php\/wp-json\/wp\/v2\/pages\/209\/revisions"}],"predecessor-version":[{"id":1406,"href":"http:\/\/www.nucleoestudo.ufla.br\/niesp\/index.php\/wp-json\/wp\/v2\/pages\/209\/revisions\/1406"}],"wp:attachment":[{"href":"http:\/\/www.nucleoestudo.ufla.br\/niesp\/index.php\/wp-json\/wp\/v2\/media?parent=209"}],"curies":[{"name":"wp","href":"https:\/\/api.w.org\/{rel}","templated":true}]}}