{"id":158,"date":"2017-12-11T16:53:03","date_gmt":"2017-12-11T18:53:03","guid":{"rendered":"http:\/\/www.nucleoestudo.ufla.br\/niesp\/?page_id=158"},"modified":"2018-10-16T16:07:21","modified_gmt":"2018-10-16T19:07:21","slug":"curso-de-bibliometria","status":"publish","type":"page","link":"http:\/\/www.nucleoestudo.ufla.br\/niesp\/index.php\/curso-de-bibliometria\/","title":{"rendered":"Curso de Bibliometria"},"content":{"rendered":"<p>No dia 22 de junho de 2016, das 13h \u00e0s 17h30min, o NIESP- N\u00facleo de estudos em Empreendedorismo e inova\u00e7\u00e3o no Setor P\u00fablico, ligado ao PPGAP\/UFLA e que busca estudar estas \u00e1reas do conhecimento dentro do setor p\u00fablico, promoveu um curso de bibliometria, o qual tem por objetivo capacitar e treinar os membros do n\u00facleo, sobre o uso do software CiteSpace.<\/p>\n<p>O curso teve presen\u00e7a significativa dos membros do n\u00facleo e foi ofertado aos discentes, professores e pesquisadores do NIESP, pelos alunos de Doutorado do PPGA\/UFLA, Jos\u00e9 Willer Do Prado, Valder\u00ed De Castro Alc\u00e2ntara e Lu\u00eds Fernando Silva Andrade.<\/p>\n<p>O CiteSpace \u00e9 um software concebido para responder a perguntas sobre um dom\u00ednio de conhecimento, de uma \u00e1rea de pesquisa, ou uma disciplina cient\u00edfica. Por meio da visualiza\u00e7\u00e3o e an\u00e1lise de tend\u00eancias hist\u00f3ricas, forma\u00e7\u00e3o de redes e busca de padr\u00f5es na literatura cient\u00edfica ele se concentra em encontrar pontos cr\u00edticos no desenvolvimento de um campo de conhecimento cientifico. O CiteSpace facilita a compreens\u00e3o e interpreta\u00e7\u00e3o de padr\u00f5es, incluindo a identifica\u00e7\u00e3o das \u00e1reas tem\u00e1ticas de r\u00e1pido crescimento, encontrando tend\u00eancias e pontos cr\u00edticos no campo de publica\u00e7\u00f5es, padr\u00f5es de colabora\u00e7\u00e3o e \u00e1reas de colabora\u00e7\u00e3o internacional. Assim, o software pode auxiliar discentes, professores e pesquisadores da Gest\u00e3o P\u00fablica na identifica\u00e7\u00e3o de tend\u00eancias e pontos cr\u00edticos no campo de publica\u00e7\u00f5es e em elabora\u00e7\u00f5es de pesquisas de qualidade e impacto na \u00e1rea.<\/p>\n<p>O NIESP, por trabalhar com uma diversidade de temas dentro de grandes \u00e1reas (Empreendedorismo, setor P\u00fablico e Inova\u00e7\u00e3o) buscou ao oferecer esta capacita\u00e7\u00e3o e treinamento aos seus membros, abrir caminhos de pesquisa nestes campos de conhecimento. O n\u00facleo entende que aliar a tecnologia de informa\u00e7\u00e3o \u00e0 gera\u00e7\u00e3o de novos conhecimentos e pr\u00e1ticas de pesquisa \u00e9 fundamental para o desenvolvimento do NIESP e tamb\u00e9m dos cursos de gradua\u00e7\u00e3o e p\u00f3s-gradua\u00e7\u00e3o em Administra\u00e7\u00e3o P\u00fablica da UFLA.<\/p>\n","protected":false},"excerpt":{"rendered":"<p>No dia 22 de junho de 2016, das 13h \u00e0s 17h30min, o NIESP- N\u00facleo de estudos em Empreendedorismo e inova\u00e7\u00e3o no Setor P\u00fablico, ligado ao PPGAP\/UFLA e que busca estudar estas \u00e1reas do conhecimento dentro do setor p\u00fablico, promoveu um curso de bibliometria, o qual tem por objetivo capacitar e treinar os membros do n\u00facleo, &hellip; <a href=\"http:\/\/www.nucleoestudo.ufla.br\/niesp\/index.php\/curso-de-bibliometria\/\" class=\"more-link\">Continue lendo<span class=\"screen-reader-text\"> &#8220;Curso de Bibliometria&#8221;<\/span><\/a><\/p>\n","protected":false},"author":2,"featured_media":0,"parent":0,"menu_order":0,"comment_status":"closed","ping_status":"closed","template":"","meta":{"footnotes":""},"class_list":["post-158","page","type-page","status-publish","hentry"],"_links":{"self":[{"href":"http:\/\/www.nucleoestudo.ufla.br\/niesp\/index.php\/wp-json\/wp\/v2\/pages\/158","targetHints":{"allow":["GET"]}}],"collection":[{"href":"http:\/\/www.nucleoestudo.ufla.br\/niesp\/index.php\/wp-json\/wp\/v2\/pages"}],"about":[{"href":"http:\/\/www.nucleoestudo.ufla.br\/niesp\/index.php\/wp-json\/wp\/v2\/types\/page"}],"author":[{"embeddable":true,"href":"http:\/\/www.nucleoestudo.ufla.br\/niesp\/index.php\/wp-json\/wp\/v2\/users\/2"}],"replies":[{"embeddable":true,"href":"http:\/\/www.nucleoestudo.ufla.br\/niesp\/index.php\/wp-json\/wp\/v2\/comments?post=158"}],"version-history":[{"count":4,"href":"http:\/\/www.nucleoestudo.ufla.br\/niesp\/index.php\/wp-json\/wp\/v2\/pages\/158\/revisions"}],"predecessor-version":[{"id":611,"href":"http:\/\/www.nucleoestudo.ufla.br\/niesp\/index.php\/wp-json\/wp\/v2\/pages\/158\/revisions\/611"}],"wp:attachment":[{"href":"http:\/\/www.nucleoestudo.ufla.br\/niesp\/index.php\/wp-json\/wp\/v2\/media?parent=158"}],"curies":[{"name":"wp","href":"https:\/\/api.w.org\/{rel}","templated":true}]}}