{"id":156,"date":"2017-12-11T16:51:30","date_gmt":"2017-12-11T18:51:30","guid":{"rendered":"http:\/\/www.nucleoestudo.ufla.br\/niesp\/?page_id=156"},"modified":"2017-12-11T16:51:30","modified_gmt":"2017-12-11T18:51:30","slug":"curso-discutindo-empreendedorismo-projeto-empreendedorismo-nas-escolas","status":"publish","type":"page","link":"http:\/\/www.nucleoestudo.ufla.br\/niesp\/index.php\/curso-discutindo-empreendedorismo-projeto-empreendedorismo-nas-escolas\/","title":{"rendered":"Curso \u201cDiscutindo Empreendedorismo\u201d &#8211;\u00a0Projeto Empreendedorismo nas Escolas"},"content":{"rendered":"<p>O Projeto \u201cEmpreendedorismo nas Escolas\u201d, coordenado pela professora Daniela Meirelles Andrade, tendo como integrantes as alunas de gradua\u00e7\u00e3o Lara Alvarenga e Luanda Gomide e a aluna Bic Junior Let\u00edcia Barbosa, atuou em parceria com o grupo do CEDET, \u201cBuscando Solu\u00e7\u00f5es\u201d, o qual \u00e9 coordenado pelo facilitador Geovani N\u00e9meth Torres. A parceria resultou no curso &#8220;Discutindo empreendedorismo&#8221;.<\/p>\n<p>O objetivo do mesmo foi desenvolver conhecimento te\u00f3rico e pr\u00e1tico sob a tem\u00e1tica do empreendedorismo. O p\u00fablico atendido foram alunos de diferentes faixas et\u00e1rias, variando de 10 a 17 anos. Para tanto, foram desenvolvidas v\u00e1rias atividades, entre elas: colagens, din\u00e2micas de grupo, telejornal, elabora\u00e7\u00e3o de textos, debates e troca de experi\u00eancias. Todas as atividades tiveram como foco as perspectivas inerentes ao tema empreendedorismo.<\/p>\n<p>Ao final das atividades alguns alunos expressaram a sua opini\u00e3o em rela\u00e7\u00e3o ao projeto, relatando que \u201cal\u00e9m de trazer conhecimentos a respeito do tema empreendedorismo, o projeto trouxe a ideia de planejamento, elabora\u00e7\u00e3o de planos, o que acabou por ajudar em outras atividades realizadas no cotidiano\u201d (J\u00e9ssica Marino, 14 anos). Al\u00e9m disso, ressaltaram que \u201co projeto traz consigo a ideia de resolu\u00e7\u00e3o de problemas atrav\u00e9s de pr\u00e1ticas de cidadania, que na maioria das vezes s\u00e3o desconhecidas pela popula\u00e7\u00e3o\u201d (Thaciane Alves Silva, 17 anos).<\/p>\n<p>Esta nova experi\u00eancia em parceria com o grupo \u201cBuscando Solu\u00e7\u00f5es\u201d proporcionou \u201cuma rica troca de informa\u00e7\u00f5es que abrangeu o horizonte para a realiza\u00e7\u00e3o de novas atividades e pr\u00e1ticas empreendedoras\u201d (Lara Alvarenga, 21 anos). Seja voc\u00ea tamb\u00e9m uma escola inovadora e aberta a receber estas novas pr\u00e1ticas!!! Entre em contato conosco e agende a nossa visita! A transforma\u00e7\u00e3o agradece!!<\/p>\n","protected":false},"excerpt":{"rendered":"<p>O Projeto \u201cEmpreendedorismo nas Escolas\u201d, coordenado pela professora Daniela Meirelles Andrade, tendo como integrantes as alunas de gradua\u00e7\u00e3o Lara Alvarenga e Luanda Gomide e a aluna Bic Junior Let\u00edcia Barbosa, atuou em parceria com o grupo do CEDET, \u201cBuscando Solu\u00e7\u00f5es\u201d, o qual \u00e9 coordenado pelo facilitador Geovani N\u00e9meth Torres. A parceria resultou no curso &#8220;Discutindo &hellip; <a href=\"http:\/\/www.nucleoestudo.ufla.br\/niesp\/index.php\/curso-discutindo-empreendedorismo-projeto-empreendedorismo-nas-escolas\/\" class=\"more-link\">Continue lendo<span class=\"screen-reader-text\"> &#8220;Curso \u201cDiscutindo Empreendedorismo\u201d &#8211;\u00a0Projeto Empreendedorismo nas Escolas&#8221;<\/span><\/a><\/p>\n","protected":false},"author":2,"featured_media":0,"parent":0,"menu_order":0,"comment_status":"closed","ping_status":"closed","template":"","meta":{"footnotes":""},"class_list":["post-156","page","type-page","status-publish","hentry"],"_links":{"self":[{"href":"http:\/\/www.nucleoestudo.ufla.br\/niesp\/index.php\/wp-json\/wp\/v2\/pages\/156","targetHints":{"allow":["GET"]}}],"collection":[{"href":"http:\/\/www.nucleoestudo.ufla.br\/niesp\/index.php\/wp-json\/wp\/v2\/pages"}],"about":[{"href":"http:\/\/www.nucleoestudo.ufla.br\/niesp\/index.php\/wp-json\/wp\/v2\/types\/page"}],"author":[{"embeddable":true,"href":"http:\/\/www.nucleoestudo.ufla.br\/niesp\/index.php\/wp-json\/wp\/v2\/users\/2"}],"replies":[{"embeddable":true,"href":"http:\/\/www.nucleoestudo.ufla.br\/niesp\/index.php\/wp-json\/wp\/v2\/comments?post=156"}],"version-history":[{"count":1,"href":"http:\/\/www.nucleoestudo.ufla.br\/niesp\/index.php\/wp-json\/wp\/v2\/pages\/156\/revisions"}],"predecessor-version":[{"id":157,"href":"http:\/\/www.nucleoestudo.ufla.br\/niesp\/index.php\/wp-json\/wp\/v2\/pages\/156\/revisions\/157"}],"wp:attachment":[{"href":"http:\/\/www.nucleoestudo.ufla.br\/niesp\/index.php\/wp-json\/wp\/v2\/media?parent=156"}],"curies":[{"name":"wp","href":"https:\/\/api.w.org\/{rel}","templated":true}]}}