{"id":152,"date":"2017-12-11T16:47:41","date_gmt":"2017-12-11T18:47:41","guid":{"rendered":"http:\/\/www.nucleoestudo.ufla.br\/niesp\/?page_id=152"},"modified":"2018-10-16T16:11:17","modified_gmt":"2018-10-16T19:11:17","slug":"curso-de-excel","status":"publish","type":"page","link":"http:\/\/www.nucleoestudo.ufla.br\/niesp\/index.php\/curso-de-excel\/","title":{"rendered":"Curso de Excel"},"content":{"rendered":"<p>O N\u00facleo de Inova\u00e7\u00e3o, Empreendedorismo e Setor P\u00fablico (NIESP) coordenado pela professora Daniela Meirelles Andrade e pelo professor Dany Fl\u00e1vio Tonelli do Departamento de Administra\u00e7\u00e3o e Economia-DAE da Universidade Federal de Lavras-UFLA, realizou no dia 23 de novembro de 2016 um dia de aula sobre o Excel, a qual foi ministrada pelo professor de administra\u00e7\u00e3o da Unilavras, Richardson Coimbra Borges.<\/p>\n<p>A aula aconteceu no per\u00edodo das 13:00 \u00e0s 17:00 da tarde e trouxe como assunto central aspectos b\u00e1sicos da ferramenta do Excel. &#8220;Nesse per\u00edodo foi poss\u00edvel aprender fun\u00e7\u00f5es do programa, al\u00e9m de sanar d\u00favidas, logo, foi uma aula muito \u00fatil e proveitosa&#8221;, diz a integrante do n\u00facleo Milena Carvalho.<\/p>\n<p>O prop\u00f3sito do n\u00facleo \u00e9 promover o aprendizado sobre inova\u00e7\u00e3o no setor p\u00fablico (ou em coprodu\u00e7\u00e3o com o mesmo) e sobre empreendedorismo no setor p\u00fablico (ou coprodu\u00e7\u00e3o com o mesmo), assim como as interfaces desses temas com os processos t\u00e9cnicos, pol\u00edticos e culturais, de modo a possibilitar o debate, a produ\u00e7\u00e3o de conhecimento e a extens\u00e3o universit\u00e1ria no \u00e2mbito da gest\u00e3o p\u00fablica. Nesse contexto, \u00e9 importante que os membros do n\u00facleo tenham dom\u00ednio do Excel, ferramenta que pode ser muito \u00fatil nas pesquisas e na produ\u00e7\u00e3o de conhecimento.<\/p>\n","protected":false},"excerpt":{"rendered":"<p>O N\u00facleo de Inova\u00e7\u00e3o, Empreendedorismo e Setor P\u00fablico (NIESP) coordenado pela professora Daniela Meirelles Andrade e pelo professor Dany Fl\u00e1vio Tonelli do Departamento de Administra\u00e7\u00e3o e Economia-DAE da Universidade Federal de Lavras-UFLA, realizou no dia 23 de novembro de 2016 um dia de aula sobre o Excel, a qual foi ministrada pelo professor de administra\u00e7\u00e3o &hellip; <a href=\"http:\/\/www.nucleoestudo.ufla.br\/niesp\/index.php\/curso-de-excel\/\" class=\"more-link\">Continue lendo<span class=\"screen-reader-text\"> &#8220;Curso de Excel&#8221;<\/span><\/a><\/p>\n","protected":false},"author":2,"featured_media":0,"parent":0,"menu_order":0,"comment_status":"closed","ping_status":"closed","template":"","meta":{"footnotes":""},"class_list":["post-152","page","type-page","status-publish","hentry"],"_links":{"self":[{"href":"http:\/\/www.nucleoestudo.ufla.br\/niesp\/index.php\/wp-json\/wp\/v2\/pages\/152","targetHints":{"allow":["GET"]}}],"collection":[{"href":"http:\/\/www.nucleoestudo.ufla.br\/niesp\/index.php\/wp-json\/wp\/v2\/pages"}],"about":[{"href":"http:\/\/www.nucleoestudo.ufla.br\/niesp\/index.php\/wp-json\/wp\/v2\/types\/page"}],"author":[{"embeddable":true,"href":"http:\/\/www.nucleoestudo.ufla.br\/niesp\/index.php\/wp-json\/wp\/v2\/users\/2"}],"replies":[{"embeddable":true,"href":"http:\/\/www.nucleoestudo.ufla.br\/niesp\/index.php\/wp-json\/wp\/v2\/comments?post=152"}],"version-history":[{"count":2,"href":"http:\/\/www.nucleoestudo.ufla.br\/niesp\/index.php\/wp-json\/wp\/v2\/pages\/152\/revisions"}],"predecessor-version":[{"id":615,"href":"http:\/\/www.nucleoestudo.ufla.br\/niesp\/index.php\/wp-json\/wp\/v2\/pages\/152\/revisions\/615"}],"wp:attachment":[{"href":"http:\/\/www.nucleoestudo.ufla.br\/niesp\/index.php\/wp-json\/wp\/v2\/media?parent=152"}],"curies":[{"name":"wp","href":"https:\/\/api.w.org\/{rel}","templated":true}]}}