{"id":138,"date":"2017-12-06T14:43:45","date_gmt":"2017-12-06T16:43:45","guid":{"rendered":"http:\/\/www.nucleoestudo.ufla.br\/niesp\/?page_id=138"},"modified":"2019-06-08T18:35:07","modified_gmt":"2019-06-08T21:35:07","slug":"cursos","status":"publish","type":"page","link":"http:\/\/www.nucleoestudo.ufla.br\/niesp\/index.php\/cursos\/","title":{"rendered":"Cursos"},"content":{"rendered":"<p>Realizar cursos, eventos, projetos, programas e outras a\u00e7\u00f5es extensionistas, presenciais ou n\u00e3o, que possam contribuir para a constru\u00e7\u00e3o do conhecimento \u00e9 um dos objetivos espec\u00edficos do NIESP previstos no art. 3\u00ba do seu Regimento Interno.<\/p>\n<p>Segue abaixo lista de cursos j\u00e1 promovidos pelo n\u00facleo:<\/p>\n<ul>\n<li><a href=\"http:\/\/www.nucleoestudo.ufla.br\/niesp\/index.php\/2018\/10\/16\/workshop-negocios-de-impacto-social-e-realizado-no-niesp\/\">Workshop Neg\u00f3cios de Impacto Social<\/a><\/li>\n<li><a href=\"http:\/\/www.nucleoestudo.ufla.br\/niesp\/index.php\/curso-de-bibliometria\/\">Curso de Bibliometria para uso do software CiteSpace<\/a><\/li>\n<li><a href=\"http:\/\/www.nucleoestudo.ufla.br\/niesp\/index.php\/curso-discutindo-empreendedorismo-projeto-empreendedorismo-nas-escolas\/\">Curso \u201cDiscutindo Empreendedorismo\u201d &#8211;\u00a0Projeto Empreendedorismo nas Escolas<\/a><\/li>\n<li><a href=\"http:\/\/www.nucleoestudo.ufla.br\/niesp\/index.php\/curso-de-redacao-cientifica\/\">Curso de Reda\u00e7\u00e3o Cient\u00edfica <\/a><\/li>\n<li><a href=\"http:\/\/www.nucleoestudo.ufla.br\/niesp\/index.php\/curso-de-excel\/\">Curso de Excel<\/a><\/li>\n<li><a href=\"http:\/\/www.nucleoestudo.ufla.br\/niesp\/index.php\/2018\/10\/16\/niesp-promove-curso-de-excel-para-seus-membros\/\">Curso de Atualiza\u00e7\u00e3o de Lattes e Edi\u00e7\u00e3o de Imagens<\/a><\/li>\n<li><a href=\"http:\/\/www.nucleoestudo.ufla.br\/niesp\/index.php\/2018\/10\/15\/niesp-promove-workshops-para-seus-integrantes\/\">Workshops<\/a><\/li>\n<li><a href=\"http:\/\/www.nucleoestudo.ufla.br\/niesp\/index.php\/2018\/10\/15\/niesp-realiza-curso-de-pesquisa-bibliografica\/\">Curso de Pesquisa Bibliogr\u00e1fica<\/a><\/li>\n<li><a href=\"http:\/\/www.nucleoestudo.ufla.br\/niesp\/index.php\/2018\/10\/16\/553\/\">Curso de Orat\u00f3ria<\/a><\/li>\n<li><a href=\"http:\/\/www.nucleoestudo.ufla.br\/niesp\/index.php\/2018\/10\/26\/niesp-promoveu-seu-1o-curso-de-normalizacao-de-trabalhos-academicos\/\">Curso de Normaliza\u00e7\u00e3o e Estrutura de Trabalhos Acad\u00eamicos<\/a><\/li>\n<li><a href=\"http:\/\/www.nucleoestudo.ufla.br\/niesp\/index.php\/2019\/06\/08\/curso-de-criatividade-em-edicao-de-conteudo-para-internet\/\">Curso de Criatividade em Edi\u00e7\u00e3o de Conte\u00fado para Internet<\/a><\/li>\n<\/ul>\n","protected":false},"excerpt":{"rendered":"<p>Realizar cursos, eventos, projetos, programas e outras a\u00e7\u00f5es extensionistas, presenciais ou n\u00e3o, que possam contribuir para a constru\u00e7\u00e3o do conhecimento \u00e9 um dos objetivos espec\u00edficos do NIESP previstos no art. 3\u00ba do seu Regimento Interno. Segue abaixo lista de cursos j\u00e1 promovidos pelo n\u00facleo: Workshop Neg\u00f3cios de Impacto Social Curso de Bibliometria para uso do &hellip; <a href=\"http:\/\/www.nucleoestudo.ufla.br\/niesp\/index.php\/cursos\/\" class=\"more-link\">Continue lendo<span class=\"screen-reader-text\"> &#8220;Cursos&#8221;<\/span><\/a><\/p>\n","protected":false},"author":2,"featured_media":0,"parent":0,"menu_order":0,"comment_status":"closed","ping_status":"closed","template":"","meta":{"footnotes":""},"class_list":["post-138","page","type-page","status-publish","hentry"],"_links":{"self":[{"href":"http:\/\/www.nucleoestudo.ufla.br\/niesp\/index.php\/wp-json\/wp\/v2\/pages\/138","targetHints":{"allow":["GET"]}}],"collection":[{"href":"http:\/\/www.nucleoestudo.ufla.br\/niesp\/index.php\/wp-json\/wp\/v2\/pages"}],"about":[{"href":"http:\/\/www.nucleoestudo.ufla.br\/niesp\/index.php\/wp-json\/wp\/v2\/types\/page"}],"author":[{"embeddable":true,"href":"http:\/\/www.nucleoestudo.ufla.br\/niesp\/index.php\/wp-json\/wp\/v2\/users\/2"}],"replies":[{"embeddable":true,"href":"http:\/\/www.nucleoestudo.ufla.br\/niesp\/index.php\/wp-json\/wp\/v2\/comments?post=138"}],"version-history":[{"count":11,"href":"http:\/\/www.nucleoestudo.ufla.br\/niesp\/index.php\/wp-json\/wp\/v2\/pages\/138\/revisions"}],"predecessor-version":[{"id":1127,"href":"http:\/\/www.nucleoestudo.ufla.br\/niesp\/index.php\/wp-json\/wp\/v2\/pages\/138\/revisions\/1127"}],"wp:attachment":[{"href":"http:\/\/www.nucleoestudo.ufla.br\/niesp\/index.php\/wp-json\/wp\/v2\/media?parent=138"}],"curies":[{"name":"wp","href":"https:\/\/api.w.org\/{rel}","templated":true}]}}