{"id":1304,"date":"2020-07-27T02:21:23","date_gmt":"2020-07-27T05:21:23","guid":{"rendered":"http:\/\/www.nucleoestudo.ufla.br\/niesp\/?page_id=1304"},"modified":"2020-07-27T02:38:06","modified_gmt":"2020-07-27T05:38:06","slug":"quem-somos","status":"publish","type":"page","link":"http:\/\/www.nucleoestudo.ufla.br\/niesp\/index.php\/quem-somos\/","title":{"rendered":"Quem somos"},"content":{"rendered":"<p>O projeto empreendedorismo nas escolas \u00e9 um projeto de extens\u00e3o da Universidade Federal de Lavras criado em 2015, coordenado pela Prof.\u00aa Dr.\u00aa Daniela Meirelles Andrade, tendo como objetivo levar o conhecimento acerca do empreendedorismo p\u00fablico e privado aos jovens, a fim de despert\u00e1-los para uma nova reflex\u00e3o diante v\u00e1rias oportunidades de empreender.<\/p>\n<div style=\"width: 640px;\" class=\"wp-video\"><!--[if lt IE 9]><script>document.createElement('video');<\/script><![endif]-->\n<video class=\"wp-video-shortcode\" id=\"video-1304-1\" width=\"640\" height=\"360\" preload=\"metadata\" controls=\"controls\"><source type=\"video\/mp4\" src=\"http:\/\/www.nucleoestudo.ufla.br\/niesp\/wp-content\/uploads\/2020\/07\/Not\u00edcia-empreendedorismo-nas-escolas.mp4?_=1\" \/><a href=\"http:\/\/www.nucleoestudo.ufla.br\/niesp\/wp-content\/uploads\/2020\/07\/Not\u00edcia-empreendedorismo-nas-escolas.mp4\">http:\/\/www.nucleoestudo.ufla.br\/niesp\/wp-content\/uploads\/2020\/07\/Not\u00edcia-empreendedorismo-nas-escolas.mp4<\/a><\/video><\/div>\n","protected":false},"excerpt":{"rendered":"<p>O projeto empreendedorismo nas escolas \u00e9 um projeto de extens\u00e3o da Universidade Federal de Lavras criado em 2015, coordenado pela Prof.\u00aa Dr.\u00aa Daniela Meirelles Andrade, tendo como objetivo levar o conhecimento acerca do empreendedorismo p\u00fablico e privado aos jovens, a fim de despert\u00e1-los para uma nova reflex\u00e3o diante v\u00e1rias oportunidades de empreender. http:\/\/www.nucleoestudo.ufla.br\/niesp\/wp-content\/uploads\/2020\/07\/Not\u00edcia-empreendedorismo-nas-escolas.mp4<\/p>\n","protected":false},"author":8,"featured_media":0,"parent":0,"menu_order":0,"comment_status":"closed","ping_status":"closed","template":"","meta":{"footnotes":""},"class_list":["post-1304","page","type-page","status-publish","hentry"],"_links":{"self":[{"href":"http:\/\/www.nucleoestudo.ufla.br\/niesp\/index.php\/wp-json\/wp\/v2\/pages\/1304","targetHints":{"allow":["GET"]}}],"collection":[{"href":"http:\/\/www.nucleoestudo.ufla.br\/niesp\/index.php\/wp-json\/wp\/v2\/pages"}],"about":[{"href":"http:\/\/www.nucleoestudo.ufla.br\/niesp\/index.php\/wp-json\/wp\/v2\/types\/page"}],"author":[{"embeddable":true,"href":"http:\/\/www.nucleoestudo.ufla.br\/niesp\/index.php\/wp-json\/wp\/v2\/users\/8"}],"replies":[{"embeddable":true,"href":"http:\/\/www.nucleoestudo.ufla.br\/niesp\/index.php\/wp-json\/wp\/v2\/comments?post=1304"}],"version-history":[{"count":2,"href":"http:\/\/www.nucleoestudo.ufla.br\/niesp\/index.php\/wp-json\/wp\/v2\/pages\/1304\/revisions"}],"predecessor-version":[{"id":1326,"href":"http:\/\/www.nucleoestudo.ufla.br\/niesp\/index.php\/wp-json\/wp\/v2\/pages\/1304\/revisions\/1326"}],"wp:attachment":[{"href":"http:\/\/www.nucleoestudo.ufla.br\/niesp\/index.php\/wp-json\/wp\/v2\/media?parent=1304"}],"curies":[{"name":"wp","href":"https:\/\/api.w.org\/{rel}","templated":true}]}}