{"id":1176,"date":"2019-07-16T16:47:23","date_gmt":"2019-07-16T19:47:23","guid":{"rendered":"http:\/\/www.nucleoestudo.ufla.br\/niesp\/?page_id=1176"},"modified":"2019-08-06T13:48:33","modified_gmt":"2019-08-06T16:48:33","slug":"anais-do-iii-siegep-2019","status":"publish","type":"page","link":"http:\/\/www.nucleoestudo.ufla.br\/niesp\/index.php\/anais-do-iii-siegep-2019\/","title":{"rendered":"Anais do III Siegep &#8211; 2019"},"content":{"rendered":"<p style=\"text-align: right;\">ISSN 2595-0444<\/p>\n<p><a href=\"https:\/\/drive.google.com\/file\/d\/1ndikmFAqOitEOd2p1ZEeIkdLXAPQYdGf\/view?usp=sharing\"><strong>Edi\u00e7\u00e3o Completa do <\/strong><strong>SIEGEP<\/strong><strong>-2019<\/strong><\/a><\/p>\n<p><strong>Sum\u00e1rio<\/strong><\/p>\n<p><strong>RESUMOS:<\/strong><\/p>\n<p><a href=\"http:\/\/www.nucleoestudo.ufla.br\/niesp\/wp-content\/uploads\/2019\/07\/Anais-do-III-Simp\u00f3sio-de-Inova\u00e7\u00e3o-Empreendedorismo-e-Gest\u00e3o-P\u00fablica-11.pdf\"><strong>A CONSTRU\u00c7\u00c3O DE UM CHECKLIST PARA O SIMP\u00d3SIO DE INOVA\u00c7\u00c3O E EMPREENDEDORISMO NO SETOR P\u00daBLICO<\/strong><\/a><br \/>\n<em>Autores: <\/em>Ana Luisa Fonseca Val\u00e9rio; Daniela Meirelles Andrade<\/p>\n<p><a href=\"http:\/\/www.nucleoestudo.ufla.br\/niesp\/wp-content\/uploads\/2019\/07\/Anais-do-III-Simp\u00f3sio-de-Inova\u00e7\u00e3o-Empreendedorismo-e-Gest\u00e3o-P\u00fablica-12.pdf\"><strong>A CONSTRU\u00c7\u00c3O METODOL\u00d3GICA DO PROJETO EMPREENDEDORISMO NA ESCOLA<\/strong><\/a><br \/>\n<em>Autores: <\/em>Gabrielly Fernandes Ribeiro; Daniela Meirelles Andrade; Monique Scalco Soares Siqueira; Ana Lu\u00edsa Val\u00e9rio<\/p>\n<p><a href=\"http:\/\/www.nucleoestudo.ufla.br\/niesp\/wp-content\/uploads\/2019\/07\/Anais-do-III-Simp\u00f3sio-de-Inova\u00e7\u00e3o-Empreendedorismo-e-Gest\u00e3o-P\u00fablica-13.pdf\"><strong>A INFLU\u00caNCIA DAS DISCIPLINAS DE ENSINO E DO EST\u00c1GIO DOC\u00caNCIA NA FORMA\u00c7\u00c3O DOCENTE<\/strong><\/a><br \/>\n<em>Autores:<\/em> Camila de Assis Silva; Elisabeth Thaiane Tercino de Ara\u00fajo; Luiz Marcelo Antonialli; Daniela Meirelles Andrade; Val\u00e9ria da Gl\u00f3ria Pereira Brito<\/p>\n<p><a href=\"http:\/\/www.nucleoestudo.ufla.br\/niesp\/wp-content\/uploads\/2019\/07\/Anais-do-III-Simp\u00f3sio-de-Inova\u00e7\u00e3o-Empreendedorismo-e-Gest\u00e3o-P\u00fablica-14.pdf\"><strong>A PERCEP\u00c7\u00c3O DOS ENVOLVIDOS COM O PROJETO EMPREENDEDORISMO NA ESCOLA<\/strong><\/a><br \/>\n<em>Autoras:<\/em> Ana Luisa Fonseca Val\u00e9rio; Daniela Meirelles Andrade; Monique Scalco Soares Siqueira; Gabrielly Fernandes Ribeiro<\/p>\n<p><a href=\"http:\/\/www.nucleoestudo.ufla.br\/niesp\/wp-content\/uploads\/2019\/07\/Anais-do-III-Simp\u00f3sio-de-Inova\u00e7\u00e3o-Empreendedorismo-e-Gest\u00e3o-P\u00fablica-15.pdf\"><strong>A UTILIZA\u00c7\u00c3O DO ASSENTAMENTO FUNCIONAL DIGITAL ENQUANTO INOVA\u00c7\u00c3O QUE AUXILIA NO CUMPRIMENTO DA LEI DE ACESSO \u00c0 INFORMA\u00c7\u00c3O<\/strong><\/a><br \/>\n<em>Autores:<\/em> Vanessa de Souza Silva; Ana Claudia Dutra; Luiz Fl\u00e1vio Felizardo<\/p>\n<p><a href=\"http:\/\/www.nucleoestudo.ufla.br\/niesp\/wp-content\/uploads\/2019\/08\/Anais-do-III-Simp\u00f3sio-de-Inova\u00e7\u00e3o-Empreendedorismo-e-Gest\u00e3o-P\u00fablica-16.pdf\"><strong>A\u00c7\u00d5ES EMPREENDEDORAS NA SECRETARIA DE EDUCA\u00c7\u00c3O DE UM MUNIC\u00cdPIO LOCALIZADO NO SUL DE MINAS GERAIS: UM OLHAR PARA O ENSINO FUNDAMENTAL<\/strong><\/a><br \/>\n<em>Autoras:<\/em> Luciana Tereza de Morais Silva; Daniela Meirelles Andrade; Luciana dos Santos Vieira<\/p>\n<p><a href=\"http:\/\/www.nucleoestudo.ufla.br\/niesp\/wp-content\/uploads\/2019\/08\/Anais-do-III-Simp\u00f3sio-de-Inova\u00e7\u00e3o-Empreendedorismo-e-Gest\u00e3o-P\u00fablica-17.pdf\"><strong>A\u00c7\u00d5ES EMPREENDEDORAS: AN\u00c1LISE DE PROJETOS EDUCACIONAIS EM DIFERENTES N\u00cdVEIS DE GEST\u00c3O<\/strong><\/a><br \/>\n<em>Autoras:<\/em> Milena Carvalho Ferreira; Daniela Meirelles Andrade<\/p>\n<p><a href=\"http:\/\/www.nucleoestudo.ufla.br\/niesp\/wp-content\/uploads\/2019\/08\/Anais-do-III-Simp\u00f3sio-de-Inova\u00e7\u00e3o-Empreendedorismo-e-Gest\u00e3o-P\u00fablica-18.pdf\"><strong>A\u00c7\u00d5ES EMPREENDEDORAS: UM PROJETO NA EDUCA\u00c7\u00c3O INFANTIL DO MUNIC\u00cdPIO DE LAVRAS-MG<\/strong><\/a><br \/>\n<em>Autoras:<\/em> Sara Cristiny Machado; Daniela Meirelles Andrade; Camila de Assis Silva<\/p>\n<p><a href=\"http:\/\/www.nucleoestudo.ufla.br\/niesp\/wp-content\/uploads\/2019\/07\/Anais-do-III-Simp\u00f3sio-de-Inova\u00e7\u00e3o-Empreendedorismo-e-Gest\u00e3o-P\u00fablica-19.pdf\"><strong>AN\u00c1LISE DA GEST\u00c3O DE ESTOQUE: ESTUDO DE CASO EM UMA COOPERATIVA AGROPECU\u00c1RIA<\/strong><\/a><br \/>\n<em>Autores:<\/em> Carlos Alberto S\u00e1nchez Vallejo; Daiane Ferreira Arantes Beraldo; Vin\u00edcius Batista Gon\u00e7alves<\/p>\n<p><a href=\"http:\/\/www.nucleoestudo.ufla.br\/niesp\/wp-content\/uploads\/2019\/07\/Anais-do-III-Simp\u00f3sio-de-Inova\u00e7\u00e3o-Empreendedorismo-e-Gest\u00e3o-P\u00fablica-20.pdf\"><strong>AVALIA\u00c7\u00c3O DO CAPITAL DE GIRO: UM ESTUDO DE CASO EM UMA EMPRESA DE PEQUENO PORTE<\/strong><\/a><br \/>\n<em>Autores:<\/em> Daiane Ferreira Arantes Beraldo; Vin\u00edcius Batista Gon\u00e7alves; Carlos Alberto Sanchez Vallejo<\/p>\n<p><a href=\"http:\/\/www.nucleoestudo.ufla.br\/niesp\/wp-content\/uploads\/2019\/07\/Anais-do-III-Simp\u00f3sio-de-Inova\u00e7\u00e3o-Empreendedorismo-e-Gest\u00e3o-P\u00fablica-21.pdf\"><strong>FATORES E VARI\u00c1VEIS QUE OCASIONAM INADIMPL\u00caNCIA PESSOAL E EMPRESARIAL<\/strong><\/a><br \/>\n<em>Autores:<\/em> Breno Laureano De Melo; Daiane Ferreira Arantes Beraldo; Emanuelli Ribeiro Lopes; Luiz Guilherme Rodrigues Antunes<\/p>\n<p><a href=\"http:\/\/www.nucleoestudo.ufla.br\/niesp\/wp-content\/uploads\/2019\/07\/Anais-do-III-Simp\u00f3sio-de-Inova\u00e7\u00e3o-Empreendedorismo-e-Gest\u00e3o-P\u00fablica-22.pdf\"><strong>GEST\u00c3O DA CULTURA POR MEIO DOS CONSELHOS DE POL\u00cdTICA CULTURAL<\/strong><\/a><br \/>\n<em>Autoras:<\/em> Larissa Antunes Zanotti; Luciana Braga Silveira; J\u00falia Moretto Am\u00e2ncio<\/p>\n<p><a href=\"http:\/\/www.nucleoestudo.ufla.br\/niesp\/wp-content\/uploads\/2019\/07\/Anais-do-III-Simp\u00f3sio-de-Inova\u00e7\u00e3o-Empreendedorismo-e-Gest\u00e3o-P\u00fablica-23.pdf\"><strong>GEST\u00c3O DE SERVI\u00c7OS P\u00daBLICOS: SISTEMA NACIONAL DE APRENDIZAGEM RURAL \u2013 SENAR MINAS<\/strong><\/a><br \/>\n<em>Autora:<\/em> Milena Abreu \u00c1vila<\/p>\n<p><a href=\"http:\/\/www.nucleoestudo.ufla.br\/niesp\/wp-content\/uploads\/2019\/07\/Anais-do-III-Simp\u00f3sio-de-Inova\u00e7\u00e3o-Empreendedorismo-e-Gest\u00e3o-P\u00fablica-24.pdf\"><strong>INDICADORES DE SUCESSO PARA O <em>CROWDFUNDING<\/em> \u2013 UMA REVIS\u00c3O SISTEM\u00c1TICA DA LITERATURA<\/strong><\/a><br \/>\n<em>Autores:<\/em> Tha\u00edsa Barcellos Pinheiro do Nascimento; Andr\u00e9 Gr\u00fctzmann; Alyce Cardoso Campos; Helena Resgala Neves<\/p>\n<p><a href=\"http:\/\/www.nucleoestudo.ufla.br\/niesp\/wp-content\/uploads\/2019\/07\/Anais-do-III-Simp\u00f3sio-de-Inova\u00e7\u00e3o-Empreendedorismo-e-Gest\u00e3o-P\u00fablica-25.pdf\"><strong>MARKETING DIGITAL PARA <em>CROWDFUNDING<\/em>: COMO UTILIZAR O FACEBOOK COMO FERRAMENTA DE DIVULGA\u00c7\u00c3O DE CAMPANHAS<\/strong><\/a><br \/>\n<em>Autores:<\/em> Tha\u00edsa Barcellos Pinheiro do Nascimento; Alyce Cardoso Campos; Everton Leonardo de Almeida; Andr\u00e9 Gr\u00fctzmann; Paulo Henrique Montagnana Vicente Leme; Helena Resgala Neves<\/p>\n<p><a href=\"http:\/\/www.nucleoestudo.ufla.br\/niesp\/wp-content\/uploads\/2019\/07\/Anais-do-III-Simp\u00f3sio-de-Inova\u00e7\u00e3o-Empreendedorismo-e-Gest\u00e3o-P\u00fablica-26.pdf\"><strong>OS DESAFIOS DA DOC\u00caNCIA NO ENSINO SUPERIOR: UMA DISCUSS\u00c3O NO \u00c2MBITO DA ADMINISTRA\u00c7\u00c3O<\/strong><\/a><br \/>\n<em>Autores:<\/em> Elisabeth Thaiane Tercino de Ara\u00fajo; Camila de Assis Silva; Val\u00e9ria da Gl\u00f3ria Pereira Brito; Daniela Meirelles Andrade<\/p>\n<p><a href=\"http:\/\/www.nucleoestudo.ufla.br\/niesp\/wp-content\/uploads\/2019\/07\/Anais-do-III-Simp\u00f3sio-de-Inova\u00e7\u00e3o-Empreendedorismo-e-Gest\u00e3o-P\u00fablica-27.pdf\"><strong>PANORAMA E MAPEAMENTO DE PLATAFORMAS DE <em>CROWDFUNDING<\/em> BRASILEIRO<\/strong><\/a><br \/>\n<em>Autores:<\/em> Tha\u00edsa Barcellos Pinheiro do Nascimento; Alyce Cardoso Campos; Marcelo Oliveira Junior; Andr\u00e9 Gr\u00fctzmann; Helena Resgala Neves<\/p>\n<p><a href=\"http:\/\/www.nucleoestudo.ufla.br\/niesp\/wp-content\/uploads\/2019\/07\/Anais-do-III-Simp\u00f3sio-de-Inova\u00e7\u00e3o-Empreendedorismo-e-Gest\u00e3o-P\u00fablica-28.pdf\"><strong>PR\u00c1TICAS DE GOVERNAN\u00c7A CORPORATIVA APLICADAS EM UM INSTITUTO FEDERAL DE ENSINO<\/strong><\/a><br \/>\n<em>Autores:<\/em> Daiane Ferreira Arantes Beraldo; Igor Neves Nunes; Luiz Guilherme Rodrigues Antunes; Nichollas Emanuel do Nascimento Alves<\/p>\n<p><strong>ARTIGOS:<\/strong><\/p>\n<p><a href=\"http:\/\/www.nucleoestudo.ufla.br\/niesp\/wp-content\/uploads\/2019\/07\/Anais-do-III-Simp\u00f3sio-de-Inova\u00e7\u00e3o-Empreendedorismo-e-Gest\u00e3o-P\u00fablica-30-41.pdf\"><strong>A AVALIA\u00c7\u00c3O DO PROGRAMA JOVENS EMPREENDEDORES NAS ESCOLAS P\u00daBLICAS DE S\u00c3O ROQUE DE MINAS<\/strong><\/a><br \/>\n<em>Autores:<\/em> Valm\u00f3rio Lima J\u00fanior; Daniela Meirelles Andrade; Andressa Aparecida Santana Furtini; Vin\u00edcius Batista Gon\u00e7alves; Luciana dos Santos Vieira<\/p>\n<p><a href=\"http:\/\/www.nucleoestudo.ufla.br\/niesp\/wp-content\/uploads\/2019\/07\/Anais-do-III-Simp\u00f3sio-de-Inova\u00e7\u00e3o-Empreendedorismo-e-Gest\u00e3o-P\u00fablica-42-51.pdf\"><strong>A IMPORT\u00c2NCIA DA GEST\u00c3O DE ESTOQUE PARA A PRESTA\u00c7\u00c3O DE SERVI\u00c7OS DE SA\u00daDE: O CASO DO PSF 03<\/strong><\/a><br \/>\n<em>Autores:<\/em> F\u00e1bio J\u00fanior Miranda; Daniela Meirelles Andrade; Camila de Assis Silva; Vin\u00edcius Batista Gon\u00e7alves<\/p>\n<p><a href=\"http:\/\/www.nucleoestudo.ufla.br\/niesp\/wp-content\/uploads\/2019\/07\/Anais-do-III-Simp\u00f3sio-de-Inova\u00e7\u00e3o-Empreendedorismo-e-Gest\u00e3o-P\u00fablica-52-63.pdf\"><strong>A PR\u00c1TICA DA DEMOCRACIA DELIBERATIVA NAS CIDADES INTELIGENTES POR MEIO DA UTILIZA\u00c7\u00c3O DE CELULARES<\/strong><\/a><br \/>\n<em>Autores:<\/em> Luiz Fl\u00e1vio Felizardo; Jos\u00e9 Roberto Pereira; Vanessa de Souza Silva<\/p>\n<p><a href=\"http:\/\/www.nucleoestudo.ufla.br\/niesp\/wp-content\/uploads\/2019\/08\/Anais-do-III-Simp\u00f3sio-de-Inova\u00e7\u00e3o-Empreendedorismo-e-Gest\u00e3o-P\u00fablica-64-74.pdf\"><strong>A\u00c7\u00d5ES EMPREENDEDORAS: UM ESTUDO DE CASO NA SECRETARIA DE EDUCA\u00c7\u00c3O DE VARGINHA-MG<\/strong><\/a><br \/>\n<em>Autores:<\/em> Afonso Jos\u00e9 Duarte; Daniela Meirelles Andrade; Priscilla Oliveira Nascimento<\/p>\n<p><a href=\"http:\/\/www.nucleoestudo.ufla.br\/niesp\/wp-content\/uploads\/2019\/07\/Anais-do-III-Simp\u00f3sio-de-Inova\u00e7\u00e3o-Empreendedorismo-e-Gest\u00e3o-P\u00fablica-75-85.pdf\"><strong>AN\u00c1LISE DA POL\u00cdTICA P\u00daBLICA PARA O COMBATE DO MOSQUITO <em>AEDES <\/em>NO MUNIC\u00cdPIO DE CAMPOS GERAIS &#8211; MG<\/strong><\/a><br \/>\n<em>Autores:<\/em> Dalys Ricardo Rabelo; Daniela Meirelles Andrade; Luciana dos Santos Vieira; Priscilla Oliveira Nascimento; Vinicius Batista Gon\u00e7alves<\/p>\n<p><a href=\"http:\/\/www.nucleoestudo.ufla.br\/niesp\/wp-content\/uploads\/2019\/07\/Anais-do-III-Simp\u00f3sio-de-Inova\u00e7\u00e3o-Empreendedorismo-e-Gest\u00e3o-P\u00fablica-86-95.pdf\"><strong>APLICA\u00c7\u00c3O DO LOTE ECON\u00d4MICO DE COMPRAS: ESTUDO DE CASO EM UMA EMPRESA VAREJISTA DE PRODUTOS SANEANTES DOMISSANIT\u00c1RIOS<\/strong><\/a><br \/>\n<em>Autores:<\/em> Su\u00e9lly Freitas Cruz; Let\u00edcia Renata Costa; Marcos Ant\u00f4nio Alves<\/p>\n<p><a href=\"http:\/\/www.nucleoestudo.ufla.br\/niesp\/wp-content\/uploads\/2019\/07\/Anais-do-III-Simp\u00f3sio-de-Inova\u00e7\u00e3o-Empreendedorismo-e-Gest\u00e3o-P\u00fablica-96-104.pdf\"><strong>CRIA\u00c7\u00c3O DE PROPOSTA DE VALOR PARA MODELAGEM DE NEG\u00d3CIOS: UM ESTUDO APLICADO<\/strong><\/a><br \/>\n<em>Autora: <\/em>Glaucia Nesio<\/p>\n<p><a href=\"http:\/\/www.nucleoestudo.ufla.br\/niesp\/wp-content\/uploads\/2019\/07\/Anais-do-III-Simp\u00f3sio-de-Inova\u00e7\u00e3o-Empreendedorismo-e-Gest\u00e3o-P\u00fablica-105-112.pdf\"><strong>GEST\u00c3O DE ESTOQUE: ESTUDO SOBRE MEDICAMENTOS DE UMA FARM\u00c1CIA DO MUNIC\u00cdPIO DE ARCOS-MG, FRANQUEADA A UMA GRANDE REDE FARMAC\u00caUTICA<\/strong><\/a><br \/>\n<em>Autores: <\/em>Luciene Oliveira; Rodrigo Francino da Silva; Sabrina Luiza Leal; Milena Silva Oliveira; Marcos Ant\u00f4nio Alves<\/p>\n<p><a href=\"http:\/\/www.nucleoestudo.ufla.br\/niesp\/wp-content\/uploads\/2019\/07\/Anais-do-III-Simp\u00f3sio-de-Inova\u00e7\u00e3o-Empreendedorismo-e-Gest\u00e3o-P\u00fablica-113-123.pdf\"><strong>IMPACTO DE DISCIPLINAS DE EMPREENDEDORISMO BASEADAS NA ABORDAGEM DO DESIGN THINKING NA INTEN\u00c7\u00c3O EMPREENDEDORA DE ESTUDANTES DE CURSOS DE GRADUA\u00c7\u00c3O<\/strong><\/a><br \/>\n<em>Autores: <\/em>Karen Cristine Fernandes; Miguel Rivera Peres J\u00fanior<\/p>\n<p><a href=\"http:\/\/www.nucleoestudo.ufla.br\/niesp\/wp-content\/uploads\/2019\/07\/Anais-do-III-Simp\u00f3sio-de-Inova\u00e7\u00e3o-Empreendedorismo-e-Gest\u00e3o-P\u00fablica-124-134.pdf\"><strong>M\u00c9TODO SARIMA APLICADO PARA PREVIS\u00c3O DE DEMANDA EM UMA LOJA VAREJISTA DE ALIMENTOS NATURAIS<\/strong><\/a><br \/>\n<em>Autores: <\/em>\u00c1lvaro de Aquino Santos; Daiane Ferreira Arantes Beraldo; Henrique Dhoni de Oliveira; Marcos Ant\u00f4nio Alves; Sara Em\u00edlia da Silva<\/p>\n<p><a href=\"http:\/\/www.nucleoestudo.ufla.br\/niesp\/wp-content\/uploads\/2019\/07\/Anais-do-III-Simp\u00f3sio-de-Inova\u00e7\u00e3o-Empreendedorismo-e-Gest\u00e3o-P\u00fablica-135-144.pdf\"><strong>O SUBS\u00cdDIO NA ADMINISTRA\u00c7\u00c3O P\u00daBLICA: UMA AN\u00c1LISE PERANTE O PRINC\u00cdPIO CONSTITUCIONAL DA EFICI\u00caNCIA<\/strong><\/a><br \/>\n<em>Autores: <\/em>Leiner Marchetti Pereira; N\u00e9lida Reis Caseca Machado; Milena Abreu Avila; Vin\u00edcius Batista Gon\u00e7alves<\/p>\n<p><a href=\"http:\/\/www.nucleoestudo.ufla.br\/niesp\/wp-content\/uploads\/2019\/07\/Anais-do-III-Simp\u00f3sio-de-Inova\u00e7\u00e3o-Empreendedorismo-e-Gest\u00e3o-P\u00fablica-145-153.pdf\"><strong>O USO DA ARBITRAGEM PELA ADMINISTRA\u00c7\u00c3O P\u00daBLICA: UMA AN\u00c1LISE SOB A PERSPECTIVA DOS PRINC\u00cdPIOS BASILARES DO DIREITO ADMINISTRATIVO E DO PRINC\u00cdPIO CONSTITUCIONAL DA EFICI\u00caNCIA<\/strong><\/a><br \/>\n<em>Autores: <\/em>Isabel Cristina de Resende Salgado; Paulo Ant\u00f4nio de Carvalho; Iago Batista Gon\u00e7alves; Vin\u00edcius Batista Gon\u00e7alves; N\u00e9lida Reis Caseca Machado; Daiane Ferreira Arantes Beraldo<\/p>\n","protected":false},"excerpt":{"rendered":"<p>ISSN 2595-0444 Edi\u00e7\u00e3o Completa do SIEGEP-2019 Sum\u00e1rio RESUMOS: A CONSTRU\u00c7\u00c3O DE UM CHECKLIST PARA O SIMP\u00d3SIO DE INOVA\u00c7\u00c3O E EMPREENDEDORISMO NO SETOR P\u00daBLICO Autores: Ana Luisa Fonseca Val\u00e9rio; Daniela Meirelles Andrade A CONSTRU\u00c7\u00c3O METODOL\u00d3GICA DO PROJETO EMPREENDEDORISMO NA ESCOLA Autores: Gabrielly Fernandes Ribeiro; Daniela Meirelles Andrade; Monique Scalco Soares Siqueira; Ana Lu\u00edsa Val\u00e9rio A INFLU\u00caNCIA &hellip; <a href=\"http:\/\/www.nucleoestudo.ufla.br\/niesp\/index.php\/anais-do-iii-siegep-2019\/\" class=\"more-link\">Continue lendo<span class=\"screen-reader-text\"> &#8220;Anais do III Siegep &#8211; 2019&#8221;<\/span><\/a><\/p>\n","protected":false},"author":2,"featured_media":0,"parent":0,"menu_order":0,"comment_status":"closed","ping_status":"closed","template":"","meta":{"footnotes":""},"class_list":["post-1176","page","type-page","status-publish","hentry"],"_links":{"self":[{"href":"http:\/\/www.nucleoestudo.ufla.br\/niesp\/index.php\/wp-json\/wp\/v2\/pages\/1176","targetHints":{"allow":["GET"]}}],"collection":[{"href":"http:\/\/www.nucleoestudo.ufla.br\/niesp\/index.php\/wp-json\/wp\/v2\/pages"}],"about":[{"href":"http:\/\/www.nucleoestudo.ufla.br\/niesp\/index.php\/wp-json\/wp\/v2\/types\/page"}],"author":[{"embeddable":true,"href":"http:\/\/www.nucleoestudo.ufla.br\/niesp\/index.php\/wp-json\/wp\/v2\/users\/2"}],"replies":[{"embeddable":true,"href":"http:\/\/www.nucleoestudo.ufla.br\/niesp\/index.php\/wp-json\/wp\/v2\/comments?post=1176"}],"version-history":[{"count":11,"href":"http:\/\/www.nucleoestudo.ufla.br\/niesp\/index.php\/wp-json\/wp\/v2\/pages\/1176\/revisions"}],"predecessor-version":[{"id":1202,"href":"http:\/\/www.nucleoestudo.ufla.br\/niesp\/index.php\/wp-json\/wp\/v2\/pages\/1176\/revisions\/1202"}],"wp:attachment":[{"href":"http:\/\/www.nucleoestudo.ufla.br\/niesp\/index.php\/wp-json\/wp\/v2\/media?parent=1176"}],"curies":[{"name":"wp","href":"https:\/\/api.w.org\/{rel}","templated":true}]}}