{"id":100,"date":"2017-12-05T11:57:55","date_gmt":"2017-12-05T13:57:55","guid":{"rendered":"http:\/\/www.nucleoestudo.ufla.br\/niesp\/?page_id=100"},"modified":"2021-10-07T20:07:07","modified_gmt":"2021-10-07T23:07:07","slug":"noticias","status":"publish","type":"page","link":"http:\/\/www.nucleoestudo.ufla.br\/niesp\/index.php\/noticias\/","title":{"rendered":"Not\u00edcias"},"content":{"rendered":"<p><a href=\"http:\/\/www.nucleoestudo.ufla.br\/niesp\/index.php\/2021\/10\/07\/corrupcao-e-empreendedorismo-uma-agenda-para-futuras-investigacoes\/\">Corrup\u00e7\u00e3o e Empreendedorismo: Uma Agenda para Futuras Investiga\u00e7\u00f5es<\/a><\/p>\n<p>IVSIEGEP<\/p>\n<p><a href=\"http:\/\/www.nucleoestudo.ufla.br\/niesp\/index.php\/2020\/11\/06\/projeto-empreendedorismo-na-escola-em-acao-novidades-para-o-semestre-2020-2\/\">Projeto \u201cEmpreendedorismo na Escola\u201d em a\u00e7\u00e3o: novidades para o semestre 2020\/2<\/a><\/p>\n<p><a href=\"http:\/\/www.nucleoestudo.ufla.br\/niesp\/index.php\/2020\/10\/26\/artigo-acoes-desempenhadas-pela-administracao-publica-em-um-municipio-de-minas-gerais-para-lidar-com-a-pandemia-da-covid-19-aprovado-no-xxiii-semead\/\">Artigo &#8220;A\u00e7\u00f5es desempenhadas pela Administra\u00e7\u00e3o P\u00fablica em um munic\u00edpio de Minas Gerais para lidar com a pandemia da Covid-19&#8221; aprovado no XXIII SEMEAD<\/a><\/p>\n<p><a href=\"http:\/\/www.nucleoestudo.ufla.br\/niesp\/index.php\/2020\/07\/30\/artigo-inovacao-e-co-criacao-a-perspectiva-de-especialistas-da-administracao-publica-federal-e-aprovado-no-enanpad-2020\/\">Artigo &#8220;Inova\u00e7\u00e3o e co-cria\u00e7\u00e3o: a perspectiva de especialistas da administra\u00e7\u00e3o p\u00fablica federal&#8221; \u00e9 aprovado no EnANPAD 2020<\/a><\/p>\n<p><a href=\"http:\/\/www.nucleoestudo.ufla.br\/niesp\/index.php\/2020\/07\/21\/integrantes-do-projeto-acoes-empreendedoras-aprovam-artigos-no-xliv-encontro-da-anpad-enanpad\/\">Integrantes do projeto &#8220;A\u00e7\u00f5es Empreendedoras&#8221; aprovam artigos no XLIV Encontro da ANPAD (EnANPAD)<\/a><\/p>\n<p><a href=\"http:\/\/www.nucleoestudo.ufla.br\/niesp\/index.php\/2020\/07\/21\/integrantes-do-projeto-acoes-empreendedoras-aprovam-artigos-no-xliv-encontro-da-anpad-enanpad\/\">Artigos aprovados no XLIV Encontro da ANPAD (EnANPAD)<\/a><\/p>\n<p><a href=\"http:\/\/www.nucleoestudo.ufla.br\/niesp\/index.php\/2019\/06\/08\/iii-siegep-programacao-cientifica\/\">III Siegep: Programa\u00e7\u00e3o cient\u00edfica<\/a><\/p>\n<p><a href=\"http:\/\/www.nucleoestudo.ufla.br\/niesp\/index.php\/2019\/06\/08\/iii-siegep-sorteio\/\">III Siegep: Sorteio<\/a><\/p>\n<p><a href=\"http:\/\/www.nucleoestudo.ufla.br\/niesp\/index.php\/2019\/06\/08\/iii-siegep-programacao-completa\/\">III Siegep: Programa\u00e7\u00e3o completa<\/a><\/p>\n<p><a href=\"http:\/\/www.nucleoestudo.ufla.br\/niesp\/?p=1081&amp;preview=true\">III Siegep: Mesa redonda<\/a><\/p>\n<p><a href=\"http:\/\/www.nucleoestudo.ufla.br\/niesp\/index.php\/2019\/04\/10\/valores-do-iii-siegep\/\">III Siegep: Valores<\/a><\/p>\n<p><a href=\"http:\/\/www.nucleoestudo.ufla.br\/niesp\/index.php\/2019\/04\/05\/submissoes-do-iii-siegep\/\">III Siegep: Submiss\u00f5es<\/a><\/p>\n<p><a href=\"http:\/\/www.nucleoestudo.ufla.br\/niesp\/index.php\/2019\/04\/05\/vem-ai-o-iii-simposio-de-inovacao-empreendedorismo-e-setor-publico\/\">Vem a\u00ed o III Simp\u00f3sio de Inova\u00e7\u00e3o, Empreendedorismo e Gest\u00e3o P\u00fablica!<\/a><\/p>\n<p><a href=\"http:\/\/www.nucleoestudo.ufla.br\/niesp\/index.php\/2019\/06\/08\/curso-de-criatividade-em-edicao-de-conteudo-para-internet\/\">Curso de Criatividade em Edi\u00e7\u00e3o de Conte\u00fado para Internet foi ministrado para membros do Niesp<\/a><\/p>\n<p><a href=\"http:\/\/www.nucleoestudo.ufla.br\/niesp\/index.php\/2019\/04\/05\/resultado-processo-seletivo-2019-1\/\">Resultado Processo Seletivo 2019\/1<\/a><\/p>\n<p><a href=\"http:\/\/www.nucleoestudo.ufla.br\/niesp\/index.php\/2019\/03\/24\/inscricoes-abertas-para-o-processo-seletivo-do-niesp\/\">Inscri\u00e7\u00f5es abertas para o processo seletivo do Niesp!<\/a><\/p>\n<p><a href=\"http:\/\/www.nucleoestudo.ufla.br\/niesp\/index.php\/2019\/03\/24\/empreendedorismo-na-escola-projeto-iniciou-as-atividades-de-2019\/\">Empreendedorismo na Escola: projeto iniciou as atividades de 2019<\/a><\/p>\n<p><a href=\"http:\/\/www.nucleoestudo.ufla.br\/niesp\/index.php\/2019\/03\/24\/projeto-de-pesquisa-sobre-inovacao-realizado-pelo-prof-dr-dany-flavio-tonelli\/\">Projeto de pesquisa sobre inova\u00e7\u00e3o realizado pelo Prof. Dr. Dany Fl\u00e1vio Tonelli<\/a><\/p>\n<p><a href=\"http:\/\/www.nucleoestudo.ufla.br\/niesp\/index.php\/2019\/03\/24\/projeto-empreendedorismo-nas-escolas-principais-resultados\/\">Projeto Empreendedorismo nas Escolas: principais resultados<\/a><\/p>\n<p><a href=\"http:\/\/www.nucleoestudo.ufla.br\/niesp\/index.php\/2018\/12\/18\/projeto-acoes-empreendedoras-desenvolveu-cartilha-de-boas-praticas-para-a-gestao-escolar\/\">Projeto a\u00e7\u00f5es empreendedoras desenvolveu cartilha de Boas Pr\u00e1ticas para a Gest\u00e3o Escolar<\/a><\/p>\n<p><a href=\"http:\/\/www.nucleoestudo.ufla.br\/niesp\/index.php\/2019\/03\/24\/niesp-realiza-primeira-imersao-para-seus-integrantes\/\">Niesp realiza primeira imers\u00e3o para seus integrantes<\/a><\/p>\n<p><a href=\"http:\/\/www.nucleoestudo.ufla.br\/niesp\/index.php\/2018\/11\/21\/niesp-realizou-workshop-de-integracao-entre-seus-membros\/\">Niesp realizou Workshop de Integra\u00e7\u00e3o entre seus membros<\/a><\/p>\n<p><a href=\"http:\/\/www.nucleoestudo.ufla.br\/niesp\/index.php\/2019\/03\/24\/ufla-faz-extensao\/\">UFLA Faz Extens\u00e3o<\/a><\/p>\n<p><a href=\"http:\/\/www.nucleoestudo.ufla.br\/niesp\/index.php\/2019\/03\/24\/projeto-empreendedorismo-na-escola-realizou-a-i-feira-de-empreendedores-mirins\/\">Projeto Empreendedorismo na Escola realizou a I Feira de Empreendedores Mirins<\/a><\/p>\n<p><a href=\"http:\/\/www.nucleoestudo.ufla.br\/niesp\/index.php\/2019\/03\/24\/grupo-de-estudos-da-ufla-realiza-feira-de-empreendedorismo-mirim-em-escola-municipal\/\">Grupo de estudos da UFLA realiza feira de empreendedorismo mirim em escola municipal<\/a><\/p>\n<p><a href=\"http:\/\/www.nucleoestudo.ufla.br\/niesp\/index.php\/2018\/11\/13\/niesp-realizou-curso-de-oratoria-no-cotidiano-no-ultimo-sabado-10-11\/\">Niesp realizou curso de orat\u00f3ria no cotidiano no \u00faltimo s\u00e1bado (10\/11)<\/a><\/p>\n<p><a href=\"http:\/\/www.nucleoestudo.ufla.br\/niesp\/index.php\/2018\/10\/26\/niesp-promoveu-seu-1o-curso-de-normalizacao-de-trabalhos-academicos\/\">Niesp realizou seu 1\u00ba Curso de normaliza\u00e7\u00e3o de trabalhos acad\u00eamicos<\/a><\/p>\n<p><a href=\"http:\/\/www.nucleoestudo.ufla.br\/niesp\/index.php\/2018\/10\/16\/553\/\">Niesp promover\u00e1 curso de orat\u00f3ria em 10\/11- inscri\u00e7\u00f5es abertas<\/a><\/p>\n<p><a href=\"http:\/\/www.nucleoestudo.ufla.br\/niesp\/index.php\/2018\/10\/16\/1a-acao-social-do-niesp-e-promovida-em-nepomuceno-mg\/\">1\u00aa A\u00e7\u00e3o Social do Niesp \u00e9 promovida em Nepomuceno\/MG<\/a><\/p>\n<p><a href=\"http:\/\/www.nucleoestudo.ufla.br\/niesp\/index.php\/2018\/10\/16\/1a-acao-social-do-niesp-sera-promovida-em-9-10\/\">1\u00aa A\u00e7\u00e3o Social do Niesp ser\u00e1 promovida em 9\/10<\/a><\/p>\n<p><a href=\"http:\/\/www.nucleoestudo.ufla.br\/niesp\/index.php\/2018\/10\/15\/483\/\">Niesp promove apresenta\u00e7\u00e3o para ingressantes no curso de Administra\u00e7\u00e3o P\u00fablica\u00a0<\/a><\/p>\n<p><a href=\"http:\/\/www.nucleoestudo.ufla.br\/niesp\/index.php\/2018\/10\/15\/projeto-acoes-empreendedoras-foi-destaque-no-g1-sul-de-minas\/\">Projeto A\u00e7\u00f5es Empreendedoras foi destaque no G1 Sul de Minas<\/a><\/p>\n<p><a href=\"http:\/\/www.nucleoestudo.ufla.br\/niesp\/index.php\/2019\/03\/24\/participacao-de-membros-do-niesp-no-projeto-camara-mirim\/\">Participa\u00e7\u00e3o de membros do Niesp no Projeto C\u00e2mara Mirim<\/a><\/p>\n<p><a href=\"http:\/\/www.nucleoestudo.ufla.br\/niesp\/index.php\/2018\/06\/13\/ii-simposio-de-inovacao-empreendedorismo-e-gestao-publica-e-realizado-na-ufla\/\">II Simp\u00f3sio de Inova\u00e7\u00e3o, Empreendedorismo e Gest\u00e3o P\u00fablica \u00e9 realizado na UFLA<\/a><\/p>\n<p><a href=\"http:\/\/www.nucleoestudo.ufla.br\/niesp\/index.php\/2018\/10\/15\/inscricoes-abertas-para-o-ii-simposio-de-inovacao-empreendedorismo-e-gestao-publica-da-ufla\/\">Inscri\u00e7\u00f5es abertas para o II Simp\u00f3sio em Inova\u00e7\u00e3o, Empreendedorismo e Gest\u00e3o P\u00fablica da UFLA<\/a><\/p>\n<p><a href=\"http:\/\/www.nucleoestudo.ufla.br\/niesp\/index.php\/2018\/10\/15\/niesp-realiza-curso-de-pesquisa-bibliografica\/\">Niesp realiza curso de pesquisa bibliogr\u00e1fica<\/a><\/p>\n<p><a href=\"http:\/\/www.nucleoestudo.ufla.br\/niesp\/index.php\/2019\/03\/24\/projeto-coordenado-pela-professora-daniela-meirelles-realiza-rodadas-de-entrevistas-nas-secretarias-de-educacao\/\">Projeto coordenado pela professora Daniela Meirelles realiza rodadas de entrevistas nas Secretarias de Educa\u00e7\u00e3o<\/a><\/p>\n<p><a href=\"http:\/\/www.nucleoestudo.ufla.br\/niesp\/index.php\/2018\/10\/15\/niesp-promove-workshops-para-seus-integrantes\/\">Niesp promove workshops para seus integrantes<\/a><\/p>\n<p><a href=\"http:\/\/www.nucleoestudo.ufla.br\/niesp\/index.php\/2018\/10\/16\/niesp-promove-curso-de-excel-para-seus-membros\/\">Niesp promove curso de atualiza\u00e7\u00e3o de lattes e edi\u00e7\u00e3o de imagens para seus membros<\/a><\/p>\n<p><a href=\"http:\/\/www.nucleoestudo.ufla.br\/niesp\/index.php\/2018\/10\/16\/abertas-as-inscricoes-para-o-processo-seletivo-do-niesp\/\">Abertas as inscri\u00e7\u00f5es para o processo seletivo do Niesp<\/a><\/p>\n<p><a href=\"http:\/\/www.nucleoestudo.ufla.br\/niesp\/index.php\/2018\/10\/15\/i-simposio-de-inovacao-empreendedorismo-e-gestao-publica-e-realizado-na-ufla\/\">I Simp\u00f3sio de Inova\u00e7\u00e3o, Empreendedorismo e Gest\u00e3o P\u00fablica \u00e9 realizado na UFLA<\/a><\/p>\n<p><a href=\"http:\/\/www.nucleoestudo.ufla.br\/niesp\/index.php\/2018\/10\/16\/niesp-realiza-apresentacao-no-ufla-de-portas-abertas\/\">Niesp realiza apresenta\u00e7\u00e3o no &#8220;UFLA de Portas Abertas&#8221;<\/a><\/p>\n<p style=\"text-align: left;\"><a href=\"http:\/\/www.nucleoestudo.ufla.br\/niesp\/index.php\/2018\/10\/15\/509\/\">I Simp\u00f3sio em Inova\u00e7\u00e3o, Empreendedorismo e Gest\u00e3o P\u00fablica ser\u00e1 realizado em 28\/06<\/a><\/p>\n<p><a href=\"http:\/\/www.nucleoestudo.ufla.br\/niesp\/index.php\/2018\/10\/15\/nucleo-de-inovacao-empreendedorismo-e-setor-publico-completa-um-ano-de-atuacao\/\">N\u00facleo de Inova\u00e7\u00e3o, Empreendedorismo e Setor P\u00fablico completa um ano de atua\u00e7\u00e3o<\/a><\/p>\n<p><a href=\"http:\/\/www.nucleoestudo.ufla.br\/niesp\/index.php\/2018\/10\/16\/niesp-se-apresenta-para-ingressantes-do-curso-de-administracao-publica\/\">Niesp se apresenta para ingressantes do curso de Administra\u00e7\u00e3o P\u00fablica<\/a><\/p>\n<p><a href=\"http:\/\/www.nucleoestudo.ufla.br\/niesp\/index.php\/curso-de-excel\/\">Curso de excel \u00e9 promovido para membros do Niesp<\/a><\/p>\n<p><a href=\"http:\/\/www.nucleoestudo.ufla.br\/niesp\/index.php\/2018\/10\/16\/niesp-abre-processo-seletivo-inscricoes-ate-21-10\/\">Niesp abre processo seletivo- inscri\u00e7\u00f5es at\u00e9 21\/10<\/a><\/p>\n<p><a href=\"http:\/\/www.nucleoestudo.ufla.br\/niesp\/index.php\/curso-de-redacao-cientifica\/\">Curso de reda\u00e7\u00e3o cient\u00edfico \u00e9 realizado pelo Niesp<\/a><\/p>\n<p><a href=\"http:\/\/www.nucleoestudo.ufla.br\/niesp\/index.php\/2018\/10\/15\/niesp-promove-curso-de-redacao-cientifica\/\">Niesp promover\u00e1 curso de reda\u00e7\u00e3o cient\u00edfica<\/a><\/p>\n<p><a href=\"http:\/\/www.nucleoestudo.ufla.br\/niesp\/index.php\/curso-de-bibliometria\/\">Curso de bibliometria \u00e9 ministrado para membros do Niesp<\/a><\/p>\n<p><a href=\"http:\/\/www.nucleoestudo.ufla.br\/niesp\/index.php\/2018\/10\/16\/workshop-negocios-de-impacto-social-e-realizado-no-niesp\/\">Workshop Neg\u00f3cios de Impacto Social \u00e9 realizado no Niesp<\/a><\/p>\n<p><a href=\"http:\/\/www.nucleoestudo.ufla.br\/niesp\/index.php\/curso-discutindo-empreendedorismo-projeto-empreendedorismo-nas-escolas\/\">Projeto Empreendedorismo nas Escolas promove curso &#8220;Discutindo Empreendedorismo&#8221;<\/a><\/p>\n<p><a href=\"http:\/\/www.nucleoestudo.ufla.br\/niesp\/index.php\/2018\/10\/15\/nucleo-em-inovacao-empreendedorismo-e-setor-publico-e-criado-na-ufla\/\">N\u00facleo em Inova\u00e7\u00e3o, Empreendedorismo e Setor P\u00fablico \u00e9 criado na UFLA<\/a><\/p>\n","protected":false},"excerpt":{"rendered":"<p>Corrup\u00e7\u00e3o e Empreendedorismo: Uma Agenda para Futuras Investiga\u00e7\u00f5es IVSIEGEP Projeto \u201cEmpreendedorismo na Escola\u201d em a\u00e7\u00e3o: novidades para o semestre 2020\/2 Artigo &#8220;A\u00e7\u00f5es desempenhadas pela Administra\u00e7\u00e3o P\u00fablica em um munic\u00edpio de Minas Gerais para lidar com a pandemia da Covid-19&#8221; aprovado no XXIII SEMEAD Artigo &#8220;Inova\u00e7\u00e3o e co-cria\u00e7\u00e3o: a perspectiva de especialistas da administra\u00e7\u00e3o p\u00fablica federal&#8221; &hellip; <a href=\"http:\/\/www.nucleoestudo.ufla.br\/niesp\/index.php\/noticias\/\" class=\"more-link\">Continue lendo<span class=\"screen-reader-text\"> &#8220;Not\u00edcias&#8221;<\/span><\/a><\/p>\n","protected":false},"author":2,"featured_media":0,"parent":0,"menu_order":0,"comment_status":"closed","ping_status":"closed","template":"","meta":{"footnotes":""},"class_list":["post-100","page","type-page","status-publish","hentry"],"_links":{"self":[{"href":"http:\/\/www.nucleoestudo.ufla.br\/niesp\/index.php\/wp-json\/wp\/v2\/pages\/100","targetHints":{"allow":["GET"]}}],"collection":[{"href":"http:\/\/www.nucleoestudo.ufla.br\/niesp\/index.php\/wp-json\/wp\/v2\/pages"}],"about":[{"href":"http:\/\/www.nucleoestudo.ufla.br\/niesp\/index.php\/wp-json\/wp\/v2\/types\/page"}],"author":[{"embeddable":true,"href":"http:\/\/www.nucleoestudo.ufla.br\/niesp\/index.php\/wp-json\/wp\/v2\/users\/2"}],"replies":[{"embeddable":true,"href":"http:\/\/www.nucleoestudo.ufla.br\/niesp\/index.php\/wp-json\/wp\/v2\/comments?post=100"}],"version-history":[{"count":81,"href":"http:\/\/www.nucleoestudo.ufla.br\/niesp\/index.php\/wp-json\/wp\/v2\/pages\/100\/revisions"}],"predecessor-version":[{"id":1474,"href":"http:\/\/www.nucleoestudo.ufla.br\/niesp\/index.php\/wp-json\/wp\/v2\/pages\/100\/revisions\/1474"}],"wp:attachment":[{"href":"http:\/\/www.nucleoestudo.ufla.br\/niesp\/index.php\/wp-json\/wp\/v2\/media?parent=100"}],"curies":[{"name":"wp","href":"https:\/\/api.w.org\/{rel}","templated":true}]}}