{"id":874,"date":"2023-03-01T19:58:54","date_gmt":"2023-03-01T22:58:54","guid":{"rendered":"http:\/\/www.nucleoestudo.ufla.br\/nepec\/?page_id=874"},"modified":"2023-03-02T20:42:23","modified_gmt":"2023-03-02T23:42:23","slug":"vi-ciclo-de-palestras","status":"publish","type":"page","link":"http:\/\/www.nucleoestudo.ufla.br\/nepec\/vi-ciclo-de-palestras\/","title":{"rendered":"VI Ciclo de palestras"},"content":{"rendered":"\n<figure class=\"wp-block-image size-large is-style-default\"><img decoding=\"async\" loading=\"lazy\" width=\"1024\" height=\"768\" src=\"http:\/\/www.nucleoestudo.ufla.br\/nepec\/wp-content\/uploads\/2023\/03\/WhatsApp-Image-2023-03-02-at-19.56.34-1024x768.jpeg\" alt=\"\" class=\"wp-image-916\" srcset=\"http:\/\/www.nucleoestudo.ufla.br\/nepec\/wp-content\/uploads\/2023\/03\/WhatsApp-Image-2023-03-02-at-19.56.34-1024x768.jpeg 1024w, http:\/\/www.nucleoestudo.ufla.br\/nepec\/wp-content\/uploads\/2023\/03\/WhatsApp-Image-2023-03-02-at-19.56.34-300x225.jpeg 300w, http:\/\/www.nucleoestudo.ufla.br\/nepec\/wp-content\/uploads\/2023\/03\/WhatsApp-Image-2023-03-02-at-19.56.34-768x576.jpeg 768w, http:\/\/www.nucleoestudo.ufla.br\/nepec\/wp-content\/uploads\/2023\/03\/WhatsApp-Image-2023-03-02-at-19.56.34-1536x1152.jpeg 1536w, http:\/\/www.nucleoestudo.ufla.br\/nepec\/wp-content\/uploads\/2023\/03\/WhatsApp-Image-2023-03-02-at-19.56.34.jpeg 1600w\" sizes=\"(max-width: 706px) 89vw, (max-width: 767px) 82vw, 740px\" \/><\/figure>\n\n\n\n<p><strong>VI Ciclo de palestras em pecu\u00e1ria de corte<\/strong> realizado nos dias 01 e 02\/02\/2023 na Universidade Federal de Lavras (UFLA)<\/p>\n\n\n\n<p class=\"has-text-align-left has-text-color\" style=\"color:#07324a\">O evento foi marcado por abordagens de temas atuais e relevantes na \u00e1rea de bovinocultura de corte frente \u00e0 quest\u00f5es ambientais com abordagem de estrat\u00e9gias assertivas de suplementa\u00e7\u00e3o proteica, intensifica\u00e7\u00e3o da fase de cria, qualidade da carne frente \u00e0s novas dieta e mitiga\u00e7\u00f5es de gases do efeito estufa na pecu\u00e1ria.<\/p>\n\n\n\n<p>Temas:<\/p>\n\n\n\n<div class=\"wp-block-group is-layout-flow wp-block-group-is-layout-flow\"><div class=\"wp-block-group__inner-container\">\n<p><strong>Prof. Dr. Erick Darlisson Batista<\/strong> &#8211; &#8220;Utiliza\u00e7\u00e3o da prote\u00edna suplementar na nutri\u00e7\u00e3o de bovinos de corte em pastejo&#8221;<\/p>\n\n\n\n<p><strong>Dr. Bruno Grossi Costa Homem<\/strong> &#8211; &#8220;Gases do efeito estufa na pecu\u00e1ria: um enfoque no metano ent\u00e9rico&#8221;<\/p>\n\n\n\n<p><strong>Prof. Dr. Marcio Machado Ladeira<\/strong> &#8211; &#8220;Qualidade da carne frente \u00e0s novas dietas dos confinamentos brasileiros&#8221;<\/p>\n\n\n\n<p><strong>Dra. Karolina Batista Nascimento<\/strong> &#8211; &#8220;Intensifica\u00e7\u00e3o da fase de cria na bovinocultura de corte como estrat\u00e9gia assertiva para redu\u00e7\u00e3o dos impactos ambientais&#8221;<\/p>\n\n\n\n<p><\/p>\n\n\n\n<p class=\"has-text-align-right\">A comiss\u00e3o organizadora do evento agradece a participa\u00e7\u00e3o de todos e aos patrocinadores. At\u00e9 o pr\u00f3ximo evento!!!<\/p>\n<\/div><\/div>\n","protected":false},"excerpt":{"rendered":"<p>VI Ciclo de palestras em pecu\u00e1ria de corte realizado nos dias 01 e 02\/02\/2023 na Universidade Federal de Lavras (UFLA) O evento foi marcado por abordagens de temas atuais e relevantes na \u00e1rea de bovinocultura de corte frente \u00e0 quest\u00f5es ambientais com abordagem de estrat\u00e9gias assertivas de suplementa\u00e7\u00e3o proteica, intensifica\u00e7\u00e3o da fase de cria, qualidade &hellip; <\/p>\n<p class=\"link-more\"><a href=\"http:\/\/www.nucleoestudo.ufla.br\/nepec\/vi-ciclo-de-palestras\/\" class=\"more-link\">Continue lendo<span class=\"screen-reader-text\"> &#8220;VI Ciclo de palestras&#8221;<\/span><\/a><\/p>\n","protected":false},"author":7,"featured_media":0,"parent":0,"menu_order":0,"comment_status":"closed","ping_status":"closed","template":"","meta":{"footnotes":""},"_links":{"self":[{"href":"http:\/\/www.nucleoestudo.ufla.br\/nepec\/wp-json\/wp\/v2\/pages\/874"}],"collection":[{"href":"http:\/\/www.nucleoestudo.ufla.br\/nepec\/wp-json\/wp\/v2\/pages"}],"about":[{"href":"http:\/\/www.nucleoestudo.ufla.br\/nepec\/wp-json\/wp\/v2\/types\/page"}],"author":[{"embeddable":true,"href":"http:\/\/www.nucleoestudo.ufla.br\/nepec\/wp-json\/wp\/v2\/users\/7"}],"replies":[{"embeddable":true,"href":"http:\/\/www.nucleoestudo.ufla.br\/nepec\/wp-json\/wp\/v2\/comments?post=874"}],"version-history":[{"count":8,"href":"http:\/\/www.nucleoestudo.ufla.br\/nepec\/wp-json\/wp\/v2\/pages\/874\/revisions"}],"predecessor-version":[{"id":936,"href":"http:\/\/www.nucleoestudo.ufla.br\/nepec\/wp-json\/wp\/v2\/pages\/874\/revisions\/936"}],"wp:attachment":[{"href":"http:\/\/www.nucleoestudo.ufla.br\/nepec\/wp-json\/wp\/v2\/media?parent=874"}],"curies":[{"name":"wp","href":"https:\/\/api.w.org\/{rel}","templated":true}]}}