{"id":379,"date":"2021-05-08T15:44:39","date_gmt":"2021-05-08T18:44:39","guid":{"rendered":"http:\/\/www.nucleoestudo.ufla.br\/nepec\/?page_id=379"},"modified":"2021-09-21T22:34:29","modified_gmt":"2021-09-22T01:34:29","slug":"conheca-o-nepec-i-nucleo-de-estudos-em-pecuaria-de-corte","status":"publish","type":"page","link":"http:\/\/www.nucleoestudo.ufla.br\/nepec\/","title":{"rendered":"Conhe\u00e7a o N\u00facleo de Estudos em Pecu\u00e1ria de Corte (NEPEC)"},"content":{"rendered":"\n<figure class=\"wp-block-embed aligncenter is-type-video is-provider-youtube wp-block-embed-youtube wp-embed-aspect-16-9 wp-has-aspect-ratio\"><div class=\"wp-block-embed__wrapper\">\n<iframe loading=\"lazy\" title=\"NEPEC - V\u00eddeo Institucional\" width=\"525\" height=\"295\" src=\"https:\/\/www.youtube.com\/embed\/rFmuVZ_Pn84?feature=oembed\" frameborder=\"0\" allow=\"accelerometer; autoplay; clipboard-write; encrypted-media; gyroscope; picture-in-picture\" allowfullscreen><\/iframe>\n<\/div><\/figure>\n\n\n\n<p class=\"has-text-align-center\">N\u00f3s somos o N\u00facleo de Estudos em Pecu\u00e1ria de Corte da Universidade Federal de Lavras (UFLA). Confira um pouco sobre a hist\u00f3ria do NEPEC e nossas linhas de pesquisa atrav\u00e9s do nosso v\u00eddeo institucional (acima).<\/p>\n","protected":false},"excerpt":{"rendered":"<p>N\u00f3s somos o N\u00facleo de Estudos em Pecu\u00e1ria de Corte da Universidade Federal de Lavras (UFLA). Confira um pouco sobre a hist\u00f3ria do NEPEC e nossas linhas de pesquisa atrav\u00e9s do nosso v\u00eddeo institucional (acima).<\/p>\n","protected":false},"author":7,"featured_media":0,"parent":0,"menu_order":0,"comment_status":"closed","ping_status":"closed","template":"","meta":{"footnotes":""},"_links":{"self":[{"href":"http:\/\/www.nucleoestudo.ufla.br\/nepec\/wp-json\/wp\/v2\/pages\/379"}],"collection":[{"href":"http:\/\/www.nucleoestudo.ufla.br\/nepec\/wp-json\/wp\/v2\/pages"}],"about":[{"href":"http:\/\/www.nucleoestudo.ufla.br\/nepec\/wp-json\/wp\/v2\/types\/page"}],"author":[{"embeddable":true,"href":"http:\/\/www.nucleoestudo.ufla.br\/nepec\/wp-json\/wp\/v2\/users\/7"}],"replies":[{"embeddable":true,"href":"http:\/\/www.nucleoestudo.ufla.br\/nepec\/wp-json\/wp\/v2\/comments?post=379"}],"version-history":[{"count":6,"href":"http:\/\/www.nucleoestudo.ufla.br\/nepec\/wp-json\/wp\/v2\/pages\/379\/revisions"}],"predecessor-version":[{"id":837,"href":"http:\/\/www.nucleoestudo.ufla.br\/nepec\/wp-json\/wp\/v2\/pages\/379\/revisions\/837"}],"wp:attachment":[{"href":"http:\/\/www.nucleoestudo.ufla.br\/nepec\/wp-json\/wp\/v2\/media?parent=379"}],"curies":[{"name":"wp","href":"https:\/\/api.w.org\/{rel}","templated":true}]}}