{"id":221,"date":"2017-07-29T23:30:35","date_gmt":"2017-07-30T02:30:35","guid":{"rendered":"http:\/\/www.nucleoestudo.ufla.br\/nepec\/?page_id=221"},"modified":"2023-03-27T07:50:59","modified_gmt":"2023-03-27T10:50:59","slug":"conheca-o-rebanho","status":"publish","type":"page","link":"http:\/\/www.nucleoestudo.ufla.br\/nepec\/conheca-o-rebanho\/","title":{"rendered":"Nosso rebanho"},"content":{"rendered":"\n<h2 class=\"wp-block-heading\">Ra\u00e7a Tabapu\u00e3<\/h2>\n\n\n\n<p>A ra\u00e7a Tabapu\u00e3 foi formada nos idos da d\u00e9cada de 1940 na Fazenda \u00c1gua Milagrosa, no munic\u00edpio de Tabapu\u00e3, S\u00e3o Paulo, da qual deriva seu nome, a partir de animais vindos de Goi\u00e1s e que j\u00e1 apresentavam o car\u00e1ter mocho. S\u00e3o animais mochos, de pelagem branca, de \u00edndole tranquila, bons produtores de carne e detentores de carca\u00e7as pesadas. \u00c9 a ra\u00e7a zebu\u00edna que mais participou de provas zoot\u00e9cnicas.<\/p>\n\n\n\n<p>O rebanho da UFLA fundado no ano de 2008 conta na sua forma\u00e7\u00e3o com animais oriundos dos seguintes criat\u00f3rios: Fazenda \u00c1gua Milagrosa (GTRT), Tabapu\u00e3 do C\u00f3rrego \u2013 Fazenda C\u00f3rrego de Santa Cec\u00edlia (CSC), Tabapu\u00e3 Morada do Prata (PRT), Tabapu\u00e3 TRO (TRO) e de um criat\u00f3rio tradicional da regi\u00e3o de Oliveira \u2013 MG, Tabapu\u00e3 do Coca (ALD). Mais recentemente contou com a doa\u00e7\u00e3o de touros do Tabapu\u00e3 do Gregg (GREG) e da Fazenda e Haras Muro de Pedra (FHMP). Atualmente o rebanho da Institui\u00e7\u00e3o j\u00e1 possui animais com mais de tr\u00eas gera\u00e7\u00f5es nascidos na UFLA e com s\u00e9rie pr\u00f3pria (UFLT).<\/p>\n\n\n\n<p>Os animais s\u00e3o registrados juntos \u00e0 Associa\u00e7\u00e3o Brasileira de Criadores de Zebu (ABCZ), mediante visita do t\u00e9cnico e participam do Programa de Melhoramento Gen\u00e9tico das Ra\u00e7as Zebu\u00ednas (PMGZ). O rebanho total gira em torno de 70 cabe\u00e7as e est\u00e1 em processo de estabiliza\u00e7\u00e3o. Os animais s\u00e3o utilizados didaticamente em aulas pr\u00e1ticas \u00e0 comunidade acad\u00eamica e em experimentos conduzidos por p\u00f3s-graduandos integrantes do NEPEC&nbsp;e&nbsp;NEFOR.<\/p>\n\n\n\n<p><\/p>\n\n\n\n<figure class=\"wp-block-gallery columns-6 is-cropped wp-block-gallery-1 is-layout-flex wp-block-gallery-is-layout-flex\"><ul class=\"blocks-gallery-grid\"><li class=\"blocks-gallery-item\"><figure><a href=\"http:\/\/www.nucleoestudo.ufla.br\/nepec\/wp-content\/uploads\/2021\/09\/9.jpg\"><img decoding=\"async\" loading=\"lazy\" width=\"1080\" height=\"1080\" src=\"http:\/\/www.nucleoestudo.ufla.br\/nepec\/wp-content\/uploads\/2021\/09\/9.jpg\" alt=\"\" data-id=\"440\" class=\"wp-image-440\" srcset=\"http:\/\/www.nucleoestudo.ufla.br\/nepec\/wp-content\/uploads\/2021\/09\/9.jpg 1080w, http:\/\/www.nucleoestudo.ufla.br\/nepec\/wp-content\/uploads\/2021\/09\/9-300x300.jpg 300w, http:\/\/www.nucleoestudo.ufla.br\/nepec\/wp-content\/uploads\/2021\/09\/9-1024x1024.jpg 1024w, http:\/\/www.nucleoestudo.ufla.br\/nepec\/wp-content\/uploads\/2021\/09\/9-150x150.jpg 150w, http:\/\/www.nucleoestudo.ufla.br\/nepec\/wp-content\/uploads\/2021\/09\/9-768x768.jpg 768w, http:\/\/www.nucleoestudo.ufla.br\/nepec\/wp-content\/uploads\/2021\/09\/9-100x100.jpg 100w\" sizes=\"(max-width: 706px) 89vw, (max-width: 767px) 82vw, 740px\" \/><\/a><\/figure><\/li><li class=\"blocks-gallery-item\"><figure><a href=\"http:\/\/www.nucleoestudo.ufla.br\/nepec\/wp-content\/uploads\/2021\/09\/10.jpg\"><img decoding=\"async\" loading=\"lazy\" width=\"1080\" height=\"1080\" src=\"http:\/\/www.nucleoestudo.ufla.br\/nepec\/wp-content\/uploads\/2021\/09\/10.jpg\" alt=\"\" data-id=\"441\" class=\"wp-image-441\" srcset=\"http:\/\/www.nucleoestudo.ufla.br\/nepec\/wp-content\/uploads\/2021\/09\/10.jpg 1080w, http:\/\/www.nucleoestudo.ufla.br\/nepec\/wp-content\/uploads\/2021\/09\/10-300x300.jpg 300w, http:\/\/www.nucleoestudo.ufla.br\/nepec\/wp-content\/uploads\/2021\/09\/10-1024x1024.jpg 1024w, http:\/\/www.nucleoestudo.ufla.br\/nepec\/wp-content\/uploads\/2021\/09\/10-150x150.jpg 150w, http:\/\/www.nucleoestudo.ufla.br\/nepec\/wp-content\/uploads\/2021\/09\/10-768x768.jpg 768w, http:\/\/www.nucleoestudo.ufla.br\/nepec\/wp-content\/uploads\/2021\/09\/10-100x100.jpg 100w\" sizes=\"(max-width: 706px) 89vw, (max-width: 767px) 82vw, 740px\" \/><\/a><\/figure><\/li><li class=\"blocks-gallery-item\"><figure><a href=\"http:\/\/www.nucleoestudo.ufla.br\/nepec\/wp-content\/uploads\/2021\/09\/11.jpg\"><img decoding=\"async\" loading=\"lazy\" width=\"1080\" height=\"1080\" src=\"http:\/\/www.nucleoestudo.ufla.br\/nepec\/wp-content\/uploads\/2021\/09\/11.jpg\" alt=\"\" data-id=\"442\" class=\"wp-image-442\" srcset=\"http:\/\/www.nucleoestudo.ufla.br\/nepec\/wp-content\/uploads\/2021\/09\/11.jpg 1080w, http:\/\/www.nucleoestudo.ufla.br\/nepec\/wp-content\/uploads\/2021\/09\/11-300x300.jpg 300w, http:\/\/www.nucleoestudo.ufla.br\/nepec\/wp-content\/uploads\/2021\/09\/11-1024x1024.jpg 1024w, http:\/\/www.nucleoestudo.ufla.br\/nepec\/wp-content\/uploads\/2021\/09\/11-150x150.jpg 150w, http:\/\/www.nucleoestudo.ufla.br\/nepec\/wp-content\/uploads\/2021\/09\/11-768x768.jpg 768w, http:\/\/www.nucleoestudo.ufla.br\/nepec\/wp-content\/uploads\/2021\/09\/11-100x100.jpg 100w\" sizes=\"(max-width: 706px) 89vw, (max-width: 767px) 82vw, 740px\" \/><\/a><\/figure><\/li><li class=\"blocks-gallery-item\"><figure><a href=\"http:\/\/www.nucleoestudo.ufla.br\/nepec\/wp-content\/uploads\/2021\/09\/13.jpg\"><img decoding=\"async\" loading=\"lazy\" width=\"1080\" height=\"1080\" src=\"http:\/\/www.nucleoestudo.ufla.br\/nepec\/wp-content\/uploads\/2021\/09\/13.jpg\" alt=\"\" data-id=\"444\" class=\"wp-image-444\" srcset=\"http:\/\/www.nucleoestudo.ufla.br\/nepec\/wp-content\/uploads\/2021\/09\/13.jpg 1080w, http:\/\/www.nucleoestudo.ufla.br\/nepec\/wp-content\/uploads\/2021\/09\/13-300x300.jpg 300w, http:\/\/www.nucleoestudo.ufla.br\/nepec\/wp-content\/uploads\/2021\/09\/13-1024x1024.jpg 1024w, http:\/\/www.nucleoestudo.ufla.br\/nepec\/wp-content\/uploads\/2021\/09\/13-150x150.jpg 150w, http:\/\/www.nucleoestudo.ufla.br\/nepec\/wp-content\/uploads\/2021\/09\/13-768x768.jpg 768w, http:\/\/www.nucleoestudo.ufla.br\/nepec\/wp-content\/uploads\/2021\/09\/13-100x100.jpg 100w\" sizes=\"(max-width: 706px) 89vw, (max-width: 767px) 82vw, 740px\" \/><\/a><\/figure><\/li><li class=\"blocks-gallery-item\"><figure><a href=\"http:\/\/www.nucleoestudo.ufla.br\/nepec\/wp-content\/uploads\/2021\/09\/15.jpg\"><img decoding=\"async\" loading=\"lazy\" width=\"1080\" height=\"1080\" src=\"http:\/\/www.nucleoestudo.ufla.br\/nepec\/wp-content\/uploads\/2021\/09\/15.jpg\" alt=\"\" data-id=\"446\" class=\"wp-image-446\" srcset=\"http:\/\/www.nucleoestudo.ufla.br\/nepec\/wp-content\/uploads\/2021\/09\/15.jpg 1080w, http:\/\/www.nucleoestudo.ufla.br\/nepec\/wp-content\/uploads\/2021\/09\/15-300x300.jpg 300w, http:\/\/www.nucleoestudo.ufla.br\/nepec\/wp-content\/uploads\/2021\/09\/15-1024x1024.jpg 1024w, http:\/\/www.nucleoestudo.ufla.br\/nepec\/wp-content\/uploads\/2021\/09\/15-150x150.jpg 150w, http:\/\/www.nucleoestudo.ufla.br\/nepec\/wp-content\/uploads\/2021\/09\/15-768x768.jpg 768w, http:\/\/www.nucleoestudo.ufla.br\/nepec\/wp-content\/uploads\/2021\/09\/15-100x100.jpg 100w\" sizes=\"(max-width: 706px) 89vw, (max-width: 767px) 82vw, 740px\" \/><\/a><\/figure><\/li><li class=\"blocks-gallery-item\"><figure><a href=\"http:\/\/www.nucleoestudo.ufla.br\/nepec\/wp-content\/uploads\/2021\/09\/17.jpg\"><img decoding=\"async\" loading=\"lazy\" width=\"1080\" height=\"1080\" src=\"http:\/\/www.nucleoestudo.ufla.br\/nepec\/wp-content\/uploads\/2021\/09\/17.jpg\" alt=\"\" data-id=\"448\" class=\"wp-image-448\" srcset=\"http:\/\/www.nucleoestudo.ufla.br\/nepec\/wp-content\/uploads\/2021\/09\/17.jpg 1080w, http:\/\/www.nucleoestudo.ufla.br\/nepec\/wp-content\/uploads\/2021\/09\/17-300x300.jpg 300w, http:\/\/www.nucleoestudo.ufla.br\/nepec\/wp-content\/uploads\/2021\/09\/17-1024x1024.jpg 1024w, http:\/\/www.nucleoestudo.ufla.br\/nepec\/wp-content\/uploads\/2021\/09\/17-150x150.jpg 150w, http:\/\/www.nucleoestudo.ufla.br\/nepec\/wp-content\/uploads\/2021\/09\/17-768x768.jpg 768w, http:\/\/www.nucleoestudo.ufla.br\/nepec\/wp-content\/uploads\/2021\/09\/17-100x100.jpg 100w\" sizes=\"(max-width: 706px) 89vw, (max-width: 767px) 82vw, 740px\" \/><\/a><\/figure><\/li><li class=\"blocks-gallery-item\"><figure><a href=\"http:\/\/www.nucleoestudo.ufla.br\/nepec\/wp-content\/uploads\/2021\/09\/19.jpg\"><img decoding=\"async\" loading=\"lazy\" width=\"1080\" height=\"1080\" src=\"http:\/\/www.nucleoestudo.ufla.br\/nepec\/wp-content\/uploads\/2021\/09\/19.jpg\" alt=\"\" data-id=\"450\" class=\"wp-image-450\" srcset=\"http:\/\/www.nucleoestudo.ufla.br\/nepec\/wp-content\/uploads\/2021\/09\/19.jpg 1080w, http:\/\/www.nucleoestudo.ufla.br\/nepec\/wp-content\/uploads\/2021\/09\/19-300x300.jpg 300w, http:\/\/www.nucleoestudo.ufla.br\/nepec\/wp-content\/uploads\/2021\/09\/19-1024x1024.jpg 1024w, http:\/\/www.nucleoestudo.ufla.br\/nepec\/wp-content\/uploads\/2021\/09\/19-150x150.jpg 150w, http:\/\/www.nucleoestudo.ufla.br\/nepec\/wp-content\/uploads\/2021\/09\/19-768x768.jpg 768w, http:\/\/www.nucleoestudo.ufla.br\/nepec\/wp-content\/uploads\/2021\/09\/19-100x100.jpg 100w\" sizes=\"(max-width: 706px) 89vw, (max-width: 767px) 82vw, 740px\" \/><\/a><\/figure><\/li><li class=\"blocks-gallery-item\"><figure><a href=\"http:\/\/www.nucleoestudo.ufla.br\/nepec\/wp-content\/uploads\/2021\/09\/20.jpg\"><img decoding=\"async\" loading=\"lazy\" width=\"1080\" height=\"1080\" src=\"http:\/\/www.nucleoestudo.ufla.br\/nepec\/wp-content\/uploads\/2021\/09\/20.jpg\" alt=\"\" data-id=\"451\" class=\"wp-image-451\" srcset=\"http:\/\/www.nucleoestudo.ufla.br\/nepec\/wp-content\/uploads\/2021\/09\/20.jpg 1080w, http:\/\/www.nucleoestudo.ufla.br\/nepec\/wp-content\/uploads\/2021\/09\/20-300x300.jpg 300w, http:\/\/www.nucleoestudo.ufla.br\/nepec\/wp-content\/uploads\/2021\/09\/20-1024x1024.jpg 1024w, http:\/\/www.nucleoestudo.ufla.br\/nepec\/wp-content\/uploads\/2021\/09\/20-150x150.jpg 150w, http:\/\/www.nucleoestudo.ufla.br\/nepec\/wp-content\/uploads\/2021\/09\/20-768x768.jpg 768w, http:\/\/www.nucleoestudo.ufla.br\/nepec\/wp-content\/uploads\/2021\/09\/20-100x100.jpg 100w\" sizes=\"(max-width: 706px) 89vw, (max-width: 767px) 82vw, 740px\" \/><\/a><\/figure><\/li><\/ul><\/figure>\n","protected":false},"excerpt":{"rendered":"<p>Ra\u00e7a Tabapu\u00e3 A ra\u00e7a Tabapu\u00e3 foi formada nos idos da d\u00e9cada de 1940 na Fazenda \u00c1gua Milagrosa, no munic\u00edpio de Tabapu\u00e3, S\u00e3o Paulo, da qual deriva seu nome, a partir de animais vindos de Goi\u00e1s e que j\u00e1 apresentavam o car\u00e1ter mocho. S\u00e3o animais mochos, de pelagem branca, de \u00edndole tranquila, bons produtores de carne &hellip; <\/p>\n<p class=\"link-more\"><a href=\"http:\/\/www.nucleoestudo.ufla.br\/nepec\/conheca-o-rebanho\/\" class=\"more-link\">Continue lendo<span class=\"screen-reader-text\"> &#8220;Nosso rebanho&#8221;<\/span><\/a><\/p>\n","protected":false},"author":7,"featured_media":0,"parent":0,"menu_order":0,"comment_status":"closed","ping_status":"closed","template":"","meta":{"footnotes":""},"_links":{"self":[{"href":"http:\/\/www.nucleoestudo.ufla.br\/nepec\/wp-json\/wp\/v2\/pages\/221"}],"collection":[{"href":"http:\/\/www.nucleoestudo.ufla.br\/nepec\/wp-json\/wp\/v2\/pages"}],"about":[{"href":"http:\/\/www.nucleoestudo.ufla.br\/nepec\/wp-json\/wp\/v2\/types\/page"}],"author":[{"embeddable":true,"href":"http:\/\/www.nucleoestudo.ufla.br\/nepec\/wp-json\/wp\/v2\/users\/7"}],"replies":[{"embeddable":true,"href":"http:\/\/www.nucleoestudo.ufla.br\/nepec\/wp-json\/wp\/v2\/comments?post=221"}],"version-history":[{"count":13,"href":"http:\/\/www.nucleoestudo.ufla.br\/nepec\/wp-json\/wp\/v2\/pages\/221\/revisions"}],"predecessor-version":[{"id":1020,"href":"http:\/\/www.nucleoestudo.ufla.br\/nepec\/wp-json\/wp\/v2\/pages\/221\/revisions\/1020"}],"wp:attachment":[{"href":"http:\/\/www.nucleoestudo.ufla.br\/nepec\/wp-json\/wp\/v2\/media?parent=221"}],"curies":[{"name":"wp","href":"https:\/\/api.w.org\/{rel}","templated":true}]}}