{"id":149,"date":"2017-06-06T19:07:45","date_gmt":"2017-06-06T22:07:45","guid":{"rendered":"http:\/\/www.nucleoestudo.ufla.br\/nepec\/?page_id=149"},"modified":"2025-04-11T00:08:41","modified_gmt":"2025-04-11T03:08:41","slug":"coordenadoria","status":"publish","type":"page","link":"http:\/\/www.nucleoestudo.ufla.br\/nepec\/coordenadoria\/","title":{"rendered":"Ger\u00eancias"},"content":{"rendered":"<h2>Linha de pesquisa<\/h2>\n<ul>\n<li><strong data-rich-text-format-boundary=\"true\">Orientador<\/strong>: Prof. Dr. Mateus Pies Gionbelli (Programa\u00e7\u00e3o fetal e neonatal nutri\u00e7\u00e3o gestacional, suplementa\u00e7\u00e3o estrat\u00e9gica em pastejo e crescimento e desenvolvimento animal)<\/li>\n<\/ul>\n<ul>\n<li><strong>Co-Orientador: <\/strong>Prof. Dr. Marcio Machado Ladeira (Nutri\u00e7\u00e3o de bovinos de corte em confinamento, programa\u00e7\u00e3o fetal e neonatal, qualidade de carca\u00e7as e carne e nutrigen\u00f4mica)<\/li>\n<\/ul>\n<ul>\n<li><strong>Co-Orientador: <\/strong>Prof. Dr. Erick Darlisson Batista (Avalia\u00e7\u00e3o de alimentos para\u00a0 animais, nutri\u00e7\u00e3o de bovinos em\u00a0 pastejo e metabolismo de prote\u00edna e\u00a0 amino\u00e1cidos em ruminantes)<\/li>\n<\/ul>\n<ul>\n<li><strong>Co-orientadora: <\/strong>Prof. Dra. Tathyane Ramalho Gionbelli<\/li>\n<\/ul>\n<h2>Gerentes<\/h2>\n<ul>\n<li><strong>Presidente: <\/strong>Jo\u00e3o M\u00e1rcio<\/li>\n<li><strong>Vice-Presidente <\/strong><strong>:<\/strong> Gustavo Bastos<\/li>\n<li><strong>Gerente de Marketing: <\/strong>Daniel de Campos Castro<\/li>\n<li><strong>Gerente de Gest\u00e3o de Pessoas: <\/strong>J\u00falia Mara Campos de Souza<\/li>\n<li><strong>Ger\u00eancia de Extens\u00e3o: <\/strong>Kauan Correia<\/li>\n<li><strong>Gerente de Rebanho: <\/strong>Ant\u00f4nio Mucida<\/li>\n<li><strong>Gerente de Finan\u00e7as: <\/strong>Jo\u00e3o M\u00e1rcio e Gustavo Bastos<\/li>\n<li><strong>Gerente de Pesquisa, Desenvolvimento e Inova\u00e7\u00e3o: <\/strong>Miguel\u00a0<\/li>\n<\/ul>\n\n\n<p><\/p>\n","protected":false},"excerpt":{"rendered":"<p>Linha de pesquisa Orientador: Prof. Dr. Mateus Pies Gionbelli (Programa\u00e7\u00e3o fetal e neonatal nutri\u00e7\u00e3o gestacional, suplementa\u00e7\u00e3o estrat\u00e9gica em pastejo e crescimento e desenvolvimento animal) Co-Orientador: Prof. Dr. Marcio Machado Ladeira (Nutri\u00e7\u00e3o de bovinos de corte em confinamento, programa\u00e7\u00e3o fetal e neonatal, qualidade de carca\u00e7as e carne e nutrigen\u00f4mica) Co-Orientador: Prof. Dr. Erick Darlisson Batista (Avalia\u00e7\u00e3o &hellip; <\/p>\n<p class=\"link-more\"><a href=\"http:\/\/www.nucleoestudo.ufla.br\/nepec\/coordenadoria\/\" class=\"more-link\">Continue lendo<span class=\"screen-reader-text\"> &#8220;Ger\u00eancias&#8221;<\/span><\/a><\/p>\n","protected":false},"author":7,"featured_media":0,"parent":0,"menu_order":0,"comment_status":"closed","ping_status":"closed","template":"","meta":{"footnotes":""},"_links":{"self":[{"href":"http:\/\/www.nucleoestudo.ufla.br\/nepec\/wp-json\/wp\/v2\/pages\/149"}],"collection":[{"href":"http:\/\/www.nucleoestudo.ufla.br\/nepec\/wp-json\/wp\/v2\/pages"}],"about":[{"href":"http:\/\/www.nucleoestudo.ufla.br\/nepec\/wp-json\/wp\/v2\/types\/page"}],"author":[{"embeddable":true,"href":"http:\/\/www.nucleoestudo.ufla.br\/nepec\/wp-json\/wp\/v2\/users\/7"}],"replies":[{"embeddable":true,"href":"http:\/\/www.nucleoestudo.ufla.br\/nepec\/wp-json\/wp\/v2\/comments?post=149"}],"version-history":[{"count":33,"href":"http:\/\/www.nucleoestudo.ufla.br\/nepec\/wp-json\/wp\/v2\/pages\/149\/revisions"}],"predecessor-version":[{"id":1068,"href":"http:\/\/www.nucleoestudo.ufla.br\/nepec\/wp-json\/wp\/v2\/pages\/149\/revisions\/1068"}],"wp:attachment":[{"href":"http:\/\/www.nucleoestudo.ufla.br\/nepec\/wp-json\/wp\/v2\/media?parent=149"}],"curies":[{"name":"wp","href":"https:\/\/api.w.org\/{rel}","templated":true}]}}