{"id":119,"date":"2017-06-06T17:49:15","date_gmt":"2017-06-06T20:49:15","guid":{"rendered":"http:\/\/www.nucleoestudo.ufla.br\/nepec\/?page_id=119"},"modified":"2025-04-11T00:01:02","modified_gmt":"2025-04-11T03:01:02","slug":"integrantes","status":"publish","type":"page","link":"http:\/\/www.nucleoestudo.ufla.br\/nepec\/integrantes\/","title":{"rendered":"Integrantes"},"content":{"rendered":"\n<p>DOCENTES<\/p>\n\n\n\n<div class=\"wp-block-group is-layout-constrained wp-block-group-is-layout-constrained\"><div class=\"wp-block-group__inner-container\"><\/div><\/div>\n\n\n<div class=\"wp-block-image is-style-default\">\n<figure class=\"alignleft size-full is-resized\"><img decoding=\"async\" loading=\"lazy\" src=\"http:\/\/www.nucleoestudo.ufla.br\/nepec\/wp-content\/uploads\/2023\/03\/mateus-1.jpg\" alt=\"\" class=\"wp-image-958\" style=\"width:128px;height:126px\" width=\"128\" height=\"126\"\/><figcaption class=\"wp-element-caption\"><strong><a href=\"http:\/\/lattes.cnpq.br\/8693133932197682\">Prof. Dr. Mateus Pies Gionbelli<\/a> <\/strong><br>Orientador<\/figcaption><\/figure><\/div>\n\n<div class=\"wp-block-image is-style-default\">\n<figure class=\"alignleft size-full is-resized\"><img decoding=\"async\" loading=\"lazy\" src=\"http:\/\/www.nucleoestudo.ufla.br\/nepec\/wp-content\/uploads\/2023\/03\/ladeira.png\" alt=\"\" class=\"wp-image-956\" style=\"width:118px;height:120px\" width=\"118\" height=\"120\"\/><figcaption class=\"wp-element-caption\"><a href=\"http:\/\/lattes.cnpq.br\/1449777974384482\"><strong>Prof. Dr. Marcio Machado Ladeira<\/strong><\/a><br>Co-orientador<\/figcaption><\/figure><\/div>\n\n<div class=\"wp-block-image is-style-rounded\">\n<figure class=\"alignleft size-full is-resized\"><img decoding=\"async\" loading=\"lazy\" src=\"http:\/\/www.nucleoestudo.ufla.br\/nepec\/wp-content\/uploads\/2023\/03\/408ed7e5111b6c4eb53cbc798081ed5d-1.jpg\" alt=\"\" class=\"wp-image-894\" style=\"width:122px;height:122px\" width=\"122\" height=\"122\" srcset=\"http:\/\/www.nucleoestudo.ufla.br\/nepec\/wp-content\/uploads\/2023\/03\/408ed7e5111b6c4eb53cbc798081ed5d-1.jpg 262w, http:\/\/www.nucleoestudo.ufla.br\/nepec\/wp-content\/uploads\/2023\/03\/408ed7e5111b6c4eb53cbc798081ed5d-1-150x150.jpg 150w, http:\/\/www.nucleoestudo.ufla.br\/nepec\/wp-content\/uploads\/2023\/03\/408ed7e5111b6c4eb53cbc798081ed5d-1-100x100.jpg 100w\" sizes=\"(max-width: 122px) 100vw, 122px\" \/><figcaption class=\"wp-element-caption\"><strong><a href=\"http:\/\/lattes.cnpq.br\/3891266981447486\">Prof. Dr. Erick Darlisson Batista<\/a><\/strong><br>Co-orientador<\/figcaption><\/figure><\/div>\n\n<div class=\"wp-block-image is-style-default\">\n<figure class=\"alignleft size-full is-resized\"><img decoding=\"async\" loading=\"lazy\" src=\"http:\/\/www.nucleoestudo.ufla.br\/nepec\/wp-content\/uploads\/2023\/03\/tathy-1.jpg\" alt=\"\" class=\"wp-image-953\" style=\"width:124px;height:122px\" width=\"124\" height=\"122\"\/><figcaption class=\"wp-element-caption\"><strong><a href=\"http:\/\/lattes.cnpq.br\/7341885984576368\">Prof. Dra. Tathyane Ramalho Gionbelli<\/a><\/strong><br>Co-orientadora<\/figcaption><\/figure><\/div>\n\n\n<p><\/p>\n\n\n\n<p><\/p>\n\n\n\n<p><\/p>\n\n\n\n<p><\/p>\n\n\n\n<p>ESTUDANTES  P\u00d3S-GRADUA\u00c7\u00c3O<\/p>\n\n\n\n<ul>\n<li><a href=\"http:\/\/lattes.cnpq.br\/1551423488292617\"><strong>Andrey de Sousa Miranda<\/strong><\/a> (Doutorado)<\/li>\n\n\n\n<li><a href=\"http:\/\/lattes.cnpq.br\/6144346276938964\"><strong>Felipe da Costa Maciel<\/strong><\/a> (Doutorado)<\/li>\n\n\n\n<li><a href=\"http:\/\/lattes.cnpq.br\/7857022746982661\"><strong>J\u00falia Mara Campos de Souza <\/strong><\/a>(Doutorado)<\/li>\n\n\n\n<li><a href=\"http:\/\/lattes.cnpq.br\/0124410434420685\"><strong>Renato Lu\u00eds de Paula<\/strong><\/a> (Doutorado)<\/li>\n\n\n\n<li><strong><a href=\"http:\/\/lattes.cnpq.br\/4309270214330743\">Gabriel Rodrigues Neiv<\/a>a<\/strong> (Mestrado)<\/li>\n\n\n\n<li><strong><a href=\"http:\/\/lattes.cnpq.br\/9659383258608536\">Giancarlo Pereira Silva<\/a><\/strong> (Mestrado)<\/li>\n\n\n\n<li><strong><a href=\"http:\/\/lattes.cnpq.br\/9908577186994745\">Mariana Ribeiro Matioli<\/a><\/strong> (Mestrado)<\/li>\n\n\n\n<li><strong><a href=\"http:\/\/lattes.cnpq.br\/4602024073378057\">Igor Gomes F\u00e1vero<\/a><\/strong> (Mestrado)<\/li>\n\n\n\n<li><strong><a href=\"http:\/\/lattes.cnpq.br\/8048524353780908\">Richardson Antonio de Carvalho To<\/a>rre<\/strong> (Mestrado)<\/li>\n<\/ul>\n\n\n\n<p>ESTUDANTES GRADUA\u00c7\u00c3O<\/p>\n\n\n\n<ul>\n<li>Ana Cla\u00fadia Degli Exposti<\/li>\n\n\n\n<li><a href=\"http:\/\/lattes.cnpq.br\/1162980500105091\"><strong>Antonio Xavier Mucida<\/strong><\/a><\/li>\n\n\n\n<li>Artur Assis Moreira Horta<\/li>\n\n\n\n<li><a href=\"http:\/\/lattes.cnpq.br\/2282082215470591\" data-type=\"link\" data-id=\"http:\/\/lattes.cnpq.br\/2282082215470591\"><strong>Daniel de Campos Castro<\/strong><\/a><\/li>\n\n\n\n<li>F\u00e1bio Henrique Magalh\u00e3es Siqueira<\/li>\n\n\n\n<li>Felipe Martins Favero<\/li>\n\n\n\n<li>Giovanna Sawaya Alves Gomes<\/li>\n\n\n\n<li>Gustavo Bastos Martins<\/li>\n\n\n\n<li>Gustavo Baumgratz Delgado Oliveira Pires<\/li>\n\n\n\n<li>Jo\u00e3o M\u00e1rcio de Carvalho Resende<\/li>\n\n\n\n<li>Jo\u00e3o Vitor Souza Maciel<\/li>\n\n\n\n<li><a href=\"http:\/\/lattes.cnpq.br\/1917355309770931\"><strong>Kaique Goncalves Nascimento<\/strong><\/a> <\/li>\n\n\n\n<li>Kauan Silva Coreia<\/li>\n\n\n\n<li>Miguel de Freitas Dias<\/li>\n<\/ul>\n\n\n\n<p><\/p>\n","protected":false},"excerpt":{"rendered":"<p>DOCENTES ESTUDANTES P\u00d3S-GRADUA\u00c7\u00c3O ESTUDANTES GRADUA\u00c7\u00c3O<\/p>\n","protected":false},"author":7,"featured_media":0,"parent":0,"menu_order":0,"comment_status":"closed","ping_status":"closed","template":"","meta":{"footnotes":""},"_links":{"self":[{"href":"http:\/\/www.nucleoestudo.ufla.br\/nepec\/wp-json\/wp\/v2\/pages\/119"}],"collection":[{"href":"http:\/\/www.nucleoestudo.ufla.br\/nepec\/wp-json\/wp\/v2\/pages"}],"about":[{"href":"http:\/\/www.nucleoestudo.ufla.br\/nepec\/wp-json\/wp\/v2\/types\/page"}],"author":[{"embeddable":true,"href":"http:\/\/www.nucleoestudo.ufla.br\/nepec\/wp-json\/wp\/v2\/users\/7"}],"replies":[{"embeddable":true,"href":"http:\/\/www.nucleoestudo.ufla.br\/nepec\/wp-json\/wp\/v2\/comments?post=119"}],"version-history":[{"count":48,"href":"http:\/\/www.nucleoestudo.ufla.br\/nepec\/wp-json\/wp\/v2\/pages\/119\/revisions"}],"predecessor-version":[{"id":1067,"href":"http:\/\/www.nucleoestudo.ufla.br\/nepec\/wp-json\/wp\/v2\/pages\/119\/revisions\/1067"}],"wp:attachment":[{"href":"http:\/\/www.nucleoestudo.ufla.br\/nepec\/wp-json\/wp\/v2\/media?parent=119"}],"curies":[{"name":"wp","href":"https:\/\/api.w.org\/{rel}","templated":true}]}}