{"id":14,"date":"2016-11-08T08:09:15","date_gmt":"2016-11-08T10:09:15","guid":{"rendered":"http:\/\/www.nucleoestudo.ufla.br\/nenac\/?page_id=14"},"modified":"2017-06-28T21:52:19","modified_gmt":"2017-06-29T00:52:19","slug":"quem-somos","status":"publish","type":"page","link":"http:\/\/www.nucleoestudo.ufla.br\/nenac\/","title":{"rendered":"Quem somos?"},"content":{"rendered":"<p>O N\u00facleo de Estudos em Nutri\u00e7\u00e3o de Animais de Companhia &#8211; NENAC, existe desde 2006 e busca promover o aprendizado e pesquisa na \u00e1rea de nutri\u00e7\u00e3o de c\u00e3es e gatos. Contamos com a colabora\u00e7\u00e3o de graduandos e p\u00f3s-graduandos de zootecnia e medicina veterin\u00e1ria, em reuni\u00f5es semanais, e no desenvolvimento de pesquisas.<br \/>\nO NENAC atua no Departamento de Zootecnia da Universidade Federal de Lavras, DZO- UFLA sob a coordena\u00e7\u00e3o da prof. Dr. Fl\u00e1via Maria de Oliveira Borges Saad.<\/p>\n","protected":false},"excerpt":{"rendered":"<p>O N\u00facleo de Estudos em Nutri\u00e7\u00e3o de Animais de Companhia &#8211; NENAC, existe desde 2006 e busca promover o aprendizado e pesquisa na \u00e1rea de nutri\u00e7\u00e3o de c\u00e3es e gatos. Contamos com a colabora\u00e7\u00e3o de graduandos e p\u00f3s-graduandos de zootecnia e medicina veterin\u00e1ria, em reuni\u00f5es semanais, e no desenvolvimento de pesquisas. O NENAC atua no &hellip; <a href=\"http:\/\/www.nucleoestudo.ufla.br\/nenac\/\" class=\"more-link\">Continue lendo <span class=\"screen-reader-text\">Quem somos?<\/span> <span class=\"meta-nav\">&rarr;<\/span><\/a><\/p>\n","protected":false},"author":3,"featured_media":0,"parent":0,"menu_order":0,"comment_status":"closed","ping_status":"closed","template":"","meta":{"footnotes":""},"_links":{"self":[{"href":"http:\/\/www.nucleoestudo.ufla.br\/nenac\/wp-json\/wp\/v2\/pages\/14"}],"collection":[{"href":"http:\/\/www.nucleoestudo.ufla.br\/nenac\/wp-json\/wp\/v2\/pages"}],"about":[{"href":"http:\/\/www.nucleoestudo.ufla.br\/nenac\/wp-json\/wp\/v2\/types\/page"}],"author":[{"embeddable":true,"href":"http:\/\/www.nucleoestudo.ufla.br\/nenac\/wp-json\/wp\/v2\/users\/3"}],"replies":[{"embeddable":true,"href":"http:\/\/www.nucleoestudo.ufla.br\/nenac\/wp-json\/wp\/v2\/comments?post=14"}],"version-history":[{"count":4,"href":"http:\/\/www.nucleoestudo.ufla.br\/nenac\/wp-json\/wp\/v2\/pages\/14\/revisions"}],"predecessor-version":[{"id":28,"href":"http:\/\/www.nucleoestudo.ufla.br\/nenac\/wp-json\/wp\/v2\/pages\/14\/revisions\/28"}],"wp:attachment":[{"href":"http:\/\/www.nucleoestudo.ufla.br\/nenac\/wp-json\/wp\/v2\/media?parent=14"}],"curies":[{"name":"wp","href":"https:\/\/api.w.org\/{rel}","templated":true}]}}