{"id":9,"date":"2009-10-16T12:52:33","date_gmt":"2009-10-16T14:52:33","guid":{"rendered":"http:\/\/www.nucleoestudo.ufla.br\/nefrut\/?page_id=9"},"modified":"2014-08-23T05:16:43","modified_gmt":"2014-08-23T08:16:43","slug":"equipe","status":"publish","type":"page","link":"http:\/\/www.nucleoestudo.ufla.br\/nefrut\/institucional\/informacoes-gerais\/equipe\/","title":{"rendered":"Equipe"},"content":{"rendered":"<p>Setores<\/p>\n<p>&nbsp;<\/p>\n<p>&nbsp;<\/p>\n<p>COORDENA\u00c7\u00c3O GERAL:\u00a0<a href=\"http:\/\/lattes.cnpq.br\/1657525754271302\">Adalvan Daniel Martins<\/a><a id=\"js_104\" href=\"http:\/\/lattes.cnpq.br\/2526621507458827\" data-hovercard=\"\/ajax\/hovercard\/user.php?id=1777076072\"><br \/>\n<\/a><\/p>\n<p>COORDENADORIA DE GEST\u00c3O:\u00a0<a id=\"js_92\" href=\"http:\/\/lattes.cnpq.br\/6623812716337397\" data-hovercard=\"\/ajax\/hovercard\/user.php?id=1375960373\">Aline Ciaci\u00e1 de Mendon\u00e7a<\/a>,\u00a0<a id=\"js_104\" href=\"http:\/\/lattes.cnpq.br\/2526621507458827\" data-hovercard=\"\/ajax\/hovercard\/user.php?id=1777076072\">Pedro Tatu Maranha Peche<\/a>,\u00a0<a id=\"js_82\" href=\"http:\/\/lattes.cnpq.br\/5505025869915451\" data-hovercard=\"\/ajax\/hovercard\/user.php?id=1659313544\">Ronnie Tomaz Pereira<\/a><\/p>\n<p><a id=\"js_104\" href=\"https:\/\/www.facebook.com\/pedmpeche\" data-hovercard=\"\/ajax\/hovercard\/user.php?id=1777076072\"><\/a>COORDENADORIA DE FINAN\u00c7AS:\u00a0<a id=\"js_307\" href=\"https:\/\/www.facebook.com\/giuliana.duarte.35\" data-hovercard=\"\/ajax\/hovercard\/user.php?id=100001581299092\">Giuliana Duarte<\/a><a id=\"js_80\" href=\"http:\/\/lattes.cnpq.br\/4594971301126459\" data-hovercard=\"\/ajax\/hovercard\/user.php?id=100003488537880\"><br \/>\n<\/a><\/p>\n<p>COORDENADORIA DE EXTENS\u00c3O: \u00a0Let\u00edcia Silva Pereira<a id=\"js_82\" href=\"http:\/\/lattes.cnpq.br\/5505025869915451\" data-hovercard=\"\/ajax\/hovercard\/user.php?id=1659313544\"><br \/>\n<\/a><\/p>\n<p>COMUNICA\u00c7\u00c3O E MARKETING:\u00a0Larah Martins Freitas<\/p>\n<p>&nbsp;<\/p>\n<p>Todos os Membros:<\/p>\n<p><a href=\"http:\/\/lattes.cnpq.br\/1657525754271302\">Adalvan Daniel Martins<\/a><\/p>\n<p><a href=\"https:\/\/www.facebook.com\/alana.lauar.5\">Alana Lauar<\/a><\/p>\n<p><a id=\"js_92\" href=\"http:\/\/lattes.cnpq.br\/6623812716337397\" data-hovercard=\"\/ajax\/hovercard\/user.php?id=1375960373\">Aline Ciaci\u00e1 de Mendon\u00e7a<\/a><\/p>\n<p>Anderson Jardim Milani<\/p>\n<p><a href=\"http:\/\/lattes.cnpq.br\/4870424426410684\">B\u00e1rbara Nogueira de Souza<\/a><\/p>\n<p><a id=\"js_307\" href=\"https:\/\/www.facebook.com\/giuliana.duarte.35\" data-hovercard=\"\/ajax\/hovercard\/user.php?id=100001581299092\">Giuliana Duarte<\/a><\/p>\n<p><a href=\"http:\/\/lattes.cnpq.br\/8031760375207324\">Irton De Jesus Silva Costa<\/a><\/p>\n<p>Larah Martins Freitas<\/p>\n<p>Let\u00edcia Silva Pereira<\/p>\n<p><a id=\"js_84\" href=\"https:\/\/www.facebook.com\/mayra.costa.m\" data-hovercard=\"\/ajax\/hovercard\/user.php?id=1367280859\">Mayra Costa<\/a><\/p>\n<p><a href=\"http:\/\/lattes.cnpq.br\/0961632738148949\">Paulyene Vieira Nogueira<\/a><\/p>\n<p><a href=\"http:\/\/lattes.cnpq.br\/2098950197882165\">Pedro Henrique Faria Fonseca<\/a><\/p>\n<p><a id=\"js_104\" href=\"http:\/\/lattes.cnpq.br\/2526621507458827\" data-hovercard=\"\/ajax\/hovercard\/user.php?id=1777076072\">Pedro Maranha Peche<\/a><\/p>\n<p><a href=\"http:\/\/lattes.cnpq.br\/1532588602311737\">Raoni Pereira de Carvalho<\/a><\/p>\n<p><em id=\"__mceDel\">\u00a0<\/em><\/p>\n<p><em id=\"__mceDel\"><em id=\"__mceDel\">Ex-Professores Tutores:<\/em><\/em><\/p>\n<p><a href=\"http:\/\/buscatextual.cnpq.br\/buscatextual\/visualizacv.do?id=K4783062T1\">Dr. Nilton Nagib<\/a><\/p>\n<p>&nbsp;<\/p>\n<p>Membros em Programas de Mobilidade e Ex-Membros:<\/p>\n<p><a id=\"js_110\" href=\"http:\/\/lattes.cnpq.br\/5681098191544896\" data-hovercard=\"\/ajax\/hovercard\/user.php?id=755688385\">Adones Sales<\/a><\/p>\n<p><a id=\"js_305\" href=\"http:\/\/lattes.cnpq.br\/2790264262348373\" data-hovercard=\"\/ajax\/hovercard\/user.php?id=100001387875722\">Ana Luiza Reale<\/a><\/p>\n<p><a id=\"js_73\" href=\"http:\/\/lattes.cnpq.br\/4943448540151389\" data-hovercard=\"\/ajax\/hovercard\/user.php?id=100005014989775\">Amanda Moura<\/a><\/p>\n<p><a href=\"http:\/\/lattes.cnpq.br\/1036247380743888\">Anderson Feitosa das Neves<\/a><\/p>\n<p><a id=\"js_95\" href=\"http:\/\/lattes.cnpq.br\/0678158577982825\" data-hovercard=\"\/ajax\/hovercard\/user.php?id=1083062020\">Beatriz Pereira Ezequiel<\/a><\/p>\n<p><a id=\"js_312\" href=\"https:\/\/www.facebook.com\/bruno.sabia\" data-hovercard=\"\/ajax\/hovercard\/user.php?id=100001629752665\">Bruno de Almeida<\/a><\/p>\n<p><a id=\"js_100\" href=\"http:\/\/lattes.cnpq.br\/1312167387582891\" data-hovercard=\"\/ajax\/hovercard\/user.php?id=100001931718081\">Bruno Paulo Moschini<\/a><\/p>\n<p><a href=\"http:\/\/buscatextual.cnpq.br\/buscatextual\/visualizacv.do?id=S2600074\">Filipe Bittencourt Machado de Souza<\/a><\/p>\n<p><a href=\"http:\/\/lattes.cnpq.br\/7784995260688966\">Guilherme Diamantino de Lima<\/a><\/p>\n<p><a id=\"js_78\" href=\"http:\/\/lattes.cnpq.br\/3354320249955916\" data-hovercard=\"\/ajax\/hovercard\/user.php?id=100000803382903\">Inez Silva<\/a><\/p>\n<p><a id=\"js_90\" href=\"http:\/\/lattes.cnpq.br\/0999365975185226\" data-hovercard=\"\/ajax\/hovercard\/user.php?id=100000125053852\">Larissa Maia<\/a><\/p>\n<p>Marianna Ferreira Couto<\/p>\n<p><a id=\"js_314\" href=\"http:\/\/lattes.cnpq.br\/3723311404249809\" data-hovercard=\"\/ajax\/hovercard\/user.php?id=100000110158299\">Ramom Vasconcelos<\/a><\/p>\n<p><a id=\"js_80\" href=\"http:\/\/lattes.cnpq.br\/4594971301126459\" data-hovercard=\"\/ajax\/hovercard\/user.php?id=100003488537880\">Raoni Gwinner<\/a><\/p>\n<p><a id=\"js_82\" href=\"http:\/\/lattes.cnpq.br\/5505025869915451\" data-hovercard=\"\/ajax\/hovercard\/user.php?id=1659313544\">Ronnie Tomaz Pereira<\/a><\/p>\n<p><a id=\"js_112\" href=\"http:\/\/lattes.cnpq.br\/7867518743950453\" data-hovercard=\"\/ajax\/hovercard\/user.php?id=100001600378420\">Rodrigo Vieira Balbi<\/a><\/p>\n<p><a id=\"js_108\" href=\"http:\/\/lattes.cnpq.br\/5807061141716113\" data-hovercard=\"\/ajax\/hovercard\/user.php?id=1127572710\">Sandro Bomfim<\/a><\/p>\n<p><a href=\"http:\/\/lattes.cnpq.br\/8712528202295153\">T\u00e2nia dos Reis Mendon\u00e7a<\/a><\/p>\n<p><a id=\"js_88\" href=\"http:\/\/br.linkedin.com\/pub\/theo-mendon%C3%A7a-rodrigues\/20\/700\/120\" data-hovercard=\"\/ajax\/hovercard\/user.php?id=100000861238351\">Theo Mendon\u00e7a Rodrigues<\/a><\/p>\n<p><a id=\"js_86\" href=\"http:\/\/lattes.cnpq.br\/3610516973197538\" data-hovercard=\"\/ajax\/hovercard\/user.php?id=100002429416662\">Vin\u00edcius Soares Giroto<\/a><\/p>\n<p><a id=\"js_97\" href=\"http:\/\/lattes.cnpq.br\/9726859471965523\" data-hovercard=\"\/ajax\/hovercard\/user.php?id=100000651359068\">Viviane Amaral Toledo Coelho<\/a><\/p>\n","protected":false},"excerpt":{"rendered":"<p>Setores &nbsp; &nbsp; COORDENA\u00c7\u00c3O GERAL:\u00a0Adalvan Daniel Martins COORDENADORIA DE GEST\u00c3O:\u00a0Aline Ciaci\u00e1 de Mendon\u00e7a,\u00a0Pedro Tatu Maranha Peche,\u00a0Ronnie Tomaz Pereira COORDENADORIA DE FINAN\u00c7AS:\u00a0Giuliana Duarte COORDENADORIA DE EXTENS\u00c3O: \u00a0Let\u00edcia Silva Pereira COMUNICA\u00c7\u00c3O E MARKETING:\u00a0Larah Martins Freitas &nbsp; Todos os Membros: Adalvan Daniel Martins Alana Lauar Aline Ciaci\u00e1 de Mendon\u00e7a Anderson Jardim Milani B\u00e1rbara Nogueira de Souza Giuliana Duarte &hellip; <\/p>\n<p class=\"link-more\"><a href=\"http:\/\/www.nucleoestudo.ufla.br\/nefrut\/institucional\/informacoes-gerais\/equipe\/\" class=\"more-link\">Continue lendo<span class=\"screen-reader-text\"> &#8220;Equipe&#8221;<\/span><\/a><\/p>\n","protected":false},"author":9,"featured_media":0,"parent":29,"menu_order":0,"comment_status":"closed","ping_status":"closed","template":"page-template-archives.php","meta":[],"_links":{"self":[{"href":"http:\/\/www.nucleoestudo.ufla.br\/nefrut\/wp-json\/wp\/v2\/pages\/9"}],"collection":[{"href":"http:\/\/www.nucleoestudo.ufla.br\/nefrut\/wp-json\/wp\/v2\/pages"}],"about":[{"href":"http:\/\/www.nucleoestudo.ufla.br\/nefrut\/wp-json\/wp\/v2\/types\/page"}],"author":[{"embeddable":true,"href":"http:\/\/www.nucleoestudo.ufla.br\/nefrut\/wp-json\/wp\/v2\/users\/9"}],"replies":[{"embeddable":true,"href":"http:\/\/www.nucleoestudo.ufla.br\/nefrut\/wp-json\/wp\/v2\/comments?post=9"}],"version-history":[{"count":43,"href":"http:\/\/www.nucleoestudo.ufla.br\/nefrut\/wp-json\/wp\/v2\/pages\/9\/revisions"}],"predecessor-version":[{"id":27,"href":"http:\/\/www.nucleoestudo.ufla.br\/nefrut\/wp-json\/wp\/v2\/pages\/9\/revisions\/27"}],"up":[{"embeddable":true,"href":"http:\/\/www.nucleoestudo.ufla.br\/nefrut\/wp-json\/wp\/v2\/pages\/29"}],"wp:attachment":[{"href":"http:\/\/www.nucleoestudo.ufla.br\/nefrut\/wp-json\/wp\/v2\/media?parent=9"}],"curies":[{"name":"wp","href":"https:\/\/api.w.org\/{rel}","templated":true}]}}