{"id":5,"date":"2009-10-16T12:50:41","date_gmt":"2009-10-16T14:50:41","guid":{"rendered":"http:\/\/www.nucleoestudo.ufla.br\/nefrut\/?page_id=5"},"modified":"2013-10-28T10:49:20","modified_gmt":"2013-10-28T12:49:20","slug":"eventos","status":"publish","type":"page","link":"http:\/\/www.nucleoestudo.ufla.br\/nefrut\/eventos\/","title":{"rendered":"Eventos"},"content":{"rendered":"<p><strong>N\u00famero de eventos realizados:<\/strong> 36<\/p>\n<p><strong>Palestras mais relevante:<\/strong><br \/>\nSitua\u00e7\u00e3o da fruticultura no Sul de Minas.<br \/>\nCondu\u00e7\u00e3o de pomar org\u00e2nico de pessegueiro.<br \/>\nAduba\u00e7\u00e3o em Maracujazeiro<br \/>\nSuco de Laranja concentrado congelado<br \/>\nPoda mecanizada em Goiabeira e Laranjeira<br \/>\nProdu\u00e7\u00e3o Integrada Frutas<br \/>\nControle de pragas e doen\u00e7as na Fruticultura<br \/>\nProdu\u00e7\u00e3o de frutas vermelhas<br \/>\nPoda em videira, pessegueiro e ameixeira<\/p>\n<p><strong>N\u00famero m\u00e9dio de palestras por evento: <\/strong>4<\/p>\n","protected":false},"excerpt":{"rendered":"<p>N\u00famero de eventos realizados: 36 Palestras mais relevante: Situa\u00e7\u00e3o da fruticultura no Sul de Minas. Condu\u00e7\u00e3o de pomar org\u00e2nico de pessegueiro. Aduba\u00e7\u00e3o em Maracujazeiro Suco de Laranja concentrado congelado Poda mecanizada em Goiabeira e Laranjeira Produ\u00e7\u00e3o Integrada Frutas Controle de pragas e doen\u00e7as na Fruticultura Produ\u00e7\u00e3o de frutas vermelhas Poda em videira, pessegueiro e ameixeira &hellip; <\/p>\n<p class=\"link-more\"><a href=\"http:\/\/www.nucleoestudo.ufla.br\/nefrut\/eventos\/\" class=\"more-link\">Continue lendo<span class=\"screen-reader-text\"> &#8220;Eventos&#8221;<\/span><\/a><\/p>\n","protected":false},"author":9,"featured_media":0,"parent":0,"menu_order":1,"comment_status":"closed","ping_status":"closed","template":"","meta":[],"_links":{"self":[{"href":"http:\/\/www.nucleoestudo.ufla.br\/nefrut\/wp-json\/wp\/v2\/pages\/5"}],"collection":[{"href":"http:\/\/www.nucleoestudo.ufla.br\/nefrut\/wp-json\/wp\/v2\/pages"}],"about":[{"href":"http:\/\/www.nucleoestudo.ufla.br\/nefrut\/wp-json\/wp\/v2\/types\/page"}],"author":[{"embeddable":true,"href":"http:\/\/www.nucleoestudo.ufla.br\/nefrut\/wp-json\/wp\/v2\/users\/9"}],"replies":[{"embeddable":true,"href":"http:\/\/www.nucleoestudo.ufla.br\/nefrut\/wp-json\/wp\/v2\/comments?post=5"}],"version-history":[{"count":12,"href":"http:\/\/www.nucleoestudo.ufla.br\/nefrut\/wp-json\/wp\/v2\/pages\/5\/revisions"}],"predecessor-version":[{"id":541,"href":"http:\/\/www.nucleoestudo.ufla.br\/nefrut\/wp-json\/wp\/v2\/pages\/5\/revisions\/541"}],"wp:attachment":[{"href":"http:\/\/www.nucleoestudo.ufla.br\/nefrut\/wp-json\/wp\/v2\/media?parent=5"}],"curies":[{"name":"wp","href":"https:\/\/api.w.org\/{rel}","templated":true}]}}