{"id":441,"date":"2013-08-10T15:41:57","date_gmt":"2013-08-10T18:41:57","guid":{"rendered":"http:\/\/www.nucleoestudo.ufla.br\/nefrut\/?page_id=441"},"modified":"2013-10-28T10:39:36","modified_gmt":"2013-10-28T12:39:36","slug":"parcerias","status":"publish","type":"page","link":"http:\/\/www.nucleoestudo.ufla.br\/nefrut\/institucional\/informacoes-gerais\/parcerias\/","title":{"rendered":"Parcerias"},"content":{"rendered":"<h2>Parcerias Recentes:<\/h2>\n<p>&nbsp;<\/p>\n<h2><a href=\"http:\/\/www.agrisus.org.br\/menu_br.asp\">Funda\u00e7\u00e3o Agrisus<\/a><\/h2>\n<p><img loading=\"lazy\" class=\"alignnone\" alt=\"\" src=\"http:\/\/i278.photobucket.com\/albums\/kk109\/ronnie2008_01\/NEFRUT\/logo_agrisus_zps679c7383.gif\" width=\"131\" height=\"92\" \/><\/p>\n<p>A\u00a0<b>Funda\u00e7\u00e3o AGRISUS &#8211; Agricultura Sustent\u00e1vel<\/b>, \u00e9 uma iniciativa da fam\u00edlia do Engenheiro Agr\u00f4nomo Fernando Penteado Cardoso, fundador do Grupo MANAH (fertilizantes e gado de corte) e seu Diretor e Presidente de 1947 a 2000.<\/p>\n<p>Em nota \u00e0 imprensa, esclareceu Cardoso: \u201cA agropecu\u00e1ria e as pessoas que a integram me proporcionaram uma gratificante carreira profissional nos segmentos de fertilizantes e de pecu\u00e1ria de corte, sendo justific\u00e1vel pensar no futuro desse setor econ\u00f4mico, cujo alicerce se ap\u00f3ia na fertilidade do solo e no meio ambiente favor\u00e1vel\u201d. \u201cA Funda\u00e7\u00e3o, &#8211; disse, &#8211; em conjunto com a FEALQ, vai somar<\/p>\n<figure style=\"width: 429px\" class=\"wp-caption alignleft\"><img loading=\"lazy\" alt=\"\" src=\"http:\/\/i278.photobucket.com\/albums\/kk109\/ronnie2008_01\/NEFRUT\/agrisusviacutedeo_zps36189368.jpg\" width=\"429\" height=\"322\" \/><figcaption class=\"wp-caption-text\">V\u00eddeo Institucional no I Simp\u00f3sio Sul Mineiro de Fruticultura em Lavras-MG<\/figcaption><\/figure>\n<p>esfor\u00e7os na forma\u00e7\u00e3o de pesquisadores, de professores, de divulgadores e de profissionais capazes de gerar s\u00f3lida tecnologia e de promover uma agricultura progressista, econ\u00f4mica e est\u00e1vel, em benef\u00edcio das gera\u00e7\u00f5es futuras\u201d. \u201cA terra, \u2013 concluiu Cardoso, &#8211; como j\u00e1 disseram, \u00e9 um bem que apenas tomamos emprestado d\u00b4aqueles que nos suceder\u00e3o\u201d.<\/p>\n<p>A Agrisus \u00e9 uma institui\u00e7\u00e3o aberta a novos participantes. Tem dota\u00e7\u00e3o patrimonial significativa e irrevers\u00edvel, cujos rendimentos financiar\u00e3o projetos de ensino, divulga\u00e7\u00e3o e pesquisa relacionados com a fertilidade do solo, que \u00e9 base da agricultura sustent\u00e1vel.<\/p>\n<p>A Funda\u00e7\u00e3o considera muito importante que os agricultores estejam aptos para receber a pr\u00f3xima gera\u00e7\u00e3o de sementes geneticamente modificadas (GM), cujas perspectivas s\u00e3o incalcul\u00e1veis. Para isso os produtores t\u00eam, antes de tudo, de dominar e de por em pr\u00e1tica procedimentos de uma agricultura sustent\u00e1vel. Assim poder\u00e3o tirar o m\u00e1ximo proveito dos novos cultivares, que vir\u00e3o proporcionar alimentos mais abundantes, mais saud\u00e1veis, mais atraentes, mais dur\u00e1veis e a menor custo, em benef\u00edcio das popula\u00e7\u00f5es consumidoras por todo o mundo.<\/p>\n<p><b><span style=\"color: #3a7346;\">ENDERE\u00c7OS<\/span><\/b><\/p>\n<p><b><i>AGRISUS<\/i><\/b>\u00a0&#8211; R.da Consola\u00e7\u00e3o 3367,cj 71- 01416.904-S.Paulo\/SP, fone 11.3064 8776<br \/>\ne.mail:<a href=\"mailto:agrisus@agrisus.org.br\">agrisus@agrisus.org.br<\/a>\u00a0&#8211; site:\u00a0<a href=\"http:\/\/www.agrisus.org.br\/\" target=\"_blank\">www.agrisus.org.br<\/a><\/p>\n<p><b><i>FEALQ<\/i><\/b>\u00a0&#8211; Av. Centen\u00e1rio 1080- 13416.000 &#8211; Piracicaba\/SP, fone 19.3417 6600<br \/>\ne.mail:<a href=\"mailto:agrisus@fealq.org.br%20\">agrisus@fealq.org.br\u00a0<\/a>&#8211; site:\u00a0<a href=\"http:\/\/www.fealq.org.br\/\" target=\"_blank\">www.fealq.org.br<\/a><\/p>\n<p><a href=\"http:\/\/www.agrisus.org.br\/menu_br.asp\">\u00a0<\/a><\/p>\n<p>&nbsp;<\/p>\n","protected":false},"excerpt":{"rendered":"<p>Parcerias Recentes: &nbsp; Funda\u00e7\u00e3o Agrisus A\u00a0Funda\u00e7\u00e3o AGRISUS &#8211; Agricultura Sustent\u00e1vel, \u00e9 uma iniciativa da fam\u00edlia do Engenheiro Agr\u00f4nomo Fernando Penteado Cardoso, fundador do Grupo MANAH (fertilizantes e gado de corte) e seu Diretor e Presidente de 1947 a 2000. Em nota \u00e0 imprensa, esclareceu Cardoso: \u201cA agropecu\u00e1ria e as pessoas que a integram me proporcionaram &hellip; <\/p>\n<p class=\"link-more\"><a href=\"http:\/\/www.nucleoestudo.ufla.br\/nefrut\/institucional\/informacoes-gerais\/parcerias\/\" class=\"more-link\">Continue lendo<span class=\"screen-reader-text\"> &#8220;Parcerias&#8221;<\/span><\/a><\/p>\n","protected":false},"author":9,"featured_media":0,"parent":29,"menu_order":3,"comment_status":"open","ping_status":"open","template":"page-template-archives.php","meta":[],"_links":{"self":[{"href":"http:\/\/www.nucleoestudo.ufla.br\/nefrut\/wp-json\/wp\/v2\/pages\/441"}],"collection":[{"href":"http:\/\/www.nucleoestudo.ufla.br\/nefrut\/wp-json\/wp\/v2\/pages"}],"about":[{"href":"http:\/\/www.nucleoestudo.ufla.br\/nefrut\/wp-json\/wp\/v2\/types\/page"}],"author":[{"embeddable":true,"href":"http:\/\/www.nucleoestudo.ufla.br\/nefrut\/wp-json\/wp\/v2\/users\/9"}],"replies":[{"embeddable":true,"href":"http:\/\/www.nucleoestudo.ufla.br\/nefrut\/wp-json\/wp\/v2\/comments?post=441"}],"version-history":[{"count":4,"href":"http:\/\/www.nucleoestudo.ufla.br\/nefrut\/wp-json\/wp\/v2\/pages\/441\/revisions"}],"predecessor-version":[{"id":482,"href":"http:\/\/www.nucleoestudo.ufla.br\/nefrut\/wp-json\/wp\/v2\/pages\/441\/revisions\/482"}],"up":[{"embeddable":true,"href":"http:\/\/www.nucleoestudo.ufla.br\/nefrut\/wp-json\/wp\/v2\/pages\/29"}],"wp:attachment":[{"href":"http:\/\/www.nucleoestudo.ufla.br\/nefrut\/wp-json\/wp\/v2\/media?parent=441"}],"curies":[{"name":"wp","href":"https:\/\/api.w.org\/{rel}","templated":true}]}}