{"id":436,"date":"2013-08-10T15:30:57","date_gmt":"2013-08-10T18:30:57","guid":{"rendered":"http:\/\/www.nucleoestudo.ufla.br\/nefrut\/?page_id=436"},"modified":"2014-03-26T12:04:07","modified_gmt":"2014-03-26T15:04:07","slug":"processo-seletivo","status":"publish","type":"page","link":"http:\/\/www.nucleoestudo.ufla.br\/nefrut\/institucional\/informacoes-gerais\/processo-seletivo\/","title":{"rendered":"Processo Seletivo"},"content":{"rendered":"<p><img loading=\"lazy\" class=\"alignleft\" alt=\"\" src=\"http:\/\/noticias.universia.com.br\/br\/images\/universia\/m\/me\/mel\/melhores-candidatos-processo-seletivo-noticias.jpg\" width=\"190\" height=\"110\" \/>Quer Fazer parte da nossa equipe? Quer ajudar no desenvolvimento da fruticultura? Participe do Processo Seletivo &#8230;<\/p>\n<p>No In\u00edcio de cada semestre letivo programamos a seletiva para novos trainee\u00b4s , aguardem informa\u00e7\u00f5es em breve.<\/p>\n<p>&nbsp;<\/p>\n<p>&nbsp;<\/p>\n<p><img loading=\"lazy\" class=\"alignleft\" alt=\"\" src=\"https:\/\/images-blogger-opensocial.googleusercontent.com\/gadgets\/proxy?url=http%3A%2F%2F4.bp.blogspot.com%2F-bma2zOImadM%2FUzIX_AXExfI%2FAAAAAAAAAGM%2F5jMknHawWps%2Fs1600%2FProcesso%2BSeletivo%2B2014-1.jpg&amp;container=blogger&amp;gadget=a&amp;rewriteMime=image%2F*\" width=\"403\" height=\"267\" \/><\/p>\n<p>Informamos \u00e0 todos os alunos de gradua\u00e7\u00e3o e p\u00f3s-gradua\u00e7\u00e3o da Universidade Federal de Lavras (UFLA) interessados em realizar atividades de ensino, extens\u00e3o e conhecer possibilidades de pesquisa, que est\u00e1 aberto o processo seletivo de novos integrantes com ingresso para 2014-1.\u00a0<b>O Prazo de inscri\u00e7\u00e3o vai de 24\/03\/2014 \u00e0 10\/04\/2014.<\/b><\/p>\n<div>\n<p>\u00a0Os n\u00facleos de estudo s\u00e3o uma importante fonte de conhecimento e complementa\u00e7\u00e3o \u00e0s atividades dos cursos desenvolvidos no \u00e2mbito da universidade, tendo seu foco maior na \u00e1rea de extens\u00e3o e ensino, ainda busca inserir-se nas pesquisas e aos professores ligados \u00e0 \u00e1rea de fruticultura em quest\u00e3o.<\/p>\n<div>\n<div>\n<p>\u00a0A Sele\u00e7\u00e3o ser\u00e1 feita mediante estabelecido no texto base dispon\u00edvel nos links abaixo.<\/p>\n<\/div>\n<div><\/div>\n<div>\n<p>An\u00e1lise:<\/p>\n<\/div>\n<div>\n<p><b>&#8211; Curr\u00edculo (25%)<\/b><\/p>\n<\/div>\n<div>\n<p><b>\u00a0<\/b><\/p>\n<\/div>\n<div>\n<p><b>&#8211; Hist\u00f3rico Escolar (Emitido pelo SIG)<\/b><\/p>\n<\/div>\n<div>\n<p><b>&#8211; Tabela de Coeficiente de Rendimento (Exceto para Calouros)<\/b><\/p>\n<\/div>\n<div>\n<p><b>(Peso Total de Ambos = 25%)<\/b><\/p>\n<\/div>\n<div>\n<p><b>\u00a0<\/b><\/p>\n<\/div>\n<div>\n<p><b>&#8211; Entrevista Pessoal (50%)<\/b><\/p>\n<\/div>\n<div>\n<p>&nbsp;<\/p>\n<\/div>\n<div>\n<p><b><span style=\"color: #ff0000;\">\u00c9 necess\u00e1rio responder o formul\u00e1rio dispon\u00edvel no link abaixo, e enviar os documentos citados para nefrutufla@hotmail.com, efetivando assim a inscri\u00e7\u00e3o.<\/span><\/b><\/p>\n<\/div>\n<div>\n<p>&nbsp;<\/p>\n<\/div>\n<div>\n<p><b>Pr\u00e9-Edital &#8211; Detalhado<\/b><b>:<\/b><\/p>\n<\/div>\n<div>\n<p><a href=\"https:\/\/drive.google.com\/file\/d\/0B3p6MicPH-CrQ3BpRXNFOWZ1akE\/edit?usp=sharing\">https:\/\/drive.google.com\/file\/d\/0B3p6MicPH-CrQ3BpRXNFOWZ1akE\/edit?usp=sharing<\/a><\/p>\n<\/div>\n<div>\n<p>&nbsp;<\/p>\n<\/div>\n<div>\n<p><b>Formul\u00e1rio:<\/b><\/p>\n<\/div>\n<div>\n<p><a href=\"https:\/\/docs.google.com\/forms\/d\/1CvYUpPMFkPx9dVsfmw7KCG6WckqL2s5usz5XZIkFNlY\/viewform\">https:\/\/docs.google.com\/forms\/d\/1CvYUpPMFkPx9dVsfmw7KCG6WckqL2s5usz5XZIkFNlY\/viewform<\/a><\/p>\n<\/div>\n<div>\n<p>&nbsp;<\/p>\n<\/div>\n<div><\/div>\n<\/div>\n<\/div>\n","protected":false},"excerpt":{"rendered":"<p>Quer Fazer parte da nossa equipe? Quer ajudar no desenvolvimento da fruticultura? Participe do Processo Seletivo &#8230; No In\u00edcio de cada semestre letivo programamos a seletiva para novos trainee\u00b4s , aguardem informa\u00e7\u00f5es em breve. &nbsp; &nbsp; Informamos \u00e0 todos os alunos de gradua\u00e7\u00e3o e p\u00f3s-gradua\u00e7\u00e3o da Universidade Federal de Lavras (UFLA) interessados em realizar atividades &hellip; <\/p>\n<p class=\"link-more\"><a href=\"http:\/\/www.nucleoestudo.ufla.br\/nefrut\/institucional\/informacoes-gerais\/processo-seletivo\/\" class=\"more-link\">Continue lendo<span class=\"screen-reader-text\"> &#8220;Processo Seletivo&#8221;<\/span><\/a><\/p>\n","protected":false},"author":9,"featured_media":0,"parent":29,"menu_order":2,"comment_status":"open","ping_status":"open","template":"page-template-archives.php","meta":[],"_links":{"self":[{"href":"http:\/\/www.nucleoestudo.ufla.br\/nefrut\/wp-json\/wp\/v2\/pages\/436"}],"collection":[{"href":"http:\/\/www.nucleoestudo.ufla.br\/nefrut\/wp-json\/wp\/v2\/pages"}],"about":[{"href":"http:\/\/www.nucleoestudo.ufla.br\/nefrut\/wp-json\/wp\/v2\/types\/page"}],"author":[{"embeddable":true,"href":"http:\/\/www.nucleoestudo.ufla.br\/nefrut\/wp-json\/wp\/v2\/users\/9"}],"replies":[{"embeddable":true,"href":"http:\/\/www.nucleoestudo.ufla.br\/nefrut\/wp-json\/wp\/v2\/comments?post=436"}],"version-history":[{"count":8,"href":"http:\/\/www.nucleoestudo.ufla.br\/nefrut\/wp-json\/wp\/v2\/pages\/436\/revisions"}],"predecessor-version":[{"id":455,"href":"http:\/\/www.nucleoestudo.ufla.br\/nefrut\/wp-json\/wp\/v2\/pages\/436\/revisions\/455"}],"up":[{"embeddable":true,"href":"http:\/\/www.nucleoestudo.ufla.br\/nefrut\/wp-json\/wp\/v2\/pages\/29"}],"wp:attachment":[{"href":"http:\/\/www.nucleoestudo.ufla.br\/nefrut\/wp-json\/wp\/v2\/media?parent=436"}],"curies":[{"name":"wp","href":"https:\/\/api.w.org\/{rel}","templated":true}]}}