{"id":326,"date":"2013-06-12T09:47:21","date_gmt":"2013-06-12T12:47:21","guid":{"rendered":"http:\/\/www.nucleoestudo.ufla.br\/nefrut\/?page_id=326"},"modified":"2013-08-10T15:28:08","modified_gmt":"2013-08-10T18:28:08","slug":"download-de-conteudo","status":"publish","type":"page","link":"http:\/\/www.nucleoestudo.ufla.br\/nefrut\/eventos\/download-de-conteudo\/","title":{"rendered":"Download de Conte\u00fado"},"content":{"rendered":"<p><img loading=\"lazy\" class=\"alignleft\" alt=\"\" src=\"https:\/\/fbcdn-sphotos-g-a.akamaihd.net\/hphotos-ak-ash3\/944239_485982328137683_610991920_n.jpg\" width=\"408\" height=\"576\" \/><\/p>\n<p>Em Breve ser\u00e1 disponibilizado os materias digitais usados nas apresenta\u00e7\u00f5es te\u00f3ricas no evento durante o per\u00edodo da manh\u00e3<\/p>\n","protected":false},"excerpt":{"rendered":"<p>Em Breve ser\u00e1 disponibilizado os materias digitais usados nas apresenta\u00e7\u00f5es te\u00f3ricas no evento durante o per\u00edodo da manh\u00e3<\/p>\n","protected":false},"author":9,"featured_media":0,"parent":5,"menu_order":4,"comment_status":"open","ping_status":"open","template":"","meta":[],"_links":{"self":[{"href":"http:\/\/www.nucleoestudo.ufla.br\/nefrut\/wp-json\/wp\/v2\/pages\/326"}],"collection":[{"href":"http:\/\/www.nucleoestudo.ufla.br\/nefrut\/wp-json\/wp\/v2\/pages"}],"about":[{"href":"http:\/\/www.nucleoestudo.ufla.br\/nefrut\/wp-json\/wp\/v2\/types\/page"}],"author":[{"embeddable":true,"href":"http:\/\/www.nucleoestudo.ufla.br\/nefrut\/wp-json\/wp\/v2\/users\/9"}],"replies":[{"embeddable":true,"href":"http:\/\/www.nucleoestudo.ufla.br\/nefrut\/wp-json\/wp\/v2\/comments?post=326"}],"version-history":[{"count":4,"href":"http:\/\/www.nucleoestudo.ufla.br\/nefrut\/wp-json\/wp\/v2\/pages\/326\/revisions"}],"predecessor-version":[{"id":332,"href":"http:\/\/www.nucleoestudo.ufla.br\/nefrut\/wp-json\/wp\/v2\/pages\/326\/revisions\/332"}],"up":[{"embeddable":true,"href":"http:\/\/www.nucleoestudo.ufla.br\/nefrut\/wp-json\/wp\/v2\/pages\/5"}],"wp:attachment":[{"href":"http:\/\/www.nucleoestudo.ufla.br\/nefrut\/wp-json\/wp\/v2\/media?parent=326"}],"curies":[{"name":"wp","href":"https:\/\/api.w.org\/{rel}","templated":true}]}}